{"id":1005,"date":"2022-06-01T11:08:30","date_gmt":"2022-06-01T11:08:30","guid":{"rendered":"https:\/\/artheke.com\/?page_id=1005"},"modified":"2022-09-16T08:20:55","modified_gmt":"2022-09-16T08:20:55","slug":"rios","status":"publish","type":"page","link":"https:\/\/www.artheke.com\/?page_id=1005","title":{"rendered":"R\u00edos"},"content":{"rendered":"\n<p><\/p>\n\n\n\n<p><\/p>\n\n\n\n<p>R\u00edos del Planeta en una web que lleva ese nombre:<\/p>\n\n\n\n<div class=\"wp-block-buttons is-layout-flex wp-block-buttons-is-layout-flex\">\n<div class=\"wp-block-button has-custom-width wp-block-button__width-100 has-custom-font-size has-extra-large-font-size\"><a class=\"wp-block-button__link has-background\" href=\"https:\/\/riosdelplaneta.com\/\" style=\"background-color:#127193\" target=\"_blank\" rel=\"noreferrer noopener\">R\u00edos del Planeta<\/a><\/div>\n<\/div>\n\n\n\n<p>Todos los r\u00edos del mundo a vista de mapa, by Robert Szucs en el Diario del Agua:<\/p>\n\n\n\n<div class=\"wp-block-buttons is-layout-flex wp-block-buttons-is-layout-flex\">\n<div class=\"wp-block-button\"><a class=\"wp-block-button__link has-background\" href=\"https:\/\/www.elagoradiario.com\/agua\/rios-del-mundo-mapas-robert-szucs\/#gallery-2\" style=\"background-color:#666697\" target=\"_blank\" rel=\"noreferrer noopener\">\u00c1gora<\/a><\/div>\n<\/div>\n\n\n\n<p>La P\u00e1gina Web de Robert Szucs, <a href=\"http:\/\/www.grasshoppergeography.com\" data-type=\"URL\" data-id=\"www.grasshoppergeography.com\">www.grasshoppergeography.com<\/a>, ayuda a comprender nuestra historia en funci\u00f3n de nuestra geograf\u00eda, como ocurre por ejemplo con los imperios hist\u00f3ricos cuyas curvas respond\u00edan con exactitud a la cuenca de un gran r\u00edo. <\/p>\n\n\n\n<p>\u00c9l mismo considera sus creaciones como \u00abuna uni\u00f3n de ciencia\/tecnolog\u00eda y arte\u00bb cuya finalidad es emocionar a quienes las ven para concienciar sobre el medioambiente.<\/p>\n\n\n\n<div class=\"wp-block-buttons is-layout-flex wp-block-buttons-is-layout-flex\">\n<div class=\"wp-block-button\"><a class=\"wp-block-button__link\" href=\"https:\/\/www.grasshoppergeography.com\/\" target=\"_blank\" rel=\"noreferrer noopener\">GrasshopperGeography, Artistics Maps from a Geographer<\/a><\/div>\n<\/div>\n\n\n\n<p>En ocasiones la sequ\u00eda de los r\u00edos dejan al descubierto ciudades milenarias:<\/p>\n\n\n\n<div class=\"wp-block-buttons is-layout-flex wp-block-buttons-is-layout-flex\">\n<div class=\"wp-block-button is-style-fill\"><a class=\"wp-block-button__link has-white-background-color has-text-color has-background\" href=\"https:\/\/uni-tuebingen.de\/universitaet\/aktuelles-und-publikationen\/pressemitteilungen\/newsfullview-pressemitteilungen\/article\/3400-jahre-alte-stadt-aus-dem-tigris-aufgetaucht\/\" style=\"color:#b24343\" target=\"_blank\" rel=\"noreferrer noopener\">Universitat Tubingen: Ciudad de 3.400 a\u00f1os surgida del Tigris<\/a><\/div>\n<\/div>\n\n\n\n<p>La FAO (Organizaci\u00f3n de las Naciones Unidas para la Alimentaci\u00f3n y la Agricultura) informa \u2014junto a ISRIC Suelos del Mundo y el Centro Com\u00fan de Investigaci\u00f3n (JRC) de la Comisi\u00f3n Europea y otras similares que han compilado y armonizado informaci\u00f3n nacional de suelos en datasets regionales o en formato digital\u2014 sobre los suelos a nivel mundial, si bien, la informaci\u00f3n m\u00e1s actualizada de suelos se puede obtener solamente del servicio nacional de suelos de los pa\u00edses. Al igual que los suelos tambi\u00e9n tiene informes de las aguas, como por ejemplo: \u00abLas aguas continentales de Am\u00e9rica Latina\u00bb en el que figuran todos los r\u00edos.<\/p>\n\n\n\n<div class=\"wp-block-buttons is-content-justification-center is-layout-flex wp-container-core-buttons-is-layout-16018d1d wp-block-buttons-is-layout-flex\">\n<div class=\"wp-block-button\"><a class=\"wp-block-button__link has-white-background-color has-text-color has-background\" href=\"https:\/\/www.fao.org\/3\/ad770b\/AD770B00.htm#TOC\" style=\"color:#29435e\" target=\"_blank\" rel=\"noreferrer noopener\">Aguas Continentales de Am\u00e9rica Latina (FAO)<\/a><\/div>\n<\/div>\n\n\n\n<div class=\"wp-block-group\"><div class=\"wp-block-group__inner-container is-layout-flow wp-block-group-is-layout-flow\">\n<div class=\"wp-block-group has-extra-small-font-size is-vertical is-layout-flex wp-container-core-group-is-layout-8cf370e7 wp-block-group-is-layout-flex\">\n<p>Publicada el&nbsp;1 de junio de 2022<\/p>\n\n\n\n<p>Por&nbsp;<a href=\"https:\/\/artheke.com\/?author=1\">Cebri\u00e1n Gonz\u00e1lez, Mar\u00eda Teresa<\/a><\/p>\n<\/div>\n<\/div><\/div>\n\n\n\n<p><\/p>\n","protected":false},"excerpt":{"rendered":"<p>R\u00edos del Planeta en una web que lleva ese nombre: Todos los r\u00edos del mundo a vista de mapa, by Robert Szucs en el Diario del Agua: La P\u00e1gina Web de Robert Szucs, www.grasshoppergeography.com, ayuda a comprender nuestra historia en funci\u00f3n de nuestra geograf\u00eda, como ocurre por ejemplo con los imperios hist\u00f3ricos cuyas curvas respond\u00edan&hellip; <a class=\"more-link\" href=\"https:\/\/www.artheke.com\/?page_id=1005\">Seguir leyendo <span class=\"screen-reader-text\">R\u00edos<\/span><\/a><\/p>\n","protected":false},"author":1,"featured_media":0,"parent":0,"menu_order":0,"comment_status":"closed","ping_status":"closed","template":"","meta":{"footnotes":""},"class_list":["post-1005","page","type-page","status-publish","hentry","entry"],"_links":{"self":[{"href":"https:\/\/www.artheke.com\/index.php?rest_route=\/wp\/v2\/pages\/1005","targetHints":{"allow":["GET"]}}],"collection":[{"href":"https:\/\/www.artheke.com\/index.php?rest_route=\/wp\/v2\/pages"}],"about":[{"href":"https:\/\/www.artheke.com\/index.php?rest_route=\/wp\/v2\/types\/page"}],"author":[{"embeddable":true,"href":"https:\/\/www.artheke.com\/index.php?rest_route=\/wp\/v2\/users\/1"}],"replies":[{"embeddable":true,"href":"https:\/\/www.artheke.com\/index.php?rest_route=%2Fwp%2Fv2%2Fcomments&post=1005"}],"version-history":[{"count":5,"href":"https:\/\/www.artheke.com\/index.php?rest_route=\/wp\/v2\/pages\/1005\/revisions"}],"predecessor-version":[{"id":1343,"href":"https:\/\/www.artheke.com\/index.php?rest_route=\/wp\/v2\/pages\/1005\/revisions\/1343"}],"wp:attachment":[{"href":"https:\/\/www.artheke.com\/index.php?rest_route=%2Fwp%2Fv2%2Fmedia&parent=1005"}],"curies":[{"name":"wp","href":"https:\/\/api.w.org\/{rel}","templated":true}]}}