{"id":1072,"date":"2022-06-20T23:50:14","date_gmt":"2022-06-20T23:50:14","guid":{"rendered":"https:\/\/artheke.com\/?page_id=1072"},"modified":"2022-06-21T10:34:30","modified_gmt":"2022-06-21T10:34:30","slug":"brasilhis","status":"publish","type":"page","link":"https:\/\/www.artheke.com\/?page_id=1072","title":{"rendered":"BRASILHIS"},"content":{"rendered":"\n<p>Database.<\/p>\n\n\n\n<p>Redes personales y circulaci\u00f3n en Brasil durante la Monarqu\u00eda Hisp\u00e1nica, 1580-1640. El mayor dep\u00f3sito mundial de informaciones sobre este tema.<\/p>\n\n\n\n<div class=\"wp-block-buttons is-content-justification-center is-layout-flex wp-container-core-buttons-is-layout-16018d1d wp-block-buttons-is-layout-flex\">\n<div class=\"wp-block-button has-custom-font-size has-extra-large-font-size\"><a class=\"wp-block-button__link has-white-background-color has-text-color has-background\" style=\"color:#7d1414\">BRASILHIS<\/a><\/div>\n<\/div>\n\n\n\n<p>En su p\u00e1gina web se detalla que la base de datos BRASILHIS surge para responder a la pregunta \u00bfCu\u00e1l fue el impacto del gobierno de los Habsburgo espa\u00f1oles sobre el territorio de la Am\u00e9rica portuguesa? y con la finalidad de llegar a los aspectos m\u00e1s profundos.<\/p>\n\n\n\n<p>La base de datos se ha configurado en tres secciones principales: <\/p>\n\n\n\n<ul class=\"wp-block-list\"><li>personajes con sus redes de relaciones personales y desplazamientos<\/li><li>referencias documentales y <\/li><li>referencias bibliogr\u00e1ficas, conectados entre s\u00ed.<\/li><\/ul>\n\n\n\n<p>Posteriormente se a\u00f1adieron otra serie de categor\u00edas:<\/p>\n\n\n\n<ul class=\"wp-block-list\"><li>Propiedades<\/li><li>Legislaci\u00f3n<\/li><li>Iconograf\u00eda<\/li><li>Medios de Transporte<\/li><li>Identidades, etc.<\/li><\/ul>\n\n\n\n<figure class=\"wp-block-image size-full\"><img loading=\"lazy\" decoding=\"async\" width=\"550\" height=\"288\" src=\"https:\/\/artheke.com\/wp-content\/uploads\/2022\/06\/image-1.png\" alt=\"\" class=\"wp-image-1074\" srcset=\"https:\/\/www.artheke.com\/wp-content\/uploads\/2022\/06\/image-1.png 550w, https:\/\/www.artheke.com\/wp-content\/uploads\/2022\/06\/image-1-300x157.png 300w\" sizes=\"auto, (max-width: 550px) 100vw, 550px\" \/><figcaption>Database en brasilhis.usal.es<\/figcaption><\/figure>\n\n\n\n<div class=\"wp-block-group has-extra-small-font-size is-vertical is-layout-flex wp-container-core-group-is-layout-8cf370e7 wp-block-group-is-layout-flex\">\n<p class=\"has-extra-small-font-size\">Publicada el&nbsp;21 de junio de 2022<\/p>\n\n\n\n<p class=\"has-extra-small-font-size\">Por&nbsp;<a href=\"https:\/\/artheke.com\/?author=1\">Cebri\u00e1n Gonz\u00e1lez, Mar\u00eda Teresa<\/a><\/p>\n<\/div>\n","protected":false},"excerpt":{"rendered":"<p>Database. Redes personales y circulaci\u00f3n en Brasil durante la Monarqu\u00eda Hisp\u00e1nica, 1580-1640. El mayor dep\u00f3sito mundial de informaciones sobre este tema. En su p\u00e1gina web se detalla que la base de datos BRASILHIS surge para responder a la pregunta \u00bfCu\u00e1l fue el impacto del gobierno de los Habsburgo espa\u00f1oles sobre el territorio de la Am\u00e9rica&hellip; <a class=\"more-link\" href=\"https:\/\/www.artheke.com\/?page_id=1072\">Seguir leyendo <span class=\"screen-reader-text\">BRASILHIS<\/span><\/a><\/p>\n","protected":false},"author":1,"featured_media":0,"parent":0,"menu_order":0,"comment_status":"closed","ping_status":"closed","template":"","meta":{"footnotes":""},"class_list":["post-1072","page","type-page","status-publish","hentry","entry"],"_links":{"self":[{"href":"https:\/\/www.artheke.com\/index.php?rest_route=\/wp\/v2\/pages\/1072","targetHints":{"allow":["GET"]}}],"collection":[{"href":"https:\/\/www.artheke.com\/index.php?rest_route=\/wp\/v2\/pages"}],"about":[{"href":"https:\/\/www.artheke.com\/index.php?rest_route=\/wp\/v2\/types\/page"}],"author":[{"embeddable":true,"href":"https:\/\/www.artheke.com\/index.php?rest_route=\/wp\/v2\/users\/1"}],"replies":[{"embeddable":true,"href":"https:\/\/www.artheke.com\/index.php?rest_route=%2Fwp%2Fv2%2Fcomments&post=1072"}],"version-history":[{"count":3,"href":"https:\/\/www.artheke.com\/index.php?rest_route=\/wp\/v2\/pages\/1072\/revisions"}],"predecessor-version":[{"id":1079,"href":"https:\/\/www.artheke.com\/index.php?rest_route=\/wp\/v2\/pages\/1072\/revisions\/1079"}],"wp:attachment":[{"href":"https:\/\/www.artheke.com\/index.php?rest_route=%2Fwp%2Fv2%2Fmedia&parent=1072"}],"curies":[{"name":"wp","href":"https:\/\/api.w.org\/{rel}","templated":true}]}}