{"id":1098,"date":"2022-06-21T16:25:22","date_gmt":"2022-06-21T16:25:22","guid":{"rendered":"https:\/\/artheke.com\/?page_id=1098"},"modified":"2023-02-21T21:43:23","modified_gmt":"2023-02-21T21:43:23","slug":"tesauros-diccionarios-del-patrimonio-cultural-de-espana","status":"publish","type":"page","link":"https:\/\/www.artheke.com\/?page_id=1098","title":{"rendered":"TESAUROS-Diccionarios DEL PATRIMONIO CULTURAL DE ESPA\u00d1A"},"content":{"rendered":"\n<p>Un tesauro est\u00e1 regulado por una norma ISO que no es  de obligado cumplimiento pero si nos indica las directrices para crear un tesauro. La norma ISO indica cu\u00e1les son los elementos fundamentales, aunque no sean obligatorios, admitiendo variaciones para la finalidad concreta del tesauro.<\/p>\n\n\n\n<p>Las normas ISO traducidas a las Normas UNE que sirven de referencia para los tesauros var\u00edan seg\u00fan sean estos: monoling\u00fces o multiling\u00fces.<\/p>\n\n\n\n<figure class=\"wp-block-pullquote has-text-color\" style=\"color:#244f9d\"><blockquote><p>\u00abUn tesauro es un sistema de clasificaci\u00f3n terminol\u00f3gica que permiten clasificar, organizar y recuperar informaci\u00f3n dentro de un \u00e1rea de conocimiento\u00bb <\/p><cite><strong>(S\u00e1nchez Cuadrado, S. [Comp.]).<\/strong><\/cite><\/blockquote><\/figure>\n\n\n\n<p>\u00abUn tesauro es un <strong>vocabulario controlado <\/strong>y estructurado formalmente, formado por t\u00e9rminos que guardan entre s\u00ed relaciones sem\u00e1nticas y gen\u00e9ricas: <\/p>\n\n\n\n<ul class=\"wp-block-list\">\n<li><strong>de equivalencia<\/strong><\/li>\n\n\n\n<li><strong>jer\u00e1rquicas<\/strong><\/li>\n\n\n\n<li><strong>asociativas<\/strong><\/li>\n<\/ul>\n\n\n\n<p>Cada concepto pertenece a un \u00e1rea tem\u00e1tica o\/y faceta o aspecto de recuperaci\u00f3n (Familias y Facetas), pudiendo a\u00f1adir notas de alcance.<\/p>\n\n\n\n<p>Se trata de un instrumento de control terminol\u00f3gico que permite convertir el lenguaje natural de los documentos en un lenguaje controlado, ya que representa, de manera un\u00edvoca, el contenido de estos, con el fin de servir tanto para la indizaci\u00f3n, como para la recuperaci\u00f3n de documentos\u00bb (S\u00e1nchez Cuadrado, S. [Comp.])<\/p>\n\n\n\n<p><strong>El Ministerio de Cultura y Deporte<\/strong> \u00abdifunde y hace accesible a todos los ciudadanos un recurso para el conocimiento de nuestro patrimonio cultural. El objetivo es dar a conocer la riqueza de nuestros bienes culturales mediante el vocabulario utilizado para su identificaci\u00f3n, clasificaci\u00f3n, descripci\u00f3n y catalogaci\u00f3n\u00bb (mecd).<\/p>\n\n\n\n<p>En <strong>tesauros del Patrimonio Cultural de Espa\u00f1a<\/strong>, puedes consultar la Gu\u00eda de Aplicaci\u00f3n que indica para qu\u00e9 se destinan los siguientes<strong>  TESAUROS GENERALES, Diccionarios:<\/strong><\/p>\n\n\n\n<ul class=\"wp-block-list\">\n<li>de Denominaciones de Bienes Culturales<\/li>\n\n\n\n<li>de Materias<\/li>\n\n\n\n<li>de T\u00e9cnicas<\/li>\n\n\n\n<li>de Contextos Culturales. Culturas Euromediterr\u00e1neas y de Oriente Pr\u00f3ximo.<\/li>\n\n\n\n<li>Geogr\u00e1fico<\/li>\n\n\n\n<li>de Toponimia hist\u00f3rica de la pen\u00ednsula ib\u00e9rica, Baleares y Canarias.<\/li>\n<\/ul>\n\n\n\n<p>Y, los <strong>TESAUROS ESPEC\u00cdFICOS, Diccionarios <\/strong>de:<\/p>\n\n\n\n<ul class=\"wp-block-list\">\n<li>Cer\u00e1mica<\/li>\n\n\n\n<li>Numism\u00e1tica<\/li>\n\n\n\n<li>Mobiliario<\/li>\n<\/ul>\n\n\n\n<div class=\"wp-block-buttons is-content-justification-center is-layout-flex wp-container-core-buttons-is-layout-16018d1d wp-block-buttons-is-layout-flex\">\n<div class=\"wp-block-button\"><a class=\"wp-block-button__link has-text-color has-background wp-element-button\" href=\"https:\/\/www.culturaydeporte.gob.es\/cultura\/areas\/museos\/mc\/ceres\/tesauros.html\" style=\"color:#db611f;background-color:#59aca5\" target=\"_blank\" rel=\"noreferrer noopener\">tesauros de Patrimonio Cultural de Espa\u00f1a<\/a><\/div>\n<\/div>\n\n\n\n<figure class=\"wp-block-image size-full\"><img loading=\"lazy\" decoding=\"async\" width=\"922\" height=\"919\" src=\"https:\/\/artheke.com\/wp-content\/uploads\/2022\/06\/image-3.png\" alt=\"\" class=\"wp-image-1100\" srcset=\"https:\/\/www.artheke.com\/wp-content\/uploads\/2022\/06\/image-3.png 922w, https:\/\/www.artheke.com\/wp-content\/uploads\/2022\/06\/image-3-300x300.png 300w, https:\/\/www.artheke.com\/wp-content\/uploads\/2022\/06\/image-3-150x150.png 150w, https:\/\/www.artheke.com\/wp-content\/uploads\/2022\/06\/image-3-768x766.png 768w\" sizes=\"auto, (max-width: 922px) 100vw, 922px\" \/><figcaption class=\"wp-element-caption\"><a rel=\"noreferrer noopener\" href=\"http:\/\/tesauros.mecd.es\/tesauros\/tesauros\" data-type=\"URL\" data-id=\"http:\/\/tesauros.mecd.es\/tesauros\/tesauros\" target=\"_blank\">TESAUROS GENERALES Y ESPEC\u00cdFICOS<\/a><\/figcaption><\/figure>\n\n\n\n<p>En este tesauro queda reflejado el objetivo de los tesauros: la creaci\u00f3n de un mapa sobre un mapa de conocimiento que facilita la localizaci\u00f3n de nuevos conceptos mediante las relaciones del sistema, y ayuda al usuario para la selecci\u00f3n de un t\u00e9rmino correcto (un t\u00e9rmino para un concepto y no sus sin\u00f3nimos aunque nos los muestren). As\u00ed:<\/p>\n\n\n\n<ul class=\"wp-block-list\">\n<li><strong>Descritor<\/strong> ser\u00e1 el t\u00e9rmino preferente y <\/li>\n\n\n\n<li><strong>No Descriptores<\/strong> ser\u00e1n los sin\u00f3nimos.<\/li>\n<\/ul>\n\n\n\n<p>Igualmente la disposici\u00f3n alfab\u00e9tica de los t\u00e9rminos facilita localizar los t\u00e9rminos pero, adem\u00e1s de la estructura jer\u00e1rquica, presenta referencias cruzadas facilitando la informaci\u00f3n en dos direcciones.<\/p>\n\n\n\n<p class=\"has-text-color\" style=\"color:#ac3d3d\"><strong>Adem\u00e1s, LOS TESAUROS-DICCIONARIOS DEL PATRIMONIO CULTURAL DE ESPA\u00d1A ofrecen herramientas para la descripci\u00f3n y catalogaci\u00f3n de bienes culturales publicadas por el Ministerio:<\/strong><\/p>\n\n\n\n<figure class=\"wp-block-image size-full\"><img loading=\"lazy\" decoding=\"async\" width=\"804\" height=\"406\" src=\"https:\/\/artheke.com\/wp-content\/uploads\/2023\/02\/28.png\" alt=\"\" class=\"wp-image-1675\" srcset=\"https:\/\/www.artheke.com\/wp-content\/uploads\/2023\/02\/28.png 804w, https:\/\/www.artheke.com\/wp-content\/uploads\/2023\/02\/28-300x151.png 300w, https:\/\/www.artheke.com\/wp-content\/uploads\/2023\/02\/28-768x388.png 768w\" sizes=\"auto, (max-width: 804px) 100vw, 804px\" \/><figcaption class=\"wp-element-caption\"><a rel=\"noreferrer noopener\" href=\"https:\/\/www.culturaydeporte.gob.es\/cultura\/areas\/museos\/mc\/ceres\/tesauros\/publicaciones-digitales.html\" data-type=\"URL\" data-id=\"https:\/\/www.culturaydeporte.gob.es\/cultura\/areas\/museos\/mc\/ceres\/tesauros\/publicaciones-digitales.html\" target=\"_blank\">TESAUROS-DICCIONARIOS en CER.es<\/a><\/figcaption><\/figure>\n\n\n\n<div data-wp-interactive=\"core\/file\" class=\"wp-block-file\"><object data-wp-bind--hidden=\"!state.hasPdfPreview\" hidden class=\"wp-block-file__embed\" data=\"https:\/\/artheke.com\/wp-content\/uploads\/2023\/02\/Diccionario_de_materiales_ceramicos.pdf\" type=\"application\/pdf\" style=\"width:100%;height:600px\" aria-label=\"Incrustado de Diccionario_de_materiales_ceramicos.\"><\/object><a id=\"wp-block-file--media-7041a4ca-5bf9-4e3a-89a6-cea7fe075594\" href=\"https:\/\/artheke.com\/wp-content\/uploads\/2023\/02\/Diccionario_de_materiales_ceramicos.pdf\">Diccionario_de_materiales_ceramicos<\/a><a href=\"https:\/\/artheke.com\/wp-content\/uploads\/2023\/02\/Diccionario_de_materiales_ceramicos.pdf\" class=\"wp-block-file__button wp-element-button\" download aria-describedby=\"wp-block-file--media-7041a4ca-5bf9-4e3a-89a6-cea7fe075594\">Descarga<\/a><\/div>\n\n\n\n<div data-wp-interactive=\"core\/file\" class=\"wp-block-file\"><object data-wp-bind--hidden=\"!state.hasPdfPreview\" hidden class=\"wp-block-file__embed\" data=\"https:\/\/artheke.com\/wp-content\/uploads\/2023\/02\/Diccionario_de_materias_y_tecnicas_I._Materias.pdf\" type=\"application\/pdf\" style=\"width:100%;height:600px\" aria-label=\"Incrustado de Diccionario_de_materias_y_tecnicas_I._Materias.\"><\/object><a id=\"wp-block-file--media-b521dedb-c823-49e2-b709-2d5c25472c45\" href=\"https:\/\/artheke.com\/wp-content\/uploads\/2023\/02\/Diccionario_de_materias_y_tecnicas_I._Materias.pdf\">Diccionario_de_materias_y_tecnicas_I._Materias<\/a><a href=\"https:\/\/artheke.com\/wp-content\/uploads\/2023\/02\/Diccionario_de_materias_y_tecnicas_I._Materias.pdf\" class=\"wp-block-file__button wp-element-button\" download aria-describedby=\"wp-block-file--media-b521dedb-c823-49e2-b709-2d5c25472c45\">Descarga<\/a><\/div>\n\n\n\n<div data-wp-interactive=\"core\/file\" class=\"wp-block-file\"><object data-wp-bind--hidden=\"!state.hasPdfPreview\" hidden class=\"wp-block-file__embed\" data=\"https:\/\/artheke.com\/wp-content\/uploads\/2023\/02\/Diccionario_de_numismatica.pdf\" type=\"application\/pdf\" style=\"width:100%;height:600px\" aria-label=\"Incrustado de Diccionario_de_numismatica.\"><\/object><a id=\"wp-block-file--media-1715425c-d50c-467d-ab7c-c3e5bb4cf766\" href=\"https:\/\/artheke.com\/wp-content\/uploads\/2023\/02\/Diccionario_de_numismatica.pdf\">Diccionario_de_numismatica<\/a><a href=\"https:\/\/artheke.com\/wp-content\/uploads\/2023\/02\/Diccionario_de_numismatica.pdf\" class=\"wp-block-file__button wp-element-button\" download aria-describedby=\"wp-block-file--media-1715425c-d50c-467d-ab7c-c3e5bb4cf766\">Descarga<\/a><\/div>\n\n\n\n<p>Igualmente, ofrece la publicaci\u00f3n en l\u00ednea de las Actas del curso celebrado en noviembre de 2015 en la Escuela N\u00e1jera en la Rioja en colaboraci\u00f3n con el Instituto de Patrimonio Cultural de Espa\u00f1a:<\/p>\n\n\n\n<div data-wp-interactive=\"core\/file\" class=\"wp-block-file\"><object data-wp-bind--hidden=\"!state.hasPdfPreview\" hidden class=\"wp-block-file__embed\" data=\"https:\/\/artheke.com\/wp-content\/uploads\/2023\/02\/El_lenguaje_sobre_el_patrimonio._estandares_docume.pdf\" type=\"application\/pdf\" style=\"width:100%;height:600px\" aria-label=\"Incrustado de El_lenguaje_sobre_el_patrimonio._estandares_docume.\"><\/object><a id=\"wp-block-file--media-ff83f3bd-1433-4249-8c27-7c57b9540758\" href=\"https:\/\/artheke.com\/wp-content\/uploads\/2023\/02\/El_lenguaje_sobre_el_patrimonio._estandares_docume.pdf\">El_lenguaje_sobre_el_patrimonio._estandares_docume<\/a><a href=\"https:\/\/artheke.com\/wp-content\/uploads\/2023\/02\/El_lenguaje_sobre_el_patrimonio._estandares_docume.pdf\" class=\"wp-block-file__button wp-element-button\" download aria-describedby=\"wp-block-file--media-ff83f3bd-1433-4249-8c27-7c57b9540758\">Descarga<\/a><\/div>\n\n\n\n<p class=\"has-blue-background-color has-background\"><strong>Referencias<\/strong>:<\/p>\n\n\n\n<p>&#8211; Organizaci\u00f3n y representaci\u00f3n del conocimiento. (2021). En S. S\u00e1nchez Cuadrado (Comp), <em>M.U. Gesti\u00f3n de la Documentaci\u00f3n, Bibliotecas y Archivos: Preservaci\u00f3n, Conservaci\u00f3n y Difusi\u00f3n del Patrimonio Digital<\/em>. Universidad Complutense de Madrid.<\/p>\n\n\n\n<p>&#8211; MECD. Tesauros-Diccionarios del Patrimonio Cultural de Espa\u00f1a. <a href=\"http:\/\/tesauros.mecd.es\/tesauros\/\" data-type=\"URL\" data-id=\"http:\/\/tesauros.mecd.es\/tesauros\/\" target=\"_blank\" rel=\"noreferrer noopener\">http:\/\/tesauros.mecd.es\/tesauros\/<\/a><\/p>\n\n\n\n<div class=\"wp-block-group has-extra-small-font-size is-vertical is-layout-flex wp-container-core-group-is-layout-8cf370e7 wp-block-group-is-layout-flex\">\n<p>Publicada el&nbsp;21 de junio de 2022<\/p>\n\n\n\n<p>Por&nbsp;<a href=\"https:\/\/artheke.com\/?author=1\">Cebri\u00e1n Gonz\u00e1lez Mar\u00eda Teresa<\/a><\/p>\n<\/div>\n","protected":false},"excerpt":{"rendered":"<p>Un tesauro est\u00e1 regulado por una norma ISO que no es de obligado cumplimiento pero si nos indica las directrices para crear un tesauro. La norma ISO indica cu\u00e1les son los elementos fundamentales, aunque no sean obligatorios, admitiendo variaciones para la finalidad concreta del tesauro. Las normas ISO traducidas a las Normas UNE que sirven&hellip; <a class=\"more-link\" href=\"https:\/\/www.artheke.com\/?page_id=1098\">Seguir leyendo <span class=\"screen-reader-text\">TESAUROS-Diccionarios DEL PATRIMONIO CULTURAL DE ESPA\u00d1A<\/span><\/a><\/p>\n","protected":false},"author":1,"featured_media":1669,"parent":0,"menu_order":0,"comment_status":"closed","ping_status":"closed","template":"","meta":{"footnotes":""},"class_list":["post-1098","page","type-page","status-publish","has-post-thumbnail","hentry","entry"],"_links":{"self":[{"href":"https:\/\/www.artheke.com\/index.php?rest_route=\/wp\/v2\/pages\/1098","targetHints":{"allow":["GET"]}}],"collection":[{"href":"https:\/\/www.artheke.com\/index.php?rest_route=\/wp\/v2\/pages"}],"about":[{"href":"https:\/\/www.artheke.com\/index.php?rest_route=\/wp\/v2\/types\/page"}],"author":[{"embeddable":true,"href":"https:\/\/www.artheke.com\/index.php?rest_route=\/wp\/v2\/users\/1"}],"replies":[{"embeddable":true,"href":"https:\/\/www.artheke.com\/index.php?rest_route=%2Fwp%2Fv2%2Fcomments&post=1098"}],"version-history":[{"count":11,"href":"https:\/\/www.artheke.com\/index.php?rest_route=\/wp\/v2\/pages\/1098\/revisions"}],"predecessor-version":[{"id":1680,"href":"https:\/\/www.artheke.com\/index.php?rest_route=\/wp\/v2\/pages\/1098\/revisions\/1680"}],"wp:featuredmedia":[{"embeddable":true,"href":"https:\/\/www.artheke.com\/index.php?rest_route=\/wp\/v2\/media\/1669"}],"wp:attachment":[{"href":"https:\/\/www.artheke.com\/index.php?rest_route=%2Fwp%2Fv2%2Fmedia&parent=1098"}],"curies":[{"name":"wp","href":"https:\/\/api.w.org\/{rel}","templated":true}]}}