{"id":1103,"date":"2022-06-21T16:57:28","date_gmt":"2022-06-21T16:57:28","guid":{"rendered":"https:\/\/artheke.com\/?page_id=1103"},"modified":"2023-03-09T02:25:51","modified_gmt":"2023-03-09T02:25:51","slug":"red-digital-de-colecciones-de-museos-de-espana","status":"publish","type":"page","link":"https:\/\/www.artheke.com\/?page_id=1103","title":{"rendered":"Red Digital de Colecciones de Museos de Espa\u00f1a"},"content":{"rendered":"\n<h2 class=\"wp-block-heading\">CER.ES Colecciones en Red<\/h2>\n\n\n\n<p>Desde el comienzo del portal web CER.ES en 2010 hasta 2022 han ido aumentado los fondos e im\u00e1genes de m\u00faltiples instituciones muse\u00edsticas espa\u00f1olas. Al escribir estas palabras el recuento llega a:<\/p>\n\n\n\n<ul class=\"wp-block-list\">\n<li>341.000 fondos<\/li>\n\n\n\n<li>595.684 im\u00e1genes<\/li>\n\n\n\n<li>de 118 instituciones muse\u00edsticas<\/li>\n<\/ul>\n\n\n\n<p>En el hist\u00f3rico de incorporaciones puede visualizarse y consultarse la incorporaci\u00f3n de distintos museos a lo largo del tiempo:<\/p>\n\n\n\n<div class=\"wp-block-buttons is-layout-flex wp-block-buttons-is-layout-flex\">\n<div class=\"wp-block-button\"><a class=\"wp-block-button__link wp-element-button\" href=\"https:\/\/www.culturaydeporte.gob.es\/cultura\/areas\/museos\/mc\/ceres\/nuevas-incorporaciones\/nuevas-incorporaciones.html\" target=\"_blank\" rel=\"noreferrer noopener\">Hist\u00f3rico de incorporaciones<\/a><\/div>\n<\/div>\n\n\n\n<p>CER.es \u00abofrece un espacio de difusi\u00f3n del conocimiento sobre bienes culturales de los museos. Es principalmente una herramienta que ofrece acceso a contenidos digitales de instituciones muse\u00edsicas espa\u00f1olas, tanto estatales como de otras titularidades; de distintos \u00e1mbitos tem\u00e1ticos y geogr\u00e1ficos, reunidos en la Red Digital de Colecciones de Museos de Espa\u00f1a. <\/p>\n\n\n\n<p>Adem\u00e1s, es un punto de acceso a colecciones de museos de diferentes pa\u00edses del todo el mundo\u00bb (culturaydeporte.gob.es).<\/p>\n\n\n\n<div class=\"wp-block-buttons is-content-justification-center is-layout-flex wp-container-core-buttons-is-layout-16018d1d wp-block-buttons-is-layout-flex\">\n<div class=\"wp-block-button has-custom-font-size has-extra-large-font-size\"><a class=\"wp-block-button__link has-white-background-color has-text-color has-background wp-element-button\" href=\"https:\/\/www.culturaydeporte.gob.es\/cultura\/areas\/museos\/mc\/ceres\/presentacion.html\" style=\"color:#48bfb1\" target=\"_blank\" rel=\"noreferrer noopener\">CER.es Colecciones en Red<\/a><\/div>\n<\/div>\n\n\n\n<p>CER.ES \u00abpermite realizar b\u00fasquedas generales y avanzadas en todos los museos o en una selecci\u00f3n realizada por el usuario. Es posible consultar en el cat\u00e1logo de cada uno de los museos o en una o varias agrupaciones por tipolog\u00eda de museo, ubicaci\u00f3n geogr\u00e1fica o titularidad\u00bb (ceres.mcu.es)<\/p>\n\n\n\n<div class=\"wp-block-buttons is-content-justification-center is-layout-flex wp-container-core-buttons-is-layout-16018d1d wp-block-buttons-is-layout-flex\">\n<div class=\"wp-block-button has-custom-font-size has-gigantic-font-size\"><a class=\"wp-block-button__link has-gray-color has-white-background-color has-text-color has-background wp-element-button\" href=\"http:\/\/ceres.mcu.es\/pages\/SimpleSearch?index=true\" target=\"_blank\" rel=\"noreferrer noopener\">CER.es<\/a><\/div>\n<\/div>\n\n\n\n<p><\/p>\n\n\n\n<figure class=\"wp-block-pullquote has-white-background-color has-text-color has-background has-gigantic-font-size\" style=\"color:#379b76\"><blockquote><p><em>En la actualidad, la Subdirecci\u00f3n General de Museos Estatales y el Instituto de Patrimonio Cultural de Espa\u00f1a (IPCE) han colaborado para incluir en el cat\u00e1logo colectivo de la Red de Bibliotecas de Museos el cat\u00e1logo de la Biblioteca del IPCE <\/em>(culturaydeporte.gob.es). <\/p><cite>BIMUS-IPCE<\/cite><\/blockquote><\/figure>\n\n\n\n<p><em>Esto permite que desde un \u00fanico caj\u00f3n se pueda consultar los cat\u00e1logos de;<\/em><\/p>\n\n\n\n<ul class=\"wp-block-list\">\n<li><em>la Red de Bibliotecas de Museos Estatales, <\/em><\/li>\n\n\n\n<li><em>la biblioteca del Museo del Prado, <\/em><\/li>\n\n\n\n<li><em>la biblioteca del Museo Reina Sof\u00eda<\/em><\/li>\n\n\n\n<li><em>la biblioteca del Instituto de Patrimonio Cultural de Espa\u00f1a<\/em><\/li>\n<\/ul>\n\n\n\n<figure class=\"wp-block-image size-full\"><img loading=\"lazy\" decoding=\"async\" width=\"864\" height=\"198\" src=\"https:\/\/artheke.com\/wp-content\/uploads\/2022\/06\/image-15.png\" alt=\"\" class=\"wp-image-1123\" srcset=\"https:\/\/www.artheke.com\/wp-content\/uploads\/2022\/06\/image-15.png 864w, https:\/\/www.artheke.com\/wp-content\/uploads\/2022\/06\/image-15-300x69.png 300w, https:\/\/www.artheke.com\/wp-content\/uploads\/2022\/06\/image-15-768x176.png 768w\" sizes=\"auto, (max-width: 864px) 100vw, 864px\" \/><figcaption class=\"wp-element-caption\">Figura: imagen insertada en el cat\u00e1logo BIMUS-IPCE<\/figcaption><\/figure>\n\n\n\n<div class=\"wp-block-buttons is-content-justification-center is-layout-flex wp-container-core-buttons-is-layout-16018d1d wp-block-buttons-is-layout-flex\">\n<div class=\"wp-block-button has-custom-font-size has-huge-font-size\"><a class=\"wp-block-button__link has-white-background-color has-text-color has-background wp-element-button\" href=\"https:\/\/www.culturaydeporte.gob.es\/cultura\/museos\/destacados\/2021\/catalogo-conjunto-bimus-ipce.html\" style=\"color:#c92525\" target=\"_blank\" rel=\"noreferrer noopener\">CAT\u00c1LOGO BIMUS-IPCE<\/a><\/div>\n<\/div>\n\n\n\n<figure class=\"wp-block-image size-full\"><img loading=\"lazy\" decoding=\"async\" width=\"562\" height=\"416\" src=\"https:\/\/artheke.com\/wp-content\/uploads\/2022\/06\/image-16.png\" alt=\"\" class=\"wp-image-1129\" srcset=\"https:\/\/www.artheke.com\/wp-content\/uploads\/2022\/06\/image-16.png 562w, https:\/\/www.artheke.com\/wp-content\/uploads\/2022\/06\/image-16-300x222.png 300w\" sizes=\"auto, (max-width: 562px) 100vw, 562px\" \/><figcaption class=\"wp-element-caption\">Figura: p\u00e1gina del cat\u00e1logo BIMUS-IPCE<\/figcaption><\/figure>\n\n\n\n<p><strong>Referencias:<\/strong><\/p>\n\n\n\n<p>Ministerio de Cultura y Deporte. <a rel=\"noreferrer noopener\" href=\"https:\/\/www.culturaydeporte.gob.es\/cultura.html\" data-type=\"URL\" data-id=\"https:\/\/www.culturaydeporte.gob.es\/cultura.html\" target=\"_blank\">https:\/\/www.culturaydeporte.gob.es\/cultura.html<\/a>Red Digital de <\/p>\n\n\n\n<p>Colecciones de Museos de Espa\u00f1a. <a rel=\"noreferrer noopener\" href=\"http:\/\/ceres.mcu.es\/pages\/SimpleSearch?index=true\" data-type=\"URL\" data-id=\"http:\/\/ceres.mcu.es\/pages\/SimpleSearch?index=true\" target=\"_blank\">http:\/\/ceres.mcu.es\/pages\/SimpleSearch?index=true<\/a><\/p>\n\n\n\n<p>CER.es. Gobierno de Espa\u00f1a. Ministerio de Cultura y Deporte.<\/p>\n\n\n\n<hr class=\"wp-block-separator has-alpha-channel-opacity\"\/>\n\n\n\n<div class=\"wp-block-group has-extra-small-font-size is-vertical is-layout-flex wp-container-core-group-is-layout-62e8c33f wp-block-group-is-layout-flex\" style=\"padding-top:1px;padding-right:1px;padding-bottom:1px;padding-left:1px\">\n<div class=\"wp-block-group is-vertical is-layout-flex wp-container-core-group-is-layout-8cf370e7 wp-block-group-is-layout-flex\">\n<p class=\"has-extra-small-font-size\" style=\"line-height:0.1\">Publicada el&nbsp;21 de junio de 2022<\/p>\n\n\n\n<p class=\"has-extra-small-font-size\" style=\"line-height:1.2\">Por&nbsp;<a href=\"https:\/\/artheke.com\/?author=1\">Cebri\u00e1n Gonz\u00e1lez Mar\u00eda Teresa<\/a><\/p>\n<\/div>\n<\/div>\n\n\n\n<p class=\"has-extra-small-font-size\"><\/p>\n","protected":false},"excerpt":{"rendered":"<p>CER.ES Colecciones en Red Desde el comienzo del portal web CER.ES en 2010 hasta 2022 han ido aumentado los fondos e im\u00e1genes de m\u00faltiples instituciones muse\u00edsticas espa\u00f1olas. Al escribir estas palabras el recuento llega a: En el hist\u00f3rico de incorporaciones puede visualizarse y consultarse la incorporaci\u00f3n de distintos museos a lo largo del tiempo: CER.es&hellip; <a class=\"more-link\" href=\"https:\/\/www.artheke.com\/?page_id=1103\">Seguir leyendo <span class=\"screen-reader-text\">Red Digital de Colecciones de Museos de Espa\u00f1a<\/span><\/a><\/p>\n","protected":false},"author":1,"featured_media":0,"parent":0,"menu_order":0,"comment_status":"closed","ping_status":"closed","template":"","meta":{"footnotes":""},"class_list":["post-1103","page","type-page","status-publish","hentry","entry"],"_links":{"self":[{"href":"https:\/\/www.artheke.com\/index.php?rest_route=\/wp\/v2\/pages\/1103","targetHints":{"allow":["GET"]}}],"collection":[{"href":"https:\/\/www.artheke.com\/index.php?rest_route=\/wp\/v2\/pages"}],"about":[{"href":"https:\/\/www.artheke.com\/index.php?rest_route=\/wp\/v2\/types\/page"}],"author":[{"embeddable":true,"href":"https:\/\/www.artheke.com\/index.php?rest_route=\/wp\/v2\/users\/1"}],"replies":[{"embeddable":true,"href":"https:\/\/www.artheke.com\/index.php?rest_route=%2Fwp%2Fv2%2Fcomments&post=1103"}],"version-history":[{"count":9,"href":"https:\/\/www.artheke.com\/index.php?rest_route=\/wp\/v2\/pages\/1103\/revisions"}],"predecessor-version":[{"id":1807,"href":"https:\/\/www.artheke.com\/index.php?rest_route=\/wp\/v2\/pages\/1103\/revisions\/1807"}],"wp:attachment":[{"href":"https:\/\/www.artheke.com\/index.php?rest_route=%2Fwp%2Fv2%2Fmedia&parent=1103"}],"curies":[{"name":"wp","href":"https:\/\/api.w.org\/{rel}","templated":true}]}}