{"id":1144,"date":"2022-06-21T22:05:38","date_gmt":"2022-06-21T22:05:38","guid":{"rendered":"https:\/\/artheke.com\/?page_id=1144"},"modified":"2023-02-21T18:43:08","modified_gmt":"2023-02-21T18:43:08","slug":"incipit-instituto-de-ciencias-del-patrimonio","status":"publish","type":"page","link":"https:\/\/www.artheke.com\/?page_id=1144","title":{"rendered":"Incipit. Instituto de Ciencias del Patrimonio"},"content":{"rendered":"\n<p>Es un instituto de investigaci\u00f3n del CSIC. Se diferencia de otros institutos de car\u00e1cter disciplinar porque el Incipit est\u00e1 <strong>orientado a investigar sobre un problema com\u00fan: el patrimonio cultural <\/strong>(independientemente de las disciplinas o enfoques metodol\u00f3gicos que se empleen en cada momento).<\/p>\n\n\n\n<p>\u00ab<em>El Incipit re\u00fane a especialistas de numerosos campos, como antropolog\u00eda, arqueolog\u00eda, arquitectura, astrof\u00edsica, educaci\u00f3n, filosof\u00eda, geograf\u00eda, historia, ingenier\u00eda, software o ling\u00fc\u00edstica.<\/em><\/p>\n\n\n\n<p><em>El problema com\u00fan que aborda el Incipit es el patrimonio cultural, en concreto, la cadena de valor del patrimonio y los procesos de patrimonializaci\u00f3n (c\u00f3mo el patrimonio llega a ser patrimonio). Esta investigaci\u00f3n se acomete desde m\u00faltiples perspectivas, algunas m\u00e1s fundamentales y te\u00f3ricas y otras m\u00e1s aplicadas y orientadas a producto. Adem\u00e1s de en Galicia y Espa\u00f1a, el Incipit desarrolla proyectos en muchos otros pa\u00edses, sobre todo de Am\u00e9rica del Sur y \u00c1frica Subsahariana.<\/em><\/p>\n\n\n\n<p><em>Como instituto del CSIC, el Incipit no solo realiza investigaci\u00f3n, sino que tambi\u00e9n lleva a cabo acciones de formaci\u00f3n, divulgaci\u00f3n, y prestaci\u00f3n de servicios especializados. El CSIC (<a href=\"https:\/\/www.csic.es\/\" target=\"_blank\" rel=\"noreferrer noopener\">Consejo Superior de Investigaciones Cient\u00edficas<\/a>) es el mayor organismo p\u00fablico de investigaci\u00f3n de Espa\u00f1a.<\/em><\/p>\n\n\n\n<h2 class=\"has-extra-large-font-size wp-block-heading\">Plan estrat\u00e9gico<\/h2>\n\n\n\n<p><em>El Incipit se rige por un plan estrat\u00e9gico que se revisa peri\u00f3dicamente. El plan estrat\u00e9gico vigente se detalla a continuaci\u00f3n.<\/em><\/p>\n\n\n\n<h3 class=\"wp-block-heading\">Investigaci\u00f3n Interdisciplinar en Patrimonio Cultural<\/h3>\n\n\n\n<h4 class=\"wp-block-heading\">Arqueolog\u00eda del Paisaje y Paisajes Culturales<\/h4>\n\n\n\n<p><em>Estudian los procesos de construcci\u00f3n humana del paisaje, examinando sus relaciones con las din\u00e1micas econ\u00f3micas, sociales y culturales, y caracterizando su evoluci\u00f3n a trav\u00e9s de la prehistoria y la historia. Adem\u00e1s, intentan descubrir el concepto de espacio, y secundariamente de tiempo y naturaleza, que gu\u00edan las acciones espaciales del ser humano y sirven de base a la materializaci\u00f3n del ser social en t\u00e9rminos espaciales. Incluye estudios de astronom\u00eda cultural y arqueoastronom\u00eda.<\/em><\/p>\n\n\n\n<h4 class=\"wp-block-heading\">Investigaci\u00f3n Te\u00f3rica e Historiogr\u00e1fica sobre Estudios de Patrimonio Cultural<\/h4>\n\n\n\n<p><em>Estudian las circunstancias que constituyen el campo de operaci\u00f3n de las disciplinas que trabajan en patrimonio, con el fin de desarrollar indagaciones te\u00f3ricas acerca de sus posibilidades y validez como herramientas para la gesti\u00f3n de la realidad social y producci\u00f3n de valor, espec\u00edficamente, dentro de la parte de esta realidad constituida por el patrimonio cultural.<\/em><\/p>\n\n\n\n<h4 class=\"wp-block-heading\">Procesos de Patrimonializaci\u00f3n: Memoria, Identidades y Conflicto<\/h4>\n\n\n\n<p><em>Estudian los procesos de formaci\u00f3n del patrimonio en el presente y el pasado. En particular, la subl\u00ednea se centra en la relaci\u00f3n entre el patrimonio cultural, la memoria y la identidad, a fin de responder a las siguientes preguntas: \u00bfCu\u00e1les son los mecanismos por los cuales las sociedades producen su patrimonio cultural? \u00bfCu\u00e1l es el papel de los diferentes agentes sociales implicados en estos procesos? \u00bfCu\u00e1l es el papel del patrimonio cultural en tiempos de crisis? Incluye estudios de etnograf\u00eda y arqueolog\u00eda del mundo contempor\u00e1neo y de memoria hist\u00f3rica.<\/em><\/p>\n\n\n\n<h4 class=\"wp-block-heading\">Socioeconom\u00eda del Patrimonio Cultural<\/h4>\n\n\n\n<p><em>Usamos de forma integrada un conjunto de enfoques diferentes hacia el patrimonio cultural desde disciplinas que no est\u00e1n vinculadas con la interpretaci\u00f3n y la gesti\u00f3n de elementos patrimoniales. Esto incluye la investigaci\u00f3n sociol\u00f3gica, antropol\u00f3gica, econ\u00f3mica y pol\u00edtica acerca del patrimonio cultural. El objeto del estudio es el patrimonio cultural en s\u00ed mismo como realidad social, en sus diferentes dimensiones y en un contexto marcado por la sociedad posindustrial y la transici\u00f3n hacia una socioeconom\u00eda basada en el conocimiento.<\/em><\/p>\n\n\n\n<h4 class=\"wp-block-heading\">Cultura Material y Procesos de Formalizaci\u00f3n del Patrimonio Cultural<\/h4>\n\n\n\n<p><em>Estudian la cultura material a trav\u00e9s del registro arqueol\u00f3gico, enlazando sus transformaciones con los procesos socioculturales presentes en contextos ib\u00e9ricos, europeos y poscoloniales. Intentamos determinar c\u00f3mo los patrones de regularidad y cambios estil\u00edsticos se vinculan a procesos de cambio sociocultural y a estrategias de cambio de la identidad social en comunidades pasadas y presentes.<\/em><\/p>\n\n\n\n<h4 class=\"wp-block-heading\">Tecnolog\u00edas Sem\u00e1nticas para Patrimonio Cultural<\/h4>\n\n\n\n<p><em>Trabajamos para crear, seleccionar, desarrollar, analizar, validar, demostrar y diseminar las tecnolog\u00edas necesarias para la construcci\u00f3n de significado en torno a la informaci\u00f3n que se genera y maneja durante los trabajos de investigaci\u00f3n y gesti\u00f3n del patrimonio cultural\u00bb<\/em> (Incipit.csic.es).<\/p>\n\n\n\n<div class=\"wp-block-buttons is-layout-flex wp-block-buttons-is-layout-flex\">\n<div class=\"wp-block-button has-custom-width wp-block-button__width-100 has-custom-font-size is-style-fill has-extra-large-font-size\"><a class=\"wp-block-button__link has-black-color has-text-color has-background wp-element-button\" href=\"https:\/\/www.incipit.csic.es\/\" style=\"background-color:#787e84\" target=\"_blank\" rel=\"noreferrer noopener\">incipit.csic.es<\/a><\/div>\n<\/div>\n\n\n\n<p><strong>Referencias:<\/strong><\/p>\n\n\n\n<p>Incipit. Instituto de Ciencias del Patrimonio. <a href=\"https:\/\/www.incipit.csic.es\/\" data-type=\"URL\" data-id=\"https:\/\/www.incipit.csic.es\/\">https:\/\/www.incipit.csic.es\/<\/a><\/p>\n\n\n\n<div class=\"wp-block-group is-vertical is-layout-flex wp-container-core-group-is-layout-8cf370e7 wp-block-group-is-layout-flex\">\n<p class=\"has-extra-small-font-size\">Publicada el&nbsp;21 de junio de 2022<\/p>\n\n\n\n<p class=\"has-extra-small-font-size\">Por&nbsp;<a href=\"https:\/\/artheke.com\/?author=1\">Cebri\u00e1n Gonz\u00e1lez Mar\u00eda Teresa<\/a><\/p>\n<\/div>\n","protected":false},"excerpt":{"rendered":"<p>Es un instituto de investigaci\u00f3n del CSIC. Se diferencia de otros institutos de car\u00e1cter disciplinar porque el Incipit est\u00e1 orientado a investigar sobre un problema com\u00fan: el patrimonio cultural (independientemente de las disciplinas o enfoques metodol\u00f3gicos que se empleen en cada momento). \u00abEl Incipit re\u00fane a especialistas de numerosos campos, como antropolog\u00eda, arqueolog\u00eda, arquitectura, astrof\u00edsica,&hellip; <a class=\"more-link\" href=\"https:\/\/www.artheke.com\/?page_id=1144\">Seguir leyendo <span class=\"screen-reader-text\">Incipit. Instituto de Ciencias del Patrimonio<\/span><\/a><\/p>\n","protected":false},"author":1,"featured_media":1657,"parent":0,"menu_order":0,"comment_status":"closed","ping_status":"closed","template":"","meta":{"footnotes":""},"class_list":["post-1144","page","type-page","status-publish","has-post-thumbnail","hentry","entry"],"_links":{"self":[{"href":"https:\/\/www.artheke.com\/index.php?rest_route=\/wp\/v2\/pages\/1144","targetHints":{"allow":["GET"]}}],"collection":[{"href":"https:\/\/www.artheke.com\/index.php?rest_route=\/wp\/v2\/pages"}],"about":[{"href":"https:\/\/www.artheke.com\/index.php?rest_route=\/wp\/v2\/types\/page"}],"author":[{"embeddable":true,"href":"https:\/\/www.artheke.com\/index.php?rest_route=\/wp\/v2\/users\/1"}],"replies":[{"embeddable":true,"href":"https:\/\/www.artheke.com\/index.php?rest_route=%2Fwp%2Fv2%2Fcomments&post=1144"}],"version-history":[{"count":6,"href":"https:\/\/www.artheke.com\/index.php?rest_route=\/wp\/v2\/pages\/1144\/revisions"}],"predecessor-version":[{"id":1660,"href":"https:\/\/www.artheke.com\/index.php?rest_route=\/wp\/v2\/pages\/1144\/revisions\/1660"}],"wp:featuredmedia":[{"embeddable":true,"href":"https:\/\/www.artheke.com\/index.php?rest_route=\/wp\/v2\/media\/1657"}],"wp:attachment":[{"href":"https:\/\/www.artheke.com\/index.php?rest_route=%2Fwp%2Fv2%2Fmedia&parent=1144"}],"curies":[{"name":"wp","href":"https:\/\/api.w.org\/{rel}","templated":true}]}}