{"id":1153,"date":"2022-06-21T22:27:14","date_gmt":"2022-06-21T22:27:14","guid":{"rendered":"https:\/\/artheke.com\/?page_id=1153"},"modified":"2023-04-11T12:27:07","modified_gmt":"2023-04-11T12:27:07","slug":"humanidades-y-ciencias-sociales","status":"publish","type":"page","link":"https:\/\/www.artheke.com\/?page_id=1153","title":{"rendered":"CSIC"},"content":{"rendered":"\n<h2 class=\"wp-block-heading has-large-font-size\" style=\"font-style:normal;font-weight:700\">La investigaci\u00f3n del CSIC (Consejo Superior de Investigaciones Cient\u00edficas) se estructura en tres grandes \u00e1reas: <\/h2>\n\n\n\n<ul class=\"wp-block-list\">\n<li>Sociedad<\/li>\n\n\n\n<li>Vida<\/li>\n\n\n\n<li>y Materia<\/li>\n<\/ul>\n\n\n\n<p>Esas tres \u00e1reas cubren la mayor parte del conocimiento humano y en las que se encuadra la actividad de m\u00e1s de 1.500 grupos de investigaci\u00f3n de sus 120 centros (csic.es).<\/p>\n\n\n\n<p>En el CSIC el <strong>\u00c1rea Global Sociedad <\/strong>tiene adscritos 16 institutos situados en seis Comunidades Aut\u00f3nomas (Andaluc\u00eda, Catalu\u00f1a, Comunidad de Madrid, Comunidad Valenciana, Extremadura y Galicia), adem\u00e1s de contar con un Centro de Servicios generales (CCHS de Madrid) y la Escuela Espa\u00f1ola de Historia y Arqueolog\u00eda con sede en Roma.<\/p>\n\n\n\n<div class=\"wp-block-buttons is-content-justification-center is-layout-flex wp-container-core-buttons-is-layout-16018d1d wp-block-buttons-is-layout-flex\">\n<div class=\"wp-block-button has-custom-font-size has-large-font-size\"><a class=\"wp-block-button__link has-background wp-element-button\" href=\"https:\/\/www.csic.es\/es\/investigacion\/areas-y-produccion-cientifica\/area-global-sociedad\" style=\"background-color:#223b5d\" target=\"_blank\" rel=\"noreferrer noopener\">\u00c1rea Global Sociedad<\/a><\/div>\n\n\n\n<div class=\"wp-block-button has-custom-font-size has-large-font-size\"><a class=\"wp-block-button__link has-background wp-element-button\" href=\"https:\/\/www.csic.es\/es\/investigacion\/areas-y-produccion-cientifica\/area-global-sociedad\/humanidades-y-ciencias-sociales\" style=\"background-color:#3b7f98\" target=\"_blank\" rel=\"noreferrer noopener\">Institutos Humanidades y Ciencias Sociales<\/a><\/div>\n<\/div>\n\n\n\n<figure class=\"wp-block-image size-full\"><img loading=\"lazy\" decoding=\"async\" width=\"875\" height=\"414\" src=\"https:\/\/artheke.com\/wp-content\/uploads\/2022\/06\/image-22.png\" alt=\"\" class=\"wp-image-1176\" srcset=\"https:\/\/www.artheke.com\/wp-content\/uploads\/2022\/06\/image-22.png 875w, https:\/\/www.artheke.com\/wp-content\/uploads\/2022\/06\/image-22-300x142.png 300w, https:\/\/www.artheke.com\/wp-content\/uploads\/2022\/06\/image-22-768x363.png 768w\" sizes=\"auto, (max-width: 875px) 100vw, 875px\" \/><figcaption class=\"wp-element-caption\"><a rel=\"noreferrer noopener\" href=\"https:\/\/www.csic.es\/es\/investigacion\/areas\" data-type=\"URL\" data-id=\"https:\/\/www.csic.es\/es\/investigacion\/areas\" target=\"_blank\">\u00c1reas y Producci\u00f3n Cient\u00edfica, CSIC<\/a><\/figcaption><\/figure>\n\n\n\n<p>Algunos de los institutos de esta \u00e1rea son:<\/p>\n\n\n\n<ul class=\"wp-block-list\">\n<li>Incipit: <strong>Instituto de Ciencias del Patrimonio.<\/strong><\/li>\n<\/ul>\n\n\n\n<div class=\"wp-block-buttons is-content-justification-center is-layout-flex wp-container-core-buttons-is-layout-16018d1d wp-block-buttons-is-layout-flex\">\n<div class=\"wp-block-button has-custom-font-size has-large-font-size\"><a class=\"wp-block-button__link has-dark-gray-color has-red-background-color has-text-color has-background wp-element-button\" href=\"https:\/\/www.incipit.csic.es\/\" target=\"_blank\" rel=\"noreferrer noopener\">Incipit<\/a><\/div>\n<\/div>\n\n\n\n<ul class=\"wp-block-list\">\n<li>EEHAR:<strong> Escuela Espa\u00f1ola de Historia y Arqueolog\u00eda en Roma.<\/strong><\/li>\n<\/ul>\n\n\n\n<div class=\"wp-block-buttons is-content-justification-center is-layout-flex wp-container-core-buttons-is-layout-16018d1d wp-block-buttons-is-layout-flex\">\n<div class=\"wp-block-button has-custom-font-size has-large-font-size\"><a class=\"wp-block-button__link has-text-color has-background wp-element-button\" href=\"https:\/\/www.eehar.csic.es\/\" style=\"color:#c73737;background-color:#3dc33d\" target=\"_blank\" rel=\"noreferrer noopener\">EEHAR<\/a><\/div>\n<\/div>\n\n\n\n<ul class=\"wp-block-list\">\n<li>Y el <strong>grupo Ciencias Sociales, Patrimonio y Alimentaci\u00f3n<\/strong><\/li>\n<\/ul>\n\n\n\n<div class=\"wp-block-buttons is-content-justification-center is-layout-flex wp-container-core-buttons-is-layout-16018d1d wp-block-buttons-is-layout-flex\">\n<div class=\"wp-block-button has-custom-font-size has-large-font-size\"><a class=\"wp-block-button__link has-orange-background-color has-text-color has-background wp-element-button\" href=\"https:\/\/www.csic.es\/es\/investigacion\/grupos-de-investigacion\/ciencias-sociales-patrimonio-y-alimentacion\" style=\"color:#af3434\" target=\"_blank\" rel=\"noreferrer noopener\">Ciencias Sociales, Patrimonio y Alimentaci\u00f3n<\/a><\/div>\n<\/div>\n\n\n\n<p>En el CSIC el <strong>\u00c1rea Global <\/strong>Vida del CSIC abarca las actividades relacionadas con la biomedicina, el medio ambiente, la agricultura, la alimentaci\u00f3n y en general todo lo concerniente a los organismos  vivos y a los procesos globales del sistema Tierra que nos rodea (csic.es).<\/p>\n\n\n\n<div class=\"wp-block-buttons alignfull is-content-justification-center is-layout-flex wp-container-core-buttons-is-layout-16018d1d wp-block-buttons-is-layout-flex\">\n<div class=\"wp-block-button has-custom-font-size has-large-font-size\"><a class=\"wp-block-button__link has-background wp-element-button\" href=\"https:\/\/www.csic.es\/es\/investigacion\/areas-y-produccion-cientifica\/area-global-vida\" style=\"background-color:#223b5d\" target=\"_blank\" rel=\"noreferrer noopener\">\u00c1rea Global Vida<\/a><\/div>\n<\/div>\n\n\n\n<p>En la actividad relativa a la Ciencia y Tecnolog\u00eda de la Alimentos se encuentra entre otros:<\/p>\n\n\n\n<ul class=\"wp-block-list\">\n<li>ICVV: El Instituto de la Vid y el Vino en la Rioja.<\/li>\n<\/ul>\n\n\n\n<div class=\"wp-block-buttons is-content-justification-center is-layout-flex wp-container-core-buttons-is-layout-16018d1d wp-block-buttons-is-layout-flex\">\n<div class=\"wp-block-button has-custom-font-size has-normal-font-size\"><a class=\"wp-block-button__link has-yellow-color has-text-color has-background wp-element-button\" href=\"https:\/\/www.icvv.es\/\" style=\"background-color:#733e9b\" target=\"_blank\" rel=\"noreferrer noopener\">Instituto de la Vid y el Vino<\/a><\/div>\n<\/div>\n\n\n\n<p>____________________________________________________________________<\/p>\n\n\n\n<p class=\"has-white-background-color has-text-color has-background\" style=\"color:#34425f\">Aunque en un Centro distinto, situado<strong> en el Campus Universitario de Puerto Real de la Universidad de C\u00e1diz, <\/strong>se encuentra otro instituto relacionado con la excelencia en vitivinicultura en particular y la agroalimentaci\u00f3n en general: <\/p>\n\n\n\n<ul class=\"wp-block-list\">\n<li><strong>IVAGRO<\/strong>. Instituto Univesitario de Investigaci\u00f3n Vitivin\u00edcola y Agroalimentaria (IVAGRO) con sede en el <strong>Centro Andaluz de Investigaciones Vitivin\u00edcolas<\/strong> (CAIV).<\/li>\n<\/ul>\n\n\n\n<div class=\"wp-block-buttons is-content-justification-center is-layout-flex wp-container-core-buttons-is-layout-16018d1d wp-block-buttons-is-layout-flex\">\n<div class=\"wp-block-button\"><a class=\"wp-block-button__link has-background wp-element-button\" href=\"https:\/\/ivagro.uca.es\/\" style=\"background-color:#409174\" target=\"_blank\" rel=\"noreferrer noopener\">IVAGRO<\/a><\/div>\n<\/div>\n\n\n\n<p class=\"has-white-background-color has-text-color has-background\" style=\"color:#2e4868\">Entre sus l\u00edneas de investigaci\u00f3n se encuentran:<\/p>\n\n\n\n<ul class=\"wp-block-list\">\n<li>los Estudios hist\u00f3ricos, culturales, econ\u00f3micos y jur\u00eddicos de productos vitivin\u00edcolas.<\/li>\n<\/ul>\n\n\n\n<p>___________________________________________________________________<\/p>\n\n\n\n<p>Retomando la informaci\u00f3n sobre el CSIC, este tiene el repositorio institucional: DIGITAL.CSIC<\/p>\n\n\n\n<div class=\"wp-block-buttons is-layout-flex wp-block-buttons-is-layout-flex\">\n<div class=\"wp-block-button has-custom-font-size has-extra-large-font-size\"><a class=\"wp-block-button__link has-text-color has-background wp-element-button\" href=\"https:\/\/digital.csic.es\/\" style=\"color:#c55656;background-color:#609782\" target=\"_blank\" rel=\"noreferrer noopener\">Repositorio DIGITAL.CSIC<\/a><\/div>\n<\/div>\n\n\n\n<p>Intenta reunir una parte importante de las obras publicadas en la Colecci\u00f3n hist\u00f3rica de <strong>CINDOC (Centro de Informaci\u00f3n y Documentaci\u00f3n cient\u00edfica)<\/strong>. DIGITAL.CSIC: Organiza, preserva y difunde en acceso abierto los resultados de investigaci\u00f3n del CSIC.<\/p>\n\n\n\n<figure class=\"wp-block-pullquote has-white-color has-text-color has-background\" style=\"background-color:#41526e\"><blockquote><p>En la actualidad, la producci\u00f3n de Bases de Datos ICYPT (Instituto de Informaci\u00f3n y Documentaci\u00f3n en Ciencia y Tecnolog\u00eda) y de ISOC (Instituto de Informaci\u00f3n y Documentaci\u00f3n en Ciencias Sociales y Humanidades) que se fusion\u00f3 en el Centro de Informaci\u00f3n y Documentaci\u00f3n Cient\u00edfica (CINDOC) desde 1992 a 2007, se enmarca en el Centro de Ciencias y Humanidades (CCHS) del CSIC.<\/p><\/blockquote><\/figure>\n\n\n\n<p>CINDOC ha distribuido sus actividades y su personal en diversos institutos y servicios del CSIC. La parte de investigaci\u00f3n se encuentra mayoritariamente en el IEDCYT (Instituto de Estudios Documentales sobre Ciencia y Tecnolog\u00eda). <\/p>\n\n\n\n<p>ICYT e ISOC tienen sus or\u00edgenes en 1975, el primero retoma y amplia las actividades del CID (Centro de Informaci\u00f3n y Documentaci\u00f3n) creado en 1953, dependiente del Patronato Juan de la Cierva del CSIC.<\/p>\n\n\n\n<div class=\"wp-block-buttons is-content-justification-center is-layout-flex wp-container-core-buttons-is-layout-16018d1d wp-block-buttons-is-layout-flex\">\n<div class=\"wp-block-button has-custom-font-size has-extra-large-font-size\"><a class=\"wp-block-button__link has-black-color has-text-color has-background wp-element-button\" href=\"https:\/\/digital.csic.es\/handle\/10261\/24917\" style=\"background-color:#39414d96\" target=\"_blank\" rel=\"noreferrer noopener\">CINDOC<\/a><\/div>\n<\/div>\n\n\n\n<p>En CINDOC puede explorarse enlaces que te muestran entre otros campos: los tesauros, tr\u00edpticos informativos del propio CINDOC en la que se describen las bases de datos que formaban parte de este Centro de Documentaci\u00f3n e Informaci\u00f3n cient\u00edfica, glosarios, diccionarios, etc.<\/p>\n\n\n\n<div data-wp-interactive=\"core\/file\" class=\"wp-block-file\"><object data-wp-bind--hidden=\"!state.hasPdfPreview\" hidden class=\"wp-block-file__embed\" data=\"https:\/\/artheke.com\/wp-content\/uploads\/2022\/06\/TripticoCINDOC1.pdf\" type=\"application\/pdf\" style=\"width:100%;height:600px\" aria-label=\"Incrustado de TripticoCINDOC1.\"><\/object><a id=\"wp-block-file--media-bc901056-70a9-4f87-ae18-0eaacd5239f8\" href=\"https:\/\/artheke.com\/wp-content\/uploads\/2022\/06\/TripticoCINDOC1.pdf\">TripticoCINDOC1<\/a><a href=\"https:\/\/artheke.com\/wp-content\/uploads\/2022\/06\/TripticoCINDOC1.pdf\" class=\"wp-block-file__button wp-element-button\" download aria-describedby=\"wp-block-file--media-bc901056-70a9-4f87-ae18-0eaacd5239f8\">Descarga<\/a><\/div>\n\n\n\n<p>Un ejemplo dentro de la serie Tesauros, Glosarios y Diccionarios ser\u00eda  el Diccionario cient\u00edfico y tecnol\u00f3gico espa\u00f1ol-ingl\u00e9s-alem\u00e1n-franc\u00e9s sobre los alimentos (<a href=\"https:\/\/digital.csic.es\/handle\/10261\/32582\">https:\/\/digital.csic.es\/handle\/10261\/32582<\/a>).<\/p>\n\n\n\n<p><strong>Referencias:<\/strong><\/p>\n\n\n\n<p>CSIC. Consejo Superior de Investigaciones Cient\u00edficas.<\/p>\n\n\n\n<p>CAIV. Centro Andaluz de Investigaciones Vitivin\u00edcolas.<\/p>\n\n\n\n<p>UCA. Universidad de C\u00e1diz.<\/p>\n\n\n\n<hr class=\"wp-block-separator has-alpha-channel-opacity\"\/>\n\n\n\n<div class=\"wp-block-group is-vertical is-layout-flex wp-container-core-group-is-layout-8cf370e7 wp-block-group-is-layout-flex\">\n<p class=\"has-extra-small-font-size\">Publicada el&nbsp;21 de junio de 2022<\/p>\n\n\n\n<p class=\"has-extra-small-font-size\">Por&nbsp;<a href=\"https:\/\/artheke.com\/?author=1\">Cebri\u00e1n Gonz\u00e1lez Mar\u00eda Teresa<\/a><\/p>\n<\/div>\n","protected":false},"excerpt":{"rendered":"<p>La investigaci\u00f3n del CSIC (Consejo Superior de Investigaciones Cient\u00edficas) se estructura en tres grandes \u00e1reas: Esas tres \u00e1reas cubren la mayor parte del conocimiento humano y en las que se encuadra la actividad de m\u00e1s de 1.500 grupos de investigaci\u00f3n de sus 120 centros (csic.es). En el CSIC el \u00c1rea Global Sociedad tiene adscritos 16&hellip; <a class=\"more-link\" href=\"https:\/\/www.artheke.com\/?page_id=1153\">Seguir leyendo <span class=\"screen-reader-text\">CSIC<\/span><\/a><\/p>\n","protected":false},"author":1,"featured_media":1663,"parent":0,"menu_order":0,"comment_status":"closed","ping_status":"closed","template":"","meta":{"footnotes":""},"class_list":["post-1153","page","type-page","status-publish","has-post-thumbnail","hentry","entry"],"_links":{"self":[{"href":"https:\/\/www.artheke.com\/index.php?rest_route=\/wp\/v2\/pages\/1153","targetHints":{"allow":["GET"]}}],"collection":[{"href":"https:\/\/www.artheke.com\/index.php?rest_route=\/wp\/v2\/pages"}],"about":[{"href":"https:\/\/www.artheke.com\/index.php?rest_route=\/wp\/v2\/types\/page"}],"author":[{"embeddable":true,"href":"https:\/\/www.artheke.com\/index.php?rest_route=\/wp\/v2\/users\/1"}],"replies":[{"embeddable":true,"href":"https:\/\/www.artheke.com\/index.php?rest_route=%2Fwp%2Fv2%2Fcomments&post=1153"}],"version-history":[{"count":16,"href":"https:\/\/www.artheke.com\/index.php?rest_route=\/wp\/v2\/pages\/1153\/revisions"}],"predecessor-version":[{"id":2049,"href":"https:\/\/www.artheke.com\/index.php?rest_route=\/wp\/v2\/pages\/1153\/revisions\/2049"}],"wp:featuredmedia":[{"embeddable":true,"href":"https:\/\/www.artheke.com\/index.php?rest_route=\/wp\/v2\/media\/1663"}],"wp:attachment":[{"href":"https:\/\/www.artheke.com\/index.php?rest_route=%2Fwp%2Fv2%2Fmedia&parent=1153"}],"curies":[{"name":"wp","href":"https:\/\/api.w.org\/{rel}","templated":true}]}}