{"id":1169,"date":"2022-06-22T01:38:39","date_gmt":"2022-06-22T01:38:39","guid":{"rendered":"https:\/\/artheke.com\/?page_id=1169"},"modified":"2022-07-06T10:06:33","modified_gmt":"2022-07-06T10:06:33","slug":"instituto-andaluz-de-patrimonio-historico-iaph","status":"publish","type":"page","link":"https:\/\/www.artheke.com\/?page_id=1169","title":{"rendered":"INSTITUTO ANDALUZ DE PATRIMONIO HIST\u00d3RICO (IAPH)"},"content":{"rendered":"\n<h2 class=\"wp-block-heading\">CONSEJER\u00cdA DE CULTURA Y PATRIMONIO HIST\u00d3RICO<\/h2>\n\n\n\n<p><\/p>\n\n\n\n<p><\/p>\n\n\n\n<figure class=\"wp-block-image size-large\"><img loading=\"lazy\" decoding=\"async\" width=\"1024\" height=\"485\" src=\"https:\/\/artheke.com\/wp-content\/uploads\/2022\/06\/image-20-1024x485.png\" alt=\"\" class=\"wp-image-1171\" srcset=\"https:\/\/www.artheke.com\/wp-content\/uploads\/2022\/06\/image-20-1024x485.png 1024w, https:\/\/www.artheke.com\/wp-content\/uploads\/2022\/06\/image-20-300x142.png 300w, https:\/\/www.artheke.com\/wp-content\/uploads\/2022\/06\/image-20-768x364.png 768w, https:\/\/www.artheke.com\/wp-content\/uploads\/2022\/06\/image-20.png 1448w\" sizes=\"auto, (max-width: 1024px) 100vw, 1024px\" \/><figcaption>Figura: p\u00e1gina del Instituto Andaluz del Patrimonio Hist\u00f3rico en IAPH<\/figcaption><\/figure>\n\n\n\n<div class=\"wp-block-buttons is-content-justification-center is-layout-flex wp-container-core-buttons-is-layout-16018d1d wp-block-buttons-is-layout-flex\">\n<div class=\"wp-block-button has-custom-font-size is-style-outline has-huge-font-size is-style-outline--1\"><a class=\"wp-block-button__link has-white-background-color has-text-color has-background\" href=\"https:\/\/www.juntadeandalucia.es\/organismos\/iaph.html\" style=\"color:#18b67c\" target=\"_blank\" rel=\"noreferrer noopener\">IAPH<\/a><\/div>\n<\/div>\n\n\n\n<p><\/p>\n\n\n\n<p>Entre la diversa y cuantiosa informaci\u00f3n que ofrece:<\/p>\n\n\n\n<ul class=\"wp-block-list\"><li>La Gu\u00eda del patrimonio cultural de Andaluc\u00eda<\/li><\/ul>\n\n\n\n<figure class=\"wp-block-image size-large\"><img loading=\"lazy\" decoding=\"async\" width=\"1024\" height=\"482\" src=\"https:\/\/artheke.com\/wp-content\/uploads\/2022\/06\/image-19-1024x482.png\" alt=\"\" class=\"wp-image-1170\" srcset=\"https:\/\/www.artheke.com\/wp-content\/uploads\/2022\/06\/image-19-1024x482.png 1024w, https:\/\/www.artheke.com\/wp-content\/uploads\/2022\/06\/image-19-300x141.png 300w, https:\/\/www.artheke.com\/wp-content\/uploads\/2022\/06\/image-19-768x362.png 768w, https:\/\/www.artheke.com\/wp-content\/uploads\/2022\/06\/image-19.png 1456w\" sizes=\"auto, (max-width: 1024px) 100vw, 1024px\" \/><figcaption>Figura: p\u00e1gina Gu\u00eda Digital del Patrimonio Cultural de Andaluc\u00eda en IAPH<\/figcaption><\/figure>\n\n\n\n<div class=\"wp-block-buttons is-content-justification-center is-layout-flex wp-container-core-buttons-is-layout-16018d1d wp-block-buttons-is-layout-flex\">\n<div class=\"wp-block-button\"><a class=\"wp-block-button__link has-text-color has-background\" href=\"https:\/\/www.juntadeandalucia.es\/organismos\/iaph\/areas\/documentacion-patrimonio\/guia-digital.html\" style=\"background-color:#09e122;color:#c92424\" target=\"_blank\" rel=\"noreferrer noopener\">GU\u00cdA DIGITAL PATRIMONIO CULTURAL DE ANDALUC\u00cdA<\/a><\/div>\n<\/div>\n\n\n\n<div class=\"wp-block-buttons is-content-justification-center is-layout-flex wp-container-core-buttons-is-layout-16018d1d wp-block-buttons-is-layout-flex\">\n<div class=\"wp-block-button has-custom-font-size is-style-outline has-huge-font-size is-style-outline--2\"><a class=\"wp-block-button__link has-white-background-color has-text-color has-background\" href=\"https:\/\/guiadigital.iaph.es\/inicio\" style=\"color:#1ed21e\" target=\"_blank\" rel=\"noreferrer noopener\">GU\u00cdA DIGITAL<\/a><\/div>\n<\/div>\n\n\n\n<ul class=\"wp-block-list\"><li>El Repositorio de Activos Digitales<\/li><\/ul>\n\n\n\n<figure class=\"wp-block-image size-large\"><img loading=\"lazy\" decoding=\"async\" width=\"1024\" height=\"944\" src=\"https:\/\/artheke.com\/wp-content\/uploads\/2022\/06\/image-21-1024x944.png\" alt=\"\" class=\"wp-image-1172\" srcset=\"https:\/\/www.artheke.com\/wp-content\/uploads\/2022\/06\/image-21-1024x944.png 1024w, https:\/\/www.artheke.com\/wp-content\/uploads\/2022\/06\/image-21-300x277.png 300w, https:\/\/www.artheke.com\/wp-content\/uploads\/2022\/06\/image-21-768x708.png 768w, https:\/\/www.artheke.com\/wp-content\/uploads\/2022\/06\/image-21.png 1076w\" sizes=\"auto, (max-width: 1024px) 100vw, 1024px\" \/><figcaption>Figura: p\u00e1gina de Activos Digitales del IAPH en IAPH.<\/figcaption><\/figure>\n\n\n\n<div class=\"wp-block-buttons is-layout-flex wp-block-buttons-is-layout-flex\">\n<div class=\"wp-block-button has-custom-font-size is-style-outline has-extra-large-font-size is-style-outline--3\"><a class=\"wp-block-button__link has-white-color has-text-color has-background\" href=\"https:\/\/repositorio.iaph.es\/\" style=\"background-color:#1d7857\" target=\"_blank\" rel=\"noreferrer noopener\">REPOSITORIO ACTIVOS DIGITALES<\/a><\/div>\n<\/div>\n\n\n\n<p><strong>Accede a m\u00e1s de 4.000 recursos digitales a golpe de clic<\/strong> para realizar una consulta de <strong>todos los bienes culturales que est\u00e1n registrados en el Cat\u00e1logo General de Patrimonio Hist\u00f3rico Andaluz<\/strong>:<\/p>\n\n\n\n<div class=\"wp-block-buttons is-content-justification-center is-layout-flex wp-container-core-buttons-is-layout-16018d1d wp-block-buttons-is-layout-flex\">\n<div class=\"wp-block-button has-custom-font-size is-style-outline has-extra-large-font-size is-style-outline--4\"><a class=\"wp-block-button__link has-red-background-color has-background\">Cat\u00e1logo Pha<\/a><\/div>\n<\/div>\n\n\n\n<p><strong>Referencias:<\/strong><\/p>\n\n\n\n<p>IAPH. Instituto Andaluz del Patrimonio Hist\u00f3rico. <a rel=\"noreferrer noopener\" href=\"https:\/\/www.juntadeandalucia.es\/organismos\/iaph.html\" data-type=\"URL\" data-id=\"https:\/\/www.juntadeandalucia.es\/organismos\/iaph.html\" target=\"_blank\">https:\/\/www.juntadeandalucia.es\/organismos\/iaph.html<\/a><\/p>\n\n\n\n<div class=\"wp-block-group is-vertical is-layout-flex wp-container-core-group-is-layout-8cf370e7 wp-block-group-is-layout-flex\">\n<p class=\"has-extra-small-font-size\">Publicada el&nbsp;22 de junio de 2022<\/p>\n\n\n\n<p class=\"has-extra-small-font-size\">Por&nbsp;<a href=\"https:\/\/artheke.com\/?author=1\">Cebri\u00e1n Gonz\u00e1lez Mar\u00eda Teresa<\/a><\/p>\n<\/div>\n","protected":false},"excerpt":{"rendered":"<p>CONSEJER\u00cdA DE CULTURA Y PATRIMONIO HIST\u00d3RICO Entre la diversa y cuantiosa informaci\u00f3n que ofrece: La Gu\u00eda del patrimonio cultural de Andaluc\u00eda El Repositorio de Activos Digitales Accede a m\u00e1s de 4.000 recursos digitales a golpe de clic para realizar una consulta de todos los bienes culturales que est\u00e1n registrados en el Cat\u00e1logo General de Patrimonio&hellip; <a class=\"more-link\" href=\"https:\/\/www.artheke.com\/?page_id=1169\">Seguir leyendo <span class=\"screen-reader-text\">INSTITUTO ANDALUZ DE PATRIMONIO HIST\u00d3RICO (IAPH)<\/span><\/a><\/p>\n","protected":false},"author":1,"featured_media":0,"parent":0,"menu_order":0,"comment_status":"closed","ping_status":"closed","template":"","meta":{"footnotes":""},"class_list":["post-1169","page","type-page","status-publish","hentry","entry"],"_links":{"self":[{"href":"https:\/\/www.artheke.com\/index.php?rest_route=\/wp\/v2\/pages\/1169","targetHints":{"allow":["GET"]}}],"collection":[{"href":"https:\/\/www.artheke.com\/index.php?rest_route=\/wp\/v2\/pages"}],"about":[{"href":"https:\/\/www.artheke.com\/index.php?rest_route=\/wp\/v2\/types\/page"}],"author":[{"embeddable":true,"href":"https:\/\/www.artheke.com\/index.php?rest_route=\/wp\/v2\/users\/1"}],"replies":[{"embeddable":true,"href":"https:\/\/www.artheke.com\/index.php?rest_route=%2Fwp%2Fv2%2Fcomments&post=1169"}],"version-history":[{"count":2,"href":"https:\/\/www.artheke.com\/index.php?rest_route=\/wp\/v2\/pages\/1169\/revisions"}],"predecessor-version":[{"id":1261,"href":"https:\/\/www.artheke.com\/index.php?rest_route=\/wp\/v2\/pages\/1169\/revisions\/1261"}],"wp:attachment":[{"href":"https:\/\/www.artheke.com\/index.php?rest_route=%2Fwp%2Fv2%2Fmedia&parent=1169"}],"curies":[{"name":"wp","href":"https:\/\/api.w.org\/{rel}","templated":true}]}}