{"id":1238,"date":"2022-07-01T00:45:46","date_gmt":"2022-07-01T00:45:46","guid":{"rendered":"https:\/\/artheke.com\/?page_id=1238"},"modified":"2023-02-17T07:12:25","modified_gmt":"2023-02-17T07:12:25","slug":"caricaturas-o-ilustraciones","status":"publish","type":"page","link":"https:\/\/www.artheke.com\/?page_id=1238","title":{"rendered":"Caricaturas o Ilustraciones"},"content":{"rendered":"\n<figure class=\"wp-block-gallery has-nested-images columns-default is-cropped wp-block-gallery-1 is-layout-flex wp-block-gallery-is-layout-flex\">\n<figure class=\"wp-block-image size-full is-style-default\"><img loading=\"lazy\" decoding=\"async\" width=\"270\" height=\"192\" data-id=\"1241\" src=\"https:\/\/artheke.com\/wp-content\/uploads\/2022\/07\/join.jpg\" alt=\"\" class=\"wp-image-1241\"\/><figcaption class=\"wp-element-caption\">\u00danete o muere<\/figcaption><\/figure>\n<\/figure>\n\n\n\n<p>\u00danete o muere, se conoce a menudo como la primera caricatura pol\u00edtica.<\/p>\n\n\n\n<figure class=\"wp-block-pullquote\"><blockquote><p>Las caricaturas o ilustraciones incluidas en peri\u00f3dicos, revistas u otras publicaciones peri\u00f3dicas, a menudo, representan las perspectivas hist\u00f3ricas y las opiniones del momento de la publicaci\u00f3n. <\/p><cite>Library of Congress<\/cite><\/blockquote><\/figure>\n\n\n\n<figure class=\"wp-block-image size-full\"><img loading=\"lazy\" decoding=\"async\" width=\"824\" height=\"586\" src=\"https:\/\/artheke.com\/wp-content\/uploads\/2022\/07\/service-pnp-cph-3g00000-3g05000-3g05300-3g05315v-e1656635672320.jpg\" alt=\"\" class=\"wp-image-1226\" srcset=\"https:\/\/www.artheke.com\/wp-content\/uploads\/2022\/07\/service-pnp-cph-3g00000-3g05000-3g05300-3g05315v-e1656635672320.jpg 824w, https:\/\/www.artheke.com\/wp-content\/uploads\/2022\/07\/service-pnp-cph-3g00000-3g05000-3g05300-3g05315v-e1656635672320-300x213.jpg 300w, https:\/\/www.artheke.com\/wp-content\/uploads\/2022\/07\/service-pnp-cph-3g00000-3g05000-3g05300-3g05315v-e1656635672320-768x546.jpg 768w\" sizes=\"auto, (max-width: 824px) 100vw, 824px\" \/><figcaption class=\"wp-element-caption\">Figura: Ilustraci\u00f3n \u00ab\u00danete o muere\u00bb de Benjamin Franklin.<\/figcaption><\/figure>\n\n\n\n<p>Esta ilustraci\u00f3n, publicada por Benjamin Franklin en 1754, expresa los puntos de vista sobre la necesidad de que las colonias unieran sus fuerzas para enfrentar las preocupaciones que ten\u00edan en com\u00fan contra Inglaterra. <\/p>\n\n\n\n<div class=\"wp-block-buttons is-layout-flex wp-block-buttons-is-layout-flex\">\n<div class=\"wp-block-button\"><a class=\"wp-block-button__link has-background wp-element-button\" href=\"http:\/\/www.museobbaa.com\/recursos-online\/humor-grafico-y-las-caricaturas\/\" style=\"background-color:#28303dc9\" target=\"_blank\" rel=\"noreferrer noopener\">GU\u00cdA INTERACTIVA: EL HUMOR GR\u00c1FICO Y LAS CARICATURAS (MUSEO DE BELLAS ARTES DE ASTURIAS)<\/a><\/div>\n<\/div>\n\n\n\n<p><strong>Referencias:<\/strong><\/p>\n\n\n\n<p>Franklin, Benjam\u00edn.&nbsp;\u00ab\u00danete o muere.\u00bb&nbsp;Ilustraci\u00f3n.&nbsp;<em>The Pennsylvania Gazette<\/em>&nbsp;, 9 de mayo de 1754. Del cat\u00e1logo en l\u00ednea de impresiones y fotograf\u00edas de la Biblioteca del Congreso. <a href=\"http:\/\/loc.gov\/pictures\/item\/2002695523\/\" data-type=\"URL\" data-id=\"http:\/\/loc.gov\/pictures\/item\/2002695523\/\" target=\"_blank\" rel=\"noreferrer noopener\">http:\/\/loc.gov\/pictures\/item\/2002695523\/<\/a><\/p>\n\n\n\n<p> <\/p>\n\n\n\n<div class=\"wp-block-group is-vertical is-layout-flex wp-container-core-group-is-layout-8cf370e7 wp-block-group-is-layout-flex\">\n<p class=\"has-extra-small-font-size\">Publicada el&nbsp;1 de julio de 2022<\/p>\n\n\n\n<p class=\"has-extra-small-font-size\">Por&nbsp;<a href=\"https:\/\/artheke.com\/?author=1\">Cebri\u00e1n Gonz\u00e1lez Mar\u00eda Teresa<\/a><\/p>\n<\/div>\n","protected":false},"excerpt":{"rendered":"<p>\u00danete o muere, se conoce a menudo como la primera caricatura pol\u00edtica. Las caricaturas o ilustraciones incluidas en peri\u00f3dicos, revistas u otras publicaciones peri\u00f3dicas, a menudo, representan las perspectivas hist\u00f3ricas y las opiniones del momento de la publicaci\u00f3n. Library of Congress Esta ilustraci\u00f3n, publicada por Benjamin Franklin en 1754, expresa los puntos de vista sobre&hellip; <a class=\"more-link\" href=\"https:\/\/www.artheke.com\/?page_id=1238\">Seguir leyendo <span class=\"screen-reader-text\">Caricaturas o Ilustraciones<\/span><\/a><\/p>\n","protected":false},"author":1,"featured_media":0,"parent":0,"menu_order":0,"comment_status":"closed","ping_status":"closed","template":"","meta":{"footnotes":""},"class_list":["post-1238","page","type-page","status-publish","hentry","entry"],"_links":{"self":[{"href":"https:\/\/www.artheke.com\/index.php?rest_route=\/wp\/v2\/pages\/1238","targetHints":{"allow":["GET"]}}],"collection":[{"href":"https:\/\/www.artheke.com\/index.php?rest_route=\/wp\/v2\/pages"}],"about":[{"href":"https:\/\/www.artheke.com\/index.php?rest_route=\/wp\/v2\/types\/page"}],"author":[{"embeddable":true,"href":"https:\/\/www.artheke.com\/index.php?rest_route=\/wp\/v2\/users\/1"}],"replies":[{"embeddable":true,"href":"https:\/\/www.artheke.com\/index.php?rest_route=%2Fwp%2Fv2%2Fcomments&post=1238"}],"version-history":[{"count":5,"href":"https:\/\/www.artheke.com\/index.php?rest_route=\/wp\/v2\/pages\/1238\/revisions"}],"predecessor-version":[{"id":1510,"href":"https:\/\/www.artheke.com\/index.php?rest_route=\/wp\/v2\/pages\/1238\/revisions\/1510"}],"wp:attachment":[{"href":"https:\/\/www.artheke.com\/index.php?rest_route=%2Fwp%2Fv2%2Fmedia&parent=1238"}],"curies":[{"name":"wp","href":"https:\/\/api.w.org\/{rel}","templated":true}]}}