{"id":1316,"date":"2022-07-08T16:02:08","date_gmt":"2022-07-08T16:02:08","guid":{"rendered":"https:\/\/artheke.com\/?page_id=1316"},"modified":"2023-02-21T20:03:11","modified_gmt":"2023-02-21T20:03:11","slug":"patrimonio-fotografico","status":"publish","type":"page","link":"https:\/\/www.artheke.com\/?page_id=1316","title":{"rendered":"Patrimonio Fotogr\u00e1fico"},"content":{"rendered":"\n<div class=\"wp-block-buttons is-layout-flex wp-block-buttons-is-layout-flex\">\n<div class=\"wp-block-button\"><a class=\"wp-block-button__link has-background wp-element-button\" href=\"https:\/\/www.culturaydeporte.gob.es\/planes-nacionales\/planes-nacionales\/conservacion-patrimonio-fotografico.html\" style=\"background-color:#1d1d7f\" target=\"_blank\" rel=\"noreferrer noopener\">PLAN NACIONAL DE CONSERVACI\u00d3N DEL PATRIMONIO FOTOGR\u00c1FICO<\/a><\/div>\n<\/div>\n\n\n\n<p>El Plan Nacional de Conservaci\u00f3n del Patrimonio Fotogr\u00e1fico se presenta como marco de definici\u00f3n de estructuras de trabajo eficaces para la investigaci\u00f3n, conservaci\u00f3n y disfrute p\u00fablico de este patrimonio (IPCE).<\/p>\n\n\n\n<figure class=\"wp-block-pullquote\"><blockquote><p><em>El Plan Nacional de Conservaci\u00f3n del Patrimonio Fotogr\u00e1fico se plantea como una herramienta para la gesti\u00f3n y coordinaci\u00f3n de estrategias y el impulso de acciones y proyectos que supongan aportaciones relevantes en su marco de actuaci\u00f3n. <\/em><\/p><cite>IPCE<\/cite><\/blockquote><\/figure>\n\n\n\n<h2 class=\"has-text-color wp-block-heading\" style=\"color:#1e1e8c\">Se encuentra informaci\u00f3n del Centro de Informaci\u00f3n Documental (CIDA)  en el Instituto de Patrimonio Cultural de Espa\u00f1a (IPCE): el informe sobre fondos fotogr\u00e1ficos. Un Censo-Gu\u00eda de ARCHIVOS DE ESPA\u00d1A E IBEROAM\u00c9RICA:<\/h2>\n\n\n\n<div data-wp-interactive=\"core\/file\" class=\"wp-block-file\"><object data-wp-bind--hidden=\"!state.hasPdfPreview\" hidden class=\"wp-block-file__embed\" data=\"https:\/\/artheke.com\/wp-content\/uploads\/2022\/07\/censo-guia-de-archivos-informe-sobre-fondos-fotograficos.pdf\" type=\"application\/pdf\" style=\"width:100%;height:600px\" aria-label=\"Incrustado de censo-guia-de-archivos-informe-sobre-fondos-fotograficos.\"><\/object><a id=\"wp-block-file--media-faf1b7ac-6d96-4a6b-92a5-559cf307f846\" href=\"https:\/\/artheke.com\/wp-content\/uploads\/2022\/07\/censo-guia-de-archivos-informe-sobre-fondos-fotograficos.pdf\">censo-guia-de-archivos-informe-sobre-fondos-fotograficos<\/a><a href=\"https:\/\/artheke.com\/wp-content\/uploads\/2022\/07\/censo-guia-de-archivos-informe-sobre-fondos-fotograficos.pdf\" class=\"wp-block-file__button wp-element-button\" download aria-describedby=\"wp-block-file--media-faf1b7ac-6d96-4a6b-92a5-559cf307f846\">Descarga<\/a><\/div>\n\n\n\n<h2 class=\"has-text-color wp-block-heading\" style=\"color:#2a2a70\">La Fototeca del Instituto del Patrimonio Cultural de Espa\u00f1a (IPCE) est\u00e1 integrada por m\u00e1s de medio mill\u00f3n de documentos fotogr\u00e1ficos pertenecientes a m\u00e1s de 30 archivos o colecciones diferentes, con una cronolog\u00eda que abarca desde la d\u00e9cada de 1860 hasta la actualidad. <\/h2>\n\n\n\n<div data-wp-interactive=\"core\/file\" class=\"wp-block-file\"><object data-wp-bind--hidden=\"!state.hasPdfPreview\" hidden class=\"wp-block-file__embed\" data=\"https:\/\/artheke.com\/wp-content\/uploads\/2022\/07\/fondos-fotograficos-en-el-ipce.pdf\" type=\"application\/pdf\" style=\"width:100%;height:600px\" aria-label=\"Incrustado de fondos-fotograficos-en-el-ipce.\"><\/object><a id=\"wp-block-file--media-710b589d-c0de-40dd-a3ed-5d73eb1abbbe\" href=\"https:\/\/artheke.com\/wp-content\/uploads\/2022\/07\/fondos-fotograficos-en-el-ipce.pdf\">fondos-fotograficos-en-el-ipce<\/a><a href=\"https:\/\/artheke.com\/wp-content\/uploads\/2022\/07\/fondos-fotograficos-en-el-ipce.pdf\" class=\"wp-block-file__button wp-element-button\" download aria-describedby=\"wp-block-file--media-710b589d-c0de-40dd-a3ed-5d73eb1abbbe\">Descarga<\/a><\/div>\n\n\n\n<div class=\"wp-block-buttons is-layout-flex wp-block-buttons-is-layout-flex\">\n<div class=\"wp-block-button has-custom-font-size has-normal-font-size\"><a class=\"wp-block-button__link has-text-color has-background wp-element-button\" href=\"http:\/\/www.mcu.es\/fototeca_patrimonio\" style=\"color:#c3a84e;background-color:#242483\" target=\"_blank\" rel=\"noreferrer noopener\">CAT\u00c1LOGO EN L\u00cdNEA CON IM\u00c1GENES PATRIMONIALES<\/a><\/div>\n<\/div>\n\n\n\n<p>En  cuanto a las condiciones de uso de las im\u00e1genes de la Fototeca del Patrimonio Hist\u00f3rico l\u00e9ase: <a href=\"http:\/\/www.mcu.es\/fototeca_patrimonio\/avisoLegal.do?condicionesUsoImagenes=true\" data-type=\"URL\" data-id=\"http:\/\/www.mcu.es\/fototeca_patrimonio\/avisoLegal.do?condicionesUsoImagenes=true\" target=\"_blank\" rel=\"noreferrer noopener\">http:\/\/www.mcu.es\/fototeca_patrimonio\/avisoLegal.do?condicionesUsoImagenes=true<\/a><\/p>\n\n\n\n<p>Esta informaci\u00f3n as\u00ed como la de otros fondos se encuentra en el enlace que conduce a:<\/p>\n\n\n\n<div class=\"wp-block-buttons is-layout-flex wp-block-buttons-is-layout-flex\">\n<div class=\"wp-block-button has-custom-font-size has-large-font-size\"><a class=\"wp-block-button__link has-text-color has-background wp-element-button\" style=\"color:#ab2222;background-color:#252574\">DOCUMENTOS DE REFERENCIA DEL PLAN NACIONAL DE CONSERVACI\u00d3N DEL PATRIMONIO CULTURAL DEL SIGLO XX<\/a><\/div>\n<\/div>\n\n\n\n<p><strong>Referencias:<\/strong><\/p>\n\n\n\n<p>IPCE. <a href=\"https:\/\/www.culturaydeporte.gob.es\/planes-nacionales\/inicio-recuperar.html\" data-type=\"URL\" data-id=\"https:\/\/www.culturaydeporte.gob.es\/planes-nacionales\/inicio-recuperar.html\" target=\"_blank\" rel=\"noreferrer noopener\">https:\/\/www.culturaydeporte.gob.es\/planes-nacionales\/inicio-recuperar.html<\/a><\/p>\n\n\n\n<p>IPCE. <a href=\"http:\/\/Plan Nacional de Conservaci\u00f3n del Patrimonio Fotogr\u00e1fico. https:\/\/www.culturaydeporte.gob.es\/planes-nacionales\/planes-nacionales\/conservacion-patrimonio-fotografico.html\" data-type=\"URL\" data-id=\"Plan Nacional de Conservaci\u00f3n del Patrimonio Fotogr\u00e1fico. https:\/\/www.culturaydeporte.gob.es\/planes-nacionales\/planes-nacionales\/conservacion-patrimonio-fotografico.html\" target=\"_blank\" rel=\"noreferrer noopener\">Plan Nacional de Conservaci\u00f3n del Patrimonio Fotogr\u00e1fico. https:\/\/www.culturaydeporte.gob.es\/planes-nacionales\/planes-nacionales\/conservacion-patrimonio-fotografico.html<\/a><\/p>\n\n\n\n<div class=\"wp-block-group has-extra-small-font-size is-vertical is-layout-flex wp-container-core-group-is-layout-8cf370e7 wp-block-group-is-layout-flex\">\n<p>Publicada el&nbsp;8 de julio de 2022<\/p>\n\n\n\n<p>Por&nbsp;<a href=\"https:\/\/artheke.com\/?author=1\">Cebri\u00e1n Gonz\u00e1lez Mar\u00eda Teresa<\/a><\/p>\n<\/div>\n\n\n\n<p><\/p>\n","protected":false},"excerpt":{"rendered":"<p>El Plan Nacional de Conservaci\u00f3n del Patrimonio Fotogr\u00e1fico se presenta como marco de definici\u00f3n de estructuras de trabajo eficaces para la investigaci\u00f3n, conservaci\u00f3n y disfrute p\u00fablico de este patrimonio (IPCE). El Plan Nacional de Conservaci\u00f3n del Patrimonio Fotogr\u00e1fico se plantea como una herramienta para la gesti\u00f3n y coordinaci\u00f3n de estrategias y el impulso de acciones&hellip; <a class=\"more-link\" href=\"https:\/\/www.artheke.com\/?page_id=1316\">Seguir leyendo <span class=\"screen-reader-text\">Patrimonio Fotogr\u00e1fico<\/span><\/a><\/p>\n","protected":false},"author":1,"featured_media":1665,"parent":0,"menu_order":0,"comment_status":"closed","ping_status":"closed","template":"","meta":{"footnotes":""},"class_list":["post-1316","page","type-page","status-publish","has-post-thumbnail","hentry","entry"],"_links":{"self":[{"href":"https:\/\/www.artheke.com\/index.php?rest_route=\/wp\/v2\/pages\/1316","targetHints":{"allow":["GET"]}}],"collection":[{"href":"https:\/\/www.artheke.com\/index.php?rest_route=\/wp\/v2\/pages"}],"about":[{"href":"https:\/\/www.artheke.com\/index.php?rest_route=\/wp\/v2\/types\/page"}],"author":[{"embeddable":true,"href":"https:\/\/www.artheke.com\/index.php?rest_route=\/wp\/v2\/users\/1"}],"replies":[{"embeddable":true,"href":"https:\/\/www.artheke.com\/index.php?rest_route=%2Fwp%2Fv2%2Fcomments&post=1316"}],"version-history":[{"count":4,"href":"https:\/\/www.artheke.com\/index.php?rest_route=\/wp\/v2\/pages\/1316\/revisions"}],"predecessor-version":[{"id":1666,"href":"https:\/\/www.artheke.com\/index.php?rest_route=\/wp\/v2\/pages\/1316\/revisions\/1666"}],"wp:featuredmedia":[{"embeddable":true,"href":"https:\/\/www.artheke.com\/index.php?rest_route=\/wp\/v2\/media\/1665"}],"wp:attachment":[{"href":"https:\/\/www.artheke.com\/index.php?rest_route=%2Fwp%2Fv2%2Fmedia&parent=1316"}],"curies":[{"name":"wp","href":"https:\/\/api.w.org\/{rel}","templated":true}]}}