{"id":1324,"date":"2022-07-08T16:50:39","date_gmt":"2022-07-08T16:50:39","guid":{"rendered":"https:\/\/artheke.com\/?page_id=1324"},"modified":"2023-02-21T20:08:03","modified_gmt":"2023-02-21T20:08:03","slug":"patrimonio-espanol","status":"publish","type":"page","link":"https:\/\/www.artheke.com\/?page_id=1324","title":{"rendered":"Patrimonio Espa\u00f1ol"},"content":{"rendered":"\n<div class=\"wp-block-group has-yellow-background-color has-text-color has-background is-vertical is-layout-flex wp-container-core-group-is-layout-8cf370e7 wp-block-group-is-layout-flex\" style=\"color:#21218b\">\n<p>Los organismos que dieron a conocer el Patrimonio Espa\u00f1ol:<\/p>\n\n\n\n<ul class=\"wp-block-list\">\n<li>1905-1911: <strong>Comisi\u00f3n Nacional<\/strong> <strong>de Turismo<\/strong><\/li>\n\n\n\n<li>1911-1928: <strong>Regia Comisar\u00eda de Turismo<\/strong><\/li>\n\n\n\n<li>1928-1936: <strong>Patronato Nacional del Turismo<\/strong><\/li>\n\n\n\n<li>1938: <strong>Direcci\u00f3n General de Turismo<\/strong>\n<ul class=\"wp-block-list\">\n<li>1938-1951: <em>Inicio<\/em><\/li>\n\n\n\n<li><strong>Dependiente del Ministerio de Informaci\u00f3n y Turismo<\/strong>\n<ul class=\"wp-block-list\">\n<li>1951-1973:<em> Desarrollo<\/em><\/li>\n\n\n\n<li>1973-1992: <em>Final.<\/em>\n<ul class=\"wp-block-list\">\n<li>Desde 1978: integraci\u00f3n progresiva en las competencias auton\u00f3micas.<\/li>\n<\/ul>\n<\/li>\n<\/ul>\n<\/li>\n<\/ul>\n<\/li>\n<\/ul>\n\n\n\n<p><\/p>\n<\/div>\n\n\n\n<p>Las <strong>funciones del Patronato Nacional de Turismo<\/strong> estaban encaminadas a estimular el turismo interior y atraer al turismo extranjero. <\/p>\n\n\n\n<figure class=\"wp-block-pullquote has-text-color\" style=\"color:#3939a5\"><blockquote><p>La Serie Patronato Nacional de Turismo engloba un importante volumen de fotograf\u00edas y otra documentaci\u00f3n gr\u00e1fica.<\/p><p>344 cajas:<\/p><p>&#8211; 80.975 fotograf\u00edas<\/p><p>&#8211; 49 sobres fotogr\u00e1ficos<\/p><p>&#8211; 7 \u00e1lbumes<\/p><cite>culturaydeporte.gob.es<\/cite><\/blockquote><\/figure>\n\n\n\n<h2 class=\"wp-block-heading\">Cat\u00e1logo Monumental de Espa\u00f1a:<\/h2>\n\n\n\n<p>Es la <strong>fracci\u00f3n m\u00e1s antigua de la Serie Patronato Nacional de Turismo<\/strong>, compone <strong>3.861 fotograf\u00edas de diferentes lugares y temas variados<\/strong>, pero siempre relacionado con la actividad tur\u00edstica.<\/p>\n\n\n\n<p> <strong>Se realiz\u00f3 entre 1928 y 1936<\/strong>, al interrumpirse las actividades de promoci\u00f3n del turismo por la Guerra Civil. <\/p>\n\n\n\n<p>El car\u00e1cter geogr\u00e1fico del Cat\u00e1logo Monumental de Espa\u00f1a posibilita mostrarlo en google earth (con una r\u00e1pida, intuitiva y visualmnete atractiva b\u00fasqueda \u2014siempre y cuando tenga instalada la aplicaci\u00f3n en su ordenador\u2014).<\/p>\n\n\n\n<div class=\"wp-block-buttons is-layout-flex wp-block-buttons-is-layout-flex\">\n<div class=\"wp-block-button has-custom-font-size has-large-font-size\"><a class=\"wp-block-button__link has-white-background-color has-text-color has-background wp-element-button\" href=\"https:\/\/www.culturaydeporte.gob.es\/cultura\/areas\/archivos\/mc\/archivos\/aga\/bases-de-datos\/cmege.html\" style=\"color:#b99729\" target=\"_blank\" rel=\"noreferrer noopener\">Cat\u00e1logo Monumental de Espa\u00f1a en google earth<\/a><\/div>\n<\/div>\n\n\n\n<p><strong>Referencias:<\/strong><\/p>\n\n\n\n<p>Ministerio de Cultura y Deporte. Cat\u00e1logo Monumental de Espa\u00f1a en Google Earth. <a rel=\"noreferrer noopener\" href=\"https:\/\/www.culturaydeporte.gob.es\/cultura\/areas\/archivos\/mc\/archivos\/aga\/bases-de-datos\/cmege.html\" data-type=\"URL\" data-id=\"https:\/\/www.culturaydeporte.gob.es\/cultura\/areas\/archivos\/mc\/archivos\/aga\/bases-de-datos\/cmege.html\" target=\"_blank\">https:\/\/www.culturaydeporte.gob.es\/cultura\/areas\/archivos\/mc\/archivos\/aga\/bases-de-datos\/cmege.html<\/a><\/p>\n\n\n\n<div class=\"wp-block-group has-extra-small-font-size is-vertical is-layout-flex wp-container-core-group-is-layout-8cf370e7 wp-block-group-is-layout-flex\">\n<p>Publicada el&nbsp;8 de julio de 2022<\/p>\n\n\n\n<p>Por&nbsp;<a href=\"https:\/\/artheke.com\/?author=1\">Cebri\u00e1n Gonz\u00e1lez Mar\u00eda Teresa<\/a><\/p>\n<\/div>\n","protected":false},"excerpt":{"rendered":"<p>Los organismos que dieron a conocer el Patrimonio Espa\u00f1ol: Las funciones del Patronato Nacional de Turismo estaban encaminadas a estimular el turismo interior y atraer al turismo extranjero. La Serie Patronato Nacional de Turismo engloba un importante volumen de fotograf\u00edas y otra documentaci\u00f3n gr\u00e1fica. 344 cajas: &#8211; 80.975 fotograf\u00edas &#8211; 49 sobres fotogr\u00e1ficos &#8211; 7&hellip; <a class=\"more-link\" href=\"https:\/\/www.artheke.com\/?page_id=1324\">Seguir leyendo <span class=\"screen-reader-text\">Patrimonio Espa\u00f1ol<\/span><\/a><\/p>\n","protected":false},"author":1,"featured_media":1668,"parent":0,"menu_order":0,"comment_status":"closed","ping_status":"closed","template":"","meta":{"footnotes":""},"class_list":["post-1324","page","type-page","status-publish","has-post-thumbnail","hentry","entry"],"_links":{"self":[{"href":"https:\/\/www.artheke.com\/index.php?rest_route=\/wp\/v2\/pages\/1324","targetHints":{"allow":["GET"]}}],"collection":[{"href":"https:\/\/www.artheke.com\/index.php?rest_route=\/wp\/v2\/pages"}],"about":[{"href":"https:\/\/www.artheke.com\/index.php?rest_route=\/wp\/v2\/types\/page"}],"author":[{"embeddable":true,"href":"https:\/\/www.artheke.com\/index.php?rest_route=\/wp\/v2\/users\/1"}],"replies":[{"embeddable":true,"href":"https:\/\/www.artheke.com\/index.php?rest_route=%2Fwp%2Fv2%2Fcomments&post=1324"}],"version-history":[{"count":5,"href":"https:\/\/www.artheke.com\/index.php?rest_route=\/wp\/v2\/pages\/1324\/revisions"}],"predecessor-version":[{"id":1577,"href":"https:\/\/www.artheke.com\/index.php?rest_route=\/wp\/v2\/pages\/1324\/revisions\/1577"}],"wp:featuredmedia":[{"embeddable":true,"href":"https:\/\/www.artheke.com\/index.php?rest_route=\/wp\/v2\/media\/1668"}],"wp:attachment":[{"href":"https:\/\/www.artheke.com\/index.php?rest_route=%2Fwp%2Fv2%2Fmedia&parent=1324"}],"curies":[{"name":"wp","href":"https:\/\/api.w.org\/{rel}","templated":true}]}}