{"id":1344,"date":"2022-09-16T09:14:26","date_gmt":"2022-09-16T09:14:26","guid":{"rendered":"https:\/\/artheke.com\/?page_id=1344"},"modified":"2022-09-16T09:21:57","modified_gmt":"2022-09-16T09:21:57","slug":"anticuarius-web","status":"publish","type":"page","link":"https:\/\/www.artheke.com\/?page_id=1344","title":{"rendered":"ANTICUARIUS Web"},"content":{"rendered":"\n<p><strong>PROYECTO DE INNOVACI\u00d3N ANTICUARIUS<\/strong>: \u00ab<em>Recursos did\u00e1cticos para el estudio arqueol\u00f3gico del mundo antiguo y de su recepci\u00f3n y transmisi\u00f3n a trav\u00e9s de la Historia<\/em> (PIMCD 124\/2013)\u00bb a cargo del Prof. Dr. Jes\u00fas Salas \u00c1lvarez del Dpto. de Prehistoria, Historia Antigua y Arqueolog\u00eda de la Universidad Complutense de Madrid. <\/p>\n\n\n\n<div class=\"wp-block-buttons is-content-justification-center is-layout-flex wp-container-core-buttons-is-layout-16018d1d wp-block-buttons-is-layout-flex\">\n<div class=\"wp-block-button has-custom-width wp-block-button__width-100 has-custom-font-size has-extra-large-font-size\"><a class=\"wp-block-button__link has-white-background-color has-text-color has-background\" href=\"https:\/\/www.ucm.es\/anticuarius\" style=\"color:#b92222\" target=\"_blank\" rel=\"noreferrer noopener\"><strong>ANTICUARIUS<\/strong><\/a><\/div>\n<\/div>\n\n\n\n<p>Difunde un anaquel de recursos did\u00e1cticos y electr\u00f3nicos relativos a:<\/p>\n\n\n\n<ul class=\"wp-block-list\"><li>La Arqueolog\u00eda de Egipto y Pr\u00f3ximo Oriente<\/li><li>La Arqueolog\u00eda de Grecia<\/li><li>La Arqueolog\u00eda de Roma<\/li><li>La Arqueolog\u00eda Hispanorromana<\/li><li>La Arqueolog\u00eda Medieval<\/li><li>La Arqueolog\u00eda Subacu\u00e1tica<\/li><li>La Arqueolog\u00eda Militar<\/li><li>Los Yacimientos Arqueol\u00f3gicos<\/li><li>La Cer\u00e1mica<\/li><li>La Epigraf\u00eda<\/li><li>La Numism\u00e1tica<\/li><li>La Iconograf\u00eda Cl\u00e1sica<\/li><li>La Documentaci\u00f3n<\/li><li>El Coleccionismo<\/li><li>La Historia de la Arqueolog\u00eda<\/li><li>Los Proyectos en Curso<\/li><li>Blogs y V\u00eddeos<\/li><\/ul>\n\n\n\n<div class=\"wp-block-group has-extra-small-font-size\"><div class=\"wp-block-group__inner-container is-layout-flow wp-block-group-is-layout-flow\">\n<div class=\"wp-block-group is-vertical is-layout-flex wp-container-core-group-is-layout-8cf370e7 wp-block-group-is-layout-flex\">\n<p class=\"has-extra-small-font-size\">Publicada el\u00a016 de septiembre de 2022<\/p>\n\n\n\n<p class=\"has-extra-small-font-size\">Por\u00a0<a href=\"https:\/\/artheke.com\/?author=1\">Cebri\u00e1n Gonz\u00e1lez Mar\u00eda Teresa<\/a><\/p>\n<\/div>\n<\/div><\/div>\n","protected":false},"excerpt":{"rendered":"<p>PROYECTO DE INNOVACI\u00d3N ANTICUARIUS: \u00abRecursos did\u00e1cticos para el estudio arqueol\u00f3gico del mundo antiguo y de su recepci\u00f3n y transmisi\u00f3n a trav\u00e9s de la Historia (PIMCD 124\/2013)\u00bb a cargo del Prof. Dr. Jes\u00fas Salas \u00c1lvarez del Dpto. de Prehistoria, Historia Antigua y Arqueolog\u00eda de la Universidad Complutense de Madrid. Difunde un anaquel de recursos did\u00e1cticos y&hellip; <a class=\"more-link\" href=\"https:\/\/www.artheke.com\/?page_id=1344\">Seguir leyendo <span class=\"screen-reader-text\">ANTICUARIUS Web<\/span><\/a><\/p>\n","protected":false},"author":1,"featured_media":0,"parent":0,"menu_order":0,"comment_status":"closed","ping_status":"closed","template":"","meta":{"footnotes":""},"class_list":["post-1344","page","type-page","status-publish","hentry","entry"],"_links":{"self":[{"href":"https:\/\/www.artheke.com\/index.php?rest_route=\/wp\/v2\/pages\/1344","targetHints":{"allow":["GET"]}}],"collection":[{"href":"https:\/\/www.artheke.com\/index.php?rest_route=\/wp\/v2\/pages"}],"about":[{"href":"https:\/\/www.artheke.com\/index.php?rest_route=\/wp\/v2\/types\/page"}],"author":[{"embeddable":true,"href":"https:\/\/www.artheke.com\/index.php?rest_route=\/wp\/v2\/users\/1"}],"replies":[{"embeddable":true,"href":"https:\/\/www.artheke.com\/index.php?rest_route=%2Fwp%2Fv2%2Fcomments&post=1344"}],"version-history":[{"count":3,"href":"https:\/\/www.artheke.com\/index.php?rest_route=\/wp\/v2\/pages\/1344\/revisions"}],"predecessor-version":[{"id":1347,"href":"https:\/\/www.artheke.com\/index.php?rest_route=\/wp\/v2\/pages\/1344\/revisions\/1347"}],"wp:attachment":[{"href":"https:\/\/www.artheke.com\/index.php?rest_route=%2Fwp%2Fv2%2Fmedia&parent=1344"}],"curies":[{"name":"wp","href":"https:\/\/api.w.org\/{rel}","templated":true}]}}