{"id":1355,"date":"2022-09-16T17:56:26","date_gmt":"2022-09-16T17:56:26","guid":{"rendered":"https:\/\/artheke.com\/?page_id=1355"},"modified":"2022-09-16T18:07:04","modified_gmt":"2022-09-16T18:07:04","slug":"art-history-resources-web","status":"publish","type":"page","link":"https:\/\/www.artheke.com\/?page_id=1355","title":{"rendered":"art history resources: web"},"content":{"rendered":"\n<p><strong>ART HISTORY: resources on the web Chistopher LCE Witcombe<\/strong><\/p>\n\n\n\n<p>Con m\u00faltiples enlaces a recursos de Historia del Arte:<\/p>\n\n\n\n<div class=\"wp-block-buttons is-layout-flex wp-block-buttons-is-layout-flex\">\n<div class=\"wp-block-button has-custom-width wp-block-button__width-100 has-custom-font-size is-style-outline has-extra-large-font-size is-style-outline--1\"><a class=\"wp-block-button__link has-white-background-color has-text-color has-background\" href=\"http:\/\/arthistoryresources.net\/ARTHgreece.html\" style=\"color:#07e85d\" target=\"_blank\" rel=\"noreferrer noopener\">arthistoryresources.net<\/a><\/div>\n<\/div>\n\n\n\n<p>Enlaces relativos al arte:<\/p>\n\n\n\n<ul class=\"wp-block-list\"><li>Prehist\u00f3rico<\/li><li>en el Antiguo Egipto<\/li><li>en el Cercano Oriente<\/li><li>en la antigua Grecia<\/li><li>en la Antigua Roma<\/li><li>cristiano primitivo y bizantino<\/li><li>en la Europa temprana<\/li><li>isl\u00e1mico<\/li><li>medieval temprano<\/li><li>G\u00f3tico<\/li><li>renacentista en Italia<\/li><li>renacentista fuera de Italia<\/li><li>Barroco<\/li><li>del siglo XVIII<\/li><li>del siglo XIX<\/li><li>del siglo XX<\/li><li>contempor\u00e1neo<\/li><li>en Asia Oriental<\/li><li>en la India y el Sudeste Asi\u00e1tico<\/li><li>en \u00c1frica<\/li><li>en las americas<\/li><li>en Ocean\u00eda<\/li><\/ul>\n\n\n\n<p>As\u00ed como a enlaces  a:<\/p>\n\n\n\n<ul class=\"wp-block-list\"><li>Grabados y fotograf\u00eda<\/li><li>o a otros recursos de investigaci\u00f3n.<\/li><\/ul>\n\n\n\n<p>Entre los numerosos recursos a los que enlaza, el Centro de investigaci\u00f3n de arte cl\u00e1sico de la Universidad de Oxford, que a su vez ofrece sus propios recursos, etc.:<\/p>\n\n\n\n<p><\/p>\n\n\n\n<div class=\"wp-block-buttons is-content-justification-center is-layout-flex wp-container-core-buttons-is-layout-16018d1d wp-block-buttons-is-layout-flex\">\n<div class=\"wp-block-button has-custom-width wp-block-button__width-75 has-custom-font-size is-style-outline has-normal-font-size is-style-outline--2\"><a class=\"wp-block-button__link has-white-color has-text-color has-background\" href=\"https:\/\/www.beazley.ox.ac.uk\/carc\/Home\" style=\"background-color:#283357\" target=\"_blank\" rel=\"noreferrer noopener\">Centro de Investigaci\u00f3n de Arte Cl\u00e1sico. University of OXFORD<\/a><\/div>\n<\/div>\n\n\n\n<p>O al Museo Metropolitano de Arte (MET), etc.<\/p>\n\n\n\n<div class=\"wp-block-buttons is-content-justification-center is-layout-flex wp-container-core-buttons-is-layout-16018d1d wp-block-buttons-is-layout-flex\">\n<div class=\"wp-block-button has-custom-font-size has-large-font-size\"><a class=\"wp-block-button__link has-white-color has-text-color has-background\" href=\"https:\/\/www.metmuseum.org\/\" style=\"background-color:#ca2e2e\" target=\"_blank\" rel=\"noreferrer noopener\">MET<\/a><\/div>\n<\/div>\n\n\n\n<div class=\"wp-block-group has-extra-small-font-size is-vertical is-layout-flex wp-container-core-group-is-layout-8cf370e7 wp-block-group-is-layout-flex\">\n<p class=\"has-extra-small-font-size\">Publicada el&nbsp;16 de septiembre de 2022<\/p>\n\n\n\n<p class=\"has-extra-small-font-size\">Por&nbsp;<a href=\"https:\/\/artheke.com\/?author=1\">Cebri\u00e1n Gonz\u00e1lez Mar\u00eda Teresa<\/a><\/p>\n<\/div>\n\n\n\n<p class=\"has-extra-small-font-size\"><\/p>\n","protected":false},"excerpt":{"rendered":"<p>ART HISTORY: resources on the web Chistopher LCE Witcombe Con m\u00faltiples enlaces a recursos de Historia del Arte: Enlaces relativos al arte: Prehist\u00f3rico en el Antiguo Egipto en el Cercano Oriente en la antigua Grecia en la Antigua Roma cristiano primitivo y bizantino en la Europa temprana isl\u00e1mico medieval temprano G\u00f3tico renacentista en Italia renacentista&hellip; <a class=\"more-link\" href=\"https:\/\/www.artheke.com\/?page_id=1355\">Seguir leyendo <span class=\"screen-reader-text\">art history resources: web<\/span><\/a><\/p>\n","protected":false},"author":1,"featured_media":0,"parent":0,"menu_order":0,"comment_status":"closed","ping_status":"closed","template":"","meta":{"footnotes":""},"class_list":["post-1355","page","type-page","status-publish","hentry","entry"],"_links":{"self":[{"href":"https:\/\/www.artheke.com\/index.php?rest_route=\/wp\/v2\/pages\/1355","targetHints":{"allow":["GET"]}}],"collection":[{"href":"https:\/\/www.artheke.com\/index.php?rest_route=\/wp\/v2\/pages"}],"about":[{"href":"https:\/\/www.artheke.com\/index.php?rest_route=\/wp\/v2\/types\/page"}],"author":[{"embeddable":true,"href":"https:\/\/www.artheke.com\/index.php?rest_route=\/wp\/v2\/users\/1"}],"replies":[{"embeddable":true,"href":"https:\/\/www.artheke.com\/index.php?rest_route=%2Fwp%2Fv2%2Fcomments&post=1355"}],"version-history":[{"count":4,"href":"https:\/\/www.artheke.com\/index.php?rest_route=\/wp\/v2\/pages\/1355\/revisions"}],"predecessor-version":[{"id":1360,"href":"https:\/\/www.artheke.com\/index.php?rest_route=\/wp\/v2\/pages\/1355\/revisions\/1360"}],"wp:attachment":[{"href":"https:\/\/www.artheke.com\/index.php?rest_route=%2Fwp%2Fv2%2Fmedia&parent=1355"}],"curies":[{"name":"wp","href":"https:\/\/api.w.org\/{rel}","templated":true}]}}