{"id":1392,"date":"2022-09-27T16:38:56","date_gmt":"2022-09-27T16:38:56","guid":{"rendered":"https:\/\/artheke.com\/?page_id=1392"},"modified":"2022-09-27T19:35:25","modified_gmt":"2022-09-27T19:35:25","slug":"recursos-de-la-uned","status":"publish","type":"page","link":"https:\/\/www.artheke.com\/?page_id=1392","title":{"rendered":"Recursos de la UNED"},"content":{"rendered":"\n<p>En la siguiente p\u00e1gina de recursos digitales del Departamento de Historia Antigua de la UNED se encuentra un repositorio de herramientas en l\u00ednea sobre el campo de las ciencias de la antig\u00fcedad con:<\/p>\n\n\n\n<ul class=\"wp-block-list\"><li>enlaces externos a colecciones de fuentes<\/li><li>revistas cient\u00edficas<\/li><li>herramientas para el estudio de la antig\u00fcedad<\/li><li>bases de datos en l\u00ednea<\/li><\/ul>\n\n\n\n<div class=\"wp-block-buttons is-layout-flex wp-block-buttons-is-layout-flex\">\n<div class=\"wp-block-button has-custom-font-size has-large-font-size\"><a class=\"wp-block-button__link has-white-color has-text-color has-background\" href=\"http:\/\/portal.uned.es\/portal\/page?_pageid=93,25611209&amp;_dad=portal&amp;_schema=PORTAL\" style=\"background-color:#23644c\" target=\"_blank\" rel=\"noreferrer noopener\">UNED: RECURSOS DIGITALES DE INVESTIGACI\u00d3N MUNDO ANTIGUO<\/a><\/div>\n<\/div>\n\n\n\n<div class=\"wp-block-buttons is-layout-flex wp-block-buttons-is-layout-flex\">\n<div class=\"wp-block-button\"><a class=\"wp-block-button__link has-red-background-color has-text-color has-background\" href=\"http:\/\/portal.uned.es\/portal\/page?_pageid=93,25600608&amp;_dad=portal&amp;_schema=PORTAL\" style=\"color:#8e4747\" target=\"_blank\" rel=\"noreferrer noopener\">RECURSOS DIGITALES. DEPARTAMENTO DE HISTORIA ANTIGUA. <\/a><\/div>\n<\/div>\n\n\n\n<div class=\"wp-block-group has-extra-small-font-size is-vertical is-layout-flex wp-container-core-group-is-layout-8cf370e7 wp-block-group-is-layout-flex\">\n<p>Publicada el&nbsp;27 de septiembre de 2022<\/p>\n\n\n\n<p>Por&nbsp;<a href=\"https:\/\/artheke.com\/?author=1\">Cebri\u00e1n Gonz\u00e1lez, Mar\u00eda Teresa<\/a><\/p>\n<\/div>\n","protected":false},"excerpt":{"rendered":"<p>En la siguiente p\u00e1gina de recursos digitales del Departamento de Historia Antigua de la UNED se encuentra un repositorio de herramientas en l\u00ednea sobre el campo de las ciencias de la antig\u00fcedad con: enlaces externos a colecciones de fuentes revistas cient\u00edficas herramientas para el estudio de la antig\u00fcedad bases de datos en l\u00ednea Publicada el&nbsp;27&hellip; <a class=\"more-link\" href=\"https:\/\/www.artheke.com\/?page_id=1392\">Seguir leyendo <span class=\"screen-reader-text\">Recursos de la UNED<\/span><\/a><\/p>\n","protected":false},"author":1,"featured_media":0,"parent":0,"menu_order":0,"comment_status":"closed","ping_status":"closed","template":"","meta":{"footnotes":""},"class_list":["post-1392","page","type-page","status-publish","hentry","entry"],"_links":{"self":[{"href":"https:\/\/www.artheke.com\/index.php?rest_route=\/wp\/v2\/pages\/1392","targetHints":{"allow":["GET"]}}],"collection":[{"href":"https:\/\/www.artheke.com\/index.php?rest_route=\/wp\/v2\/pages"}],"about":[{"href":"https:\/\/www.artheke.com\/index.php?rest_route=\/wp\/v2\/types\/page"}],"author":[{"embeddable":true,"href":"https:\/\/www.artheke.com\/index.php?rest_route=\/wp\/v2\/users\/1"}],"replies":[{"embeddable":true,"href":"https:\/\/www.artheke.com\/index.php?rest_route=%2Fwp%2Fv2%2Fcomments&post=1392"}],"version-history":[{"count":3,"href":"https:\/\/www.artheke.com\/index.php?rest_route=\/wp\/v2\/pages\/1392\/revisions"}],"predecessor-version":[{"id":1407,"href":"https:\/\/www.artheke.com\/index.php?rest_route=\/wp\/v2\/pages\/1392\/revisions\/1407"}],"wp:attachment":[{"href":"https:\/\/www.artheke.com\/index.php?rest_route=%2Fwp%2Fv2%2Fmedia&parent=1392"}],"curies":[{"name":"wp","href":"https:\/\/api.w.org\/{rel}","templated":true}]}}