{"id":1394,"date":"2022-09-27T16:54:12","date_gmt":"2022-09-27T16:54:12","guid":{"rendered":"https:\/\/artheke.com\/?page_id=1394"},"modified":"2022-09-27T16:54:12","modified_gmt":"2022-09-27T16:54:12","slug":"atlas-arqueologico-de-la-antiguedad","status":"publish","type":"page","link":"https:\/\/www.artheke.com\/?page_id=1394","title":{"rendered":"Atlas Arqueol\u00f3gico de la Antig\u00fcedad"},"content":{"rendered":"\n<p>Un mapa interactivo en el que pueden visualizarse las ubicaciones de los yacimientos arqueol\u00f3gicos y monumentales de Europa y algunos m\u00e1s:<\/p>\n\n\n\n<div class=\"wp-block-buttons is-content-justification-center is-layout-flex wp-container-core-buttons-is-layout-16018d1d wp-block-buttons-is-layout-flex\">\n<div class=\"wp-block-button has-custom-font-size is-style-outline has-extra-large-font-size is-style-outline--1\"><a class=\"wp-block-button__link has-gray-color has-text-color\" href=\"https:\/\/vici.org\/?lang=en#3\/26.772113361293606,61.26895744268336\" target=\"_blank\" rel=\"noreferrer noopener\">VICI.ORG<\/a><\/div>\n<\/div>\n\n\n\n<figure class=\"wp-block-image size-large\"><img loading=\"lazy\" decoding=\"async\" width=\"1024\" height=\"613\" src=\"https:\/\/artheke.com\/wp-content\/uploads\/2022\/09\/image-1024x613.png\" alt=\"\" class=\"wp-image-1395\" srcset=\"https:\/\/www.artheke.com\/wp-content\/uploads\/2022\/09\/image-1024x613.png 1024w, https:\/\/www.artheke.com\/wp-content\/uploads\/2022\/09\/image-300x180.png 300w, https:\/\/www.artheke.com\/wp-content\/uploads\/2022\/09\/image-768x460.png 768w, https:\/\/www.artheke.com\/wp-content\/uploads\/2022\/09\/image.png 1333w\" sizes=\"auto, (max-width: 1024px) 100vw, 1024px\" \/><\/figure>\n\n\n\n<div class=\"wp-block-group is-vertical is-layout-flex wp-container-core-group-is-layout-8cf370e7 wp-block-group-is-layout-flex\">\n<p class=\"has-extra-small-font-size\">Publicada el\u00a027 de septiembre de 2022<\/p>\n\n\n\n<p class=\"has-extra-small-font-size\">Por&nbsp;<a href=\"https:\/\/artheke.com\/?author=1\">Cebri\u00e1n Gonz\u00e1lez, Mar\u00eda Teresa<\/a><\/p>\n<\/div>\n","protected":false},"excerpt":{"rendered":"<p>Un mapa interactivo en el que pueden visualizarse las ubicaciones de los yacimientos arqueol\u00f3gicos y monumentales de Europa y algunos m\u00e1s: Publicada el\u00a027 de septiembre de 2022 Por&nbsp;Cebri\u00e1n Gonz\u00e1lez, Mar\u00eda Teresa<\/p>\n","protected":false},"author":1,"featured_media":0,"parent":0,"menu_order":0,"comment_status":"closed","ping_status":"closed","template":"","meta":{"footnotes":""},"class_list":["post-1394","page","type-page","status-publish","hentry","entry"],"_links":{"self":[{"href":"https:\/\/www.artheke.com\/index.php?rest_route=\/wp\/v2\/pages\/1394","targetHints":{"allow":["GET"]}}],"collection":[{"href":"https:\/\/www.artheke.com\/index.php?rest_route=\/wp\/v2\/pages"}],"about":[{"href":"https:\/\/www.artheke.com\/index.php?rest_route=\/wp\/v2\/types\/page"}],"author":[{"embeddable":true,"href":"https:\/\/www.artheke.com\/index.php?rest_route=\/wp\/v2\/users\/1"}],"replies":[{"embeddable":true,"href":"https:\/\/www.artheke.com\/index.php?rest_route=%2Fwp%2Fv2%2Fcomments&post=1394"}],"version-history":[{"count":1,"href":"https:\/\/www.artheke.com\/index.php?rest_route=\/wp\/v2\/pages\/1394\/revisions"}],"predecessor-version":[{"id":1396,"href":"https:\/\/www.artheke.com\/index.php?rest_route=\/wp\/v2\/pages\/1394\/revisions\/1396"}],"wp:attachment":[{"href":"https:\/\/www.artheke.com\/index.php?rest_route=%2Fwp%2Fv2%2Fmedia&parent=1394"}],"curies":[{"name":"wp","href":"https:\/\/api.w.org\/{rel}","templated":true}]}}