{"id":1399,"date":"2022-09-27T17:52:44","date_gmt":"2022-09-27T17:52:44","guid":{"rendered":"https:\/\/artheke.com\/?page_id=1399"},"modified":"2022-09-27T17:53:54","modified_gmt":"2022-09-27T17:53:54","slug":"ihsp-libros-de-consulta-de-historia-en-internet-internet-history-sourcebook-project","status":"publish","type":"page","link":"https:\/\/www.artheke.com\/?page_id=1399","title":{"rendered":"IHSP. Libros de consulta de historia en Internet (Internet History Sourcebook Project)"},"content":{"rendered":"\n<p>Colecci\u00f3n de fuentes de historia por Paul Halsall. FORDHAM UNIVERSITY.<\/p>\n\n\n\n<p>Colecci\u00f3n de fuentes de historia antigua. Contiene  m\u00faltiples enlaces a material visual y auditivo, pero con un especial \u00e9nfasis en facilitar el acceso a textos de fuentes primarias con fines educativos:<\/p>\n\n\n\n<div class=\"wp-block-buttons is-content-justification-center is-layout-flex wp-container-core-buttons-is-layout-16018d1d wp-block-buttons-is-layout-flex\">\n<div class=\"wp-block-button has-custom-font-size is-style-outline has-huge-font-size is-style-outline--1\"><a class=\"wp-block-button__link has-white-background-color has-text-color has-background\" href=\"https:\/\/sourcebooks.fordham.edu\/ancient\/asbook.asp\" style=\"border-radius:21px;color:#6d2828\" target=\"_blank\" rel=\"noreferrer noopener\">ANTIGUO<\/a><\/div>\n<\/div>\n\n\n\n<p>Colecci\u00f3n de fuentes de historia medieval. Un recurso para el aula as\u00ed como la colecci\u00f3n m\u00e1s grande de textos medievales en l\u00ednea.<\/p>\n\n\n\n<div class=\"wp-block-buttons is-content-justification-center is-layout-flex wp-container-core-buttons-is-layout-16018d1d wp-block-buttons-is-layout-flex\">\n<div class=\"wp-block-button has-custom-font-size is-style-outline has-huge-font-size is-style-outline--2\"><a class=\"wp-block-button__link has-white-background-color has-text-color has-background\" href=\"https:\/\/sourcebooks.fordham.edu\/sbook.asp\" style=\"border-radius:22px;color:#672929\" target=\"_blank\" rel=\"noreferrer noopener\">MEDIEVAL<\/a><\/div>\n<\/div>\n\n\n\n<p>Colecci\u00f3n de fuentes de historia moderna. <\/p>\n\n\n\n<div class=\"wp-block-buttons is-content-justification-center is-layout-flex wp-container-core-buttons-is-layout-16018d1d wp-block-buttons-is-layout-flex\">\n<div class=\"wp-block-button has-custom-font-size is-style-outline has-huge-font-size is-style-outline--3\"><a class=\"wp-block-button__link has-white-background-color has-text-color has-background\" href=\"https:\/\/sourcebooks.fordham.edu\/mod\/modsbook.asp\" style=\"border-radius:12px;color:#6e2828\" target=\"_blank\" rel=\"noreferrer noopener\">MODERNA<\/a><\/div>\n<\/div>\n\n\n\n<div class=\"wp-block-group has-extra-small-font-size is-vertical is-layout-flex wp-container-core-group-is-layout-8cf370e7 wp-block-group-is-layout-flex\">\n<p class=\"has-extra-small-font-size\">Publicada el&nbsp;27 de septiembre de 2022<\/p>\n\n\n\n<p>Por&nbsp;<a href=\"https:\/\/artheke.com\/?author=1\">Cebri\u00e1n Gonz\u00e1lez, Mar\u00eda Teresa<\/a><\/p>\n<\/div>\n","protected":false},"excerpt":{"rendered":"<p>Colecci\u00f3n de fuentes de historia por Paul Halsall. FORDHAM UNIVERSITY. Colecci\u00f3n de fuentes de historia antigua. Contiene m\u00faltiples enlaces a material visual y auditivo, pero con un especial \u00e9nfasis en facilitar el acceso a textos de fuentes primarias con fines educativos: Colecci\u00f3n de fuentes de historia medieval. Un recurso para el aula as\u00ed como la&hellip; <a class=\"more-link\" href=\"https:\/\/www.artheke.com\/?page_id=1399\">Seguir leyendo <span class=\"screen-reader-text\">IHSP. Libros de consulta de historia en Internet (Internet History Sourcebook Project)<\/span><\/a><\/p>\n","protected":false},"author":1,"featured_media":0,"parent":0,"menu_order":0,"comment_status":"closed","ping_status":"closed","template":"","meta":{"footnotes":""},"class_list":["post-1399","page","type-page","status-publish","hentry","entry"],"_links":{"self":[{"href":"https:\/\/www.artheke.com\/index.php?rest_route=\/wp\/v2\/pages\/1399","targetHints":{"allow":["GET"]}}],"collection":[{"href":"https:\/\/www.artheke.com\/index.php?rest_route=\/wp\/v2\/pages"}],"about":[{"href":"https:\/\/www.artheke.com\/index.php?rest_route=\/wp\/v2\/types\/page"}],"author":[{"embeddable":true,"href":"https:\/\/www.artheke.com\/index.php?rest_route=\/wp\/v2\/users\/1"}],"replies":[{"embeddable":true,"href":"https:\/\/www.artheke.com\/index.php?rest_route=%2Fwp%2Fv2%2Fcomments&post=1399"}],"version-history":[{"count":2,"href":"https:\/\/www.artheke.com\/index.php?rest_route=\/wp\/v2\/pages\/1399\/revisions"}],"predecessor-version":[{"id":1401,"href":"https:\/\/www.artheke.com\/index.php?rest_route=\/wp\/v2\/pages\/1399\/revisions\/1401"}],"wp:attachment":[{"href":"https:\/\/www.artheke.com\/index.php?rest_route=%2Fwp%2Fv2%2Fmedia&parent=1399"}],"curies":[{"name":"wp","href":"https:\/\/api.w.org\/{rel}","templated":true}]}}