{"id":1408,"date":"2022-09-27T19:51:52","date_gmt":"2022-09-27T19:51:52","guid":{"rendered":"https:\/\/artheke.com\/?page_id=1408"},"modified":"2022-09-27T19:51:52","modified_gmt":"2022-09-27T19:51:52","slug":"historia-cervantes-virtual","status":"publish","type":"page","link":"https:\/\/www.artheke.com\/?page_id=1408","title":{"rendered":"HISTORIA. Cervantes     virtual"},"content":{"rendered":"\n<p>\u00abEl \u00c1rea de Historia de la Biblioteca Virtual de Cervantes alberga un importante cat\u00e1logo sobre los distintos per\u00edodos hist\u00f3ricos (desde la Antig\u00fcedad cl\u00e1sica a la \u00e9poca contempor\u00e1nea en el \u00e1mbito de las Humanidades y las Ciencias Sociales) respecto a: <\/p>\n\n\n\n<ul class=\"wp-block-list\"><li>autores<\/li><li>t\u00edtulos<\/li><li>personajes<\/li><li>temas<\/li><li>y otros materiales (estudios cr\u00edticos, publicaciones peri\u00f3dicas, tesis doctorales, fondos documentales de archivos, audios y v\u00eddeos).<\/li><\/ul>\n\n\n\n<p>En los diferentes portales se puede consultar:<\/p>\n\n\n\n<ul class=\"wp-block-list\"><li>cronolog\u00edas<\/li><li>bibliograf\u00edas<\/li><li>galer\u00edas de im\u00e1genes<\/li><li>enlaces de inter\u00e9s<\/li><\/ul>\n\n\n\n<div class=\"wp-block-buttons is-content-justification-center is-layout-flex wp-container-core-buttons-is-layout-16018d1d wp-block-buttons-is-layout-flex\">\n<div class=\"wp-block-button has-custom-font-size has-large-font-size\"><a class=\"wp-block-button__link has-black-color has-white-background-color has-text-color has-background\" href=\"https:\/\/www.cervantesvirtual.com\/areas\/historia\/\" target=\"_blank\" rel=\"noreferrer noopener\">HISTORIA.Cervantesvirtual.com<\/a><\/div>\n<\/div>\n\n\n\n<p>Ejemplo de algunos portales tem\u00e1ticos:<\/p>\n\n\n\n<div class=\"wp-block-buttons is-content-justification-center is-layout-flex wp-container-core-buttons-is-layout-16018d1d wp-block-buttons-is-layout-flex\">\n<div class=\"wp-block-button\"><a class=\"wp-block-button__link has-red-color has-text-color\" href=\"https:\/\/www.cervantesvirtual.com\/portales\/antigua_historia_y_arqueologia\/\" target=\"_blank\" rel=\"noreferrer noopener\">Antigua. Historia y Arqueolog\u00eda de las civilizaciones.<\/a><\/div>\n<\/div>\n","protected":false},"excerpt":{"rendered":"<p>\u00abEl \u00c1rea de Historia de la Biblioteca Virtual de Cervantes alberga un importante cat\u00e1logo sobre los distintos per\u00edodos hist\u00f3ricos (desde la Antig\u00fcedad cl\u00e1sica a la \u00e9poca contempor\u00e1nea en el \u00e1mbito de las Humanidades y las Ciencias Sociales) respecto a: autores t\u00edtulos personajes temas y otros materiales (estudios cr\u00edticos, publicaciones peri\u00f3dicas, tesis doctorales, fondos documentales de&hellip; <a class=\"more-link\" href=\"https:\/\/www.artheke.com\/?page_id=1408\">Seguir leyendo <span class=\"screen-reader-text\">HISTORIA. Cervantes     virtual<\/span><\/a><\/p>\n","protected":false},"author":1,"featured_media":0,"parent":0,"menu_order":0,"comment_status":"closed","ping_status":"closed","template":"","meta":{"footnotes":""},"class_list":["post-1408","page","type-page","status-publish","hentry","entry"],"_links":{"self":[{"href":"https:\/\/www.artheke.com\/index.php?rest_route=\/wp\/v2\/pages\/1408","targetHints":{"allow":["GET"]}}],"collection":[{"href":"https:\/\/www.artheke.com\/index.php?rest_route=\/wp\/v2\/pages"}],"about":[{"href":"https:\/\/www.artheke.com\/index.php?rest_route=\/wp\/v2\/types\/page"}],"author":[{"embeddable":true,"href":"https:\/\/www.artheke.com\/index.php?rest_route=\/wp\/v2\/users\/1"}],"replies":[{"embeddable":true,"href":"https:\/\/www.artheke.com\/index.php?rest_route=%2Fwp%2Fv2%2Fcomments&post=1408"}],"version-history":[{"count":1,"href":"https:\/\/www.artheke.com\/index.php?rest_route=\/wp\/v2\/pages\/1408\/revisions"}],"predecessor-version":[{"id":1409,"href":"https:\/\/www.artheke.com\/index.php?rest_route=\/wp\/v2\/pages\/1408\/revisions\/1409"}],"wp:attachment":[{"href":"https:\/\/www.artheke.com\/index.php?rest_route=%2Fwp%2Fv2%2Fmedia&parent=1408"}],"curies":[{"name":"wp","href":"https:\/\/api.w.org\/{rel}","templated":true}]}}