{"id":1411,"date":"2022-09-29T10:41:14","date_gmt":"2022-09-29T10:41:14","guid":{"rendered":"https:\/\/artheke.com\/?page_id=1411"},"modified":"2023-04-11T13:16:15","modified_gmt":"2023-04-11T13:16:15","slug":"indice-de-bibliotecas-digitales","status":"publish","type":"page","link":"https:\/\/www.artheke.com\/?page_id=1411","title":{"rendered":"\u00cdNDICE DE BIBLIOTECAS DIGITALES"},"content":{"rendered":"\n<figure class=\"wp-block-pullquote\"><blockquote><p><strong><mark style=\"background-color:rgba(0, 0, 0, 0);color:#ac1b1b\" class=\"has-inline-color\">La Estrategia Nacional de Digitalizaci\u00f3n 2022-2026 <\/mark><\/strong><br>promueve varios proyectos a nivel nacional (1, 2, 3) e internacional (4) entre los que se encuentran:<\/p><cite>(CCB 2021)<\/cite><\/blockquote><\/figure>\n\n\n\n<ol class=\"has-yellow-background-color has-background wp-block-list\">\n<li><strong><em><mark style=\"background-color:rgba(0, 0, 0, 0);color:#197698\" class=\"has-inline-color\">Biblioteca Virtual de Patrimonio Bibliogr\u00e1fico<\/mark><\/em><\/strong> (BVPB): adscrita en la actualidad al Ministerio de Cultura y Deporte. Si bien naci\u00f3 de un proyecto que se retrotrae a 1994 para digitalizar los fondos de todas las bibliotecas p\u00fablicas de Espa\u00f1a, actualmente es \u00ab<em><strong>la biblioteca digital en la que se ofrece a los ciudadanos una colecci\u00f3n de reproducciones facs\u00edmiles digitales de manuscritos, libros impresos, fotograf\u00edas hist\u00f3ricas, materiales cartogr\u00e1ficos, partituras y dem\u00e1s materiales que se conservan en instituciones de la memoria (archivos, bibliotecas y museos) y forman parte del Patrimonio Bibliogr\u00e1fico Espa\u00f1ol<\/strong><\/em>\u00bb (CCB 2021) en acceso abierto y gratuito.<\/li>\n<\/ol>\n\n\n\n<figure class=\"wp-block-image size-large\"><img loading=\"lazy\" decoding=\"async\" width=\"1445\" height=\"666\" src=\"https:\/\/artheke.com\/wp-content\/uploads\/2023\/03\/2-1024x472.png\" alt=\"\" class=\"wp-image-1827\" srcset=\"https:\/\/www.artheke.com\/wp-content\/uploads\/2023\/03\/2-1024x472.png 1024w, https:\/\/www.artheke.com\/wp-content\/uploads\/2023\/03\/2-300x138.png 300w, https:\/\/www.artheke.com\/wp-content\/uploads\/2023\/03\/2-768x354.png 768w, https:\/\/www.artheke.com\/wp-content\/uploads\/2023\/03\/2.png 1445w\" sizes=\"auto, (max-width: 1445px) 100vw, 1445px\" \/><\/figure>\n\n\n\n<div class=\"wp-block-buttons is-layout-flex wp-block-buttons-is-layout-flex\">\n<div class=\"wp-block-button has-custom-width wp-block-button__width-100\"><a class=\"wp-block-button__link has-background wp-element-button\" href=\"https:\/\/bvpb.mcu.es\/es\/inicio\/inicio.do\" style=\"background-color:#676b73\" target=\"_blank\" rel=\"noreferrer noopener\">Biblioteca Virtual del Patrimonio Bibliogr\u00e1fico (BVPB)<\/a><\/div>\n<\/div>\n\n\n\n<hr class=\"wp-block-separator has-alpha-channel-opacity\"\/>\n\n\n\n<p class=\"has-yellow-background-color has-background\">2. <strong><mark style=\"background-color:rgba(0, 0, 0, 0);color:#2cb281\" class=\"has-inline-color\">Biblioteca Virtual de Prensa Hist\u00f3rica (BVPH)<\/mark><\/strong>: es una hemeroteca digital que ofrece un creciente repertorio de prensa hist\u00f3rica y revistas culturales en lenguas espa\u00f1olas. Su dise\u00f1o y planificaci\u00f3n se debe a la cooperaci\u00f3n del Ministerio de Cultura y Deporte con las Comunidades Aut\u00f3nomas. Esfuerzo al que se suman las bibliotecas, archivos y museos que pertenecen a: las distintas comunidades aut\u00f3nomas, los ministerios, los ayuntamientos, los ateneos, las fundaciones, las universidades y otras instituciones privadas que conservan colecciones de prensa hist\u00f3rica.<\/p>\n\n\n\n<figure class=\"wp-block-image size-large is-resized\"><img loading=\"lazy\" decoding=\"async\" src=\"https:\/\/artheke.com\/wp-content\/uploads\/2023\/03\/image-6-1024x476.png\" alt=\"\" class=\"wp-image-1848\" width=\"610\" height=\"283\" srcset=\"https:\/\/www.artheke.com\/wp-content\/uploads\/2023\/03\/image-6-1024x476.png 1024w, https:\/\/www.artheke.com\/wp-content\/uploads\/2023\/03\/image-6-300x139.png 300w, https:\/\/www.artheke.com\/wp-content\/uploads\/2023\/03\/image-6-768x357.png 768w, https:\/\/www.artheke.com\/wp-content\/uploads\/2023\/03\/image-6.png 1448w\" sizes=\"auto, (max-width: 610px) 100vw, 610px\" \/><\/figure>\n\n\n\n<div class=\"wp-block-buttons is-layout-flex wp-block-buttons-is-layout-flex\">\n<div class=\"wp-block-button has-custom-width wp-block-button__width-100\"><a class=\"wp-block-button__link has-text-color has-background wp-element-button\" href=\"https:\/\/prensahistorica.mcu.es\/es\/inicio\/inicio.do\" style=\"color:#b03030;background-color:#11885c\" target=\"_blank\" rel=\"noreferrer noopener\">Biblioteca Virtual de Prensa Hist\u00f3rica (BVPH)<\/a><\/div>\n<\/div>\n\n\n\n<hr class=\"wp-block-separator has-alpha-channel-opacity\"\/>\n\n\n\n<p class=\"has-yellow-background-color has-background\">3. <strong><mark style=\"background-color:rgba(0, 0, 0, 0);color:#a33232\" class=\"has-inline-color\">Hispana<\/mark><\/strong>: el portal de acceso al patrimonio digital espa\u00f1ol y el agregador nacional de contenidos a Europeana.<\/p>\n\n\n\n<div class=\"wp-block-buttons is-layout-flex wp-block-buttons-is-layout-flex\">\n<div class=\"wp-block-button has-custom-width wp-block-button__width-100 has-custom-font-size has-large-font-size\"><a class=\"wp-block-button__link has-blue-background-color has-text-color has-background wp-element-button\" href=\"https:\/\/hispanapro.mecd.es\/hispana\/que-es-hispana\/\" style=\"color:#93653d\" target=\"_blank\" rel=\"noreferrer noopener\">Explicaci\u00f3n de HISPANA en HispanaPRO<\/a><\/div>\n<\/div>\n\n\n\n<div class=\"wp-block-buttons is-content-justification-center is-layout-flex wp-container-core-buttons-is-layout-16018d1d wp-block-buttons-is-layout-flex\">\n<div class=\"wp-block-button has-custom-width wp-block-button__width-75 has-custom-font-size has-large-font-size\"><a class=\"wp-block-button__link has-text-color wp-element-button\" href=\"\" style=\"color:#d06a10\" target=\"_blank\" rel=\"noreferrer noopener\">HISPANA<\/a><\/div>\n<\/div>\n\n\n<div class=\"wp-block-image\">\n<figure class=\"aligncenter size-large\"><img loading=\"lazy\" decoding=\"async\" width=\"1024\" height=\"458\" src=\"https:\/\/artheke.com\/wp-content\/uploads\/2023\/03\/image-7-1024x458.png\" alt=\"\" class=\"wp-image-1849\" srcset=\"https:\/\/www.artheke.com\/wp-content\/uploads\/2023\/03\/image-7-1024x458.png 1024w, https:\/\/www.artheke.com\/wp-content\/uploads\/2023\/03\/image-7-300x134.png 300w, https:\/\/www.artheke.com\/wp-content\/uploads\/2023\/03\/image-7-768x344.png 768w, https:\/\/www.artheke.com\/wp-content\/uploads\/2023\/03\/image-7.png 1453w\" sizes=\"auto, (max-width: 1024px) 100vw, 1024px\" \/><\/figure><\/div>\n\n\n<p><\/p>\n\n\n\n<div class=\"wp-block-buttons is-layout-flex wp-block-buttons-is-layout-flex\">\n<div class=\"wp-block-button has-custom-width wp-block-button__width-100 has-custom-font-size has-large-font-size\"><a class=\"wp-block-button__link has-yellow-color has-text-color has-background wp-element-button\" href=\"https:\/\/hispanapro.mecd.es\/europeana\/que-es-europeana\/\" style=\"background-color:#8c6262\" target=\"_blank\" rel=\"noreferrer noopener\">4. <strong>Explicaci\u00f3n de Europeanna en HispanaPRO<\/strong><\/a><\/div>\n<\/div>\n\n\n\n<p class=\"has-yellow-background-color has-background\">Biblioteca Digital Europea establecida por la Comisi\u00f3n Europea.<\/p>\n\n\n\n<div class=\"wp-block-buttons is-content-justification-center is-layout-flex wp-container-core-buttons-is-layout-16018d1d wp-block-buttons-is-layout-flex\">\n<div class=\"wp-block-button is-style-outline is-style-outline--1\"><a class=\"wp-block-button__link has-background wp-element-button\" href=\"https:\/\/artheke.com\/?page_id=1853\" style=\"background-color:#b59494\" target=\"_blank\" rel=\"noreferrer noopener\">EUROPEANA<\/a><\/div>\n<\/div>\n\n\n\n<hr class=\"wp-block-separator has-alpha-channel-opacity\"\/>\n\n\n\n<p><\/p>\n\n\n\n<p class=\"has-purple-background-color has-text-color has-background has-extra-large-font-size\" style=\"color:#c09a1d\"><strong>BIBLIOTECAS DE ESPA\u00d1A<\/strong><\/p>\n\n\n\n<p class=\"has-purple-background-color has-background\"><a rel=\"noreferrer noopener\" href=\"http:\/\/www.bibliodef.es\/abnetopac\/BaratzCL\/O8074\/ID5c4f6acd?ACC=101\" data-type=\"URL\" data-id=\"http:\/\/www.bibliodef.es\/abnetopac\/BaratzCL\/O8074\/ID5c4f6acd?ACC=101\" target=\"_blank\">BIBLIODEF<\/a> (RED DE BIBLIOTECAS DE DEFENSA)<\/p>\n\n\n\n<div class=\"wp-block-buttons is-layout-flex wp-block-buttons-is-layout-flex\">\n<div class=\"wp-block-button has-custom-width wp-block-button__width-100 is-style-fill\"><a class=\"wp-block-button__link has-black-color has-purple-background-color has-text-color has-background wp-element-button\" href=\"https:\/\/www.rebis.csic.es\/biblioteca\/\" target=\"_blank\" rel=\"noreferrer noopener\">REBIS (RED DE BIBLIOTECAS Y ARCHIVOS DEL CSIC) <\/a><\/div>\n<\/div>\n\n\n\n<p class=\"has-purple-background-color has-background has-normal-font-size\">BIBLIOTECA DIGITAL DE CANARIAS<\/p>\n\n\n\n<p class=\"has-purple-background-color has-background has-normal-font-size\">BIBLIOTECA DIGITAL DE CASTILLA &#8211; LA MANCHA (BIDICAM)<\/p>\n\n\n\n<p class=\"has-purple-background-color has-background has-normal-font-size\">BIBLIOTECA DIGITAL DE CASTILLA Y LE\u00d3N<\/p>\n\n\n\n<p class=\"has-purple-background-color has-background has-normal-font-size\">BIBLIOTECA DIGITAL DE CATALUNYA (BDC)<\/p>\n\n\n\n<p class=\"has-purple-background-color has-background has-normal-font-size\">BIBLIOTECA DIGITAL DE LA COMUNIDAD DE MADRID<\/p>\n\n\n\n<p class=\"has-purple-background-color has-background\">BIBLIOTECA DIGITAL HISP\u00c1NICA<\/p>\n\n\n\n<p class=\"has-purple-background-color has-background\">BIBLIOTECA DIGITAL DE LA REAL ACADEMIA DE LA HISTORIA<\/p>\n\n\n\n<p class=\"has-purple-background-color has-background\">BIBLIOTECA DIGITAL DEL REAL JARD\u00cdN BOT\u00c1NICO<\/p>\n\n\n\n<p class=\"has-purple-background-color has-background has-normal-font-size\">BIBLIOTECA DIGITAL DE LA REGI\u00d3N DE MURCIA<\/p>\n\n\n\n<p class=\"has-purple-background-color has-background has-normal-font-size\">BIBLIOTECA DIGITAL VASCA<\/p>\n\n\n\n<p class=\"has-purple-background-color has-background has-normal-font-size\">BIBLIOTECA NAVARRA DIGITAL<\/p>\n\n\n\n<p class=\"has-purple-background-color has-background has-normal-font-size\">BIBLIOTECA VALENCIANA DIGITAL (BIVALDI)<\/p>\n\n\n\n<p class=\"has-purple-background-color has-background has-normal-font-size\">GALICIANA. BIBLIOTECA DIXITAL DE GALICIA<\/p>\n\n\n\n<p class=\"has-purple-background-color has-background has-normal-font-size\">BIBLIOTECA VIRTUAL DE ANDALUC\u00cdA<\/p>\n\n\n\n<p class=\"has-purple-background-color has-background has-normal-font-size\">BIBLIOTECA VIRTUAL DE ARAG\u00d3N (Biviar)<\/p>\n\n\n\n<p class=\"has-purple-background-color has-background\">BIBLIOTECA VIRTUAL MIGUEL DE CERVANTES<\/p>\n\n\n\n<p class=\"has-purple-background-color has-background\">BIBLIOTECA VIRTUAL DEL MINISTERIO DE DEFENSA<\/p>\n\n\n\n<p class=\"has-purple-background-color has-background\">BIBLIOTECA VIRTUAL DE PATRIMONIO BIBLIOGR\u00c1FICO<\/p>\n\n\n\n<p class=\"has-purple-background-color has-background\">BIBLIOTECA VIRTUAL DE PRENSA HIST\u00d3RICA<\/p>\n\n\n\n<p class=\"has-purple-background-color has-background has-normal-font-size\">BIBLIOTECA VIRTUAL DEL PRINCIPADO DE ASTURIAS<\/p>\n\n\n\n<p class=\"has-purple-background-color has-background has-normal-font-size\">BIBLIOTECA VIRTUAL DE LA RIOJA (BIVirla)<\/p>\n\n\n\n<p class=\"has-purple-background-color has-background\">HISPANA<\/p>\n\n\n\n<div class=\"wp-block-buttons is-layout-flex wp-block-buttons-is-layout-flex\">\n<div class=\"wp-block-button has-custom-width wp-block-button__width-100\"><a class=\"wp-block-button__link has-black-color has-purple-background-color has-text-color has-background wp-element-button\" href=\"https:\/\/csic-primo.hosted.exlibrisgroup.com\/primo-explore\/search?search_scope=default_scope&amp;vid=34CSIC_VU1&amp;sortby=rank&amp;lang=es_ES\">BIBLIOTECA VIRTUAL DEL CSIC<\/a><\/div>\n<\/div>\n\n\n\n<div class=\"wp-block-buttons is-layout-flex wp-block-buttons-is-layout-flex\">\n<div class=\"wp-block-button has-custom-width wp-block-button__width-100 has-custom-font-size has-large-font-size\"><a class=\"wp-block-button__link has-white-color has-text-color has-background wp-element-button\" href=\"http:\/\/simurg.bibliotecas.csic.es\/\" style=\"background-color:#843232\" target=\"_blank\" rel=\"noreferrer noopener\">SIMURG. FONDOS DIGITALIZADOS DE LAS BIBLIOTECAS Y ARCHIVOS DEL CSIC<\/a><\/div>\n<\/div>\n\n\n\n<p class=\"has-red-background-color has-text-color has-background has-extra-large-font-size\" style=\"color:#c2a132\"><strong>BIBLIOTECAS INTERNACIONALES<\/strong><\/p>\n\n\n\n<p class=\"has-red-background-color has-background has-extra-large-font-size\"><strong>WORLDCAT <\/strong><\/p>\n\n\n\n<p class=\"has-red-background-color has-background has-extra-large-font-size\"><strong>WORLD DIGITAL LIBRARY<\/strong><\/p>\n\n\n\n<p class=\"has-red-background-color has-background\" style=\"font-size:30px\"><strong>DPLA. Digital Public Library de Am\u00e9rica<\/strong><a rel=\"noreferrer noopener\" href=\"https:\/\/dp.la\/\" data-type=\"URL\" data-id=\"https:\/\/dp.la\/\" target=\"_blank\">  <\/a><a rel=\"noreferrer noopener\" href=\"https:\/\/dp.la\/\" data-type=\"URL\" data-id=\"https:\/\/dp.la\/\" target=\"_blank\">Biblioteca P\u00fablica Digital de Am\u00e9rica<\/a><strong> <\/strong><\/p>\n\n\n\n<p class=\"has-red-background-color has-background has-large-font-size\"><strong><a rel=\"noreferrer noopener\" href=\"https:\/\/www.flacsoandes.edu.ec\/\" data-type=\"URL\" data-id=\"https:\/\/www.flacsoandes.edu.ec\/\" target=\"_blank\"> FLACSO ANDES<\/a>  BIBLIOTECA DIGITAL DE VANGUARDIA PARA LA INVESTIGACI\u00d3N EN CIENCIAS SOCIALES. REGI\u00d3N ANDINA Y AM\u00c9RICA LATINA<\/strong><\/p>\n\n\n\n<p class=\"has-blue-background-color has-text-color has-background has-extra-large-font-size\" style=\"color:#d4a819\"><strong>OTRAS BIBLIOTECAS INTERNACIONALES<\/strong><\/p>\n\n\n\n<p class=\"has-blue-background-color has-background has-large-font-size\">   <a rel=\"noreferrer noopener\" href=\"https:\/\/www.bnf.fr\/fr\/soutenez-la-bnf\" data-type=\"URL\" data-id=\"https:\/\/www.bnf.fr\/fr\/soutenez-la-bnf\" target=\"_blank\">BIBLIOTECA NACIONAL DE FRANCIA (BnF)<\/a><\/p>\n\n\n\n<p class=\"has-blue-background-color has-background\">DEUTSCHE DIGITAL BIBLIOTHEK (Alemania)<\/p>\n\n\n\n<p class=\"has-blue-background-color has-background\">DIGISAM (Suecia)<\/p>\n\n\n\n<p class=\"has-red-background-color has-text-color has-background has-extra-large-font-size\" style=\"color:#d7ac1c\"><strong>OTROS PROYECTOS <\/strong><\/p>\n\n\n\n<p class=\"has-red-background-color has-background\"><a rel=\"noreferrer noopener\" href=\"https:\/\/www.gutenberg.org\/\" data-type=\"URL\" data-id=\"https:\/\/www.gutenberg.org\/\" target=\"_blank\">PROYECTO GUTENBERG<\/a> (biblioteca +60.000 libros electr\u00f3nicos)<\/p>\n\n\n\n<p class=\"has-red-background-color has-background\"><a rel=\"noreferrer noopener\" href=\"https:\/\/americanae.aecid.es\/americanae\/es\/inicio\/inicio.do\" data-type=\"URL\" data-id=\"https:\/\/americanae.aecid.es\/americanae\/es\/inicio\/inicio.do\" target=\"_blank\">AMERICANAE<\/a> (colecciones americanistas: 60 repositorios)<\/p>\n\n\n\n<p class=\"has-red-background-color has-background\"><a rel=\"noreferrer noopener\" href=\"https:\/\/www.lareferencia.info\/es\/\" data-type=\"URL\" data-id=\"https:\/\/www.lareferencia.info\/es\/\" target=\"_blank\">LA REFERENCIA<\/a> (Red de repositorios de acceso abierto a la ciencia)<\/p>\n\n\n\n<figure class=\"wp-block-image size-full\"><img loading=\"lazy\" decoding=\"async\" width=\"999\" height=\"621\" src=\"https:\/\/artheke.com\/wp-content\/uploads\/2023\/03\/34.png\" alt=\"\" class=\"wp-image-1899\" srcset=\"https:\/\/www.artheke.com\/wp-content\/uploads\/2023\/03\/34.png 999w, https:\/\/www.artheke.com\/wp-content\/uploads\/2023\/03\/34-300x186.png 300w, https:\/\/www.artheke.com\/wp-content\/uploads\/2023\/03\/34-768x477.png 768w\" sizes=\"auto, (max-width: 999px) 100vw, 999px\" \/><figcaption class=\"wp-element-caption\">Red Federada de Repositorios Institucionales de Publicaciones Cient\u00edficas, o simplemente<br> <strong><mark style=\"background-color:rgba(0, 0, 0, 0);color:#c55454\" class=\"has-inline-color\">LA Referencia, es una red latinoamericana de repositorios de acceso abierto<\/mark><\/strong><\/figcaption><\/figure>\n\n\n\n<div class=\"wp-block-buttons is-layout-flex wp-block-buttons-is-layout-flex\"><\/div>\n\n\n\n<hr class=\"wp-block-separator has-alpha-channel-opacity\"\/>\n\n\n\n<p><strong>Referencias:<\/strong><\/p>\n\n\n\n<p>CCB (2021). E<em>strategia Nacional de Digitalizaci\u00f3n (2022-2026)<\/em>. Grupo de Trabajo Estrat\u00e9gico para la Estrategia Nacional de Digitalizaci\u00f3n, Consejo de Cooperaci\u00f3n Bibliotecaria.<\/p>\n\n\n\n<p>Imagen destacada. <a rel=\"noreferrer noopener\" href=\"http:\/\/Foto de G. Jau: https:\/\/www.pexels.com\/es-es\/foto\/gente-edificios-libros-mercado-callejero-13919952\/\" data-type=\"URL\" data-id=\"http:\/\/Foto de G. Jau: https:\/\/www.pexels.com\/es-es\/foto\/gente-edificios-libros-mercado-callejero-13919952\/\" target=\"_blank\">G. Jau<\/a> en Pexels.<\/p>\n\n\n\n<hr class=\"wp-block-separator has-alpha-channel-opacity\"\/>\n\n\n\n<div class=\"wp-block-group\" style=\"line-height:0.7\"><div class=\"wp-block-group__inner-container is-layout-constrained wp-block-group-is-layout-constrained\">\n<p class=\"has-extra-small-font-size\">Publicada el&nbsp;10 de marzo de 2023<\/p>\n\n\n\n<p class=\"has-extra-small-font-size\" style=\"line-height:0\">Por&nbsp;<a href=\"https:\/\/artheke.com\/?author=1\">Cebri\u00e1n Gonz\u00e1lez Mar\u00eda Teresa<\/a><\/p>\n<\/div><\/div>\n","protected":false},"excerpt":{"rendered":"<p>La Estrategia Nacional de Digitalizaci\u00f3n 2022-2026 promueve varios proyectos a nivel nacional (1, 2, 3) e internacional (4) entre los que se encuentran: (CCB 2021) 2. Biblioteca Virtual de Prensa Hist\u00f3rica (BVPH): es una hemeroteca digital que ofrece un creciente repertorio de prensa hist\u00f3rica y revistas culturales en lenguas espa\u00f1olas. Su dise\u00f1o y planificaci\u00f3n se&hellip; <a class=\"more-link\" href=\"https:\/\/www.artheke.com\/?page_id=1411\">Seguir leyendo <span class=\"screen-reader-text\">\u00cdNDICE DE BIBLIOTECAS DIGITALES<\/span><\/a><\/p>\n","protected":false},"author":1,"featured_media":1824,"parent":0,"menu_order":0,"comment_status":"closed","ping_status":"closed","template":"","meta":{"footnotes":""},"class_list":["post-1411","page","type-page","status-publish","has-post-thumbnail","hentry","entry"],"_links":{"self":[{"href":"https:\/\/www.artheke.com\/index.php?rest_route=\/wp\/v2\/pages\/1411","targetHints":{"allow":["GET"]}}],"collection":[{"href":"https:\/\/www.artheke.com\/index.php?rest_route=\/wp\/v2\/pages"}],"about":[{"href":"https:\/\/www.artheke.com\/index.php?rest_route=\/wp\/v2\/types\/page"}],"author":[{"embeddable":true,"href":"https:\/\/www.artheke.com\/index.php?rest_route=\/wp\/v2\/users\/1"}],"replies":[{"embeddable":true,"href":"https:\/\/www.artheke.com\/index.php?rest_route=%2Fwp%2Fv2%2Fcomments&post=1411"}],"version-history":[{"count":25,"href":"https:\/\/www.artheke.com\/index.php?rest_route=\/wp\/v2\/pages\/1411\/revisions"}],"predecessor-version":[{"id":2062,"href":"https:\/\/www.artheke.com\/index.php?rest_route=\/wp\/v2\/pages\/1411\/revisions\/2062"}],"wp:featuredmedia":[{"embeddable":true,"href":"https:\/\/www.artheke.com\/index.php?rest_route=\/wp\/v2\/media\/1824"}],"wp:attachment":[{"href":"https:\/\/www.artheke.com\/index.php?rest_route=%2Fwp%2Fv2%2Fmedia&parent=1411"}],"curies":[{"name":"wp","href":"https:\/\/api.w.org\/{rel}","templated":true}]}}