{"id":1423,"date":"2022-10-07T05:52:22","date_gmt":"2022-10-07T05:52:22","guid":{"rendered":"https:\/\/artheke.com\/?page_id=1423"},"modified":"2023-02-21T05:09:49","modified_gmt":"2023-02-21T05:09:49","slug":"paleografia","status":"publish","type":"page","link":"https:\/\/www.artheke.com\/?page_id=1423","title":{"rendered":"PALEOGRAF\u00cdA"},"content":{"rendered":"\n<p>Dado que la Paleograf\u00eda es una ciencia, como tal requiere \u00abun largo proceso de aprendizaje para dominarla\u00bb. <\/p>\n\n\n\n<figure class=\"wp-block-pullquote\"><blockquote><p><em>Abarca la historia de la escritura, el an\u00e1lisis de las formas y contextos de la escritura (cultura material, historia social, etc.). <\/em><\/p><cite>(paleographie.huma-num.fr)<\/cite><\/blockquote><\/figure>\n\n\n\n<figure class=\"wp-block-image size-large\"><img loading=\"lazy\" decoding=\"async\" width=\"1024\" height=\"520\" src=\"https:\/\/artheke.com\/wp-content\/uploads\/2022\/10\/image-1024x520.png\" alt=\"\" class=\"wp-image-1433\" srcset=\"https:\/\/www.artheke.com\/wp-content\/uploads\/2022\/10\/image-1024x520.png 1024w, https:\/\/www.artheke.com\/wp-content\/uploads\/2022\/10\/image-300x152.png 300w, https:\/\/www.artheke.com\/wp-content\/uploads\/2022\/10\/image-768x390.png 768w, https:\/\/www.artheke.com\/wp-content\/uploads\/2022\/10\/image.png 1433w\" sizes=\"auto, (max-width: 1024px) 100vw, 1024px\" \/><figcaption class=\"wp-element-caption\">Presentaci\u00f3n P\u00e1gina palographie.huma-num.fr<\/figcaption><\/figure>\n\n\n\n<p>Existe un sitio web para la formaci\u00f3n en las habilidades paleogr\u00e1ficas pr\u00e1cticas que fue propuesto por el programa transversal de <em>Humanidades Digitales (Humanit\u00e9s Num\u00e9riques)<\/em> de  la Unidad  Mixta de Investigaci\u00f3n  (en franc\u00e9s Unit\u00e9 Mixte de Recherche abreviado UMR) UMR 5648 &#8211; Histoire, Arch\u00e9ologie, Litt\u00e9ratures des Mondes Chr\u00e9tiens et Musulmans M\u00e9di\u00e9vaux (Universit\u00e9s Lyon 2, Lyon 3, Avignon et Pays de Vaucluse; CNRS, EHESS, ENS Lyon). <\/p>\n\n\n\n<div class=\"wp-block-buttons is-content-justification-center is-layout-flex wp-container-core-buttons-is-layout-16018d1d wp-block-buttons-is-layout-flex\">\n<div class=\"wp-block-button has-custom-font-size has-normal-font-size\"><a class=\"wp-block-button__link has-white-background-color has-text-color has-background wp-element-button\" style=\"color:#1491bf\">Ciham UMR 5648<\/a><\/div>\n<\/div>\n\n\n\n<figure class=\"wp-block-image size-large\"><img loading=\"lazy\" decoding=\"async\" width=\"1024\" height=\"536\" src=\"https:\/\/artheke.com\/wp-content\/uploads\/2022\/10\/image-1-1024x536.png\" alt=\"\" class=\"wp-image-1434\" srcset=\"https:\/\/www.artheke.com\/wp-content\/uploads\/2022\/10\/image-1-1024x536.png 1024w, https:\/\/www.artheke.com\/wp-content\/uploads\/2022\/10\/image-1-300x157.png 300w, https:\/\/www.artheke.com\/wp-content\/uploads\/2022\/10\/image-1-768x402.png 768w, https:\/\/www.artheke.com\/wp-content\/uploads\/2022\/10\/image-1.png 1441w\" sizes=\"auto, (max-width: 1024px) 100vw, 1024px\" \/><figcaption class=\"wp-element-caption\">Recursos digitales del Ciham<\/figcaption><\/figure>\n\n\n\n<p>La<a rel=\"noreferrer noopener\" href=\"https:\/\/paleographie.huma-num.fr\/index.php?l=en\" data-type=\"URL\" data-id=\"https:\/\/paleographie.huma-num.fr\/index.php?l=en\" target=\"_blank\"> web de paleograf\u00eda <strong> <\/strong><\/a><strong> es  un recurso (\u00e1lbum) interactivo de Paleograf\u00eda Medieval<\/strong> en el que se encuentra una colecci\u00f3n de <strong>ejercicios de transcripci\u00f3n de documentos medievales<\/strong>:<\/p>\n\n\n\n<div class=\"wp-block-buttons is-content-justification-center is-layout-flex wp-container-core-buttons-is-layout-16018d1d wp-block-buttons-is-layout-flex\">\n<div class=\"wp-block-button has-custom-font-size has-extra-large-font-size\"><a class=\"wp-block-button__link has-background wp-element-button\" href=\"https:\/\/paleographie.huma-num.fr\/index.php?l=en\" style=\"background-color:#5c91f2\" target=\"_blank\" rel=\"noreferrer noopener\">Recurso Interactivo de Paleograf\u00eda Medieval<\/a><\/div>\n<\/div>\n\n\n\n<div class=\"wp-block-group is-vertical is-layout-flex wp-container-core-group-is-layout-8cf370e7 wp-block-group-is-layout-flex\">\n<p>El modo de empleo es sencillo y se debe procurar realizar la transcripci\u00f3n sin ver previamente la soluci\u00f3n :<\/p>\n\n\n\n<ul class=\"wp-block-list\">\n<li>Se introduce, palabra por palabra, el texto seleccionado para realizar la transcripci\u00f3n. <\/li>\n\n\n\n<li>La p\u00e1gina ir\u00e1 indicando si la palabra que se ha introducido ha sido la correcta (verde) o por el contrario se ha escrito incorrectamente (roja).<\/li>\n<\/ul>\n\n\n\n<p>Para ver la soluci\u00f3n, con un doble clip en la palabra, la imagen se ampliar\u00e1 y se podr\u00e1 ver la transcripci\u00f3n directamente.<\/p>\n<\/div>\n\n\n\n<hr class=\"wp-block-separator has-alpha-channel-opacity\"\/>\n\n\n\n<figure class=\"wp-block-image size-full\"><img loading=\"lazy\" decoding=\"async\" width=\"940\" height=\"663\" src=\"https:\/\/artheke.com\/wp-content\/uploads\/2023\/02\/image-6.png\" alt=\"\" class=\"wp-image-1574\" srcset=\"https:\/\/www.artheke.com\/wp-content\/uploads\/2023\/02\/image-6.png 940w, https:\/\/www.artheke.com\/wp-content\/uploads\/2023\/02\/image-6-300x212.png 300w, https:\/\/www.artheke.com\/wp-content\/uploads\/2023\/02\/image-6-768x542.png 768w\" sizes=\"auto, (max-width: 940px) 100vw, 940px\" \/><\/figure>\n\n\n\n<figure class=\"wp-block-image size-large\"><img loading=\"lazy\" decoding=\"async\" width=\"1024\" height=\"535\" src=\"https:\/\/artheke.com\/wp-content\/uploads\/2023\/02\/image-3-1024x535.png\" alt=\"\" class=\"wp-image-1571\" srcset=\"https:\/\/www.artheke.com\/wp-content\/uploads\/2023\/02\/image-3-1024x535.png 1024w, https:\/\/www.artheke.com\/wp-content\/uploads\/2023\/02\/image-3-300x157.png 300w, https:\/\/www.artheke.com\/wp-content\/uploads\/2023\/02\/image-3-768x401.png 768w, https:\/\/www.artheke.com\/wp-content\/uploads\/2023\/02\/image-3.png 1459w\" sizes=\"auto, (max-width: 1024px) 100vw, 1024px\" \/><\/figure>\n\n\n\n<figure class=\"wp-block-image size-full\"><img loading=\"lazy\" decoding=\"async\" width=\"878\" height=\"581\" src=\"https:\/\/artheke.com\/wp-content\/uploads\/2023\/02\/image-4.png\" alt=\"\" class=\"wp-image-1572\" srcset=\"https:\/\/www.artheke.com\/wp-content\/uploads\/2023\/02\/image-4.png 878w, https:\/\/www.artheke.com\/wp-content\/uploads\/2023\/02\/image-4-300x199.png 300w, https:\/\/www.artheke.com\/wp-content\/uploads\/2023\/02\/image-4-768x508.png 768w\" sizes=\"auto, (max-width: 878px) 100vw, 878px\" \/><figcaption class=\"wp-element-caption\"><a rel=\"noreferrer noopener\" href=\"https:\/\/scribeofages.es\/\" data-type=\"URL\" data-id=\"https:\/\/scribeofages.es\/\" target=\"_blank\">SCRIBEOFAGES<\/a><\/figcaption><\/figure>\n\n\n\n<div class=\"wp-block-group has-extra-small-font-size is-vertical is-layout-flex wp-container-core-group-is-layout-8cf370e7 wp-block-group-is-layout-flex\">\n<p>Publicada el&nbsp;07 de octubre de 2022<\/p>\n\n\n\n<p>Por&nbsp;<a href=\"https:\/\/artheke.com\/?author=1\">Cebri\u00e1n Gonz\u00e1lez, Mar\u00eda Teresa<\/a><\/p>\n<\/div>\n\n\n\n<p><\/p>\n","protected":false},"excerpt":{"rendered":"<p>Dado que la Paleograf\u00eda es una ciencia, como tal requiere \u00abun largo proceso de aprendizaje para dominarla\u00bb. Abarca la historia de la escritura, el an\u00e1lisis de las formas y contextos de la escritura (cultura material, historia social, etc.). (paleographie.huma-num.fr) Existe un sitio web para la formaci\u00f3n en las habilidades paleogr\u00e1ficas pr\u00e1cticas que fue propuesto por&hellip; <a class=\"more-link\" href=\"https:\/\/www.artheke.com\/?page_id=1423\">Seguir leyendo <span class=\"screen-reader-text\">PALEOGRAF\u00cdA<\/span><\/a><\/p>\n","protected":false},"author":1,"featured_media":0,"parent":0,"menu_order":0,"comment_status":"closed","ping_status":"closed","template":"","meta":{"footnotes":""},"class_list":["post-1423","page","type-page","status-publish","hentry","entry"],"_links":{"self":[{"href":"https:\/\/www.artheke.com\/index.php?rest_route=\/wp\/v2\/pages\/1423","targetHints":{"allow":["GET"]}}],"collection":[{"href":"https:\/\/www.artheke.com\/index.php?rest_route=\/wp\/v2\/pages"}],"about":[{"href":"https:\/\/www.artheke.com\/index.php?rest_route=\/wp\/v2\/types\/page"}],"author":[{"embeddable":true,"href":"https:\/\/www.artheke.com\/index.php?rest_route=\/wp\/v2\/users\/1"}],"replies":[{"embeddable":true,"href":"https:\/\/www.artheke.com\/index.php?rest_route=%2Fwp%2Fv2%2Fcomments&post=1423"}],"version-history":[{"count":6,"href":"https:\/\/www.artheke.com\/index.php?rest_route=\/wp\/v2\/pages\/1423\/revisions"}],"predecessor-version":[{"id":1575,"href":"https:\/\/www.artheke.com\/index.php?rest_route=\/wp\/v2\/pages\/1423\/revisions\/1575"}],"wp:attachment":[{"href":"https:\/\/www.artheke.com\/index.php?rest_route=%2Fwp%2Fv2%2Fmedia&parent=1423"}],"curies":[{"name":"wp","href":"https:\/\/api.w.org\/{rel}","templated":true}]}}