{"id":1448,"date":"2022-12-08T12:38:13","date_gmt":"2022-12-08T12:38:13","guid":{"rendered":"https:\/\/artheke.com\/?page_id=1448"},"modified":"2022-12-08T12:50:34","modified_gmt":"2022-12-08T12:50:34","slug":"otras-herramientas","status":"publish","type":"page","link":"https:\/\/www.artheke.com\/?page_id=1448","title":{"rendered":"Otras herramientas"},"content":{"rendered":"\n<p class=\"has-text-color has-extra-large-font-size\" style=\"color:#d9ad1a\"><strong>Filesender <\/strong><\/p>\n\n\n\n<p>\u00ab<em>Es un servicio v\u00eda web que <strong>permite intercambiar ficheros de gran tama\u00f1o<\/strong>, que no pueden enviarse como adjuntos al correo electr\u00f3nico<\/em>\u00ab<\/p>\n\n\n\n<p>\u00ab<strong><mark style=\"background-color:rgba(0, 0, 0, 0);color:#2fa87c\" class=\"has-inline-color\"><em>Est\u00e1 accesible para su uso completo a todos los usuarios de la Comunidad RedIRIS<\/em><\/mark><\/strong>\u00ab. <\/p>\n\n\n\n<p>\u00ab<em><strong><mark style=\"background-color:rgba(0, 0, 0, 0);color:#5392a9\" class=\"has-inline-color\">El \u00fanico requerimiento es que la instituci\u00f3n est\u00e9 integrada en el servicio de federaci\u00f3n de identidades de RedIRIS, SIR.<\/mark><\/strong> <strong><mark style=\"background-color:rgba(0, 0, 0, 0);color:#cc7474\" class=\"has-inline-color\">Pero FileSender permite enviar invitaciones a usuarios externos que no tengan SIR, por lo que cualquier persona podr\u00e1 usarlo si usted le env\u00eda una invitaci\u00f3n<\/mark><\/strong><\/em>\u00bb (Filesender).<\/p>\n\n\n\n<p><\/p>\n\n\n\n<ul class=\"wp-block-list\">\n<li><strong>Caracter\u00edsticas:<\/strong>\n<ul class=\"wp-block-list\">\n<li>\u00ab<em>Permite transferir <strong>uno o varios ficheros de hasta 100G<\/strong><\/em><strong>B<\/strong>\n<ul class=\"wp-block-list\">\n<li><\/li>\n<\/ul>\n<\/li>\n\n\n\n<li><em>Eliminacion autom\u00e1tica de los ficheros compartidos al cabo de 30 d\u00edas<\/em><\/li>\n\n\n\n<li><strong><em>Permite enviar invitaciones a usuarios externos para que ellos puedan enviarle a usted ficheros pesados<\/em><\/strong><\/li>\n\n\n\n<li><em>Panel de usuarios para control de transferencias e invitaciones<\/em><\/li>\n\n\n\n<li><em>Informes de transferencia y descarga del fichero. Incluye auditor\u00eda de las trazas.<\/em><\/li>\n\n\n\n<li><strong>P<em>ermite&nbsp; m\u00faltiples&nbsp; destinatarios,&nbsp; hasta&nbsp; 100&nbsp;&nbsp; direcciones&nbsp; de&nbsp; correo,&nbsp; en&nbsp; un&nbsp; \u00fanico&nbsp; env\u00edo<\/em><\/strong><\/li>\n\n\n\n<li><em>Permite&nbsp; establecer&nbsp; \u201ccaducidad\u201d&nbsp; a&nbsp; los&nbsp; archivos&nbsp; enviados,&nbsp; as\u00ed&nbsp; como&nbsp; a&nbsp; las&nbsp; \u201cinvitaciones\u00bb&nbsp; a usuarios externos. M\u00e1ximo de 30 d\u00edas.<\/em><\/li>\n\n\n\n<li><em>Confidencialidad de la informaci\u00f3n garantizada en la nube de RedIRIS<\/em>\u00bb (Filesender).<\/li>\n<\/ul>\n<\/li>\n<\/ul>\n\n\n\n<figure class=\"wp-block-embed is-type-video is-provider-youtube wp-block-embed-youtube wp-embed-aspect-16-9 wp-has-aspect-ratio\"><div class=\"wp-block-embed__wrapper\">\n<iframe loading=\"lazy\" title=\"Beneficios de la interfederaci\u00f3n a trav\u00e9s de eduGAIN\" width=\"750\" height=\"422\" src=\"https:\/\/www.youtube.com\/embed\/u5aqa6tne_U?start=97&#038;feature=oembed\" frameborder=\"0\" allow=\"accelerometer; autoplay; clipboard-write; encrypted-media; gyroscope; picture-in-picture\" allowfullscreen><\/iframe>\n<\/div><figcaption class=\"wp-element-caption\">Redpuntoes (13 may 2013). Beneficios de la interfederaci\u00f3n a trav\u00e9s de eduGAIN<\/figcaption><\/figure>\n\n\n\n<div class=\"wp-block-buttons is-content-justification-center is-layout-flex wp-container-core-buttons-is-layout-16018d1d wp-block-buttons-is-layout-flex\">\n<div class=\"wp-block-button is-style-outline is-style-outline--1\"><a class=\"wp-block-button__link has-text-color wp-element-button\" href=\"http:\/\/filesender.rediris.es\/\" style=\"color:#4115e2\" target=\"_blank\" rel=\"noreferrer noopener\">Acceso al fichero FILESENDER<\/a><\/div>\n<\/div>\n\n\n\n<p><strong>Ventajas Filesender sobre otras soluciones de transferencia de ficheros pesados que coexisten en el mercado (<\/strong>SendBig, WeTransfer, WeSendIt, YouSendIt, TransferNow, BOX y TransferXL<strong>):<\/strong><\/p>\n\n\n\n<ol class=\"wp-block-list\">\n<li>\u00ab<em>Permite mayor tama\u00f1o del archivo<\/em><\/li>\n\n\n\n<li><em>Permite un n\u00famero mayor de d\u00edas de permanencia<\/em><\/li>\n\n\n\n<li><em>Los datos de los ficheros utilizan m\u00e1quinas de confianza en RedIRIS (FileSender) en lugar de las de otros proveedores<\/em><\/li>\n\n\n\n<li><em>A traves del servidor federado de identidad, permite acceder con las credenciales habituales de su institucion<\/em>\u00bb (Filesender).<\/li>\n<\/ol>\n\n\n\n<hr class=\"wp-block-separator has-alpha-channel-opacity\"\/>\n\n\n\n<div class=\"wp-block-group has-extra-small-font-size is-vertical is-layout-flex wp-container-core-group-is-layout-8cf370e7 wp-block-group-is-layout-flex\">\n<div class=\"wp-block-group\"><div class=\"wp-block-group__inner-container is-layout-constrained wp-block-group-is-layout-constrained\">\n<div class=\"wp-block-group has-normal-font-size is-vertical is-layout-flex wp-container-core-group-is-layout-8cf370e7 wp-block-group-is-layout-flex\">\n<div class=\"wp-block-group\" style=\"padding-top:0;padding-right:0;padding-bottom:0;padding-left:0\"><div class=\"wp-block-group__inner-container is-layout-constrained wp-container-core-group-is-layout-82686151 wp-block-group-is-layout-constrained\">\n<div class=\"wp-block-group is-vertical is-layout-flex wp-container-core-group-is-layout-8cf370e7 wp-block-group-is-layout-flex\">\n<p style=\"font-size:12px\">Publicada el\u00a08 de diciembre de 2022, por\u00a0<a href=\"https:\/\/artheke.com\/?author=1\">Cebri\u00e1n Gonz\u00e1lez Mar\u00eda Teresa<\/a><\/p>\n<\/div>\n<\/div><\/div>\n<\/div>\n<\/div><\/div>\n<\/div>\n","protected":false},"excerpt":{"rendered":"<p>Filesender \u00abEs un servicio v\u00eda web que permite intercambiar ficheros de gran tama\u00f1o, que no pueden enviarse como adjuntos al correo electr\u00f3nico\u00ab \u00abEst\u00e1 accesible para su uso completo a todos los usuarios de la Comunidad RedIRIS\u00ab. \u00abEl \u00fanico requerimiento es que la instituci\u00f3n est\u00e9 integrada en el servicio de federaci\u00f3n de identidades de RedIRIS, SIR.&hellip; <a class=\"more-link\" href=\"https:\/\/www.artheke.com\/?page_id=1448\">Seguir leyendo <span class=\"screen-reader-text\">Otras herramientas<\/span><\/a><\/p>\n","protected":false},"author":1,"featured_media":0,"parent":0,"menu_order":0,"comment_status":"closed","ping_status":"closed","template":"","meta":{"footnotes":""},"class_list":["post-1448","page","type-page","status-publish","hentry","entry"],"_links":{"self":[{"href":"https:\/\/www.artheke.com\/index.php?rest_route=\/wp\/v2\/pages\/1448","targetHints":{"allow":["GET"]}}],"collection":[{"href":"https:\/\/www.artheke.com\/index.php?rest_route=\/wp\/v2\/pages"}],"about":[{"href":"https:\/\/www.artheke.com\/index.php?rest_route=\/wp\/v2\/types\/page"}],"author":[{"embeddable":true,"href":"https:\/\/www.artheke.com\/index.php?rest_route=\/wp\/v2\/users\/1"}],"replies":[{"embeddable":true,"href":"https:\/\/www.artheke.com\/index.php?rest_route=%2Fwp%2Fv2%2Fcomments&post=1448"}],"version-history":[{"count":4,"href":"https:\/\/www.artheke.com\/index.php?rest_route=\/wp\/v2\/pages\/1448\/revisions"}],"predecessor-version":[{"id":1454,"href":"https:\/\/www.artheke.com\/index.php?rest_route=\/wp\/v2\/pages\/1448\/revisions\/1454"}],"wp:attachment":[{"href":"https:\/\/www.artheke.com\/index.php?rest_route=%2Fwp%2Fv2%2Fmedia&parent=1448"}],"curies":[{"name":"wp","href":"https:\/\/api.w.org\/{rel}","templated":true}]}}