{"id":1456,"date":"2022-12-08T13:16:21","date_gmt":"2022-12-08T13:16:21","guid":{"rendered":"https:\/\/artheke.com\/?page_id=1456"},"modified":"2022-12-08T13:19:37","modified_gmt":"2022-12-08T13:19:37","slug":"aplicaciones-de-diagramas","status":"publish","type":"page","link":"https:\/\/www.artheke.com\/?page_id=1456","title":{"rendered":"Aplicaciones de diagramas"},"content":{"rendered":"\n<p class=\"has-text-color has-extra-large-font-size\" style=\"color:#dab12b\"><strong>Diagrams.net<\/strong><\/p>\n\n\n\n<p>\u00ab<em>Es un software de dibujo gr\u00e1fico multiplataforma gratuito y de c\u00f3digo abierto desarrollado en HTML5 y JavaScript. Su interfaz se puede utilizar para crear diagramas como diagramas de flujo, estructuras al\u00e1mbricas, diagramas UML, organigramas y diagramas de red<\/em>\u00bb (Wikipedia).<\/p>\n\n\n\n<p><mark style=\"background-color:rgba(0, 0, 0, 0);color:#ad4949\" class=\"has-inline-color\"><strong>Se pueden agregar etiquetas a cualquier tipo de diagrama<\/strong>:<\/mark><\/p>\n\n\n\n<p>\u00ab<em>Con diagrams.net, no solo est\u00e1 limitado a flujos, organigramas, diagramas de red o UML. <strong>Puede usar llaves, corchetes, conectores y rect\u00e1ngulos parciales para agregar etiquetas ordenadas a cualquier tipo de diagrama\u00bb <\/strong>(diagramas.net).<\/em><\/p>\n\n\n\n<figure class=\"wp-block-image size-full\"><img loading=\"lazy\" decoding=\"async\" width=\"698\" height=\"510\" src=\"https:\/\/artheke.com\/wp-content\/uploads\/2022\/12\/labels-example-horse.png\" alt=\"\" class=\"wp-image-1457\" srcset=\"https:\/\/www.artheke.com\/wp-content\/uploads\/2022\/12\/labels-example-horse.png 698w, https:\/\/www.artheke.com\/wp-content\/uploads\/2022\/12\/labels-example-horse-300x219.png 300w\" sizes=\"auto, (max-width: 698px) 100vw, 698px\" \/><figcaption class=\"wp-element-caption\">diagramas.net 17 de noviembre de 2022<\/figcaption><\/figure>\n\n\n\n<div class=\"wp-block-buttons is-layout-flex wp-block-buttons-is-layout-flex\">\n<div class=\"wp-block-button has-custom-width wp-block-button__width-100 is-style-outline is-style-outline--1\"><a class=\"wp-block-button__link has-text-color wp-element-button\" href=\"https:\/\/www.diagrams.net\/blog\/label-any-diagram\" style=\"color:#1a6d8c\" target=\"_blank\" rel=\"noreferrer noopener\">Agregar etiquetas a cualquier tipo de diagrama<\/a><\/div>\n<\/div>\n\n\n\n<hr class=\"wp-block-separator has-alpha-channel-opacity\"\/>\n\n\n\n<p style=\"font-size:14px\">Publicada el&nbsp;8 de diciembre de 2022, por&nbsp;<a href=\"https:\/\/artheke.com\/?author=1\">Cebri\u00e1n Gonz\u00e1lez Mar\u00eda Teresa<\/a><\/p>\n","protected":false},"excerpt":{"rendered":"<p>Diagrams.net \u00abEs un software de dibujo gr\u00e1fico multiplataforma gratuito y de c\u00f3digo abierto desarrollado en HTML5 y JavaScript. Su interfaz se puede utilizar para crear diagramas como diagramas de flujo, estructuras al\u00e1mbricas, diagramas UML, organigramas y diagramas de red\u00bb (Wikipedia). Se pueden agregar etiquetas a cualquier tipo de diagrama: \u00abCon diagrams.net, no solo est\u00e1 limitado&hellip; <a class=\"more-link\" href=\"https:\/\/www.artheke.com\/?page_id=1456\">Seguir leyendo <span class=\"screen-reader-text\">Aplicaciones de diagramas<\/span><\/a><\/p>\n","protected":false},"author":1,"featured_media":0,"parent":0,"menu_order":0,"comment_status":"closed","ping_status":"closed","template":"","meta":{"footnotes":""},"class_list":["post-1456","page","type-page","status-publish","hentry","entry"],"_links":{"self":[{"href":"https:\/\/www.artheke.com\/index.php?rest_route=\/wp\/v2\/pages\/1456","targetHints":{"allow":["GET"]}}],"collection":[{"href":"https:\/\/www.artheke.com\/index.php?rest_route=\/wp\/v2\/pages"}],"about":[{"href":"https:\/\/www.artheke.com\/index.php?rest_route=\/wp\/v2\/types\/page"}],"author":[{"embeddable":true,"href":"https:\/\/www.artheke.com\/index.php?rest_route=\/wp\/v2\/users\/1"}],"replies":[{"embeddable":true,"href":"https:\/\/www.artheke.com\/index.php?rest_route=%2Fwp%2Fv2%2Fcomments&post=1456"}],"version-history":[{"count":4,"href":"https:\/\/www.artheke.com\/index.php?rest_route=\/wp\/v2\/pages\/1456\/revisions"}],"predecessor-version":[{"id":1461,"href":"https:\/\/www.artheke.com\/index.php?rest_route=\/wp\/v2\/pages\/1456\/revisions\/1461"}],"wp:attachment":[{"href":"https:\/\/www.artheke.com\/index.php?rest_route=%2Fwp%2Fv2%2Fmedia&parent=1456"}],"curies":[{"name":"wp","href":"https:\/\/api.w.org\/{rel}","templated":true}]}}