{"id":1479,"date":"2023-01-23T15:43:29","date_gmt":"2023-01-23T15:43:29","guid":{"rendered":"https:\/\/artheke.com\/?page_id=1479"},"modified":"2023-01-23T15:57:26","modified_gmt":"2023-01-23T15:57:26","slug":"acueducto-de-gades","status":"publish","type":"page","link":"https:\/\/www.artheke.com\/?page_id=1479","title":{"rendered":"Acueducto de Gades"},"content":{"rendered":"\n<p>Del acueducto romano de Gades hay diversos estudios en art\u00edculos y tesis, si bien, con el tiempo se ha ido completando la informaci\u00f3n que pudiera tenerse.<\/p>\n\n\n\n<p>El acueducto que llevaba el agua desde el manantial de Tempul hasta la antigua Gades tendr\u00eda unos 83 km, siendo subterr\u00e1neo casi todo su recorrido. <\/p>\n\n\n\n<div class=\"wp-block-cover has-custom-content-position is-position-bottom-right\" style=\"padding-top:0;padding-right:0;padding-bottom:0;padding-left:0;font-size:10px\"><span aria-hidden=\"true\" class=\"wp-block-cover__background has-background-dim-0 has-background-dim\"><\/span><img loading=\"lazy\" decoding=\"async\" width=\"1024\" height=\"576\" class=\"wp-block-cover__image-background wp-image-1483\" alt=\"\" src=\"https:\/\/artheke.com\/wp-content\/uploads\/2023\/01\/2-1024x576.png\" data-object-fit=\"cover\" srcset=\"https:\/\/www.artheke.com\/wp-content\/uploads\/2023\/01\/2-1024x576.png 1024w, https:\/\/www.artheke.com\/wp-content\/uploads\/2023\/01\/2-300x169.png 300w, https:\/\/www.artheke.com\/wp-content\/uploads\/2023\/01\/2-768x432.png 768w, https:\/\/www.artheke.com\/wp-content\/uploads\/2023\/01\/2-1536x864.png 1536w, https:\/\/www.artheke.com\/wp-content\/uploads\/2023\/01\/2-1568x882.png 1568w, https:\/\/www.artheke.com\/wp-content\/uploads\/2023\/01\/2.png 1920w\" sizes=\"auto, (max-width: 1024px) 100vw, 1024px\" \/><div class=\"wp-block-cover__inner-container is-layout-flow wp-block-cover-is-layout-flow\">\n<p class=\"has-text-align-center\">Recorrido del Acueducto. Extra\u00eddo del v\u00eddeo de Aqva Dvcta (2015)<\/p>\n<\/div><\/div>\n\n\n\n<p>De \u00e9l, es destacable el empleo de m\u00faltiples t\u00e9cnicas hidr\u00e1ulicas para la conducci\u00f3n del agua desde su punto de origen a su punto de llegada, entre ellas:<\/p>\n\n\n\n<ul class=\"wp-block-list\">\n<li>canales para el transporte del agua,<\/li>\n\n\n\n<li>sifones invertidos cuya presi\u00f3n hac\u00eda discurrir el agua.<\/li>\n\n\n\n<li>minas o t\u00faneles que llegan a tener m\u00e1s de 20 metros de profundidad para salvar los obst\u00e1culos topogr\u00e1ficos que se encontraban a su paso.<\/li>\n<\/ul>\n\n\n\n<p>Hasta el momento y que se conozca, dada su longitud es considerado el acueducto romano de Hispania. Un ejemplo de la ingenier\u00eda hidr\u00e1ulica romana.<\/p>\n\n\n\n<p>La primera hip\u00f3tesis del trazado de la conducci\u00f3n romana de C\u00e1diz contrastada en campo, \u00ab<em>haciendo uso de diferentes herramientas que se apoyan en el conocimiento de la ingenier\u00eda hidr\u00e1ulica romana<\/em>\u00ab, se realiz\u00f3 en la tesis de Jenny P\u00e9rez Marrero (18-01-2013) \u00abEl trazado del acueducto romano de C\u00e1diz\u00bb. <\/p>\n\n\n\n<div class=\"wp-block-buttons is-layout-flex wp-block-buttons-is-layout-flex\">\n<div class=\"wp-block-button\"><a class=\"wp-block-button__link has-gray-background-color has-background wp-element-button\" href=\"https:\/\/idus.us.es\/handle\/11441\/58713\" target=\"_blank\" rel=\"noreferrer noopener\">Enlace Tesis \u00abEl trazado del acueducto romano de C\u00e1diz\u00bb<\/a><\/div>\n<\/div>\n\n\n\n<p>En 2015, Aqva Dvcta realiz\u00f3 la siguiente recreaci\u00f3n en 3D del acueducto romano de Gades, en el que el agua fue transportada a lo largo de 83 kil\u00f3metros. En el v\u00eddeo figuran algunos de los elementos constructivos:<\/p>\n\n\n\n<figure class=\"wp-block-video\"><video controls src=\"https:\/\/artheke.com\/wp-content\/uploads\/2023\/01\/Acueducto-de-Gades.mp4\"><\/video><\/figure>\n\n\n\n<p><strong>Referencias<\/strong>:<\/p>\n\n\n\n<p>Aqva Dvcta (2015). Acueducto de Gades [Archivo V\u00eddeo]. YouTube. <a href=\"https:\/\/www.youtube.com\/watch?v=jxLgXCAYONo&amp;t=15s\" data-type=\"URL\" data-id=\"https:\/\/www.youtube.com\/watch?v=jxLgXCAYONo&amp;t=15s\" target=\"_blank\" rel=\"noreferrer noopener\">https:\/\/www.youtube.com\/watch?v=jxLgXCAYONo&amp;t=15s<\/a><\/p>\n\n\n\n<p>Perez Marrero, J. (2013).<em> El trazado del acueducto romano de C\u00e1diz<\/em>. [Tesis Doctoral Universidad de Sevilla]. idUS. <a rel=\"noreferrer noopener\" href=\"https:\/\/idus.us.es\/handle\/11441\/58713\" data-type=\"URL\" data-id=\"https:\/\/idus.us.es\/handle\/11441\/58713\" target=\"_blank\">https:\/\/idus.us.es\/handle\/11441\/58713<\/a><\/p>\n\n\n\n<p><\/p>\n\n\n\n<p><\/p>\n","protected":false},"excerpt":{"rendered":"<p>Del acueducto romano de Gades hay diversos estudios en art\u00edculos y tesis, si bien, con el tiempo se ha ido completando la informaci\u00f3n que pudiera tenerse. El acueducto que llevaba el agua desde el manantial de Tempul hasta la antigua Gades tendr\u00eda unos 83 km, siendo subterr\u00e1neo casi todo su recorrido. De \u00e9l, es destacable&hellip; <a class=\"more-link\" href=\"https:\/\/www.artheke.com\/?page_id=1479\">Seguir leyendo <span class=\"screen-reader-text\">Acueducto de Gades<\/span><\/a><\/p>\n","protected":false},"author":1,"featured_media":0,"parent":0,"menu_order":0,"comment_status":"closed","ping_status":"closed","template":"","meta":{"footnotes":""},"class_list":["post-1479","page","type-page","status-publish","hentry","entry"],"_links":{"self":[{"href":"https:\/\/www.artheke.com\/index.php?rest_route=\/wp\/v2\/pages\/1479","targetHints":{"allow":["GET"]}}],"collection":[{"href":"https:\/\/www.artheke.com\/index.php?rest_route=\/wp\/v2\/pages"}],"about":[{"href":"https:\/\/www.artheke.com\/index.php?rest_route=\/wp\/v2\/types\/page"}],"author":[{"embeddable":true,"href":"https:\/\/www.artheke.com\/index.php?rest_route=\/wp\/v2\/users\/1"}],"replies":[{"embeddable":true,"href":"https:\/\/www.artheke.com\/index.php?rest_route=%2Fwp%2Fv2%2Fcomments&post=1479"}],"version-history":[{"count":4,"href":"https:\/\/www.artheke.com\/index.php?rest_route=\/wp\/v2\/pages\/1479\/revisions"}],"predecessor-version":[{"id":1495,"href":"https:\/\/www.artheke.com\/index.php?rest_route=\/wp\/v2\/pages\/1479\/revisions\/1495"}],"wp:attachment":[{"href":"https:\/\/www.artheke.com\/index.php?rest_route=%2Fwp%2Fv2%2Fmedia&parent=1479"}],"curies":[{"name":"wp","href":"https:\/\/api.w.org\/{rel}","templated":true}]}}