{"id":1524,"date":"2023-02-19T13:24:42","date_gmt":"2023-02-19T13:24:42","guid":{"rendered":"https:\/\/artheke.com\/?page_id=1524"},"modified":"2023-03-07T19:49:17","modified_gmt":"2023-03-07T19:49:17","slug":"instrumentos-y-tecnicas-de-analisis-del-territorio","status":"publish","type":"page","link":"https:\/\/www.artheke.com\/?page_id=1524","title":{"rendered":"Instrumentos y T\u00e9cnicas de An\u00e1lisis del Territorio"},"content":{"rendered":"\n<p><a rel=\"noreferrer noopener\" href=\"https:\/\/www.mindomo.com\/es\/mindmap\/0853c15671fc439d996268b573aefd9a\" data-type=\"URL\" data-id=\"https:\/\/www.mindomo.com\/es\/mindmap\/0853c15671fc439d996268b573aefd9a\" target=\"_blank\">EL POTENCIAL GEOGR\u00c1FICO DE LA INFORMACI\u00d3N: DATOS Y FUENTES PARA EL ESTUDIO ESPACIAL<\/a><\/p>\n\n\n\n<figure class=\"wp-block-image size-full\"><img loading=\"lazy\" decoding=\"async\" width=\"990\" height=\"878\" src=\"https:\/\/artheke.com\/wp-content\/uploads\/2023\/02\/6.png\" alt=\"\" class=\"wp-image-1534\" srcset=\"https:\/\/www.artheke.com\/wp-content\/uploads\/2023\/02\/6.png 990w, https:\/\/www.artheke.com\/wp-content\/uploads\/2023\/02\/6-300x266.png 300w, https:\/\/www.artheke.com\/wp-content\/uploads\/2023\/02\/6-768x681.png 768w\" sizes=\"auto, (max-width: 990px) 100vw, 990px\" \/><figcaption class=\"wp-element-caption\"><a rel=\"noreferrer noopener\" href=\"https:\/\/www.mindomo.com\/es\/mindmap\/instrumentos-y-tecnicas-de-analisis-del-territorio-grado-historia-y-patrimonio-ubu-2023-0853c15671fc439d996268b573aefd9a\" data-type=\"URL\" data-id=\"https:\/\/www.mindomo.com\/es\/mindmap\/instrumentos-y-tecnicas-de-analisis-del-territorio-grado-historia-y-patrimonio-ubu-2023-0853c15671fc439d996268b573aefd9a\" target=\"_blank\">Diagrama de Datos y Fuentes para el estudio espacial: autor\u00eda propia.<\/a><\/figcaption><\/figure>\n\n\n\n<hr class=\"wp-block-separator has-alpha-channel-opacity\"\/>\n\n\n\n<div class=\"wp-block-group has-extra-small-font-size\"><div class=\"wp-block-group__inner-container is-layout-constrained wp-block-group-is-layout-constrained\">\n<div class=\"wp-block-group\"><div class=\"wp-block-group__inner-container is-layout-constrained wp-block-group-is-layout-constrained\">\n<div class=\"wp-block-group\"><div class=\"wp-block-group__inner-container is-layout-constrained wp-block-group-is-layout-constrained\">\n<div class=\"wp-block-group\" style=\"line-height:1.2\"><div class=\"wp-block-group__inner-container is-layout-constrained wp-block-group-is-layout-constrained\">\n<p style=\"font-size:12px;line-height:1.4\">Publicada el&nbsp;19 de febrero de 2023<\/p>\n\n\n\n<p style=\"font-size:12px;line-height:0\">Por&nbsp;<a href=\"https:\/\/artheke.com\/?author=1\">Cebri\u00e1n Gonz\u00e1lez, Mar\u00eda Teresa<\/a><\/p>\n<\/div><\/div>\n<\/div><\/div>\n<\/div><\/div>\n<\/div><\/div>\n","protected":false},"excerpt":{"rendered":"<p>EL POTENCIAL GEOGR\u00c1FICO DE LA INFORMACI\u00d3N: DATOS Y FUENTES PARA EL ESTUDIO ESPACIAL Publicada el&nbsp;19 de febrero de 2023 Por&nbsp;Cebri\u00e1n Gonz\u00e1lez, Mar\u00eda Teresa<\/p>\n","protected":false},"author":1,"featured_media":0,"parent":0,"menu_order":0,"comment_status":"closed","ping_status":"closed","template":"","meta":{"footnotes":""},"class_list":["post-1524","page","type-page","status-publish","hentry","entry"],"_links":{"self":[{"href":"https:\/\/www.artheke.com\/index.php?rest_route=\/wp\/v2\/pages\/1524","targetHints":{"allow":["GET"]}}],"collection":[{"href":"https:\/\/www.artheke.com\/index.php?rest_route=\/wp\/v2\/pages"}],"about":[{"href":"https:\/\/www.artheke.com\/index.php?rest_route=\/wp\/v2\/types\/page"}],"author":[{"embeddable":true,"href":"https:\/\/www.artheke.com\/index.php?rest_route=\/wp\/v2\/users\/1"}],"replies":[{"embeddable":true,"href":"https:\/\/www.artheke.com\/index.php?rest_route=%2Fwp%2Fv2%2Fcomments&post=1524"}],"version-history":[{"count":8,"href":"https:\/\/www.artheke.com\/index.php?rest_route=\/wp\/v2\/pages\/1524\/revisions"}],"predecessor-version":[{"id":1750,"href":"https:\/\/www.artheke.com\/index.php?rest_route=\/wp\/v2\/pages\/1524\/revisions\/1750"}],"wp:attachment":[{"href":"https:\/\/www.artheke.com\/index.php?rest_route=%2Fwp%2Fv2%2Fmedia&parent=1524"}],"curies":[{"name":"wp","href":"https:\/\/api.w.org\/{rel}","templated":true}]}}