{"id":1586,"date":"2023-02-21T06:17:54","date_gmt":"2023-02-21T06:17:54","guid":{"rendered":"https:\/\/artheke.com\/?page_id=1586"},"modified":"2023-02-21T06:23:13","modified_gmt":"2023-02-21T06:23:13","slug":"patrimonio-cultural-de-aragon","status":"publish","type":"page","link":"https:\/\/www.artheke.com\/?page_id=1586","title":{"rendered":"Patrimonio Cultural de Arag\u00f3n"},"content":{"rendered":"\n<figure class=\"wp-block-image size-large\"><img loading=\"lazy\" decoding=\"async\" width=\"1024\" height=\"478\" src=\"https:\/\/artheke.com\/wp-content\/uploads\/2023\/02\/image-12-1024x478.png\" alt=\"\" class=\"wp-image-1590\" srcset=\"https:\/\/www.artheke.com\/wp-content\/uploads\/2023\/02\/image-12-1024x478.png 1024w, https:\/\/www.artheke.com\/wp-content\/uploads\/2023\/02\/image-12-300x140.png 300w, https:\/\/www.artheke.com\/wp-content\/uploads\/2023\/02\/image-12-768x358.png 768w, https:\/\/www.artheke.com\/wp-content\/uploads\/2023\/02\/image-12.png 1438w\" sizes=\"auto, (max-width: 1024px) 100vw, 1024px\" \/><\/figure>\n\n\n\n<figure class=\"wp-block-image size-large\"><img loading=\"lazy\" decoding=\"async\" width=\"1024\" height=\"470\" src=\"https:\/\/artheke.com\/wp-content\/uploads\/2023\/02\/image-9-1024x470.png\" alt=\"\" class=\"wp-image-1587\" srcset=\"https:\/\/www.artheke.com\/wp-content\/uploads\/2023\/02\/image-9-1024x470.png 1024w, https:\/\/www.artheke.com\/wp-content\/uploads\/2023\/02\/image-9-300x138.png 300w, https:\/\/www.artheke.com\/wp-content\/uploads\/2023\/02\/image-9-768x352.png 768w, https:\/\/www.artheke.com\/wp-content\/uploads\/2023\/02\/image-9.png 1438w\" sizes=\"auto, (max-width: 1024px) 100vw, 1024px\" \/><\/figure>\n\n\n\n<figure class=\"wp-block-image size-large\"><img loading=\"lazy\" decoding=\"async\" width=\"1024\" height=\"474\" src=\"https:\/\/artheke.com\/wp-content\/uploads\/2023\/02\/image-10-1024x474.png\" alt=\"\" class=\"wp-image-1588\" srcset=\"https:\/\/www.artheke.com\/wp-content\/uploads\/2023\/02\/image-10-1024x474.png 1024w, https:\/\/www.artheke.com\/wp-content\/uploads\/2023\/02\/image-10-300x139.png 300w, https:\/\/www.artheke.com\/wp-content\/uploads\/2023\/02\/image-10-768x355.png 768w, https:\/\/www.artheke.com\/wp-content\/uploads\/2023\/02\/image-10.png 1428w\" sizes=\"auto, (max-width: 1024px) 100vw, 1024px\" \/><\/figure>\n\n\n\n<figure class=\"wp-block-image size-large\"><img loading=\"lazy\" decoding=\"async\" width=\"1024\" height=\"481\" src=\"https:\/\/artheke.com\/wp-content\/uploads\/2023\/02\/image-11-1024x481.png\" alt=\"\" class=\"wp-image-1589\" srcset=\"https:\/\/www.artheke.com\/wp-content\/uploads\/2023\/02\/image-11-1024x481.png 1024w, https:\/\/www.artheke.com\/wp-content\/uploads\/2023\/02\/image-11-300x141.png 300w, https:\/\/www.artheke.com\/wp-content\/uploads\/2023\/02\/image-11-768x361.png 768w, https:\/\/www.artheke.com\/wp-content\/uploads\/2023\/02\/image-11.png 1453w\" sizes=\"auto, (max-width: 1024px) 100vw, 1024px\" \/><\/figure>\n\n\n\n<div class=\"wp-block-buttons is-layout-flex wp-block-buttons-is-layout-flex\">\n<div class=\"wp-block-button has-custom-font-size is-style-fill has-extra-large-font-size\"><a class=\"wp-block-button__link has-gray-color has-red-to-purple-gradient-background has-text-color has-background wp-element-button\" href=\"https:\/\/patrimonioculturaldearagon.es\/fundaciones\/sipca\/\" target=\"_blank\" rel=\"noreferrer noopener\">SIPCA:                                                                             SISTEMA DE INFORMACI\u00d3N DEL PATRIMONIO CULTURAL ARAGON\u00c9S<\/a><\/div>\n<\/div>\n\n\n\n<figure class=\"wp-block-image size-large\"><img loading=\"lazy\" decoding=\"async\" width=\"1024\" height=\"420\" src=\"https:\/\/artheke.com\/wp-content\/uploads\/2023\/02\/image-13-1024x420.png\" alt=\"\" class=\"wp-image-1591\" srcset=\"https:\/\/www.artheke.com\/wp-content\/uploads\/2023\/02\/image-13-1024x420.png 1024w, https:\/\/www.artheke.com\/wp-content\/uploads\/2023\/02\/image-13-300x123.png 300w, https:\/\/www.artheke.com\/wp-content\/uploads\/2023\/02\/image-13-768x315.png 768w, https:\/\/www.artheke.com\/wp-content\/uploads\/2023\/02\/image-13.png 1445w\" sizes=\"auto, (max-width: 1024px) 100vw, 1024px\" \/><\/figure>\n\n\n\n<figure class=\"wp-block-image size-large\"><img loading=\"lazy\" decoding=\"async\" width=\"1024\" height=\"466\" src=\"https:\/\/artheke.com\/wp-content\/uploads\/2023\/02\/image-15-1024x466.png\" alt=\"\" class=\"wp-image-1593\" srcset=\"https:\/\/www.artheke.com\/wp-content\/uploads\/2023\/02\/image-15-1024x466.png 1024w, https:\/\/www.artheke.com\/wp-content\/uploads\/2023\/02\/image-15-300x137.png 300w, https:\/\/www.artheke.com\/wp-content\/uploads\/2023\/02\/image-15-768x350.png 768w, https:\/\/www.artheke.com\/wp-content\/uploads\/2023\/02\/image-15.png 1459w\" sizes=\"auto, (max-width: 1024px) 100vw, 1024px\" \/><\/figure>\n\n\n\n<figure class=\"wp-block-image size-large\"><img loading=\"lazy\" decoding=\"async\" width=\"1024\" height=\"505\" src=\"https:\/\/artheke.com\/wp-content\/uploads\/2023\/02\/image-16-1024x505.png\" alt=\"\" class=\"wp-image-1594\" srcset=\"https:\/\/www.artheke.com\/wp-content\/uploads\/2023\/02\/image-16-1024x505.png 1024w, https:\/\/www.artheke.com\/wp-content\/uploads\/2023\/02\/image-16-300x148.png 300w, https:\/\/www.artheke.com\/wp-content\/uploads\/2023\/02\/image-16-768x378.png 768w, https:\/\/www.artheke.com\/wp-content\/uploads\/2023\/02\/image-16.png 1459w\" sizes=\"auto, (max-width: 1024px) 100vw, 1024px\" \/><\/figure>\n\n\n\n<figure class=\"wp-block-image size-large\"><img loading=\"lazy\" decoding=\"async\" width=\"1024\" height=\"698\" src=\"https:\/\/artheke.com\/wp-content\/uploads\/2023\/02\/Fallas_Sahun-05-1024x698.jpg\" alt=\"\" class=\"wp-image-1595\" srcset=\"https:\/\/www.artheke.com\/wp-content\/uploads\/2023\/02\/Fallas_Sahun-05-1024x698.jpg 1024w, https:\/\/www.artheke.com\/wp-content\/uploads\/2023\/02\/Fallas_Sahun-05-300x205.jpg 300w, https:\/\/www.artheke.com\/wp-content\/uploads\/2023\/02\/Fallas_Sahun-05-768x524.jpg 768w, https:\/\/www.artheke.com\/wp-content\/uploads\/2023\/02\/Fallas_Sahun-05-1536x1048.jpg 1536w, https:\/\/www.artheke.com\/wp-content\/uploads\/2023\/02\/Fallas_Sahun-05-1568x1070.jpg 1568w, https:\/\/www.artheke.com\/wp-content\/uploads\/2023\/02\/Fallas_Sahun-05.jpg 1900w\" sizes=\"auto, (max-width: 1024px) 100vw, 1024px\" \/><figcaption class=\"wp-element-caption\">Fallas de Sah\u00fan. Parque Cultural de Vall de Ben\u00e1s.<br> Extra\u00eddo de <a rel=\"noreferrer noopener\" href=\"https:\/\/patrimonioculturaldearagon.es\/parques_culturales\/parque-cultural-vall-de-benas\/\" target=\"_blank\">Parque Cultural de Arag\u00f3n<\/a><\/figcaption><\/figure>\n\n\n\n<figure class=\"wp-block-image size-large\"><img loading=\"lazy\" decoding=\"async\" width=\"1024\" height=\"466\" src=\"https:\/\/artheke.com\/wp-content\/uploads\/2023\/02\/image-17-1024x466.png\" alt=\"\" class=\"wp-image-1596\" srcset=\"https:\/\/www.artheke.com\/wp-content\/uploads\/2023\/02\/image-17-1024x466.png 1024w, https:\/\/www.artheke.com\/wp-content\/uploads\/2023\/02\/image-17-300x137.png 300w, https:\/\/www.artheke.com\/wp-content\/uploads\/2023\/02\/image-17-768x350.png 768w, https:\/\/www.artheke.com\/wp-content\/uploads\/2023\/02\/image-17.png 1440w\" sizes=\"auto, (max-width: 1024px) 100vw, 1024px\" \/><figcaption class=\"wp-element-caption\"><a rel=\"noreferrer noopener\" href=\"https:\/\/prometheus.museum\/ca\/\" data-type=\"URL\" data-id=\"https:\/\/prometheus.museum\/ca\/\" target=\"_blank\">Mus\u00e9e.Prometheus<\/a><\/figcaption><\/figure>\n\n\n\n<div class=\"wp-block-group\" style=\"font-size:10px;line-height:0\"><div class=\"wp-block-group__inner-container is-layout-constrained wp-block-group-is-layout-constrained\">\n<p style=\"line-height:0\">Publicada el\u00a021 de marzo de 2023<\/p>\n\n\n\n<p style=\"line-height:0\">Por&nbsp;<a href=\"https:\/\/artheke.com\/?author=1\">Cebri\u00e1n Gonz\u00e1lez, Mar\u00eda Teresa<\/a><\/p>\n<\/div><\/div>\n\n\n\n<p><\/p>\n","protected":false},"excerpt":{"rendered":"<p>Publicada el\u00a021 de marzo de 2023 Por&nbsp;Cebri\u00e1n Gonz\u00e1lez, Mar\u00eda Teresa<\/p>\n","protected":false},"author":1,"featured_media":0,"parent":0,"menu_order":0,"comment_status":"closed","ping_status":"closed","template":"","meta":{"footnotes":""},"class_list":["post-1586","page","type-page","status-publish","hentry","entry"],"_links":{"self":[{"href":"https:\/\/www.artheke.com\/index.php?rest_route=\/wp\/v2\/pages\/1586","targetHints":{"allow":["GET"]}}],"collection":[{"href":"https:\/\/www.artheke.com\/index.php?rest_route=\/wp\/v2\/pages"}],"about":[{"href":"https:\/\/www.artheke.com\/index.php?rest_route=\/wp\/v2\/types\/page"}],"author":[{"embeddable":true,"href":"https:\/\/www.artheke.com\/index.php?rest_route=\/wp\/v2\/users\/1"}],"replies":[{"embeddable":true,"href":"https:\/\/www.artheke.com\/index.php?rest_route=%2Fwp%2Fv2%2Fcomments&post=1586"}],"version-history":[{"count":4,"href":"https:\/\/www.artheke.com\/index.php?rest_route=\/wp\/v2\/pages\/1586\/revisions"}],"predecessor-version":[{"id":1601,"href":"https:\/\/www.artheke.com\/index.php?rest_route=\/wp\/v2\/pages\/1586\/revisions\/1601"}],"wp:attachment":[{"href":"https:\/\/www.artheke.com\/index.php?rest_route=%2Fwp%2Fv2%2Fmedia&parent=1586"}],"curies":[{"name":"wp","href":"https:\/\/api.w.org\/{rel}","templated":true}]}}