{"id":1736,"date":"2023-03-07T17:25:33","date_gmt":"2023-03-07T17:25:33","guid":{"rendered":"https:\/\/artheke.com\/?page_id=1736"},"modified":"2023-03-07T17:29:14","modified_gmt":"2023-03-07T17:29:14","slug":"modernalia-recursos-para-la-ensenanza-de-la-historia-moderna","status":"publish","type":"page","link":"https:\/\/www.artheke.com\/?page_id=1736","title":{"rendered":"Modernalia. Recursos para la ense\u00f1anza de la Historia Moderna."},"content":{"rendered":"\n<p class=\"has-large-font-size\">\u00ab<em><strong>La plataforma se articula alrededor de seis grandes bloques de recursos (textos, im\u00e1genes, multimedia, webs, gr\u00e1ficos y estad\u00edsticas), todos ellos interconectados a trav\u00e9s de la selecci\u00f3n de t\u00e9rminos y palabras clave, relativos al amplio marco cronol\u00f3gico y tem\u00e1tico que transcurre entre finales del siglo XV y principios del siglo XIX\u00bb<\/strong><\/em> (Modernalia).<\/p>\n\n\n\n<figure class=\"wp-block-image size-large\"><img loading=\"lazy\" decoding=\"async\" width=\"1024\" height=\"505\" src=\"https:\/\/artheke.com\/wp-content\/uploads\/2023\/03\/image-1-1024x505.png\" alt=\"\" class=\"wp-image-1738\" srcset=\"https:\/\/www.artheke.com\/wp-content\/uploads\/2023\/03\/image-1-1024x505.png 1024w, https:\/\/www.artheke.com\/wp-content\/uploads\/2023\/03\/image-1-300x148.png 300w, https:\/\/www.artheke.com\/wp-content\/uploads\/2023\/03\/image-1-768x379.png 768w, https:\/\/www.artheke.com\/wp-content\/uploads\/2023\/03\/image-1.png 1459w\" sizes=\"auto, (max-width: 1024px) 100vw, 1024px\" \/><figcaption class=\"wp-element-caption\"><a href=\"https:\/\/www.modernalia.es\/modernalia-proyecto\" data-type=\"URL\" data-id=\"https:\/\/www.modernalia.es\/modernalia-proyecto\" target=\"_blank\" rel=\"noreferrer noopener\">Modernalia<\/a><\/figcaption><\/figure>\n\n\n\n<figure class=\"wp-block-image size-full\"><img loading=\"lazy\" decoding=\"async\" width=\"569\" height=\"334\" src=\"https:\/\/artheke.com\/wp-content\/uploads\/2023\/03\/75.jpg\" alt=\"\" class=\"wp-image-1740\" srcset=\"https:\/\/www.artheke.com\/wp-content\/uploads\/2023\/03\/75.jpg 569w, https:\/\/www.artheke.com\/wp-content\/uploads\/2023\/03\/75-300x176.jpg 300w\" sizes=\"auto, (max-width: 569px) 100vw, 569px\" \/><figcaption class=\"wp-element-caption\"><a rel=\"noreferrer noopener\" href=\"https:\/\/fehm.csic.es\/2021\/05\/14\/presentacin-de-modernalia-recursos-para-la-enseanz-a-de-la-historia-moderna\/\" data-type=\"URL\" data-id=\"https:\/\/fehm.csic.es\/2021\/05\/14\/presentacin-de-modernalia-recursos-para-la-enseanz-a-de-la-historia-moderna\/\" target=\"_blank\">Presentaci\u00f3n de Modernalia<\/a><\/figcaption><\/figure>\n\n\n\n<hr class=\"wp-block-separator has-alpha-channel-opacity\"\/>\n\n\n\n<div class=\"wp-block-group\" style=\"font-size:10px;line-height:0\"><div class=\"wp-block-group__inner-container is-layout-constrained wp-block-group-is-layout-constrained\">\n<p style=\"line-height:0\">Publicada el\u00a07 de marzo de 2023<\/p>\n\n\n\n<p style=\"line-height:0\">Por\u00a0<a href=\"https:\/\/artheke.com\/?author=1\">Cebri\u00e1n Gonz\u00e1lez, Mar\u00eda Teresa<\/a><\/p>\n<\/div><\/div>\n\n\n\n<p><\/p>\n","protected":false},"excerpt":{"rendered":"<p>\u00abLa plataforma se articula alrededor de seis grandes bloques de recursos (textos, im\u00e1genes, multimedia, webs, gr\u00e1ficos y estad\u00edsticas), todos ellos interconectados a trav\u00e9s de la selecci\u00f3n de t\u00e9rminos y palabras clave, relativos al amplio marco cronol\u00f3gico y tem\u00e1tico que transcurre entre finales del siglo XV y principios del siglo XIX\u00bb (Modernalia). Publicada el\u00a07 de marzo&hellip; <a class=\"more-link\" href=\"https:\/\/www.artheke.com\/?page_id=1736\">Seguir leyendo <span class=\"screen-reader-text\">Modernalia. Recursos para la ense\u00f1anza de la Historia Moderna.<\/span><\/a><\/p>\n","protected":false},"author":1,"featured_media":1739,"parent":0,"menu_order":0,"comment_status":"closed","ping_status":"closed","template":"","meta":{"footnotes":""},"class_list":["post-1736","page","type-page","status-publish","has-post-thumbnail","hentry","entry"],"_links":{"self":[{"href":"https:\/\/www.artheke.com\/index.php?rest_route=\/wp\/v2\/pages\/1736","targetHints":{"allow":["GET"]}}],"collection":[{"href":"https:\/\/www.artheke.com\/index.php?rest_route=\/wp\/v2\/pages"}],"about":[{"href":"https:\/\/www.artheke.com\/index.php?rest_route=\/wp\/v2\/types\/page"}],"author":[{"embeddable":true,"href":"https:\/\/www.artheke.com\/index.php?rest_route=\/wp\/v2\/users\/1"}],"replies":[{"embeddable":true,"href":"https:\/\/www.artheke.com\/index.php?rest_route=%2Fwp%2Fv2%2Fcomments&post=1736"}],"version-history":[{"count":3,"href":"https:\/\/www.artheke.com\/index.php?rest_route=\/wp\/v2\/pages\/1736\/revisions"}],"predecessor-version":[{"id":1743,"href":"https:\/\/www.artheke.com\/index.php?rest_route=\/wp\/v2\/pages\/1736\/revisions\/1743"}],"wp:featuredmedia":[{"embeddable":true,"href":"https:\/\/www.artheke.com\/index.php?rest_route=\/wp\/v2\/media\/1739"}],"wp:attachment":[{"href":"https:\/\/www.artheke.com\/index.php?rest_route=%2Fwp%2Fv2%2Fmedia&parent=1736"}],"curies":[{"name":"wp","href":"https:\/\/api.w.org\/{rel}","templated":true}]}}