{"id":1751,"date":"2023-03-07T20:02:35","date_gmt":"2023-03-07T20:02:35","guid":{"rendered":"https:\/\/artheke.com\/?page_id=1751"},"modified":"2023-03-07T20:04:45","modified_gmt":"2023-03-07T20:04:45","slug":"didactalia","status":"publish","type":"page","link":"https:\/\/www.artheke.com\/?page_id=1751","title":{"rendered":"DIDACTALIA"},"content":{"rendered":"\n<p>Una plataforma que te lleva por toda la geograf\u00eda del mundo al tiempo que se aprende jugando.<\/p>\n\n\n\n<p>Se adapta a todo tipo de dispositivos m\u00f3viles y tabletas:<\/p>\n\n\n\n<div class=\"wp-block-buttons is-content-justification-center is-layout-flex wp-container-core-buttons-is-layout-16018d1d wp-block-buttons-is-layout-flex\">\n<div class=\"wp-block-button aligncenter\"><a class=\"wp-block-button__link has-background wp-element-button\" href=\"https:\/\/mapasinteractivos.didactalia.net\/comunidad\/mapasflashinteractivos\" style=\"background-color:#dd1e1e\" target=\"_blank\" rel=\"noreferrer noopener\">DIDACTALIA<\/a><\/div>\n<\/div>\n\n\n\n<div class=\"wp-block-group is-vertical is-layout-flex wp-container-core-group-is-layout-8cf370e7 wp-block-group-is-layout-flex\">\n<div class=\"wp-block-group\" style=\"font-style:normal;font-weight:200;line-height:0.8\"><div class=\"wp-block-group__inner-container is-layout-constrained wp-block-group-is-layout-constrained\">\n<hr class=\"wp-block-separator has-alpha-channel-opacity\"\/>\n<\/div><\/div>\n<\/div>\n\n\n\n<div class=\"wp-block-group\" style=\"font-size:10px;line-height:0.9\"><div class=\"wp-block-group__inner-container is-layout-constrained wp-block-group-is-layout-constrained\">\n<p>Publicada el&nbsp;1 de junio de 2022<\/p>\n\n\n\n<p style=\"line-height:0\">Por&nbsp;<a href=\"https:\/\/artheke.com\/?author=1\">Cebri\u00e1n Gonz\u00e1lez, Mar\u00eda Teresa<\/a><\/p>\n<\/div><\/div>\n","protected":false},"excerpt":{"rendered":"<p>Una plataforma que te lleva por toda la geograf\u00eda del mundo al tiempo que se aprende jugando. Se adapta a todo tipo de dispositivos m\u00f3viles y tabletas: Publicada el&nbsp;1 de junio de 2022 Por&nbsp;Cebri\u00e1n Gonz\u00e1lez, Mar\u00eda Teresa<\/p>\n","protected":false},"author":1,"featured_media":1754,"parent":0,"menu_order":0,"comment_status":"closed","ping_status":"closed","template":"","meta":{"footnotes":""},"class_list":["post-1751","page","type-page","status-publish","has-post-thumbnail","hentry","entry"],"_links":{"self":[{"href":"https:\/\/www.artheke.com\/index.php?rest_route=\/wp\/v2\/pages\/1751","targetHints":{"allow":["GET"]}}],"collection":[{"href":"https:\/\/www.artheke.com\/index.php?rest_route=\/wp\/v2\/pages"}],"about":[{"href":"https:\/\/www.artheke.com\/index.php?rest_route=\/wp\/v2\/types\/page"}],"author":[{"embeddable":true,"href":"https:\/\/www.artheke.com\/index.php?rest_route=\/wp\/v2\/users\/1"}],"replies":[{"embeddable":true,"href":"https:\/\/www.artheke.com\/index.php?rest_route=%2Fwp%2Fv2%2Fcomments&post=1751"}],"version-history":[{"count":2,"href":"https:\/\/www.artheke.com\/index.php?rest_route=\/wp\/v2\/pages\/1751\/revisions"}],"predecessor-version":[{"id":1755,"href":"https:\/\/www.artheke.com\/index.php?rest_route=\/wp\/v2\/pages\/1751\/revisions\/1755"}],"wp:featuredmedia":[{"embeddable":true,"href":"https:\/\/www.artheke.com\/index.php?rest_route=\/wp\/v2\/media\/1754"}],"wp:attachment":[{"href":"https:\/\/www.artheke.com\/index.php?rest_route=%2Fwp%2Fv2%2Fmedia&parent=1751"}],"curies":[{"name":"wp","href":"https:\/\/api.w.org\/{rel}","templated":true}]}}