{"id":180,"date":"2021-12-27T03:29:18","date_gmt":"2021-12-27T03:29:18","guid":{"rendered":"https:\/\/artheke.com\/?page_id=180"},"modified":"2026-01-20T21:43:43","modified_gmt":"2026-01-20T21:43:43","slug":"archivos-bibliotecas-y-museos-digitales","status":"publish","type":"page","link":"https:\/\/www.artheke.com\/","title":{"rendered":"Archivos, Bibliotecas y Museos Digitales\/Virtuales"},"content":{"rendered":"\n<p><\/p>\n\n\n\n<p><\/p>\n\n\n\n<p><\/p>\n\n\n\n<p><\/p>\n\n\n\n<p><\/p>\n\n\n\n<p><\/p>\n\n\n\n<p><\/p>\n\n\n\n<p><\/p>\n\n\n\n<figure class=\"wp-block-image size-large is-style-rounded\"><img loading=\"lazy\" decoding=\"async\" width=\"1024\" height=\"697\" src=\"https:\/\/artheke.com\/wp-content\/uploads\/2021\/12\/pexels-david-yu-2081170-1024x697.jpg\" alt=\"\" class=\"wp-image-184\" srcset=\"https:\/\/www.artheke.com\/wp-content\/uploads\/2021\/12\/pexels-david-yu-2081170-1024x697.jpg 1024w, https:\/\/www.artheke.com\/wp-content\/uploads\/2021\/12\/pexels-david-yu-2081170-300x204.jpg 300w, https:\/\/www.artheke.com\/wp-content\/uploads\/2021\/12\/pexels-david-yu-2081170-768x523.jpg 768w, https:\/\/www.artheke.com\/wp-content\/uploads\/2021\/12\/pexels-david-yu-2081170-1536x1046.jpg 1536w, https:\/\/www.artheke.com\/wp-content\/uploads\/2021\/12\/pexels-david-yu-2081170-2048x1394.jpg 2048w, https:\/\/www.artheke.com\/wp-content\/uploads\/2021\/12\/pexels-david-yu-2081170-1568x1068.jpg 1568w\" sizes=\"auto, (max-width: 1024px) 100vw, 1024px\" \/><figcaption class=\"wp-element-caption\"><code>Foto de&nbsp;<strong><a href=\"https:\/\/www.pexels.com\/es-es\/@psad?utm_content=attributionCopyText&amp;utm_medium=referral&amp;utm_source=pexels\">David Yu<\/a><\/strong>&nbsp;en&nbsp;<strong><a href=\"https:\/\/www.pexels.com\/es-es\/foto\/persona-subiendo-escaleras-foto-en-escala-de-grises-2081172\/?utm_content=attributionCopyText&amp;utm_medium=referral&amp;utm_source=pexels\">Pexels<\/a><\/strong><\/code><\/figcaption><\/figure>\n\n\n\n<p class=\"has-drop-cap\">Una web en la que localizar los numerosos enlaces de <strong>archivos, bibliotecas y museos digitales<\/strong>\/<strong>virtuales<\/strong>. Un rico patrimonio que encontramos en toda la geograf\u00eda \u2014a la que tambi\u00e9n se dedica la atenci\u00f3n\u2014 y que nos acerca al conocimiento de la historia y de la historia del arte.<\/p>\n\n\n\n<p class=\"has-extra-small-font-size\" style=\"line-height:0\">Publicada el&nbsp;26 de diciembre de 2021<\/p>\n\n\n\n<p class=\"has-extra-small-font-size\" style=\"line-height:0\">Por\u00a0<a href=\"https:\/\/www.artheke.com\/?page_id=47\">Cebri\u00e1n Gonz\u00e1lez, Mar\u00eda Teresa<\/a><\/p>\n","protected":false},"excerpt":{"rendered":"<p>Una web en la que localizar los numerosos enlaces de archivos, bibliotecas y museos digitales\/virtuales. Un rico patrimonio que encontramos en toda la geograf\u00eda \u2014a la que tambi\u00e9n se dedica la atenci\u00f3n\u2014 y que nos acerca al conocimiento de la historia y de la historia del arte. Publicada el&nbsp;26 de diciembre de 2021 Por\u00a0Cebri\u00e1n Gonz\u00e1lez,&hellip; <a class=\"more-link\" href=\"https:\/\/www.artheke.com\/\">Seguir leyendo <span class=\"screen-reader-text\">Archivos, Bibliotecas y Museos Digitales\/Virtuales<\/span><\/a><\/p>\n","protected":false},"author":1,"featured_media":0,"parent":0,"menu_order":0,"comment_status":"closed","ping_status":"closed","template":"","meta":{"footnotes":""},"class_list":["post-180","page","type-page","status-publish","hentry","entry"],"_links":{"self":[{"href":"https:\/\/www.artheke.com\/index.php?rest_route=\/wp\/v2\/pages\/180","targetHints":{"allow":["GET"]}}],"collection":[{"href":"https:\/\/www.artheke.com\/index.php?rest_route=\/wp\/v2\/pages"}],"about":[{"href":"https:\/\/www.artheke.com\/index.php?rest_route=\/wp\/v2\/types\/page"}],"author":[{"embeddable":true,"href":"https:\/\/www.artheke.com\/index.php?rest_route=\/wp\/v2\/users\/1"}],"replies":[{"embeddable":true,"href":"https:\/\/www.artheke.com\/index.php?rest_route=%2Fwp%2Fv2%2Fcomments&post=180"}],"version-history":[{"count":26,"href":"https:\/\/www.artheke.com\/index.php?rest_route=\/wp\/v2\/pages\/180\/revisions"}],"predecessor-version":[{"id":2163,"href":"https:\/\/www.artheke.com\/index.php?rest_route=\/wp\/v2\/pages\/180\/revisions\/2163"}],"wp:attachment":[{"href":"https:\/\/www.artheke.com\/index.php?rest_route=%2Fwp%2Fv2%2Fmedia&parent=180"}],"curies":[{"name":"wp","href":"https:\/\/api.w.org\/{rel}","templated":true}]}}