{"id":1811,"date":"2023-03-09T06:26:50","date_gmt":"2023-03-09T06:26:50","guid":{"rendered":"https:\/\/artheke.com\/?page_id=1811"},"modified":"2023-03-09T06:35:02","modified_gmt":"2023-03-09T06:35:02","slug":"arthekemuseos","status":"publish","type":"page","link":"https:\/\/www.artheke.com\/?page_id=1811","title":{"rendered":"arthekemuseos"},"content":{"rendered":"\n<h4 class=\"wp-block-heading\">ARTHEKE_MUSEOS es una secci\u00f3n de la p\u00e1gina web de artheke.com en la que se va a tratar el desarrollo del museo desde la aparici\u00f3n de la Nueva Museolog\u00eda \u2014a partir de la d\u00e9cada de los 60 del s. XX\u2014 hasta la actualidad. Igualmente se prestar\u00e1 atenci\u00f3n a la evoluci\u00f3n que a lo largo de la historia han tenido los museos.<\/h4>\n\n\n\n<div class=\"wp-block-buttons is-layout-flex wp-block-buttons-is-layout-flex\">\n<div class=\"wp-block-button has-custom-width wp-block-button__width-100 has-custom-font-size has-extra-large-font-size\"><a class=\"wp-block-button__link has-dark-gray-color has-white-background-color has-text-color has-background wp-element-button\" href=\"https:\/\/arthekemuseos.wordpress.com\/\" target=\"_blank\" rel=\"noreferrer noopener\">arthekemuseos<\/a><\/div>\n<\/div>\n\n\n\n<hr class=\"wp-block-separator has-alpha-channel-opacity\"\/>\n\n\n\n<div class=\"wp-block-group\" style=\"font-size:10px\"><div class=\"wp-block-group__inner-container is-layout-constrained wp-block-group-is-layout-constrained\">\n<p class=\"has-extra-small-font-size\"><br>Publicada el\u00a09 de marzo de 2023<\/p>\n\n\n\n<p class=\"has-extra-small-font-size\" style=\"line-height:0\">Por&nbsp;<a href=\"https:\/\/artheke.com\/?author=1\">Cebri\u00e1n Gonz\u00e1lez, Mar\u00eda Teresa<\/a><\/p>\n<\/div><\/div>\n","protected":false},"excerpt":{"rendered":"<p>ARTHEKE_MUSEOS es una secci\u00f3n de la p\u00e1gina web de artheke.com en la que se va a tratar el desarrollo del museo desde la aparici\u00f3n de la Nueva Museolog\u00eda \u2014a partir de la d\u00e9cada de los 60 del s. XX\u2014 hasta la actualidad. Igualmente se prestar\u00e1 atenci\u00f3n a la evoluci\u00f3n que a lo largo de la&hellip; <a class=\"more-link\" href=\"https:\/\/www.artheke.com\/?page_id=1811\">Seguir leyendo <span class=\"screen-reader-text\">arthekemuseos<\/span><\/a><\/p>\n","protected":false},"author":1,"featured_media":1812,"parent":0,"menu_order":0,"comment_status":"closed","ping_status":"closed","template":"","meta":{"footnotes":""},"class_list":["post-1811","page","type-page","status-publish","has-post-thumbnail","hentry","entry"],"_links":{"self":[{"href":"https:\/\/www.artheke.com\/index.php?rest_route=\/wp\/v2\/pages\/1811","targetHints":{"allow":["GET"]}}],"collection":[{"href":"https:\/\/www.artheke.com\/index.php?rest_route=\/wp\/v2\/pages"}],"about":[{"href":"https:\/\/www.artheke.com\/index.php?rest_route=\/wp\/v2\/types\/page"}],"author":[{"embeddable":true,"href":"https:\/\/www.artheke.com\/index.php?rest_route=\/wp\/v2\/users\/1"}],"replies":[{"embeddable":true,"href":"https:\/\/www.artheke.com\/index.php?rest_route=%2Fwp%2Fv2%2Fcomments&post=1811"}],"version-history":[{"count":5,"href":"https:\/\/www.artheke.com\/index.php?rest_route=\/wp\/v2\/pages\/1811\/revisions"}],"predecessor-version":[{"id":1819,"href":"https:\/\/www.artheke.com\/index.php?rest_route=\/wp\/v2\/pages\/1811\/revisions\/1819"}],"wp:featuredmedia":[{"embeddable":true,"href":"https:\/\/www.artheke.com\/index.php?rest_route=\/wp\/v2\/media\/1812"}],"wp:attachment":[{"href":"https:\/\/www.artheke.com\/index.php?rest_route=%2Fwp%2Fv2%2Fmedia&parent=1811"}],"curies":[{"name":"wp","href":"https:\/\/api.w.org\/{rel}","templated":true}]}}