{"id":1832,"date":"2023-03-10T00:30:07","date_gmt":"2023-03-10T00:30:07","guid":{"rendered":"https:\/\/artheke.com\/?page_id=1832"},"modified":"2023-03-11T03:00:18","modified_gmt":"2023-03-11T03:00:18","slug":"patrimonio-cultural-de-defensa","status":"publish","type":"page","link":"https:\/\/www.artheke.com\/?page_id=1832","title":{"rendered":"Patrimonio Cultural de Defensa"},"content":{"rendered":"\n<p>Al servicio de la sociedad donde se inserta es uno de los m\u00e1s ricos del Estado \u2014entendido patrimonio en un sentido amplio como el conjunto de bienes tangibles e intangibles propios de esta instituci\u00f3n (Ministerio de Defensa)\u2014. <\/p>\n\n\n\n<div class=\"wp-block-buttons is-layout-flex wp-block-buttons-is-layout-flex\">\n<div class=\"wp-block-button has-custom-width wp-block-button__width-100\"><a class=\"wp-block-button__link has-background wp-element-button\" href=\"https:\/\/patrimoniocultural.defensa.gob.es\/es\/node\/19\" style=\"background-color:#235263\" target=\"_blank\" rel=\"noreferrer noopener\">Patrimonio Cultural de Defensa<\/a><\/div>\n<\/div>\n\n\n\n<p>El patrimonio cultural del Ministerio de Defensa \u00ab<em><strong>se ha ido formando a lo largo de la historia y se conserva en archivos, bibliotecas, museos y distintas unidades, lo que evidencia su diversidad y valor. Este patrimonio permite conocer la administraci\u00f3n y gesti\u00f3n de los Ej\u00e9rcitos y Armada, la actividad cient\u00edfica, cultural, formativa y la participaci\u00f3n en los avances tecnol\u00f3gicos a lo largo de las distintas \u00e9pocas<\/strong><\/em>\u00bb (Presentaci\u00f3n y Organizaci\u00f3n, Patrimonio Cultural de Defensa).<\/p>\n\n\n\n<p>La b\u00fasqueda se puede realizar en los fondos de bibliotecas, museos y archivos (en las im\u00e1genes siguientes algunos ejemplos de b\u00fasquedas):<\/p>\n\n\n\n<figure class=\"wp-block-image size-large\"><img loading=\"lazy\" decoding=\"async\" width=\"1024\" height=\"512\" src=\"https:\/\/artheke.com\/wp-content\/uploads\/2023\/03\/image-4-1024x512.png\" alt=\"\" class=\"wp-image-1836\" srcset=\"https:\/\/www.artheke.com\/wp-content\/uploads\/2023\/03\/image-4-1024x512.png 1024w, https:\/\/www.artheke.com\/wp-content\/uploads\/2023\/03\/image-4-300x150.png 300w, https:\/\/www.artheke.com\/wp-content\/uploads\/2023\/03\/image-4-768x384.png 768w, https:\/\/www.artheke.com\/wp-content\/uploads\/2023\/03\/image-4.png 1446w\" sizes=\"auto, (max-width: 1024px) 100vw, 1024px\" \/><\/figure>\n\n\n\n<figure class=\"wp-block-image size-large\"><img loading=\"lazy\" decoding=\"async\" width=\"1024\" height=\"499\" src=\"https:\/\/artheke.com\/wp-content\/uploads\/2023\/03\/image-2-1024x499.png\" alt=\"\" class=\"wp-image-1834\" srcset=\"https:\/\/www.artheke.com\/wp-content\/uploads\/2023\/03\/image-2-1024x499.png 1024w, https:\/\/www.artheke.com\/wp-content\/uploads\/2023\/03\/image-2-300x146.png 300w, https:\/\/www.artheke.com\/wp-content\/uploads\/2023\/03\/image-2-768x374.png 768w, https:\/\/www.artheke.com\/wp-content\/uploads\/2023\/03\/image-2.png 1449w\" sizes=\"auto, (max-width: 1024px) 100vw, 1024px\" \/><\/figure>\n\n\n\n<figure class=\"wp-block-image size-large\"><img loading=\"lazy\" decoding=\"async\" width=\"1024\" height=\"501\" src=\"https:\/\/artheke.com\/wp-content\/uploads\/2023\/03\/image-3-1024x501.png\" alt=\"\" class=\"wp-image-1835\" srcset=\"https:\/\/www.artheke.com\/wp-content\/uploads\/2023\/03\/image-3-1024x501.png 1024w, https:\/\/www.artheke.com\/wp-content\/uploads\/2023\/03\/image-3-300x147.png 300w, https:\/\/www.artheke.com\/wp-content\/uploads\/2023\/03\/image-3-768x376.png 768w, https:\/\/www.artheke.com\/wp-content\/uploads\/2023\/03\/image-3.png 1459w\" sizes=\"auto, (max-width: 1024px) 100vw, 1024px\" \/><\/figure>\n\n\n\n<p>Ejemplos de b\u00fasqueda en los fondos de Piezas de Museos bien consultando el listado de t\u00edtulos o realizando una b\u00fasqueda de obras, adem\u00e1s de las piezas que se muestran en la selecci\u00f3n hecha para la presentaci\u00f3n:<\/p>\n\n\n\n<figure class=\"wp-block-image size-large\"><img loading=\"lazy\" decoding=\"async\" width=\"1024\" height=\"470\" src=\"https:\/\/artheke.com\/wp-content\/uploads\/2023\/03\/image-5-1024x470.png\" alt=\"\" class=\"wp-image-1842\" srcset=\"https:\/\/www.artheke.com\/wp-content\/uploads\/2023\/03\/image-5-1024x470.png 1024w, https:\/\/www.artheke.com\/wp-content\/uploads\/2023\/03\/image-5-300x138.png 300w, https:\/\/www.artheke.com\/wp-content\/uploads\/2023\/03\/image-5-768x352.png 768w, https:\/\/www.artheke.com\/wp-content\/uploads\/2023\/03\/image-5.png 1450w\" sizes=\"auto, (max-width: 1024px) 100vw, 1024px\" \/><figcaption class=\"wp-element-caption\">B\u00fasqueda por listado de t\u00edtulos en Piezas del Museo<\/figcaption><\/figure>\n\n\n\n<figure class=\"wp-block-image size-large\"><img loading=\"lazy\" decoding=\"async\" width=\"1024\" height=\"641\" src=\"https:\/\/artheke.com\/wp-content\/uploads\/2023\/03\/MAA4841_0001-1024x641.jpg\" alt=\"\" class=\"wp-image-1837\" srcset=\"https:\/\/www.artheke.com\/wp-content\/uploads\/2023\/03\/MAA4841_0001-1024x641.jpg 1024w, https:\/\/www.artheke.com\/wp-content\/uploads\/2023\/03\/MAA4841_0001-300x188.jpg 300w, https:\/\/www.artheke.com\/wp-content\/uploads\/2023\/03\/MAA4841_0001-768x481.jpg 768w, https:\/\/www.artheke.com\/wp-content\/uploads\/2023\/03\/MAA4841_0001-1536x961.jpg 1536w, https:\/\/www.artheke.com\/wp-content\/uploads\/2023\/03\/MAA4841_0001-2048x1282.jpg 2048w, https:\/\/www.artheke.com\/wp-content\/uploads\/2023\/03\/MAA4841_0001-1568x981.jpg 1568w\" sizes=\"auto, (max-width: 1024px) 100vw, 1024px\" \/><figcaption class=\"wp-element-caption\">Pos\u00f3grafo Kaufmann (circa 1923) &#8211; Kaufmann<\/figcaption><\/figure>\n\n\n\n<figure class=\"wp-block-image size-large\"><img loading=\"lazy\" decoding=\"async\" width=\"1024\" height=\"640\" src=\"https:\/\/artheke.com\/wp-content\/uploads\/2023\/03\/MAA4841_0002-1024x640.jpg\" alt=\"\" class=\"wp-image-1838\" srcset=\"https:\/\/www.artheke.com\/wp-content\/uploads\/2023\/03\/MAA4841_0002-1024x640.jpg 1024w, https:\/\/www.artheke.com\/wp-content\/uploads\/2023\/03\/MAA4841_0002-300x187.jpg 300w, https:\/\/www.artheke.com\/wp-content\/uploads\/2023\/03\/MAA4841_0002-768x480.jpg 768w, https:\/\/www.artheke.com\/wp-content\/uploads\/2023\/03\/MAA4841_0002-1536x960.jpg 1536w, https:\/\/www.artheke.com\/wp-content\/uploads\/2023\/03\/MAA4841_0002-2048x1280.jpg 2048w, https:\/\/www.artheke.com\/wp-content\/uploads\/2023\/03\/MAA4841_0002-1568x980.jpg 1568w\" sizes=\"auto, (max-width: 1024px) 100vw, 1024px\" \/><figcaption class=\"wp-element-caption\">Pos\u00f3grafo Kaufmann (circa 192) &#8211; Kaufmann<\/figcaption><\/figure>\n\n\n\n<div class=\"wp-block-buttons is-layout-flex wp-block-buttons-is-layout-flex\">\n<div class=\"wp-block-button has-custom-width wp-block-button__width-100\"><a class=\"wp-block-button__link has-background wp-element-button\" href=\"\" style=\"background-color:#a09473\" target=\"_blank\" rel=\"noreferrer noopener\">Para saber m\u00e1s del Pos\u00f3grafo &#8211; Kaufmann<\/a><\/div>\n<\/div>\n\n\n\n<figure class=\"wp-block-image size-large\"><img loading=\"lazy\" decoding=\"async\" width=\"1024\" height=\"779\" src=\"https:\/\/artheke.com\/wp-content\/uploads\/2023\/03\/J_MNM_5250_001-1024x779.jpg\" alt=\"\" class=\"wp-image-1839\" srcset=\"https:\/\/www.artheke.com\/wp-content\/uploads\/2023\/03\/J_MNM_5250_001-1024x779.jpg 1024w, https:\/\/www.artheke.com\/wp-content\/uploads\/2023\/03\/J_MNM_5250_001-300x228.jpg 300w, https:\/\/www.artheke.com\/wp-content\/uploads\/2023\/03\/J_MNM_5250_001-768x584.jpg 768w, https:\/\/www.artheke.com\/wp-content\/uploads\/2023\/03\/J_MNM_5250_001-1536x1168.jpg 1536w, https:\/\/www.artheke.com\/wp-content\/uploads\/2023\/03\/J_MNM_5250_001-2048x1557.jpg 2048w, https:\/\/www.artheke.com\/wp-content\/uploads\/2023\/03\/J_MNM_5250_001-1568x1192.jpg 1568w\" sizes=\"auto, (max-width: 1024px) 100vw, 1024px\" \/><figcaption class=\"wp-element-caption\">Exvoto dedicado a Mar\u00eda Sant\u00edsima de la Consolaci\u00f3n por el Capit\u00e1n de Fragata Carlos Zarzana por tres favores [MNM-5250], An\u00f3nimo 1749, de Piezas de Museos en la Biblioteca Virtual de Defensa<\/figcaption><\/figure>\n\n\n\n<div class=\"wp-block-buttons is-layout-flex wp-block-buttons-is-layout-flex\">\n<div class=\"wp-block-button has-custom-width wp-block-button__width-100\"><a class=\"wp-block-button__link has-yellow-background-color has-text-color has-background wp-element-button\" href=\"https:\/\/bibliotecavirtual.defensa.gob.es\/BVMDefensa\/museos\/es\/consulta\/registro.do?id=41049\" style=\"color:#aea783\" target=\"_blank\" rel=\"noreferrer noopener\">Para saber m\u00e1s sobre el exvoto dedicado a Mar\u00eda Sant\u00edsima<\/a><\/div>\n<\/div>\n\n\n\n<figure class=\"wp-block-image size-large\"><img loading=\"lazy\" decoding=\"async\" width=\"1024\" height=\"682\" src=\"https:\/\/artheke.com\/wp-content\/uploads\/2023\/03\/J_MNM_110_001-1024x682.jpg\" alt=\"\" class=\"wp-image-1840\" srcset=\"https:\/\/www.artheke.com\/wp-content\/uploads\/2023\/03\/J_MNM_110_001-1024x682.jpg 1024w, https:\/\/www.artheke.com\/wp-content\/uploads\/2023\/03\/J_MNM_110_001-300x200.jpg 300w, https:\/\/www.artheke.com\/wp-content\/uploads\/2023\/03\/J_MNM_110_001-768x511.jpg 768w, https:\/\/www.artheke.com\/wp-content\/uploads\/2023\/03\/J_MNM_110_001-1536x1022.jpg 1536w, https:\/\/www.artheke.com\/wp-content\/uploads\/2023\/03\/J_MNM_110_001-2048x1363.jpg 2048w, https:\/\/www.artheke.com\/wp-content\/uploads\/2023\/03\/J_MNM_110_001-1568x1044.jpg 1568w\" sizes=\"auto, (max-width: 1024px) 100vw, 1024px\" \/><figcaption class=\"wp-element-caption\">Modelo de nao de Utrera (c. 1550). Reproducci\u00f3n (1932). Modelo nao [MNM-110] de Piezas de Museo en Biblioteca Virtual de Defensa.<\/figcaption><\/figure>\n\n\n\n<div class=\"wp-block-buttons is-layout-flex wp-block-buttons-is-layout-flex\">\n<div class=\"wp-block-button has-custom-width wp-block-button__width-100\"><a class=\"wp-block-button__link has-background wp-element-button\" href=\"https:\/\/bibliotecavirtual.defensa.gob.es\/BVMDefensa\/museos\/i18n\/consulta\/registro.do?control=BMDB20160095135\" style=\"background-color:#c1970e\" target=\"_blank\" rel=\"noreferrer noopener\">Para saber m\u00e1s sobre la historia y este modelo de nao<\/a><\/div>\n<\/div>\n\n\n\n<figure class=\"wp-block-image size-large\"><img loading=\"lazy\" decoding=\"async\" width=\"1024\" height=\"246\" src=\"https:\/\/artheke.com\/wp-content\/uploads\/2023\/03\/J_MNM_821_001-1024x246.jpg\" alt=\"\" class=\"wp-image-1841\" srcset=\"https:\/\/www.artheke.com\/wp-content\/uploads\/2023\/03\/J_MNM_821_001-1024x246.jpg 1024w, https:\/\/www.artheke.com\/wp-content\/uploads\/2023\/03\/J_MNM_821_001-300x72.jpg 300w, https:\/\/www.artheke.com\/wp-content\/uploads\/2023\/03\/J_MNM_821_001-768x185.jpg 768w, https:\/\/www.artheke.com\/wp-content\/uploads\/2023\/03\/J_MNM_821_001-1536x370.jpg 1536w, https:\/\/www.artheke.com\/wp-content\/uploads\/2023\/03\/J_MNM_821_001-2048x493.jpg 2048w, https:\/\/www.artheke.com\/wp-content\/uploads\/2023\/03\/J_MNM_821_001-1568x377.jpg 1568w\" sizes=\"auto, (max-width: 1024px) 100vw, 1024px\" \/><figcaption class=\"wp-element-caption\">Vista del puerto de Cartagena durante la revista que pas\u00f3 el rey Alfonso XIII a las escuadras extranjeras y espa\u00f1ola atracadas en Cartagena (23 de junio de 1903). Pintura [MNM-821]. <\/figcaption><\/figure>\n\n\n\n<div class=\"wp-block-buttons is-layout-flex wp-block-buttons-is-layout-flex\">\n<div class=\"wp-block-button has-custom-width wp-block-button__width-100\"><a class=\"wp-block-button__link has-background wp-element-button\" href=\"https:\/\/bibliotecavirtual.defensa.gob.es\/BVMDefensa\/museos\/i18n\/consulta\/registro.do?control=BMDB20160099126\" style=\"background-color:#cca3a3\" target=\"_blank\" rel=\"noreferrer noopener\">Para saber m\u00e1s sobre la Vista del Puerto de Cartagena <\/a><\/div>\n<\/div>\n\n\n\n<hr class=\"wp-block-separator has-alpha-channel-opacity\"\/>\n\n\n\n<figure class=\"wp-block-video\"><video controls src=\"https:\/\/artheke.com\/wp-content\/uploads\/2023\/03\/Los-archivos-del-Ministerio-de-Defensa.mp4\"><\/video><figcaption class=\"wp-element-caption\">MinDefensa (2021). <em>Los archivos del Ministerio de Defensa<\/em> <br>[archivo v\u00eddeo convertido de Youtube].<\/figcaption><\/figure>\n\n\n\n<hr class=\"wp-block-separator has-alpha-channel-opacity\"\/>\n\n\n\n<div class=\"wp-block-buttons is-layout-flex wp-block-buttons-is-layout-flex\">\n<div class=\"wp-block-button\"><a class=\"wp-block-button__link has-gray-background-color has-background wp-element-button\" href=\"https:\/\/publicaciones.defensa.gob.es\/\" target=\"_blank\" rel=\"noreferrer noopener\">SUBDIRECCI\u00d3N GENERAL DE PUBLICACIONES Y PATRIMONIO CULTURAL: PUBLICACIONES DEFENSA<\/a><\/div>\n<\/div>\n\n\n\n<hr class=\"wp-block-separator has-alpha-channel-opacity\"\/>\n\n\n\n<div data-wp-interactive=\"core\/file\" class=\"wp-block-file\"><object data-wp-bind--hidden=\"!state.hasPdfPreview\" hidden class=\"wp-block-file__embed\" data=\"https:\/\/artheke.com\/wp-content\/uploads\/2023\/03\/Listado-Recursos-E-2021-CDOC.pdf\" type=\"application\/pdf\" style=\"width:100%;height:600px\" aria-label=\"Incrustado de Listado-Recursos-E-2021-CDOC.\"><\/object><a id=\"wp-block-file--media-29c5b90a-8b05-4565-9016-75bc11230842\" href=\"https:\/\/artheke.com\/wp-content\/uploads\/2023\/03\/Listado-Recursos-E-2021-CDOC.pdf\">Listado-Recursos-E-2021-CDOC<\/a><a href=\"https:\/\/artheke.com\/wp-content\/uploads\/2023\/03\/Listado-Recursos-E-2021-CDOC.pdf\" class=\"wp-block-file__button wp-element-button\" download aria-describedby=\"wp-block-file--media-29c5b90a-8b05-4565-9016-75bc11230842\">Descarga<\/a><\/div>\n\n\n\n<p class=\"has-extra-small-font-size\" style=\"line-height:0\">Publicada el&nbsp;10 de marzo de 2023<\/p>\n\n\n\n<p class=\"has-extra-small-font-size\" style=\"line-height:0\">Por&nbsp;<a href=\"https:\/\/artheke.com\/?author=1\">Cebri\u00e1n Gonz\u00e1lez Mar\u00eda Teresa<\/a><\/p>\n","protected":false},"excerpt":{"rendered":"<p>Al servicio de la sociedad donde se inserta es uno de los m\u00e1s ricos del Estado \u2014entendido patrimonio en un sentido amplio como el conjunto de bienes tangibles e intangibles propios de esta instituci\u00f3n (Ministerio de Defensa)\u2014. El patrimonio cultural del Ministerio de Defensa \u00abse ha ido formando a lo largo de la historia y&hellip; <a class=\"more-link\" href=\"https:\/\/www.artheke.com\/?page_id=1832\">Seguir leyendo <span class=\"screen-reader-text\">Patrimonio Cultural de Defensa<\/span><\/a><\/p>\n","protected":false},"author":1,"featured_media":1833,"parent":0,"menu_order":0,"comment_status":"closed","ping_status":"closed","template":"","meta":{"footnotes":""},"class_list":["post-1832","page","type-page","status-publish","has-post-thumbnail","hentry","entry"],"_links":{"self":[{"href":"https:\/\/www.artheke.com\/index.php?rest_route=\/wp\/v2\/pages\/1832","targetHints":{"allow":["GET"]}}],"collection":[{"href":"https:\/\/www.artheke.com\/index.php?rest_route=\/wp\/v2\/pages"}],"about":[{"href":"https:\/\/www.artheke.com\/index.php?rest_route=\/wp\/v2\/types\/page"}],"author":[{"embeddable":true,"href":"https:\/\/www.artheke.com\/index.php?rest_route=\/wp\/v2\/users\/1"}],"replies":[{"embeddable":true,"href":"https:\/\/www.artheke.com\/index.php?rest_route=%2Fwp%2Fv2%2Fcomments&post=1832"}],"version-history":[{"count":6,"href":"https:\/\/www.artheke.com\/index.php?rest_route=\/wp\/v2\/pages\/1832\/revisions"}],"predecessor-version":[{"id":1915,"href":"https:\/\/www.artheke.com\/index.php?rest_route=\/wp\/v2\/pages\/1832\/revisions\/1915"}],"wp:featuredmedia":[{"embeddable":true,"href":"https:\/\/www.artheke.com\/index.php?rest_route=\/wp\/v2\/media\/1833"}],"wp:attachment":[{"href":"https:\/\/www.artheke.com\/index.php?rest_route=%2Fwp%2Fv2%2Fmedia&parent=1832"}],"curies":[{"name":"wp","href":"https:\/\/api.w.org\/{rel}","templated":true}]}}