{"id":1866,"date":"2023-03-10T03:02:23","date_gmt":"2023-03-10T03:02:23","guid":{"rendered":"https:\/\/artheke.com\/?page_id=1866"},"modified":"2023-03-10T03:49:33","modified_gmt":"2023-03-10T03:49:33","slug":"fundacion-museo-naval","status":"publish","type":"page","link":"https:\/\/www.artheke.com\/?page_id=1866","title":{"rendered":"FUNDACI\u00d3N MUSEO NAVAL"},"content":{"rendered":"\n<div class=\"wp-block-buttons has-custom-font-size has-extra-large-font-size is-layout-flex wp-block-buttons-is-layout-flex\">\n<div class=\"wp-block-button\"><a class=\"wp-block-button__link has-text-color wp-element-button\" href=\"https:\/\/www.fundacionmuseonaval.com\/index.html\" style=\"color:#d1a821\" target=\"_blank\" rel=\"noreferrer noopener\">FUNDACI\u00d3N MUSEO NAVAL<\/a><\/div>\n<\/div>\n\n\n\n<figure class=\"wp-block-pullquote has-yellow-background-color has-background\"><blockquote><p>Su finalidad es <br>&#8211; <mark style=\"background-color:rgba(0, 0, 0, 0);color:#4b6996\" class=\"has-inline-color\">contribuir a preservar, investigar y divulgar el patrimonio hist\u00f3rico y cultural de la Armada<\/mark>;<br><mark style=\"background-color:rgba(0, 0, 0, 0);color:#8db7f6\" class=\"has-inline-color\">&#8211; difundir la historia mar\u00edtima de Espa\u00f1a, salvaguardar sus tradiciones y promover la conciencia mar\u00edtima nacional.<\/mark><\/p><cite>Fundaci\u00f3n Museo Naval<\/cite><\/blockquote><\/figure>\n\n\n\n<figure class=\"wp-block-image size-large\"><img loading=\"lazy\" decoding=\"async\" width=\"1024\" height=\"421\" src=\"https:\/\/artheke.com\/wp-content\/uploads\/2023\/03\/13-1024x421.png\" alt=\"\" class=\"wp-image-1877\" srcset=\"https:\/\/www.artheke.com\/wp-content\/uploads\/2023\/03\/13-1024x421.png 1024w, https:\/\/www.artheke.com\/wp-content\/uploads\/2023\/03\/13-300x123.png 300w, https:\/\/www.artheke.com\/wp-content\/uploads\/2023\/03\/13-768x316.png 768w, https:\/\/www.artheke.com\/wp-content\/uploads\/2023\/03\/13.png 1449w\" sizes=\"auto, (max-width: 1024px) 100vw, 1024px\" \/><\/figure>\n\n\n\n<figure class=\"wp-block-image size-large\"><img loading=\"lazy\" decoding=\"async\" width=\"1024\" height=\"416\" src=\"https:\/\/artheke.com\/wp-content\/uploads\/2023\/03\/17-1024x416.png\" alt=\"\" class=\"wp-image-1874\" srcset=\"https:\/\/www.artheke.com\/wp-content\/uploads\/2023\/03\/17-1024x416.png 1024w, https:\/\/www.artheke.com\/wp-content\/uploads\/2023\/03\/17-300x122.png 300w, https:\/\/www.artheke.com\/wp-content\/uploads\/2023\/03\/17-768x312.png 768w, https:\/\/www.artheke.com\/wp-content\/uploads\/2023\/03\/17.png 1449w\" sizes=\"auto, (max-width: 1024px) 100vw, 1024px\" \/><\/figure>\n\n\n\n<figure class=\"wp-block-image size-large\"><img loading=\"lazy\" decoding=\"async\" width=\"1024\" height=\"419\" src=\"https:\/\/artheke.com\/wp-content\/uploads\/2023\/03\/18-1024x419.png\" alt=\"\" class=\"wp-image-1875\" srcset=\"https:\/\/www.artheke.com\/wp-content\/uploads\/2023\/03\/18-1024x419.png 1024w, https:\/\/www.artheke.com\/wp-content\/uploads\/2023\/03\/18-300x123.png 300w, https:\/\/www.artheke.com\/wp-content\/uploads\/2023\/03\/18-768x314.png 768w, https:\/\/www.artheke.com\/wp-content\/uploads\/2023\/03\/18.png 1441w\" sizes=\"auto, (max-width: 1024px) 100vw, 1024px\" \/><\/figure>\n\n\n\n<figure class=\"wp-block-image size-large\"><img loading=\"lazy\" decoding=\"async\" width=\"1024\" height=\"417\" src=\"https:\/\/artheke.com\/wp-content\/uploads\/2023\/03\/12-1024x417.png\" alt=\"\" class=\"wp-image-1876\" srcset=\"https:\/\/www.artheke.com\/wp-content\/uploads\/2023\/03\/12-1024x417.png 1024w, https:\/\/www.artheke.com\/wp-content\/uploads\/2023\/03\/12-300x122.png 300w, https:\/\/www.artheke.com\/wp-content\/uploads\/2023\/03\/12-768x313.png 768w, https:\/\/www.artheke.com\/wp-content\/uploads\/2023\/03\/12.png 1451w\" sizes=\"auto, (max-width: 1024px) 100vw, 1024px\" \/><\/figure>\n\n\n\n<figure class=\"wp-block-image size-large\"><img loading=\"lazy\" decoding=\"async\" width=\"1024\" height=\"420\" src=\"https:\/\/artheke.com\/wp-content\/uploads\/2023\/03\/16-1024x420.png\" alt=\"\" class=\"wp-image-1878\" srcset=\"https:\/\/www.artheke.com\/wp-content\/uploads\/2023\/03\/16-1024x420.png 1024w, https:\/\/www.artheke.com\/wp-content\/uploads\/2023\/03\/16-300x123.png 300w, https:\/\/www.artheke.com\/wp-content\/uploads\/2023\/03\/16-768x315.png 768w, https:\/\/www.artheke.com\/wp-content\/uploads\/2023\/03\/16.png 1449w\" sizes=\"auto, (max-width: 1024px) 100vw, 1024px\" \/><\/figure>\n\n\n\n<figure class=\"wp-block-image size-large\"><img loading=\"lazy\" decoding=\"async\" width=\"1024\" height=\"423\" src=\"https:\/\/artheke.com\/wp-content\/uploads\/2023\/03\/14-1024x423.png\" alt=\"\" class=\"wp-image-1879\" srcset=\"https:\/\/www.artheke.com\/wp-content\/uploads\/2023\/03\/14-1024x423.png 1024w, https:\/\/www.artheke.com\/wp-content\/uploads\/2023\/03\/14-300x124.png 300w, https:\/\/www.artheke.com\/wp-content\/uploads\/2023\/03\/14-768x317.png 768w, https:\/\/www.artheke.com\/wp-content\/uploads\/2023\/03\/14.png 1444w\" sizes=\"auto, (max-width: 1024px) 100vw, 1024px\" \/><\/figure>\n\n\n\n<hr class=\"wp-block-separator has-alpha-channel-opacity\"\/>\n\n\n\n<figure class=\"wp-block-image size-large\"><img loading=\"lazy\" decoding=\"async\" width=\"1024\" height=\"458\" src=\"https:\/\/artheke.com\/wp-content\/uploads\/2023\/03\/image-9-1024x458.png\" alt=\"\" class=\"wp-image-1880\" srcset=\"https:\/\/www.artheke.com\/wp-content\/uploads\/2023\/03\/image-9-1024x458.png 1024w, https:\/\/www.artheke.com\/wp-content\/uploads\/2023\/03\/image-9-300x134.png 300w, https:\/\/www.artheke.com\/wp-content\/uploads\/2023\/03\/image-9-768x344.png 768w, https:\/\/www.artheke.com\/wp-content\/uploads\/2023\/03\/image-9.png 1439w\" sizes=\"auto, (max-width: 1024px) 100vw, 1024px\" \/><\/figure>\n\n\n\n<div class=\"wp-block-buttons is-layout-flex wp-block-buttons-is-layout-flex\">\n<div class=\"wp-block-button is-style-outline is-style-outline--1\"><a class=\"wp-block-button__link has-purple-to-yellow-gradient-background has-background wp-element-button\" href=\"https:\/\/www.fundacionmuseonaval.com\/SEC\/index.html\" target=\"_blank\" rel=\"noreferrer noopener\">SERVICIO EDUCATIVO Y CULTURAL del Instituto de Historia y Cultura Naval<\/a><\/div>\n<\/div>\n\n\n\n<div data-wp-interactive=\"core\/file\" class=\"wp-block-file\"><object data-wp-bind--hidden=\"!state.hasPdfPreview\" hidden class=\"wp-block-file__embed\" data=\"https:\/\/artheke.com\/wp-content\/uploads\/2023\/03\/La-primera-vuelta-al-mundo_Para-saber-mas.pdf\" type=\"application\/pdf\" style=\"width:100%;height:600px\" aria-label=\"Incrustado de La-primera-vuelta-al-mundo_Para-saber-mas.\"><\/object><a id=\"wp-block-file--media-a1d38a33-c84d-45ef-8bba-98eaf090d66d\" href=\"https:\/\/artheke.com\/wp-content\/uploads\/2023\/03\/La-primera-vuelta-al-mundo_Para-saber-mas.pdf\">La-primera-vuelta-al-mundo_Para-saber-mas<\/a><a href=\"https:\/\/artheke.com\/wp-content\/uploads\/2023\/03\/La-primera-vuelta-al-mundo_Para-saber-mas.pdf\" class=\"wp-block-file__button wp-element-button\" download aria-describedby=\"wp-block-file--media-a1d38a33-c84d-45ef-8bba-98eaf090d66d\">Descarga<\/a><\/div>\n\n\n\n<hr class=\"wp-block-separator has-alpha-channel-opacity\"\/>\n\n\n\n<p class=\"has-extra-small-font-size\">Publicada el&nbsp;10 de marzo de 2023<\/p>\n\n\n\n<p class=\"has-extra-small-font-size\" style=\"line-height:0\">Por&nbsp;<a href=\"https:\/\/artheke.com\/?author=1\">Cebri\u00e1n Gonz\u00e1lez Mar\u00eda Teresa<\/a><\/p>\n","protected":false},"excerpt":{"rendered":"<p>Su finalidad es &#8211; contribuir a preservar, investigar y divulgar el patrimonio hist\u00f3rico y cultural de la Armada;&#8211; difundir la historia mar\u00edtima de Espa\u00f1a, salvaguardar sus tradiciones y promover la conciencia mar\u00edtima nacional. Fundaci\u00f3n Museo Naval Publicada el&nbsp;10 de marzo de 2023 Por&nbsp;Cebri\u00e1n Gonz\u00e1lez Mar\u00eda Teresa<\/p>\n","protected":false},"author":1,"featured_media":1873,"parent":0,"menu_order":0,"comment_status":"closed","ping_status":"closed","template":"","meta":{"footnotes":""},"class_list":["post-1866","page","type-page","status-publish","has-post-thumbnail","hentry","entry"],"_links":{"self":[{"href":"https:\/\/www.artheke.com\/index.php?rest_route=\/wp\/v2\/pages\/1866","targetHints":{"allow":["GET"]}}],"collection":[{"href":"https:\/\/www.artheke.com\/index.php?rest_route=\/wp\/v2\/pages"}],"about":[{"href":"https:\/\/www.artheke.com\/index.php?rest_route=\/wp\/v2\/types\/page"}],"author":[{"embeddable":true,"href":"https:\/\/www.artheke.com\/index.php?rest_route=\/wp\/v2\/users\/1"}],"replies":[{"embeddable":true,"href":"https:\/\/www.artheke.com\/index.php?rest_route=%2Fwp%2Fv2%2Fcomments&post=1866"}],"version-history":[{"count":4,"href":"https:\/\/www.artheke.com\/index.php?rest_route=\/wp\/v2\/pages\/1866\/revisions"}],"predecessor-version":[{"id":1884,"href":"https:\/\/www.artheke.com\/index.php?rest_route=\/wp\/v2\/pages\/1866\/revisions\/1884"}],"wp:featuredmedia":[{"embeddable":true,"href":"https:\/\/www.artheke.com\/index.php?rest_route=\/wp\/v2\/media\/1873"}],"wp:attachment":[{"href":"https:\/\/www.artheke.com\/index.php?rest_route=%2Fwp%2Fv2%2Fmedia&parent=1866"}],"curies":[{"name":"wp","href":"https:\/\/api.w.org\/{rel}","templated":true}]}}