{"id":1903,"date":"2023-03-11T02:26:24","date_gmt":"2023-03-11T02:26:24","guid":{"rendered":"https:\/\/artheke.com\/?page_id=1903"},"modified":"2023-03-11T02:56:04","modified_gmt":"2023-03-11T02:56:04","slug":"defensa-digital","status":"publish","type":"page","link":"https:\/\/www.artheke.com\/?page_id=1903","title":{"rendered":"DEFENSA DIGITAL"},"content":{"rendered":"\n<h2 class=\"wp-block-heading\">Defensa digital: repositorio de publicaciones de Defensa Iberoamericanas.<\/h2>\n\n\n\n<div class=\"wp-block-buttons is-content-justification-center is-layout-flex wp-container-core-buttons-is-layout-16018d1d wp-block-buttons-is-layout-flex\">\n<div class=\"wp-block-button\"><a class=\"wp-block-button__link has-background wp-element-button\" href=\"https:\/\/defensadigital.defensa.gob.es\/defensahub\/es\/inicio\/inicio.do\" style=\"background-color:#616870\" target=\"_blank\" rel=\"noreferrer noopener\">DEFENSA DIGITAL<\/a><\/div>\n<\/div>\n\n\n\n<figure class=\"wp-block-pullquote\"><blockquote><p>Es una red iberoamericana de repositorios institucionales de acceso abierto de publicaciones cient\u00edficas y acad\u00e9micas de Defensa y tiene como objetivo dar visibilidad a esas publicaciones.<br><br>Defensa digital no aloja contenidos, es decir, objetos digitales. Agrega metadatos (descripciones digitalizadas o nacidas digitales). Las descripciones siguen permaneciendo en las bases de datos de las instituciones que las producen o las gestionan.<\/p><cite>Defensa digital<\/cite><\/blockquote><\/figure>\n\n\n\n<p class=\"has-extra-small-font-size\">Publicada el&nbsp;11 de marzo de 2023<\/p>\n\n\n\n<p class=\"has-extra-small-font-size\" style=\"line-height:0\">Por&nbsp;<a href=\"https:\/\/artheke.com\/?author=1\">Cebri\u00e1n Gonz\u00e1lez, Mar\u00eda Teresa<\/a><\/p>\n","protected":false},"excerpt":{"rendered":"<p>Defensa digital: repositorio de publicaciones de Defensa Iberoamericanas. Es una red iberoamericana de repositorios institucionales de acceso abierto de publicaciones cient\u00edficas y acad\u00e9micas de Defensa y tiene como objetivo dar visibilidad a esas publicaciones. Defensa digital no aloja contenidos, es decir, objetos digitales. Agrega metadatos (descripciones digitalizadas o nacidas digitales). Las descripciones siguen permaneciendo en&hellip; <a class=\"more-link\" href=\"https:\/\/www.artheke.com\/?page_id=1903\">Seguir leyendo <span class=\"screen-reader-text\">DEFENSA DIGITAL<\/span><\/a><\/p>\n","protected":false},"author":1,"featured_media":1904,"parent":0,"menu_order":0,"comment_status":"closed","ping_status":"closed","template":"","meta":{"footnotes":""},"class_list":["post-1903","page","type-page","status-publish","has-post-thumbnail","hentry","entry"],"_links":{"self":[{"href":"https:\/\/www.artheke.com\/index.php?rest_route=\/wp\/v2\/pages\/1903","targetHints":{"allow":["GET"]}}],"collection":[{"href":"https:\/\/www.artheke.com\/index.php?rest_route=\/wp\/v2\/pages"}],"about":[{"href":"https:\/\/www.artheke.com\/index.php?rest_route=\/wp\/v2\/types\/page"}],"author":[{"embeddable":true,"href":"https:\/\/www.artheke.com\/index.php?rest_route=\/wp\/v2\/users\/1"}],"replies":[{"embeddable":true,"href":"https:\/\/www.artheke.com\/index.php?rest_route=%2Fwp%2Fv2%2Fcomments&post=1903"}],"version-history":[{"count":3,"href":"https:\/\/www.artheke.com\/index.php?rest_route=\/wp\/v2\/pages\/1903\/revisions"}],"predecessor-version":[{"id":1912,"href":"https:\/\/www.artheke.com\/index.php?rest_route=\/wp\/v2\/pages\/1903\/revisions\/1912"}],"wp:featuredmedia":[{"embeddable":true,"href":"https:\/\/www.artheke.com\/index.php?rest_route=\/wp\/v2\/media\/1904"}],"wp:attachment":[{"href":"https:\/\/www.artheke.com\/index.php?rest_route=%2Fwp%2Fv2%2Fmedia&parent=1903"}],"curies":[{"name":"wp","href":"https:\/\/api.w.org\/{rel}","templated":true}]}}