{"id":1919,"date":"2023-03-11T15:35:18","date_gmt":"2023-03-11T15:35:18","guid":{"rendered":"https:\/\/artheke.com\/?page_id=1919"},"modified":"2023-03-11T15:36:08","modified_gmt":"2023-03-11T15:36:08","slug":"archivo-del-patrimonio-inmaterial-de-navarra","status":"publish","type":"page","link":"https:\/\/www.artheke.com\/?page_id=1919","title":{"rendered":"ARCHIVO DEL PATRIMONIO INMATERIAL DE NAVARRA"},"content":{"rendered":"\n<figure class=\"wp-block-pullquote\"><blockquote><p>Bienes patrimoniales de Navarra y Baja Navarra<\/p><cite>Archivo del patrimonio inmaterial de Navarra<\/cite><\/blockquote><\/figure>\n\n\n\n<div class=\"wp-block-buttons is-layout-flex wp-block-buttons-is-layout-flex\">\n<div class=\"wp-block-button has-custom-width wp-block-button__width-100 has-custom-font-size\" style=\"font-size:85px\"><a class=\"wp-block-button__link has-gray-color has-text-color has-background wp-element-button\" href=\"https:\/\/www.navarchivo.com\/\" style=\"border-radius:90px;background-color:#d2d8dd\" target=\"_blank\" rel=\"noreferrer noopener\">NAVARCHIVO<\/a><\/div>\n<\/div>\n\n\n\n<hr class=\"wp-block-separator has-alpha-channel-opacity\"\/>\n\n\n\n<p style=\"font-size:10px\">Publicada el\u00a011 de marzo de 2023<\/p>\n\n\n\n<p style=\"font-size:10px;line-height:0\">Por&nbsp;<a href=\"https:\/\/artheke.com\/?author=1\">Cebri\u00e1n Gonz\u00e1lez, Mar\u00eda Teresa<\/a><\/p>\n","protected":false},"excerpt":{"rendered":"<p>Bienes patrimoniales de Navarra y Baja Navarra Archivo del patrimonio inmaterial de Navarra Publicada el\u00a011 de marzo de 2023 Por&nbsp;Cebri\u00e1n Gonz\u00e1lez, Mar\u00eda Teresa<\/p>\n","protected":false},"author":1,"featured_media":1918,"parent":0,"menu_order":0,"comment_status":"closed","ping_status":"closed","template":"","meta":{"footnotes":""},"class_list":["post-1919","page","type-page","status-publish","has-post-thumbnail","hentry","entry"],"_links":{"self":[{"href":"https:\/\/www.artheke.com\/index.php?rest_route=\/wp\/v2\/pages\/1919","targetHints":{"allow":["GET"]}}],"collection":[{"href":"https:\/\/www.artheke.com\/index.php?rest_route=\/wp\/v2\/pages"}],"about":[{"href":"https:\/\/www.artheke.com\/index.php?rest_route=\/wp\/v2\/types\/page"}],"author":[{"embeddable":true,"href":"https:\/\/www.artheke.com\/index.php?rest_route=\/wp\/v2\/users\/1"}],"replies":[{"embeddable":true,"href":"https:\/\/www.artheke.com\/index.php?rest_route=%2Fwp%2Fv2%2Fcomments&post=1919"}],"version-history":[{"count":3,"href":"https:\/\/www.artheke.com\/index.php?rest_route=\/wp\/v2\/pages\/1919\/revisions"}],"predecessor-version":[{"id":1922,"href":"https:\/\/www.artheke.com\/index.php?rest_route=\/wp\/v2\/pages\/1919\/revisions\/1922"}],"wp:featuredmedia":[{"embeddable":true,"href":"https:\/\/www.artheke.com\/index.php?rest_route=\/wp\/v2\/media\/1918"}],"wp:attachment":[{"href":"https:\/\/www.artheke.com\/index.php?rest_route=%2Fwp%2Fv2%2Fmedia&parent=1919"}],"curies":[{"name":"wp","href":"https:\/\/api.w.org\/{rel}","templated":true}]}}