{"id":1959,"date":"2023-03-21T10:05:34","date_gmt":"2023-03-21T10:05:34","guid":{"rendered":"https:\/\/artheke.com\/?page_id=1959"},"modified":"2023-03-21T11:18:01","modified_gmt":"2023-03-21T11:18:01","slug":"patrimonio-cultural-de-castilla-y-leon","status":"publish","type":"page","link":"https:\/\/www.artheke.com\/?page_id=1959","title":{"rendered":"Patrimonio Cultural de Castilla y Le\u00f3n"},"content":{"rendered":"\n<div class=\"wp-block-buttons is-content-justification-center is-layout-flex wp-container-core-buttons-is-layout-16018d1d wp-block-buttons-is-layout-flex\">\n<div class=\"wp-block-button\"><a class=\"wp-block-button__link has-white-background-color has-text-color has-background wp-element-button\" href=\"https:\/\/idecyl.jcyl.es\/pacu\/\" style=\"color:#a12c2c\" target=\"_blank\" rel=\"noreferrer noopener\">VISOR GEOGR\u00c1FICO PATRIMONIO CULTURAL<\/a><\/div>\n<\/div>\n\n\n\n<p>Ofrece la posibilidad de acceder desde diferentes apartados (TURISMO, CULTURA, PATRIMONIO CULTURAL, etc.):<\/p>\n\n\n\n<figure class=\"wp-block-image size-large\"><img loading=\"lazy\" decoding=\"async\" width=\"1024\" height=\"500\" src=\"https:\/\/artheke.com\/wp-content\/uploads\/2023\/03\/8-1-1024x500.png\" alt=\"\" class=\"wp-image-1962\" srcset=\"https:\/\/www.artheke.com\/wp-content\/uploads\/2023\/03\/8-1-1024x500.png 1024w, https:\/\/www.artheke.com\/wp-content\/uploads\/2023\/03\/8-1-300x147.png 300w, https:\/\/www.artheke.com\/wp-content\/uploads\/2023\/03\/8-1-768x375.png 768w, https:\/\/www.artheke.com\/wp-content\/uploads\/2023\/03\/8-1.png 1459w\" sizes=\"auto, (max-width: 1024px) 100vw, 1024px\" \/><\/figure>\n\n\n\n<ul class=\"wp-block-list\">\n<li> a un variado men\u00fa desde la pesta\u00f1a de Patrimonio cultural dentro del apartado de CULTURA (en TURISMO Y CULTURA),<\/li>\n<\/ul>\n\n\n\n<div class=\"wp-block-buttons is-content-justification-center is-layout-flex wp-container-core-buttons-is-layout-16018d1d wp-block-buttons-is-layout-flex\">\n<div class=\"wp-block-button\"><a class=\"wp-block-button__link has-white-background-color has-text-color has-background wp-element-button\" href=\"https:\/\/patrimoniocultural.jcyl.es\/web\/es\/patrimonio-cultural-castilla-leon.html\" style=\"color:#982727\" target=\"_blank\" rel=\"noreferrer noopener\">PATRIMONIO CULTURAL DE CASTILLA Y LE\u00d3N<\/a><\/div>\n<\/div>\n\n\n\n<figure class=\"wp-block-image size-large\"><img loading=\"lazy\" decoding=\"async\" width=\"1024\" height=\"510\" src=\"https:\/\/artheke.com\/wp-content\/uploads\/2023\/03\/13-1-1024x510.png\" alt=\"\" class=\"wp-image-1963\" srcset=\"https:\/\/www.artheke.com\/wp-content\/uploads\/2023\/03\/13-1-1024x510.png 1024w, https:\/\/www.artheke.com\/wp-content\/uploads\/2023\/03\/13-1-300x149.png 300w, https:\/\/www.artheke.com\/wp-content\/uploads\/2023\/03\/13-1-768x382.png 768w, https:\/\/www.artheke.com\/wp-content\/uploads\/2023\/03\/13-1.png 1453w\" sizes=\"auto, (max-width: 1024px) 100vw, 1024px\" \/><\/figure>\n\n\n\n<figure class=\"wp-block-image size-large\"><img loading=\"lazy\" decoding=\"async\" width=\"1024\" height=\"506\" src=\"https:\/\/artheke.com\/wp-content\/uploads\/2023\/03\/7-1024x506.png\" alt=\"\" class=\"wp-image-1961\" srcset=\"https:\/\/www.artheke.com\/wp-content\/uploads\/2023\/03\/7-1024x506.png 1024w, https:\/\/www.artheke.com\/wp-content\/uploads\/2023\/03\/7-300x148.png 300w, https:\/\/www.artheke.com\/wp-content\/uploads\/2023\/03\/7-768x379.png 768w, https:\/\/www.artheke.com\/wp-content\/uploads\/2023\/03\/7.png 1446w\" sizes=\"auto, (max-width: 1024px) 100vw, 1024px\" \/><\/figure>\n\n\n\n<ul class=\"wp-block-list\">\n<li>a los enclaves patrimoniales desde la pesta\u00f1a de CONOCIMIENTO Y DIFUSI\u00d3N, etc.<\/li>\n<\/ul>\n\n\n\n<figure class=\"wp-block-image size-large\"><img loading=\"lazy\" decoding=\"async\" width=\"1024\" height=\"504\" src=\"https:\/\/artheke.com\/wp-content\/uploads\/2023\/03\/32-1024x504.png\" alt=\"\" class=\"wp-image-1968\" srcset=\"https:\/\/www.artheke.com\/wp-content\/uploads\/2023\/03\/32-1024x504.png 1024w, https:\/\/www.artheke.com\/wp-content\/uploads\/2023\/03\/32-300x148.png 300w, https:\/\/www.artheke.com\/wp-content\/uploads\/2023\/03\/32-768x378.png 768w, https:\/\/www.artheke.com\/wp-content\/uploads\/2023\/03\/32.png 1453w\" sizes=\"auto, (max-width: 1024px) 100vw, 1024px\" \/><\/figure>\n\n\n\n<p><\/p>\n\n\n\n<ul class=\"wp-block-list\">\n<li>al visor geogr\u00e1fico de los Bienes Culturales en el apartado PATRIMONIO CULTURAL (en TURISMO Y CULTURA).<\/li>\n<\/ul>\n\n\n\n<figure class=\"wp-block-image size-large\"><img loading=\"lazy\" decoding=\"async\" width=\"1024\" height=\"503\" src=\"https:\/\/artheke.com\/wp-content\/uploads\/2023\/03\/15-1024x503.png\" alt=\"\" class=\"wp-image-1964\" srcset=\"https:\/\/www.artheke.com\/wp-content\/uploads\/2023\/03\/15-1024x503.png 1024w, https:\/\/www.artheke.com\/wp-content\/uploads\/2023\/03\/15-300x147.png 300w, https:\/\/www.artheke.com\/wp-content\/uploads\/2023\/03\/15-768x377.png 768w, https:\/\/www.artheke.com\/wp-content\/uploads\/2023\/03\/15.png 1459w\" sizes=\"auto, (max-width: 1024px) 100vw, 1024px\" \/><\/figure>\n\n\n\n<figure class=\"wp-block-image size-large\"><img loading=\"lazy\" decoding=\"async\" width=\"1024\" height=\"504\" src=\"https:\/\/artheke.com\/wp-content\/uploads\/2023\/03\/16-1-1024x504.png\" alt=\"\" class=\"wp-image-1965\" srcset=\"https:\/\/www.artheke.com\/wp-content\/uploads\/2023\/03\/16-1-1024x504.png 1024w, https:\/\/www.artheke.com\/wp-content\/uploads\/2023\/03\/16-1-300x148.png 300w, https:\/\/www.artheke.com\/wp-content\/uploads\/2023\/03\/16-1-768x378.png 768w, https:\/\/www.artheke.com\/wp-content\/uploads\/2023\/03\/16-1.png 1453w\" sizes=\"auto, (max-width: 1024px) 100vw, 1024px\" \/><\/figure>\n\n\n\n<ul class=\"wp-block-list\">\n<li>a la pesta\u00f1a de Arte, Cultura y Patrimonio desde el apartado de TURISMO (en TURISMO Y CULTURA), etc.<\/li>\n<\/ul>\n\n\n\n<figure class=\"wp-block-image size-large\"><img loading=\"lazy\" decoding=\"async\" width=\"1024\" height=\"506\" src=\"https:\/\/artheke.com\/wp-content\/uploads\/2023\/03\/22-1024x506.png\" alt=\"\" class=\"wp-image-1967\" srcset=\"https:\/\/www.artheke.com\/wp-content\/uploads\/2023\/03\/22-1024x506.png 1024w, https:\/\/www.artheke.com\/wp-content\/uploads\/2023\/03\/22-300x148.png 300w, https:\/\/www.artheke.com\/wp-content\/uploads\/2023\/03\/22-768x380.png 768w, https:\/\/www.artheke.com\/wp-content\/uploads\/2023\/03\/22.png 1459w\" sizes=\"auto, (max-width: 1024px) 100vw, 1024px\" \/><\/figure>\n\n\n\n<p>En el siguiente archivo se tiene la informaci\u00f3n de Canal Cultura de la Consejer\u00eda de Cultura y Turismo de Castilla y Le\u00f3n a un solo clic:<\/p>\n\n\n\n<div data-wp-interactive=\"core\/file\" class=\"wp-block-file\"><object data-wp-bind--hidden=\"!state.hasPdfPreview\" hidden class=\"wp-block-file__embed\" data=\"https:\/\/artheke.com\/wp-content\/uploads\/2023\/03\/Canal_cultura_v8_22062020.pdf\" type=\"application\/pdf\" style=\"width:100%;height:600px\" aria-label=\"Incrustado de Canal_cultura_v8_22062020.\"><\/object><a id=\"wp-block-file--media-cec12adf-64f7-47b8-b272-29a4d85dc855\" href=\"https:\/\/artheke.com\/wp-content\/uploads\/2023\/03\/Canal_cultura_v8_22062020.pdf\">Canal_cultura_v8_22062020<\/a><a href=\"https:\/\/artheke.com\/wp-content\/uploads\/2023\/03\/Canal_cultura_v8_22062020.pdf\" class=\"wp-block-file__button wp-element-button\" download aria-describedby=\"wp-block-file--media-cec12adf-64f7-47b8-b272-29a4d85dc855\">Descarga<\/a><\/div>\n\n\n\n<p>Se pueden descargar archivos relativos a varias tem\u00e1ticas (grandes rutas, centros culturales y museos, turismo cultural, etc.) desde Publicaciones (en ARTE, CULTURA Y PATRIMONIO):<\/p>\n\n\n\n<div class=\"wp-block-buttons is-content-justification-center is-layout-flex wp-container-core-buttons-is-layout-16018d1d wp-block-buttons-is-layout-flex\">\n<div class=\"wp-block-button has-custom-width wp-block-button__width-75\"><a class=\"wp-block-button__link has-background wp-element-button\" href=\"\" style=\"background-color:#99337f\" target=\"_blank\" rel=\"noreferrer noopener\">Publicaciones<\/a><\/div>\n<\/div>\n\n\n\n<div data-wp-interactive=\"core\/file\" class=\"wp-block-file\"><object data-wp-bind--hidden=\"!state.hasPdfPreview\" hidden class=\"wp-block-file__embed\" data=\"https:\/\/artheke.com\/wp-content\/uploads\/2023\/03\/Bienes-Patrimonio-Mundial-de-Castilla-y-Leon-ES-EN.pdf\" type=\"application\/pdf\" style=\"width:100%;height:600px\" aria-label=\"Incrustado de Bienes-Patrimonio-Mundial-de-Castilla-y-Leon-ES-EN.\"><\/object><a id=\"wp-block-file--media-480264ad-cbc7-4824-86de-fc0668c243a8\" href=\"https:\/\/artheke.com\/wp-content\/uploads\/2023\/03\/Bienes-Patrimonio-Mundial-de-Castilla-y-Leon-ES-EN.pdf\">Bienes-Patrimonio-Mundial-de-Castilla-y-Leon-ES-EN<\/a><a href=\"https:\/\/artheke.com\/wp-content\/uploads\/2023\/03\/Bienes-Patrimonio-Mundial-de-Castilla-y-Leon-ES-EN.pdf\" class=\"wp-block-file__button wp-element-button\" download aria-describedby=\"wp-block-file--media-480264ad-cbc7-4824-86de-fc0668c243a8\">Descarga<\/a><\/div>\n\n\n\n<p>Todo un mundo por conocer, tambi\u00e9n puede hacerse de modo virtual: <\/p>\n\n\n\n<figure class=\"wp-block-image size-large\"><img loading=\"lazy\" decoding=\"async\" width=\"1024\" height=\"461\" src=\"https:\/\/artheke.com\/wp-content\/uploads\/2023\/03\/image-13-1024x461.png\" alt=\"\" class=\"wp-image-1976\" srcset=\"https:\/\/www.artheke.com\/wp-content\/uploads\/2023\/03\/image-13-1024x461.png 1024w, https:\/\/www.artheke.com\/wp-content\/uploads\/2023\/03\/image-13-300x135.png 300w, https:\/\/www.artheke.com\/wp-content\/uploads\/2023\/03\/image-13-768x345.png 768w, https:\/\/www.artheke.com\/wp-content\/uploads\/2023\/03\/image-13.png 1456w\" sizes=\"auto, (max-width: 1024px) 100vw, 1024px\" \/><\/figure>\n\n\n\n<figure class=\"wp-block-image size-large\"><img loading=\"lazy\" decoding=\"async\" width=\"1024\" height=\"463\" src=\"https:\/\/artheke.com\/wp-content\/uploads\/2023\/03\/image-12-1024x463.png\" alt=\"\" class=\"wp-image-1975\" srcset=\"https:\/\/www.artheke.com\/wp-content\/uploads\/2023\/03\/image-12-1024x463.png 1024w, https:\/\/www.artheke.com\/wp-content\/uploads\/2023\/03\/image-12-300x136.png 300w, https:\/\/www.artheke.com\/wp-content\/uploads\/2023\/03\/image-12-768x347.png 768w, https:\/\/www.artheke.com\/wp-content\/uploads\/2023\/03\/image-12.png 1459w\" sizes=\"auto, (max-width: 1024px) 100vw, 1024px\" \/><\/figure>\n\n\n\n<hr class=\"wp-block-separator has-alpha-channel-opacity\"\/>\n\n\n\n<p class=\"has-extra-small-font-size\" style=\"line-height:0\">Publicada el&nbsp;21 de marzo de 2023<\/p>\n\n\n\n<p class=\"has-extra-small-font-size\" style=\"line-height:0\">Por&nbsp;<a href=\"https:\/\/artheke.com\/?author=1\">Cebri\u00e1n Gonz\u00e1lez, Mar\u00eda Teresa<\/a><\/p>\n","protected":false},"excerpt":{"rendered":"<p>Ofrece la posibilidad de acceder desde diferentes apartados (TURISMO, CULTURA, PATRIMONIO CULTURAL, etc.): En el siguiente archivo se tiene la informaci\u00f3n de Canal Cultura de la Consejer\u00eda de Cultura y Turismo de Castilla y Le\u00f3n a un solo clic: Se pueden descargar archivos relativos a varias tem\u00e1ticas (grandes rutas, centros culturales y museos, turismo cultural,&hellip; <a class=\"more-link\" href=\"https:\/\/www.artheke.com\/?page_id=1959\">Seguir leyendo <span class=\"screen-reader-text\">Patrimonio Cultural de Castilla y Le\u00f3n<\/span><\/a><\/p>\n","protected":false},"author":1,"featured_media":1960,"parent":0,"menu_order":0,"comment_status":"closed","ping_status":"closed","template":"","meta":{"footnotes":""},"class_list":["post-1959","page","type-page","status-publish","has-post-thumbnail","hentry","entry"],"_links":{"self":[{"href":"https:\/\/www.artheke.com\/index.php?rest_route=\/wp\/v2\/pages\/1959","targetHints":{"allow":["GET"]}}],"collection":[{"href":"https:\/\/www.artheke.com\/index.php?rest_route=\/wp\/v2\/pages"}],"about":[{"href":"https:\/\/www.artheke.com\/index.php?rest_route=\/wp\/v2\/types\/page"}],"author":[{"embeddable":true,"href":"https:\/\/www.artheke.com\/index.php?rest_route=\/wp\/v2\/users\/1"}],"replies":[{"embeddable":true,"href":"https:\/\/www.artheke.com\/index.php?rest_route=%2Fwp%2Fv2%2Fcomments&post=1959"}],"version-history":[{"count":9,"href":"https:\/\/www.artheke.com\/index.php?rest_route=\/wp\/v2\/pages\/1959\/revisions"}],"predecessor-version":[{"id":1987,"href":"https:\/\/www.artheke.com\/index.php?rest_route=\/wp\/v2\/pages\/1959\/revisions\/1987"}],"wp:featuredmedia":[{"embeddable":true,"href":"https:\/\/www.artheke.com\/index.php?rest_route=\/wp\/v2\/media\/1960"}],"wp:attachment":[{"href":"https:\/\/www.artheke.com\/index.php?rest_route=%2Fwp%2Fv2%2Fmedia&parent=1959"}],"curies":[{"name":"wp","href":"https:\/\/api.w.org\/{rel}","templated":true}]}}