{"id":1991,"date":"2023-03-22T12:35:05","date_gmt":"2023-03-22T12:35:05","guid":{"rendered":"https:\/\/artheke.com\/?page_id=1991"},"modified":"2023-03-22T15:35:08","modified_gmt":"2023-03-22T15:35:08","slug":"modelos-expositivos-didactica-2-0-museos-en-femenino","status":"publish","type":"page","link":"https:\/\/www.artheke.com\/?page_id=1991","title":{"rendered":"DID\u00c1CTICA 2.0 MUSEOS EN FEMENINO"},"content":{"rendered":"\n<p>Un proyecto centrado en<strong> las mujeres en el arte<\/strong> en consonancia con los <mark style=\"background-color:rgba(0, 0, 0, 0);color:#e62020\" class=\"has-inline-color\"><strong>Proyectos culturales a desarrollar<\/strong> <strong>en museos<\/strong><\/mark> para:<\/p>\n\n\n\n<div class=\"wp-block-columns is-layout-flex wp-container-core-columns-is-layout-9d6595d7 wp-block-columns-is-layout-flex\">\n<div class=\"wp-block-column is-layout-flow wp-block-column-is-layout-flow\" style=\"flex-basis:100%\">\n<figure class=\"wp-block-pullquote\"><blockquote><p><em><mark style=\"background-color:rgba(0, 0, 0, 0);color:#a86c6c\" class=\"has-inline-color\">difundir y facilitar el conocimiento del patrimonio cultural custodiado en los museos y promover la integraci\u00f3n de iniciativas que contribuyan a establecer mecanismos multilaterales de cooperaci\u00f3n y a desarrollar acciones conjuntas en el \u00e1mbito de los museos, todo ello en virtud de lo dispuesto por el art\u00edculo 149.28, y 149.1 de la Constituci\u00f3n Espa\u00f1ola.<\/mark><\/em><\/p><cite><a href=\"https:\/\/museosenfemenino.es\/\" data-type=\"URL\" data-id=\"https:\/\/museosenfemenino.es\/\" target=\"_blank\" rel=\"noreferrer noopener\">Did\u00e1ctica 2.0 Museos en femenino<\/a><\/cite><\/blockquote><\/figure>\n<\/div>\n<\/div>\n\n\n\n<figure class=\"wp-block-gallery has-nested-images columns-default is-cropped wp-block-gallery-1 is-layout-flex wp-block-gallery-is-layout-flex\">\n<figure class=\"wp-block-image size-large\"><img loading=\"lazy\" decoding=\"async\" width=\"1024\" height=\"468\" data-id=\"2001\" src=\"https:\/\/artheke.com\/wp-content\/uploads\/2023\/03\/3-1024x468.png\" alt=\"\" class=\"wp-image-2001\" srcset=\"https:\/\/www.artheke.com\/wp-content\/uploads\/2023\/03\/3-1024x468.png 1024w, https:\/\/www.artheke.com\/wp-content\/uploads\/2023\/03\/3-300x137.png 300w, https:\/\/www.artheke.com\/wp-content\/uploads\/2023\/03\/3-768x351.png 768w, https:\/\/www.artheke.com\/wp-content\/uploads\/2023\/03\/3.png 1443w\" sizes=\"auto, (max-width: 1024px) 100vw, 1024px\" \/><figcaption class=\"wp-element-caption\"><a href=\"https:\/\/museosenfemenino.es\/museo_arqueologico_nacional\/grecia\/mito-el-imaginario\" data-type=\"URL\" data-id=\"https:\/\/museosenfemenino.es\/museo_arqueologico_nacional\/grecia\/mito-el-imaginario\" target=\"_blank\" rel=\"noreferrer noopener\">MITO: EL IMAGINARIO. LOS DIOSES: PLATAFORMA 4 Y VITRINA 28.<\/a><\/figcaption><\/figure>\n<\/figure>\n\n\n\n<figure class=\"wp-block-gallery has-nested-images columns-default is-cropped wp-block-gallery-2 is-layout-flex wp-block-gallery-is-layout-flex\">\n<figure class=\"wp-block-image size-large\"><img loading=\"lazy\" decoding=\"async\" width=\"1024\" height=\"469\" data-id=\"2002\" src=\"https:\/\/artheke.com\/wp-content\/uploads\/2023\/03\/4-1024x469.png\" alt=\"\" class=\"wp-image-2002\" srcset=\"https:\/\/www.artheke.com\/wp-content\/uploads\/2023\/03\/4-1024x469.png 1024w, https:\/\/www.artheke.com\/wp-content\/uploads\/2023\/03\/4-300x137.png 300w, https:\/\/www.artheke.com\/wp-content\/uploads\/2023\/03\/4-768x352.png 768w, https:\/\/www.artheke.com\/wp-content\/uploads\/2023\/03\/4.png 1439w\" sizes=\"auto, (max-width: 1024px) 100vw, 1024px\" \/><figcaption class=\"wp-element-caption\"><a rel=\"noreferrer noopener\" href=\"https:\/\/museosenfemenino.es\/museo_arqueologico_nacional\/el-mito-plataforma-4-y-vitrina-28\/artemis-anfora-pintor-de-pan-atica-470\" data-type=\"URL\" data-id=\"https:\/\/museosenfemenino.es\/museo_arqueologico_nacional\/el-mito-plataforma-4-y-vitrina-28\/artemis-anfora-pintor-de-pan-atica-470\" target=\"_blank\"> \u00c1RTEMIS <\/a><\/figcaption><\/figure>\n\n\n\n<figure class=\"wp-block-image size-large\"><img loading=\"lazy\" decoding=\"async\" width=\"1024\" height=\"458\" data-id=\"2000\" src=\"https:\/\/artheke.com\/wp-content\/uploads\/2023\/03\/2-2-1024x458.png\" alt=\"\" class=\"wp-image-2000\" srcset=\"https:\/\/www.artheke.com\/wp-content\/uploads\/2023\/03\/2-2-1024x458.png 1024w, https:\/\/www.artheke.com\/wp-content\/uploads\/2023\/03\/2-2-300x134.png 300w, https:\/\/www.artheke.com\/wp-content\/uploads\/2023\/03\/2-2-768x344.png 768w, https:\/\/www.artheke.com\/wp-content\/uploads\/2023\/03\/2-2.png 1444w\" sizes=\"auto, (max-width: 1024px) 100vw, 1024px\" \/><figcaption class=\"wp-element-caption\"><a href=\"https:\/\/museosenfemenino.es\/museo_arqueologico_nacional\/el-heroe-vitrina-26\/heracles-contra-las-amazonas-anfora-circulo-del\" data-type=\"URL\" data-id=\"https:\/\/museosenfemenino.es\/museo_arqueologico_nacional\/el-heroe-vitrina-26\/heracles-contra-las-amazonas-anfora-circulo-del\" target=\"_blank\" rel=\"noreferrer noopener\">EL H\u00c9ROE: VITRINA 26.<\/a><\/figcaption><\/figure>\n\n\n\n<figure class=\"wp-block-image size-large\"><img loading=\"lazy\" decoding=\"async\" width=\"1024\" height=\"468\" data-id=\"2006\" src=\"https:\/\/artheke.com\/wp-content\/uploads\/2023\/03\/5-1-1024x468.png\" alt=\"\" class=\"wp-image-2006\" srcset=\"https:\/\/www.artheke.com\/wp-content\/uploads\/2023\/03\/5-1-1024x468.png 1024w, https:\/\/www.artheke.com\/wp-content\/uploads\/2023\/03\/5-1-300x137.png 300w, https:\/\/www.artheke.com\/wp-content\/uploads\/2023\/03\/5-1-768x351.png 768w, https:\/\/www.artheke.com\/wp-content\/uploads\/2023\/03\/5-1.png 1440w\" sizes=\"auto, (max-width: 1024px) 100vw, 1024px\" \/><figcaption class=\"wp-element-caption\"><a rel=\"noreferrer noopener\" href=\"https:\/\/museosenfemenino.es\/museo_traje\/cuerpos-modelables\" data-type=\"URL\" data-id=\"https:\/\/museosenfemenino.es\/museo_traje\/cuerpos-modelables\" target=\"_blank\">MUSEO DEL TRAJE<\/a><\/figcaption><\/figure>\n\n\n\n<figure class=\"wp-block-image size-large\"><img loading=\"lazy\" decoding=\"async\" width=\"1024\" height=\"466\" data-id=\"2007\" src=\"https:\/\/artheke.com\/wp-content\/uploads\/2023\/03\/6-1-1024x466.png\" alt=\"\" class=\"wp-image-2007\" srcset=\"https:\/\/www.artheke.com\/wp-content\/uploads\/2023\/03\/6-1-1024x466.png 1024w, https:\/\/www.artheke.com\/wp-content\/uploads\/2023\/03\/6-1-300x137.png 300w, https:\/\/www.artheke.com\/wp-content\/uploads\/2023\/03\/6-1-768x350.png 768w, https:\/\/www.artheke.com\/wp-content\/uploads\/2023\/03\/6-1.png 1436w\" sizes=\"auto, (max-width: 1024px) 100vw, 1024px\" \/><figcaption class=\"wp-element-caption\"><a href=\"https:\/\/museosenfemenino.es\/museo_traje\/cuerpos-modelables\/delphos-mariano-fortuny\" data-type=\"URL\" data-id=\"https:\/\/museosenfemenino.es\/museo_traje\/cuerpos-modelables\/delphos-mariano-fortuny\" target=\"_blank\" rel=\"noreferrer noopener\">MUSEO DEL TRAJE: DELPHOS<\/a><\/figcaption><\/figure>\n<\/figure>\n\n\n\n<p>El proyecto de mujeres en el arte trata diversos temas en diferentes museos como:<\/p>\n\n\n\n<ul class=\"wp-block-list\">\n<li>Las mujeres en la sociedad imperial romana (MAN)<\/li>\n\n\n\n<li>La construcci\u00f3n del g\u00e9nero en la Grecia cl\u00e1sica (MAN)<\/li>\n\n\n\n<li>Cuerpos modelables. La indumentaria como instrumento de control del cuerpo femenino. (CIPE)<\/li>\n\n\n\n<li>Las mujeres y el poder (MNP)<\/li>\n\n\n\n<li>Los trabajos de las mujeres (MNP)<\/li>\n\n\n\n<li>Las mujeres en el Museo Gonz\u00e1lez Mart\u00ed.<\/li>\n\n\n\n<li>Femenino. Una mirada a las vanguardias (MNCARS)<\/li>\n<\/ul>\n\n\n\n<figure class=\"wp-block-image size-full\"><img loading=\"lazy\" decoding=\"async\" width=\"928\" height=\"315\" src=\"https:\/\/artheke.com\/wp-content\/uploads\/2023\/03\/image-20.png\" alt=\"\" class=\"wp-image-1998\" srcset=\"https:\/\/www.artheke.com\/wp-content\/uploads\/2023\/03\/image-20.png 928w, https:\/\/www.artheke.com\/wp-content\/uploads\/2023\/03\/image-20-300x102.png 300w, https:\/\/www.artheke.com\/wp-content\/uploads\/2023\/03\/image-20-768x261.png 768w\" sizes=\"auto, (max-width: 928px) 100vw, 928px\" \/><\/figure>\n\n\n\n<figure class=\"wp-block-image size-full is-resized\"><img loading=\"lazy\" decoding=\"async\" src=\"https:\/\/artheke.com\/wp-content\/uploads\/2023\/03\/image-16.png\" alt=\"\" class=\"wp-image-1994\" width=\"610\" height=\"208\" srcset=\"https:\/\/www.artheke.com\/wp-content\/uploads\/2023\/03\/image-16.png 920w, https:\/\/www.artheke.com\/wp-content\/uploads\/2023\/03\/image-16-300x103.png 300w, https:\/\/www.artheke.com\/wp-content\/uploads\/2023\/03\/image-16-768x263.png 768w\" sizes=\"auto, (max-width: 610px) 100vw, 610px\" \/><\/figure>\n\n\n\n<figure class=\"wp-block-image size-large\"><img loading=\"lazy\" decoding=\"async\" width=\"1024\" height=\"341\" src=\"https:\/\/artheke.com\/wp-content\/uploads\/2023\/03\/image-15-1024x341.png\" alt=\"\" class=\"wp-image-1993\" srcset=\"https:\/\/www.artheke.com\/wp-content\/uploads\/2023\/03\/image-15-1024x341.png 1024w, https:\/\/www.artheke.com\/wp-content\/uploads\/2023\/03\/image-15-300x100.png 300w, https:\/\/www.artheke.com\/wp-content\/uploads\/2023\/03\/image-15-768x255.png 768w, https:\/\/www.artheke.com\/wp-content\/uploads\/2023\/03\/image-15.png 1476w\" sizes=\"auto, (max-width: 1024px) 100vw, 1024px\" \/><\/figure>\n\n\n\n<figure class=\"wp-block-image size-full\"><img loading=\"lazy\" decoding=\"async\" width=\"914\" height=\"308\" src=\"https:\/\/artheke.com\/wp-content\/uploads\/2023\/03\/image-17.png\" alt=\"\" class=\"wp-image-1995\" srcset=\"https:\/\/www.artheke.com\/wp-content\/uploads\/2023\/03\/image-17.png 914w, https:\/\/www.artheke.com\/wp-content\/uploads\/2023\/03\/image-17-300x101.png 300w, https:\/\/www.artheke.com\/wp-content\/uploads\/2023\/03\/image-17-768x259.png 768w\" sizes=\"auto, (max-width: 914px) 100vw, 914px\" \/><\/figure>\n\n\n\n<figure class=\"wp-block-image size-full\"><img loading=\"lazy\" decoding=\"async\" width=\"923\" height=\"310\" src=\"https:\/\/artheke.com\/wp-content\/uploads\/2023\/03\/image-21.png\" alt=\"\" class=\"wp-image-1999\" srcset=\"https:\/\/www.artheke.com\/wp-content\/uploads\/2023\/03\/image-21.png 923w, https:\/\/www.artheke.com\/wp-content\/uploads\/2023\/03\/image-21-300x101.png 300w, https:\/\/www.artheke.com\/wp-content\/uploads\/2023\/03\/image-21-768x258.png 768w\" sizes=\"auto, (max-width: 923px) 100vw, 923px\" \/><\/figure>\n\n\n\n<figure class=\"wp-block-image size-full\"><img loading=\"lazy\" decoding=\"async\" width=\"916\" height=\"320\" src=\"https:\/\/artheke.com\/wp-content\/uploads\/2023\/03\/image-19.png\" alt=\"\" class=\"wp-image-1997\" srcset=\"https:\/\/www.artheke.com\/wp-content\/uploads\/2023\/03\/image-19.png 916w, https:\/\/www.artheke.com\/wp-content\/uploads\/2023\/03\/image-19-300x105.png 300w, https:\/\/www.artheke.com\/wp-content\/uploads\/2023\/03\/image-19-768x268.png 768w\" sizes=\"auto, (max-width: 916px) 100vw, 916px\" \/><\/figure>\n\n\n\n<figure class=\"wp-block-image size-full\"><img loading=\"lazy\" decoding=\"async\" width=\"916\" height=\"314\" src=\"https:\/\/artheke.com\/wp-content\/uploads\/2023\/03\/image-18.png\" alt=\"\" class=\"wp-image-1996\" srcset=\"https:\/\/www.artheke.com\/wp-content\/uploads\/2023\/03\/image-18.png 916w, https:\/\/www.artheke.com\/wp-content\/uploads\/2023\/03\/image-18-300x103.png 300w, https:\/\/www.artheke.com\/wp-content\/uploads\/2023\/03\/image-18-768x263.png 768w\" sizes=\"auto, (max-width: 916px) 100vw, 916px\" \/><\/figure>\n\n\n\n<div data-wp-interactive=\"core\/file\" class=\"wp-block-file\"><object data-wp-bind--hidden=\"!state.hasPdfPreview\" hidden class=\"wp-block-file__embed\" data=\"https:\/\/artheke.com\/wp-content\/uploads\/2023\/03\/Guia_didactica_Gonzalez_Marti.pdf\" type=\"application\/pdf\" style=\"width:100%;height:600px\" aria-label=\"Incrustado de Guia_didactica_Gonzalez_Marti.\"><\/object><a id=\"wp-block-file--media-cdc0aaa8-fe02-4c9e-b36c-4c8a8a13b0d6\" href=\"https:\/\/artheke.com\/wp-content\/uploads\/2023\/03\/Guia_didactica_Gonzalez_Marti.pdf\">Guia_didactica_Gonzalez_Marti<\/a><a href=\"https:\/\/artheke.com\/wp-content\/uploads\/2023\/03\/Guia_didactica_Gonzalez_Marti.pdf\" class=\"wp-block-file__button wp-element-button\" download aria-describedby=\"wp-block-file--media-cdc0aaa8-fe02-4c9e-b36c-4c8a8a13b0d6\">Descarga<\/a><\/div>\n\n\n\n<div data-wp-interactive=\"core\/file\" class=\"wp-block-file\"><object data-wp-bind--hidden=\"!state.hasPdfPreview\" hidden class=\"wp-block-file__embed\" data=\"https:\/\/artheke.com\/wp-content\/uploads\/2023\/03\/Guia_didactica_MuseoReinaSofia.pdf\" type=\"application\/pdf\" style=\"width:100%;height:600px\" aria-label=\"Incrustado de Guia_didactica_MuseoReinaSofia.\"><\/object><a id=\"wp-block-file--media-199f27bb-0995-4258-a89b-baeec7daba09\" href=\"https:\/\/artheke.com\/wp-content\/uploads\/2023\/03\/Guia_didactica_MuseoReinaSofia.pdf\">Guia_didactica_MuseoReinaSofia<\/a><a href=\"https:\/\/artheke.com\/wp-content\/uploads\/2023\/03\/Guia_didactica_MuseoReinaSofia.pdf\" class=\"wp-block-file__button wp-element-button\" download aria-describedby=\"wp-block-file--media-199f27bb-0995-4258-a89b-baeec7daba09\">Descarga<\/a><\/div>\n\n\n\n<div data-wp-interactive=\"core\/file\" class=\"wp-block-file\"><object data-wp-bind--hidden=\"!state.hasPdfPreview\" hidden class=\"wp-block-file__embed\" data=\"https:\/\/artheke.com\/wp-content\/uploads\/2023\/03\/Guia_didactica_MuseodelPrado.pdf\" type=\"application\/pdf\" style=\"width:100%;height:600px\" aria-label=\"Incrustado de Guia_didactica_MuseodelPrado.\"><\/object><a id=\"wp-block-file--media-9e3768bf-4836-4879-9c7b-d62f8a9e5906\" href=\"https:\/\/artheke.com\/wp-content\/uploads\/2023\/03\/Guia_didactica_MuseodelPrado.pdf\">Guia_didactica_MuseodelPrado<\/a><a href=\"https:\/\/artheke.com\/wp-content\/uploads\/2023\/03\/Guia_didactica_MuseodelPrado.pdf\" class=\"wp-block-file__button wp-element-button\" download aria-describedby=\"wp-block-file--media-9e3768bf-4836-4879-9c7b-d62f8a9e5906\">Descarga<\/a><\/div>\n\n\n\n<hr class=\"wp-block-separator has-alpha-channel-opacity\"\/>\n\n\n\n<p>Existen tambi\u00e9n otros museos que est\u00e1n enfocando alguna de sus exposiciones o parte de ellas a la figura de la mujer, uno de ellos es por ejemplo el Museo de Prehistoria de Valencia (MUPREVA) que presenta una gu\u00eda did\u00e1ctica sobre las mujeres en la prehistoria:<\/p>\n\n\n\n<div data-wp-interactive=\"core\/file\" class=\"wp-block-file\"><object data-wp-bind--hidden=\"!state.hasPdfPreview\" hidden class=\"wp-block-file__embed\" data=\"https:\/\/artheke.com\/wp-content\/uploads\/2023\/03\/mupreva194_mupreva153_216.pdf\" type=\"application\/pdf\" style=\"width:100%;height:600px\" aria-label=\"Incrustado de mupreva194_mupreva153_216.\"><\/object><a id=\"wp-block-file--media-832870fa-4091-430f-87ce-2407a8e14878\" href=\"https:\/\/artheke.com\/wp-content\/uploads\/2023\/03\/mupreva194_mupreva153_216.pdf\">mupreva194_mupreva153_216<\/a><a href=\"https:\/\/artheke.com\/wp-content\/uploads\/2023\/03\/mupreva194_mupreva153_216.pdf\" class=\"wp-block-file__button wp-element-button\" download aria-describedby=\"wp-block-file--media-832870fa-4091-430f-87ce-2407a8e14878\">Descarga<\/a><\/div>\n\n\n\n<hr class=\"wp-block-separator has-alpha-channel-opacity\"\/>\n\n\n\n<p class=\"has-extra-small-font-size\">Publicada el&nbsp;22 de marzo de 2023<\/p>\n\n\n\n<p class=\"has-extra-small-font-size\" style=\"line-height:0\">Por&nbsp;<a href=\"https:\/\/artheke.com\/?author=1\">Cebri\u00e1n Gonz\u00e1lez, Mar\u00eda Teresa<\/a><\/p>\n","protected":false},"excerpt":{"rendered":"<p>Un proyecto centrado en las mujeres en el arte en consonancia con los Proyectos culturales a desarrollar en museos para: difundir y facilitar el conocimiento del patrimonio cultural custodiado en los museos y promover la integraci\u00f3n de iniciativas que contribuyan a establecer mecanismos multilaterales de cooperaci\u00f3n y a desarrollar acciones conjuntas en el \u00e1mbito de&hellip; <a class=\"more-link\" href=\"https:\/\/www.artheke.com\/?page_id=1991\">Seguir leyendo <span class=\"screen-reader-text\">DID\u00c1CTICA 2.0 MUSEOS EN FEMENINO<\/span><\/a><\/p>\n","protected":false},"author":1,"featured_media":1992,"parent":0,"menu_order":0,"comment_status":"closed","ping_status":"closed","template":"","meta":{"footnotes":""},"class_list":["post-1991","page","type-page","status-publish","has-post-thumbnail","hentry","entry"],"_links":{"self":[{"href":"https:\/\/www.artheke.com\/index.php?rest_route=\/wp\/v2\/pages\/1991","targetHints":{"allow":["GET"]}}],"collection":[{"href":"https:\/\/www.artheke.com\/index.php?rest_route=\/wp\/v2\/pages"}],"about":[{"href":"https:\/\/www.artheke.com\/index.php?rest_route=\/wp\/v2\/types\/page"}],"author":[{"embeddable":true,"href":"https:\/\/www.artheke.com\/index.php?rest_route=\/wp\/v2\/users\/1"}],"replies":[{"embeddable":true,"href":"https:\/\/www.artheke.com\/index.php?rest_route=%2Fwp%2Fv2%2Fcomments&post=1991"}],"version-history":[{"count":5,"href":"https:\/\/www.artheke.com\/index.php?rest_route=\/wp\/v2\/pages\/1991\/revisions"}],"predecessor-version":[{"id":2016,"href":"https:\/\/www.artheke.com\/index.php?rest_route=\/wp\/v2\/pages\/1991\/revisions\/2016"}],"wp:featuredmedia":[{"embeddable":true,"href":"https:\/\/www.artheke.com\/index.php?rest_route=\/wp\/v2\/media\/1992"}],"wp:attachment":[{"href":"https:\/\/www.artheke.com\/index.php?rest_route=%2Fwp%2Fv2%2Fmedia&parent=1991"}],"curies":[{"name":"wp","href":"https:\/\/api.w.org\/{rel}","templated":true}]}}