{"id":2024,"date":"2023-04-11T11:03:02","date_gmt":"2023-04-11T11:03:02","guid":{"rendered":"https:\/\/artheke.com\/?page_id=2024"},"modified":"2023-04-11T11:05:41","modified_gmt":"2023-04-11T11:05:41","slug":"otros-repositorios","status":"publish","type":"page","link":"https:\/\/www.artheke.com\/?page_id=2024","title":{"rendered":"OTROS REPOSITORIOS"},"content":{"rendered":"\n<p>El Consejo Superior de Investigaciones Cient\u00edficas ofrece su repositorio institucional en:<\/p>\n\n\n\n<div class=\"wp-block-buttons is-content-justification-center is-layout-flex wp-container-core-buttons-is-layout-16018d1d wp-block-buttons-is-layout-flex\">\n<div class=\"wp-block-button has-custom-width wp-block-button__width-75 has-custom-font-size has-extra-large-font-size\"><a class=\"wp-block-button__link has-text-color has-background wp-element-button\" href=\"https:\/\/digital.csic.es\/\" style=\"color:#b62d2d;background-color:#f1e1ab\" target=\"_blank\" rel=\"noreferrer noopener\">DIGITAL.CSIC<\/a><\/div>\n<\/div>\n\n\n\n<figure class=\"wp-block-image size-large\"><img loading=\"lazy\" decoding=\"async\" width=\"1024\" height=\"586\" src=\"https:\/\/artheke.com\/wp-content\/uploads\/2023\/04\/image-1024x586.png\" alt=\"\" class=\"wp-image-2025\" srcset=\"https:\/\/www.artheke.com\/wp-content\/uploads\/2023\/04\/image-1024x586.png 1024w, https:\/\/www.artheke.com\/wp-content\/uploads\/2023\/04\/image-300x172.png 300w, https:\/\/www.artheke.com\/wp-content\/uploads\/2023\/04\/image-768x439.png 768w, https:\/\/www.artheke.com\/wp-content\/uploads\/2023\/04\/image.png 1423w\" sizes=\"auto, (max-width: 1024px) 100vw, 1024px\" \/><\/figure>\n\n\n\n<hr class=\"wp-block-separator has-alpha-channel-opacity\"\/>\n\n\n\n<p style=\"font-size:10px;line-height:0\">Publicada el&nbsp;11 de abril de 2023<\/p>\n\n\n\n<p style=\"font-size:10px;line-height:0\">Por&nbsp;<a href=\"https:\/\/artheke.com\/?author=1\">Cebri\u00e1n Gonz\u00e1lez, Mar\u00eda Teresa<\/a><\/p>\n","protected":false},"excerpt":{"rendered":"<p>El Consejo Superior de Investigaciones Cient\u00edficas ofrece su repositorio institucional en: Publicada el&nbsp;11 de abril de 2023 Por&nbsp;Cebri\u00e1n Gonz\u00e1lez, Mar\u00eda Teresa<\/p>\n","protected":false},"author":1,"featured_media":0,"parent":0,"menu_order":0,"comment_status":"closed","ping_status":"closed","template":"","meta":{"footnotes":""},"class_list":["post-2024","page","type-page","status-publish","hentry","entry"],"_links":{"self":[{"href":"https:\/\/www.artheke.com\/index.php?rest_route=\/wp\/v2\/pages\/2024","targetHints":{"allow":["GET"]}}],"collection":[{"href":"https:\/\/www.artheke.com\/index.php?rest_route=\/wp\/v2\/pages"}],"about":[{"href":"https:\/\/www.artheke.com\/index.php?rest_route=\/wp\/v2\/types\/page"}],"author":[{"embeddable":true,"href":"https:\/\/www.artheke.com\/index.php?rest_route=\/wp\/v2\/users\/1"}],"replies":[{"embeddable":true,"href":"https:\/\/www.artheke.com\/index.php?rest_route=%2Fwp%2Fv2%2Fcomments&post=2024"}],"version-history":[{"count":5,"href":"https:\/\/www.artheke.com\/index.php?rest_route=\/wp\/v2\/pages\/2024\/revisions"}],"predecessor-version":[{"id":2031,"href":"https:\/\/www.artheke.com\/index.php?rest_route=\/wp\/v2\/pages\/2024\/revisions\/2031"}],"wp:attachment":[{"href":"https:\/\/www.artheke.com\/index.php?rest_route=%2Fwp%2Fv2%2Fmedia&parent=2024"}],"curies":[{"name":"wp","href":"https:\/\/api.w.org\/{rel}","templated":true}]}}