{"id":2033,"date":"2023-04-11T11:22:28","date_gmt":"2023-04-11T11:22:28","guid":{"rendered":"https:\/\/artheke.com\/?page_id=2033"},"modified":"2023-04-11T19:03:39","modified_gmt":"2023-04-11T19:03:39","slug":"mujeres","status":"publish","type":"page","link":"https:\/\/www.artheke.com\/?page_id=2033","title":{"rendered":"MUJERES"},"content":{"rendered":"\n<p>Algunos enlaces para encontrar informaci\u00f3n relativa al papel que siempre ha tenido la mujer en la historia: pioneras, mujeres en la prehistoria, la mujer en el arte, etc.<\/p>\n\n\n\n<p class=\"has-text-align-center\" style=\"font-size:10px;line-height:0\">: <\/p>\n\n\n\n<div class=\"wp-block-cover is-light has-custom-content-position is-position-bottom-right\"><span aria-hidden=\"true\" class=\"wp-block-cover__background has-background-dim-0 has-background-dim\"><\/span><img loading=\"lazy\" decoding=\"async\" width=\"1024\" height=\"684\" class=\"wp-block-cover__image-background wp-image-2034\" alt=\"\" src=\"https:\/\/artheke.com\/wp-content\/uploads\/2023\/04\/pexels-christina-morillo-1181226-1024x684.jpg\" data-object-fit=\"cover\" srcset=\"https:\/\/www.artheke.com\/wp-content\/uploads\/2023\/04\/pexels-christina-morillo-1181226-1024x684.jpg 1024w, https:\/\/www.artheke.com\/wp-content\/uploads\/2023\/04\/pexels-christina-morillo-1181226-300x200.jpg 300w, https:\/\/www.artheke.com\/wp-content\/uploads\/2023\/04\/pexels-christina-morillo-1181226-768x513.jpg 768w, https:\/\/www.artheke.com\/wp-content\/uploads\/2023\/04\/pexels-christina-morillo-1181226-1536x1025.jpg 1536w, https:\/\/www.artheke.com\/wp-content\/uploads\/2023\/04\/pexels-christina-morillo-1181226-2048x1367.jpg 2048w, https:\/\/www.artheke.com\/wp-content\/uploads\/2023\/04\/pexels-christina-morillo-1181226-1568x1047.jpg 1568w\" sizes=\"auto, (max-width: 1024px) 100vw, 1024px\" \/><div class=\"wp-block-cover__inner-container is-layout-flow wp-block-cover-is-layout-flow\">\n<p class=\"has-text-align-center\" style=\"font-size:10px;line-height:0\">Foto de Christina M.: <a rel=\"noreferrer noopener\" href=\"https:\/\/www.pexels.com\/es-es\/foto\/mujer-sosteniendo-macbook-pro-1181226\/\" data-type=\"URL\" data-id=\"https:\/\/www.pexels.com\/es-es\/foto\/mujer-sosteniendo-macbook-pro-1181226\/\" target=\"_blank\">https:\/\/www.pexels.com\/es-es\/foto\/mujer-sosteniendo-macbook-pro-1181226\/<\/a><\/p>\n<\/div><\/div>\n\n\n\n<div class=\"wp-block-buttons is-layout-flex wp-block-buttons-is-layout-flex\">\n<div class=\"wp-block-button has-custom-width wp-block-button__width-100 has-custom-font-size has-extra-large-font-size\"><a class=\"wp-block-button__link has-gray-color has-text-color has-background wp-element-button\" href=\"https:\/\/artheke.com\/?page_id=1991\" style=\"background-color:#eebc8f\" target=\"_blank\" rel=\"noreferrer noopener\">MUSEOS EN FEMENINO<\/a><\/div>\n<\/div>\n\n\n\n<div class=\"wp-block-buttons is-layout-flex wp-block-buttons-is-layout-flex\">\n<div class=\"wp-block-button has-custom-width wp-block-button__width-100 has-custom-font-size is-style-outline has-extra-large-font-size is-style-outline--1\"><a class=\"wp-block-button__link has-white-color has-text-color has-background wp-element-button\" href=\"https:\/\/www.loc.gov\/free-to-use\/womens-history-month\/\" style=\"background-color:#7979a8;padding-top:var(--wp--preset--spacing--30);padding-right:var(--wp--preset--spacing--30);padding-bottom:var(--wp--preset--spacing--30);padding-left:var(--wp--preset--spacing--30)\" target=\"_blank\" rel=\"noreferrer noopener\">PORTAL PIONERAS del CSIC<\/a><\/div>\n<\/div>\n\n\n\n<div class=\"wp-block-buttons is-layout-flex wp-block-buttons-is-layout-flex\">\n<div class=\"wp-block-button has-custom-width wp-block-button__width-100 has-custom-font-size has-normal-font-size\"><a class=\"wp-block-button__link has-white-background-color has-text-color has-background wp-element-button\" style=\"color:#ae4f4f;padding-top:var(--wp--preset--spacing--30);padding-right:var(--wp--preset--spacing--30);padding-bottom:var(--wp--preset--spacing--30);padding-left:var(--wp--preset--spacing--30)\">HISTORIA DE LA MUJER EN LA LIBRER\u00cdA DEL CONGRESO<\/a><\/div>\n<\/div>\n\n\n\n<p>Algunas de las Figuras Destacadas:<\/p>\n\n\n\n<div class=\"wp-block-buttons is-layout-flex wp-block-buttons-is-layout-flex\">\n<div class=\"wp-block-button\"><a class=\"wp-block-button__link wp-element-button\" href=\"http:\/\/simurg.bibliotecas.csic.es\/collection\/1813350\/joaquina-eguaras?offset=4&amp;limit=10&amp;sort=viewOrder\" target=\"_blank\" rel=\"noreferrer noopener\">Joaquina Eguaras<\/a><\/div>\n<\/div>\n\n\n\n<p>Algunos temas conocidos:<\/p>\n\n\n\n<div class=\"wp-block-buttons is-layout-flex wp-block-buttons-is-layout-flex\">\n<div class=\"wp-block-button\"><a class=\"wp-block-button__link has-background wp-element-button\" href=\"https:\/\/dp.la\/exhibitions\/american-aviatrixes\" style=\"background-color:#13a16c\" target=\"_blank\" rel=\"noreferrer noopener\">Aviadoras americanas: mujeres con alas<\/a><\/div>\n<\/div>\n\n\n\n<div class=\"wp-block-buttons is-layout-flex wp-block-buttons-is-layout-flex\">\n<div class=\"wp-block-button\"><a class=\"wp-block-button__link has-background wp-element-button\" href=\"https:\/\/dp.la\/exhibitions\/american-aviatrixes\" style=\"background-color:#25a576\" target=\"_blank\" rel=\"noreferrer noopener\">Mujeres en la retaguardia. El papel de las mujeres en la primera guerra mundial.<\/a><\/div>\n<\/div>\n\n\n\n<hr class=\"wp-block-separator has-alpha-channel-opacity\"\/>\n\n\n\n<p><strong>Referencias<\/strong>:<\/p>\n\n\n\n<p>Imagen destacada de p\u00e1gina: Dale, BM &amp; League Of Women Voters, USR (1913)&nbsp;Programa oficial &#8211; Procesi\u00f3n del sufragio femenino, Washington, DC 3 de marzo\/ Dale&nbsp;.&nbsp;Washington DC Estados Unidos, 1913. [Fotograf\u00eda] Obtenido de la Biblioteca del Congreso, <a rel=\"noreferrer noopener\" href=\"https:\/\/www.loc.gov\/item\/94507639\/\" data-type=\"URL\" data-id=\"https:\/\/www.loc.gov\/item\/94507639\/\" target=\"_blank\">https:\/\/www.loc.gov\/item\/94507639\/<\/a><\/p>\n\n\n\n<hr class=\"wp-block-separator has-alpha-channel-opacity\"\/>\n\n\n\n<p style=\"font-size:10px;line-height:0\"><br>Publicada el&nbsp;11 de abril de 2023<\/p>\n\n\n\n<p style=\"font-size:10px;line-height:0\">Por&nbsp;<a href=\"https:\/\/artheke.com\/?author=1\">Cebri\u00e1n Gonz\u00e1lez, Mar\u00eda Teresa<\/a><\/p>\n","protected":false},"excerpt":{"rendered":"<p>Algunos enlaces para encontrar informaci\u00f3n relativa al papel que siempre ha tenido la mujer en la historia: pioneras, mujeres en la prehistoria, la mujer en el arte, etc. : Algunas de las Figuras Destacadas: Algunos temas conocidos: Referencias: Imagen destacada de p\u00e1gina: Dale, BM &amp; League Of Women Voters, USR (1913)&nbsp;Programa oficial &#8211; Procesi\u00f3n del&hellip; <a class=\"more-link\" href=\"https:\/\/www.artheke.com\/?page_id=2033\">Seguir leyendo <span class=\"screen-reader-text\">MUJERES<\/span><\/a><\/p>\n","protected":false},"author":1,"featured_media":2036,"parent":0,"menu_order":0,"comment_status":"closed","ping_status":"closed","template":"","meta":{"footnotes":""},"class_list":["post-2033","page","type-page","status-publish","has-post-thumbnail","hentry","entry"],"_links":{"self":[{"href":"https:\/\/www.artheke.com\/index.php?rest_route=\/wp\/v2\/pages\/2033","targetHints":{"allow":["GET"]}}],"collection":[{"href":"https:\/\/www.artheke.com\/index.php?rest_route=\/wp\/v2\/pages"}],"about":[{"href":"https:\/\/www.artheke.com\/index.php?rest_route=\/wp\/v2\/types\/page"}],"author":[{"embeddable":true,"href":"https:\/\/www.artheke.com\/index.php?rest_route=\/wp\/v2\/users\/1"}],"replies":[{"embeddable":true,"href":"https:\/\/www.artheke.com\/index.php?rest_route=%2Fwp%2Fv2%2Fcomments&post=2033"}],"version-history":[{"count":10,"href":"https:\/\/www.artheke.com\/index.php?rest_route=\/wp\/v2\/pages\/2033\/revisions"}],"predecessor-version":[{"id":2076,"href":"https:\/\/www.artheke.com\/index.php?rest_route=\/wp\/v2\/pages\/2033\/revisions\/2076"}],"wp:featuredmedia":[{"embeddable":true,"href":"https:\/\/www.artheke.com\/index.php?rest_route=\/wp\/v2\/media\/2036"}],"wp:attachment":[{"href":"https:\/\/www.artheke.com\/index.php?rest_route=%2Fwp%2Fv2%2Fmedia&parent=2033"}],"curies":[{"name":"wp","href":"https:\/\/api.w.org\/{rel}","templated":true}]}}