{"id":2066,"date":"2023-04-11T13:56:26","date_gmt":"2023-04-11T13:56:26","guid":{"rendered":"https:\/\/artheke.com\/?page_id=2066"},"modified":"2023-04-12T19:00:08","modified_gmt":"2023-04-12T19:00:08","slug":"la-musica-en-glam","status":"publish","type":"page","link":"https:\/\/www.artheke.com\/?page_id=2066","title":{"rendered":"La m\u00fasica en GLAM"},"content":{"rendered":"\n<h2 class=\"wp-block-heading\">La m\u00fasica en GLAM (Bibliotecas, Archivos, Museos y otras Unidades de Informaci\u00f3n).<\/h2>\n\n\n\n<p>En 2020 la Asociaci\u00f3n Espa\u00f1ola de Documentaci\u00f3n Musical (AEDOM) tradujo al espa\u00f1ol &#8216;La salvaguarda del patrimonio audiovisual: \u00e9tica, principios y estrategia de preservaci\u00f3n (IASA-TC 03)&#8217;:<\/p>\n\n\n\n<div class=\"wp-block-buttons is-content-justification-center is-layout-flex wp-container-core-buttons-is-layout-16018d1d wp-block-buttons-is-layout-flex\">\n<div class=\"wp-block-button has-custom-font-size has-extra-small-font-size\"><a class=\"wp-block-button__link has-white-background-color has-text-color has-background wp-element-button\" href=\"https:\/\/www.bne.es\/es\/noticias\/salvaguarda-patrimonio-audiovisual-etica-principios-estrategia-preservacion-iasa-tc-03\" style=\"color:#14d92b\" target=\"_blank\" rel=\"noreferrer noopener\">iasa Internacional Association os Sound and Audiovisual Archives<\/a><\/div>\n<\/div>\n\n\n\n<p>Sobre la traducci\u00f3n, l\u00e9ase: <a href=\"https:\/\/www.bne.es\/es\/noticias\/salvaguarda-patrimonio-audiovisual-etica-principios-estrategia-preservacion-iasa-tc-03\" data-type=\"URL\" data-id=\"https:\/\/www.bne.es\/es\/noticias\/salvaguarda-patrimonio-audiovisual-etica-principios-estrategia-preservacion-iasa-tc-03\" target=\"_blank\" rel=\"noreferrer noopener\">Salvaguarda patrimonio audivisual<\/a><\/p>\n\n\n\n<div data-wp-interactive=\"core\/file\" class=\"wp-block-file\"><object data-wp-bind--hidden=\"!state.hasPdfPreview\" hidden class=\"wp-block-file__embed\" data=\"https:\/\/artheke.com\/wp-content\/uploads\/2023\/04\/TC03_4th_edition_Spanish.pdf\" type=\"application\/pdf\" style=\"width:100%;height:600px\" aria-label=\"Incrustado de TC03_4th_edition_Spanish.\"><\/object><a id=\"wp-block-file--media-f70cccc4-dc8f-431e-95f4-2729c803f0c6\" href=\"https:\/\/artheke.com\/wp-content\/uploads\/2023\/04\/TC03_4th_edition_Spanish.pdf\">TC03_4th_edition_Spanish<\/a><a href=\"https:\/\/artheke.com\/wp-content\/uploads\/2023\/04\/TC03_4th_edition_Spanish.pdf\" class=\"wp-block-file__button wp-element-button\" download aria-describedby=\"wp-block-file--media-f70cccc4-dc8f-431e-95f4-2729c803f0c6\">Descarga<\/a><\/div>\n\n\n\n<p>AEDOM, la Asociaci\u00f3n Espa\u00f1ola de Documentaci\u00f3n Musical \u00ab<em>es una organizaci\u00f3n sin \u00e1nimo de lucro, fundada en 1993, que aglutina a profesionales de bibliotecas, archivos y centros de documentaci\u00f3n y, en general, a todos los interesados en el campo de la documentaci\u00f3n musical<\/em>\u00ab. <\/p>\n\n\n\n<div class=\"wp-block-buttons is-content-justification-center is-layout-flex wp-container-core-buttons-is-layout-16018d1d wp-block-buttons-is-layout-flex\">\n<div class=\"wp-block-button has-custom-font-size has-extra-large-font-size\"><a class=\"wp-block-button__link has-white-color has-text-color has-background wp-element-button\" href=\"https:\/\/www.aedom.org\/aedom\/socios\" style=\"background-color:#d1a987;padding-top:var(--wp--preset--spacing--30);padding-right:var(--wp--preset--spacing--30);padding-bottom:var(--wp--preset--spacing--30);padding-left:var(--wp--preset--spacing--30)\" target=\"_blank\" rel=\"noreferrer noopener\">AEDOM<\/a><\/div>\n<\/div>\n\n\n\n<p>En los Archivos, Bibliotecas, Museos y otras Unidades de Informaci\u00f3n (GLAM) se pueden encontrar digitalizadas las partituras u otros documentos que se encuentran en un determinado apartado destinado para el tema que concierne o entre toda la documentaci\u00f3n que forma parte de  sus fondos. De los numerosos enlaces en los que se puede indagar buscando la informaci\u00f3n relativa a los temas musicales est\u00e1n:<\/p>\n\n\n\n<div class=\"wp-block-buttons is-layout-flex wp-block-buttons-is-layout-flex\">\n<div class=\"wp-block-button\"><a class=\"wp-block-button__link has-gray-background-color has-background wp-element-button\" href=\"http:\/\/simurg.bibliotecas.csic.es\/collection\/1435750\/fondo-reserva-de-musicologia?q=filter_not,metadata.search_hidden,exists,&amp;offset=8&amp;limit=50&amp;sort=-metadata.25_year.es.keyword&amp;sort=-metadata.26_numero.es.keyword&amp;q=filter,parents,equals,1435750\" target=\"_blank\" rel=\"noreferrer noopener\">FONDO DE RESERVA DE MUSICOLOG\u00cdA<\/a><\/div>\n<\/div>\n\n\n\n<div class=\"wp-block-buttons is-layout-flex wp-block-buttons-is-layout-flex\">\n<div class=\"wp-block-button\"><a class=\"wp-block-button__link has-gray-background-color has-background wp-element-button\" href=\"http:\/\/simurg.bibliotecas.csic.es\/collection\/685008\/partituras?offset=4&amp;limit=50&amp;sort=order&amp;q=filter,parents,equals,685008\" target=\"_blank\" rel=\"noreferrer noopener\">PARTITURAS DE LOS FONDOS DIGITALIZADOS DEL CSIC<\/a><\/div>\n<\/div>\n\n\n\n<div class=\"wp-block-buttons is-layout-flex wp-block-buttons-is-layout-flex\">\n<div class=\"wp-block-button\"><a class=\"wp-block-button__link has-gray-background-color has-background wp-element-button\" href=\"https:\/\/ccfr.bnf.fr\/portailccfr\/jsp\/public\/index.jsp?action=public_formsearch_sources_musicales&amp;success=%2Fjsp%2Fpublic%2Findex.jsp&amp;failure=%2Fjsp%2Fpublic%2Ffailure.jsp&amp;profile=public\" target=\"_blank\" rel=\"noreferrer noopener\">Recursos Musicales en la Biblioteca Nacional de Francia (CCfr)<\/a><\/div>\n<\/div>\n\n\n\n<div class=\"wp-block-buttons is-layout-flex wp-block-buttons-is-layout-flex\">\n<div class=\"wp-block-button\"><a class=\"wp-block-button__link has-gray-background-color has-background wp-element-button\" href=\"https:\/\/www.bne.es\/es\/agenda\/libros-polifonia-hispana-plataforma-digital-books-of-hispanic-polyphony-imf-csic\" target=\"_blank\" rel=\"noreferrer noopener\">LIBROS DE POLIFON\u00cdA HISPANA (HTTPS:\/\/HISPANICPOLYPHONY.EU\/ES) <\/a><\/div>\n<\/div>\n\n\n\n<div class=\"wp-block-buttons is-layout-flex wp-block-buttons-is-layout-flex\">\n<div class=\"wp-block-button\"><a class=\"wp-block-button__link has-gray-background-color has-background wp-element-button\" href=\"https:\/\/bibliotecavirtual.defensa.gob.es\/BVMDefensa\/i18n\/inicio\/inicio.do\" target=\"_blank\" rel=\"noreferrer noopener\">PARTITURAS EN LA BIBLIOTECA VIRTUAL DE DEFENSA<\/a><\/div>\n<\/div>\n\n\n\n<div class=\"wp-block-buttons is-layout-flex wp-block-buttons-is-layout-flex\">\n<div class=\"wp-block-button\"><a class=\"wp-block-button__link has-gray-background-color has-background wp-element-button\" href=\"https:\/\/www.lareferencia.info\/vufind\/Search\/Results?lookfor=partituras+de+guitarra&amp;type=AllFields&amp;limit=20\" target=\"_blank\" rel=\"noreferrer noopener\">PARTITURAS PARA GUITARRA EN LA REFERENCIA<\/a><\/div>\n<\/div>\n\n\n\n<div class=\"wp-block-buttons is-layout-flex wp-block-buttons-is-layout-flex\">\n<div class=\"wp-block-button has-custom-font-size has-normal-font-size\"><a class=\"wp-block-button__link has-gray-background-color has-background wp-element-button\" href=\"https:\/\/dp.la\/search?q=partituras+para+guitarra\" target=\"_blank\" rel=\"noreferrer noopener\">PARTITURAS PARA GUITARRA EN DPLA (Digital Public Library of America)<\/a><\/div>\n<\/div>\n\n\n\n<div class=\"wp-block-buttons is-layout-flex wp-block-buttons-is-layout-flex\">\n<div class=\"wp-block-button\"><a class=\"wp-block-button__link has-gray-background-color has-background wp-element-button\" href=\"https:\/\/www.bne.es\/es\/catalogos\/biblioteca-digital-hispanica\" target=\"_blank\" rel=\"noreferrer noopener\">Biblioteca Digital Hisp\u00e1nica<\/a><\/div>\n<\/div>\n\n\n\n<div class=\"wp-block-buttons is-layout-flex wp-block-buttons-is-layout-flex\">\n<div class=\"wp-block-button\"><a class=\"wp-block-button__link has-gray-background-color has-background wp-element-button\" href=\"https:\/\/bvpb.mcu.es\/es\/inicio\/inicio.do\" target=\"_blank\" rel=\"noreferrer noopener\">Biblioteca Virtual de Patrimonio Bibliogr\u00e1fico (BVPB)<\/a><\/div>\n<\/div>\n\n\n\n<div class=\"wp-block-buttons is-layout-flex wp-block-buttons-is-layout-flex\">\n<div class=\"wp-block-button\"><a class=\"wp-block-button__link has-gray-background-color has-background wp-element-button\" href=\"https:\/\/hispana.mcu.es\/es\/inicio\/inicio.do\" target=\"_blank\" rel=\"noreferrer noopener\">HISPANA<\/a><\/div>\n<\/div>\n\n\n\n<div class=\"wp-block-buttons is-layout-flex wp-block-buttons-is-layout-flex\">\n<div class=\"wp-block-button\"><a class=\"wp-block-button__link has-gray-background-color has-background wp-element-button\" href=\"https:\/\/www.europeana.eu\/es\/search?query=text%3A%22PARTITURAS%22\" target=\"_blank\" rel=\"noreferrer noopener\">europeanna<\/a><\/div>\n<\/div>\n\n\n\n<div class=\"wp-block-buttons is-layout-flex wp-block-buttons-is-layout-flex\">\n<div class=\"wp-block-button\"><a class=\"wp-block-button__link has-background wp-element-button\" href=\"https:\/\/bvpb.mcu.es\/es\/inicio\/inicio.do\" style=\"background-color:#ab5b5b\">LISTADO DE POSIBLES REPOSITORIOS, FONDOS, BIBLIOTECAS  VIRTUALES QUE CUSTIDIAN DOCUMENTOS DE MUSICOLOG\u00cdA, ETC. (buscando en Hispana sale la relaci\u00f3n de los sitios GLAM en los que hay).<\/a><\/div>\n<\/div>\n\n\n\n<div class=\"wp-block-group\" style=\"line-height:0\"><div class=\"wp-block-group__inner-container is-layout-constrained wp-block-group-is-layout-constrained\">\n<hr class=\"wp-block-separator has-alpha-channel-opacity\"\/>\n\n\n\n<div class=\"wp-block-group\"><div class=\"wp-block-group__inner-container is-layout-constrained wp-block-group-is-layout-constrained\">\n<p style=\"font-size:10px\">Publicada el&nbsp;11 de abril 2023<\/p>\n\n\n\n<p style=\"font-size:10px;line-height:0\">Por&nbsp;<a href=\"https:\/\/artheke.com\/?author=1\">Cebri\u00e1n Gonz\u00e1lez, Mar\u00eda Teresa<\/a><\/p>\n<\/div><\/div>\n<\/div><\/div>\n\n\n\n<p style=\"line-height:0\"><\/p>\n","protected":false},"excerpt":{"rendered":"<p>La m\u00fasica en GLAM (Bibliotecas, Archivos, Museos y otras Unidades de Informaci\u00f3n). En 2020 la Asociaci\u00f3n Espa\u00f1ola de Documentaci\u00f3n Musical (AEDOM) tradujo al espa\u00f1ol &#8216;La salvaguarda del patrimonio audiovisual: \u00e9tica, principios y estrategia de preservaci\u00f3n (IASA-TC 03)&#8217;: Sobre la traducci\u00f3n, l\u00e9ase: Salvaguarda patrimonio audivisual AEDOM, la Asociaci\u00f3n Espa\u00f1ola de Documentaci\u00f3n Musical \u00abes una organizaci\u00f3n sin&hellip; <a class=\"more-link\" href=\"https:\/\/www.artheke.com\/?page_id=2066\">Seguir leyendo <span class=\"screen-reader-text\">La m\u00fasica en GLAM<\/span><\/a><\/p>\n","protected":false},"author":1,"featured_media":0,"parent":0,"menu_order":0,"comment_status":"closed","ping_status":"closed","template":"","meta":{"footnotes":""},"class_list":["post-2066","page","type-page","status-publish","hentry","entry"],"_links":{"self":[{"href":"https:\/\/www.artheke.com\/index.php?rest_route=\/wp\/v2\/pages\/2066","targetHints":{"allow":["GET"]}}],"collection":[{"href":"https:\/\/www.artheke.com\/index.php?rest_route=\/wp\/v2\/pages"}],"about":[{"href":"https:\/\/www.artheke.com\/index.php?rest_route=\/wp\/v2\/types\/page"}],"author":[{"embeddable":true,"href":"https:\/\/www.artheke.com\/index.php?rest_route=\/wp\/v2\/users\/1"}],"replies":[{"embeddable":true,"href":"https:\/\/www.artheke.com\/index.php?rest_route=%2Fwp%2Fv2%2Fcomments&post=2066"}],"version-history":[{"count":5,"href":"https:\/\/www.artheke.com\/index.php?rest_route=\/wp\/v2\/pages\/2066\/revisions"}],"predecessor-version":[{"id":2081,"href":"https:\/\/www.artheke.com\/index.php?rest_route=\/wp\/v2\/pages\/2066\/revisions\/2081"}],"wp:attachment":[{"href":"https:\/\/www.artheke.com\/index.php?rest_route=%2Fwp%2Fv2%2Fmedia&parent=2066"}],"curies":[{"name":"wp","href":"https:\/\/api.w.org\/{rel}","templated":true}]}}