{"id":2138,"date":"2023-09-06T00:13:52","date_gmt":"2023-09-06T00:13:52","guid":{"rendered":"https:\/\/artheke.com\/?page_id=2138"},"modified":"2023-09-06T00:20:30","modified_gmt":"2023-09-06T00:20:30","slug":"gracmon","status":"publish","type":"page","link":"https:\/\/www.artheke.com\/?page_id=2138","title":{"rendered":"GRACMON"},"content":{"rendered":"\n<p>Grupo de Investigaci\u00f3n en Historia del Arte y del Dise\u00f1o Contempor\u00e1neos.<\/p>\n\n\n\n<blockquote class=\"wp-block-quote is-layout-flow wp-block-quote-is-layout-flow\">\n<p><strong>GRACMON<\/strong>&nbsp;(Grupo de Investigaci\u00f3n en Historia del Arte y del Dise\u00f1o Contempor\u00e1neo) es un grupo de investigaci\u00f3n de la Universidad de Barcelona que se ha convertido en un referente para el estudio del Modernismo y el Novecentismo y el Dise\u00f1o en Catalu\u00f1a\u00bb&nbsp;<\/p>\n\n\n\n<div class=\"wp-block-buttons is-content-justification-center is-layout-flex wp-container-core-buttons-is-layout-16018d1d wp-block-buttons-is-layout-flex\">\n<div class=\"wp-block-button\"><a class=\"wp-block-button__link wp-element-button\" href=\"https:\/\/www.ub.edu\/gracmon\/presentacio\/\">GRACMON<\/a><\/div>\n<\/div>\n<\/blockquote>\n\n\n\n<p>Entre sus l\u00edneas de investigaci\u00f3n:<\/p>\n\n\n\n<ul class=\"wp-block-list\">\n<li>Las artes en la \u00e9poca del Modernismo y el Novecentismo.<\/li>\n\n\n\n<li>Arte y naturaleza.<\/li>\n\n\n\n<li>Historia y teor\u00eda del dise\u00f1o.<\/li>\n\n\n\n<li>La ciudad de Barcelona\/entre ciudades.<\/li>\n<\/ul>\n\n\n\n<hr class=\"wp-block-separator has-alpha-channel-opacity\"\/>\n\n\n\n<div class=\"wp-block-group\" style=\"font-size:4px\"><div class=\"wp-block-group__inner-container is-layout-constrained wp-block-group-is-layout-constrained\">\n<div class=\"wp-block-group is-vertical is-layout-flex wp-container-core-group-is-layout-8cf370e7 wp-block-group-is-layout-flex\">\n<div class=\"wp-block-group wp-container-content-b0b89ccb\"><div class=\"wp-block-group__inner-container is-layout-constrained wp-block-group-is-layout-constrained\">\n<p style=\"font-size:12px\">Publicada el\u00a06 de septiembre de 2023, por\u00a0<a href=\"https:\/\/artheke.com\/?author=1\">Cebri\u00e1n Gonz\u00e1lez, Mar\u00eda Teresa<\/a><\/p>\n\n\n\n<div class=\"wp-block-group\"><div class=\"wp-block-group__inner-container is-layout-constrained wp-block-group-is-layout-constrained\"><\/div><\/div>\n<\/div><\/div>\n<\/div>\n<\/div><\/div>\n","protected":false},"excerpt":{"rendered":"<p>Grupo de Investigaci\u00f3n en Historia del Arte y del Dise\u00f1o Contempor\u00e1neos. Entre sus l\u00edneas de investigaci\u00f3n: Publicada el\u00a06 de septiembre de 2023, por\u00a0Cebri\u00e1n Gonz\u00e1lez, Mar\u00eda Teresa<\/p>\n","protected":false},"author":1,"featured_media":0,"parent":0,"menu_order":0,"comment_status":"closed","ping_status":"closed","template":"","meta":{"footnotes":""},"class_list":["post-2138","page","type-page","status-publish","hentry","entry"],"_links":{"self":[{"href":"https:\/\/www.artheke.com\/index.php?rest_route=\/wp\/v2\/pages\/2138","targetHints":{"allow":["GET"]}}],"collection":[{"href":"https:\/\/www.artheke.com\/index.php?rest_route=\/wp\/v2\/pages"}],"about":[{"href":"https:\/\/www.artheke.com\/index.php?rest_route=\/wp\/v2\/types\/page"}],"author":[{"embeddable":true,"href":"https:\/\/www.artheke.com\/index.php?rest_route=\/wp\/v2\/users\/1"}],"replies":[{"embeddable":true,"href":"https:\/\/www.artheke.com\/index.php?rest_route=%2Fwp%2Fv2%2Fcomments&post=2138"}],"version-history":[{"count":3,"href":"https:\/\/www.artheke.com\/index.php?rest_route=\/wp\/v2\/pages\/2138\/revisions"}],"predecessor-version":[{"id":2141,"href":"https:\/\/www.artheke.com\/index.php?rest_route=\/wp\/v2\/pages\/2138\/revisions\/2141"}],"wp:attachment":[{"href":"https:\/\/www.artheke.com\/index.php?rest_route=%2Fwp%2Fv2%2Fmedia&parent=2138"}],"curies":[{"name":"wp","href":"https:\/\/api.w.org\/{rel}","templated":true}]}}