{"id":230,"date":"2021-12-27T07:01:48","date_gmt":"2021-12-27T07:01:48","guid":{"rendered":"https:\/\/artheke.com\/?page_id=230"},"modified":"2023-02-21T17:22:28","modified_gmt":"2023-02-21T17:22:28","slug":"educacion","status":"publish","type":"page","link":"https:\/\/www.artheke.com\/?page_id=230","title":{"rendered":"EDUCACI\u00d3N"},"content":{"rendered":"\n<p>Se contemplan las materias relacionadas con el Departamento de Geograf\u00eda e Historia y alguna m\u00e1s:<\/p>\n\n\n\n<ul class=\"wp-block-list\">\n<li>de las que se impart\u00edan antes de la reforma de la LOMLOE y<\/li>\n<\/ul>\n\n\n\n<ul class=\"wp-block-list\">\n<li>las que se imparten a partir de la reforma de la LOMLOE.<\/li>\n<\/ul>\n\n\n\n<div class=\"wp-block-buttons is-content-justification-center is-layout-flex wp-container-core-buttons-is-layout-16018d1d wp-block-buttons-is-layout-flex\">\n<div class=\"wp-block-button\"><a class=\"wp-block-button__link has-background wp-element-button\" href=\"https:\/\/www.mindomo.com\/mindmap\/413d675801d94fc6b683cedba3eb97ac\" style=\"background-color:#a23d3d\" target=\"_blank\" rel=\"noreferrer noopener\">DIAGRAMA \u00c1RBOL: LOMLOE<\/a><\/div>\n<\/div>\n\n\n\n<figure class=\"wp-block-image size-large\"><img loading=\"lazy\" decoding=\"async\" width=\"1024\" height=\"206\" src=\"https:\/\/artheke.com\/wp-content\/uploads\/2023\/02\/MATERIAS-ESPECIFICAS-DE-BACHILLERATO-LOMLOE-1024x206.png\" alt=\"\" class=\"wp-image-1646\" srcset=\"https:\/\/www.artheke.com\/wp-content\/uploads\/2023\/02\/MATERIAS-ESPECIFICAS-DE-BACHILLERATO-LOMLOE-1024x206.png 1024w, https:\/\/www.artheke.com\/wp-content\/uploads\/2023\/02\/MATERIAS-ESPECIFICAS-DE-BACHILLERATO-LOMLOE-300x60.png 300w, https:\/\/www.artheke.com\/wp-content\/uploads\/2023\/02\/MATERIAS-ESPECIFICAS-DE-BACHILLERATO-LOMLOE-768x155.png 768w, https:\/\/www.artheke.com\/wp-content\/uploads\/2023\/02\/MATERIAS-ESPECIFICAS-DE-BACHILLERATO-LOMLOE-1536x310.png 1536w, https:\/\/www.artheke.com\/wp-content\/uploads\/2023\/02\/MATERIAS-ESPECIFICAS-DE-BACHILLERATO-LOMLOE-2048x413.png 2048w, https:\/\/www.artheke.com\/wp-content\/uploads\/2023\/02\/MATERIAS-ESPECIFICAS-DE-BACHILLERATO-LOMLOE-1568x316.png 1568w\" sizes=\"auto, (max-width: 1024px) 100vw, 1024px\" \/><figcaption class=\"wp-element-caption\"> <a rel=\"noreferrer noopener\" href=\"https:\/\/www.mindomo.com\/es\/mindmap\/413d675801d94fc6b683cedba3eb97ac\" data-type=\"URL\" data-id=\"https:\/\/www.mindomo.com\/es\/mindmap\/413d675801d94fc6b683cedba3eb97ac\" target=\"_blank\">MATERIAS ESPEC\u00cdFICAS DE BACHILLERATO, LOMLOE. Autor\u00eda propia.<\/a><\/figcaption><\/figure>\n\n\n\n<div class=\"wp-block-group is-vertical is-layout-flex wp-container-core-group-is-layout-8cf370e7 wp-block-group-is-layout-flex\">\n<p class=\"has-extra-small-font-size\">Publicada el&nbsp;2 de mayo de 2022<\/p>\n\n\n\n<p class=\"has-extra-small-font-size\">Por&nbsp;<a href=\"https:\/\/artheke.com\/?author=1\">Cebri\u00e1n Gonz\u00e1lez Mar\u00eda Teresa<\/a><\/p>\n<\/div>\n","protected":false},"excerpt":{"rendered":"<p>Se contemplan las materias relacionadas con el Departamento de Geograf\u00eda e Historia y alguna m\u00e1s: Publicada el&nbsp;2 de mayo de 2022 Por&nbsp;Cebri\u00e1n Gonz\u00e1lez Mar\u00eda Teresa<\/p>\n","protected":false},"author":1,"featured_media":0,"parent":0,"menu_order":0,"comment_status":"closed","ping_status":"closed","template":"","meta":{"footnotes":""},"class_list":["post-230","page","type-page","status-publish","hentry","entry"],"_links":{"self":[{"href":"https:\/\/www.artheke.com\/index.php?rest_route=\/wp\/v2\/pages\/230","targetHints":{"allow":["GET"]}}],"collection":[{"href":"https:\/\/www.artheke.com\/index.php?rest_route=\/wp\/v2\/pages"}],"about":[{"href":"https:\/\/www.artheke.com\/index.php?rest_route=\/wp\/v2\/types\/page"}],"author":[{"embeddable":true,"href":"https:\/\/www.artheke.com\/index.php?rest_route=\/wp\/v2\/users\/1"}],"replies":[{"embeddable":true,"href":"https:\/\/www.artheke.com\/index.php?rest_route=%2Fwp%2Fv2%2Fcomments&post=230"}],"version-history":[{"count":6,"href":"https:\/\/www.artheke.com\/index.php?rest_route=\/wp\/v2\/pages\/230\/revisions"}],"predecessor-version":[{"id":1648,"href":"https:\/\/www.artheke.com\/index.php?rest_route=\/wp\/v2\/pages\/230\/revisions\/1648"}],"wp:attachment":[{"href":"https:\/\/www.artheke.com\/index.php?rest_route=%2Fwp%2Fv2%2Fmedia&parent=230"}],"curies":[{"name":"wp","href":"https:\/\/api.w.org\/{rel}","templated":true}]}}