{"id":356,"date":"2021-12-27T14:51:14","date_gmt":"2021-12-27T14:51:14","guid":{"rendered":"https:\/\/artheke.com\/?page_id=356"},"modified":"2022-06-21T17:22:17","modified_gmt":"2022-06-21T17:22:17","slug":"1o-bach-ptcyac-libre","status":"publish","type":"page","link":"https:\/\/www.artheke.com\/?page_id=356","title":{"rendered":"1\u00ba BACH. PATRIMONIO CULTURAL Y ART\u00cdSTICO DE ANDALUC\u00cdA"},"content":{"rendered":"\n<p><\/p>\n\n\n\n<p>(Esta materia de Libre Configuraci\u00f3n con la Educaci\u00f3n LOMCE se pod\u00eda cursar dentro de las modalidades de: ciencias, artes, humanidades y ciencias sociales).<\/p>\n\n\n\n<p>Las materias de Libre Configuraci\u00f3n desaparecen en la LOMLOE, como puede consultarse en:<\/p>\n\n\n\n<ul class=\"wp-block-list\"><li> el punto 4 de los cambios respecto al currr\u00edculo (Se elimina la clasificaci\u00f3n de las materias en troncales, espec\u00edficas y de libre configuraci\u00f3n):<\/li><\/ul>\n\n\n\n<div class=\"wp-block-buttons is-content-justification-center is-layout-flex wp-container-core-buttons-is-layout-16018d1d wp-block-buttons-is-layout-flex\">\n<div class=\"wp-block-button\"><a class=\"wp-block-button__link has-gray-background-color has-background\" href=\"\" target=\"_blank\" rel=\"noreferrer noopener\">CAMBIOS CON RESPECTO AL CURR\u00cdCULO<\/a><\/div>\n<\/div>\n\n\n\n<ul class=\"wp-block-list\"><li>el \u00faltimo p\u00e1rrafo de la p\u00e1gina 20 de la LOE CON LA LOMLOE: <\/li><\/ul>\n\n\n\n<div class=\"wp-block-buttons is-content-justification-center is-layout-flex wp-container-core-buttons-is-layout-16018d1d wp-block-buttons-is-layout-flex\">\n<div class=\"wp-block-button\"><a class=\"wp-block-button__link has-gray-background-color has-background\" href=\"https:\/\/educagob.educacionyfp.gob.es\/dam\/jcr:f92577f1-f2b4-4135-8f4a-c41e80628954\/loe-con-lomloe-texto.pdf\" target=\"_blank\" rel=\"noreferrer noopener\">LOE CON LOMLOE<\/a><\/div>\n<\/div>\n\n\n\n<hr class=\"wp-block-separator has-alpha-channel-opacity\"\/>\n\n\n\n<p><\/p>\n\n\n\n<p><\/p>\n\n\n\n<p>Ahora puede accederse a 4.083 recursos culturales a golpe de clic para consultar los bienes culturales que est\u00e1n registrados en el Cat\u00e1logo General de Patrimonio Hist\u00f3rico Andaluz. <\/p>\n\n\n\n<div class=\"wp-block-buttons is-content-justification-center is-layout-flex wp-container-core-buttons-is-layout-16018d1d wp-block-buttons-is-layout-flex\">\n<div class=\"wp-block-button is-style-outline is-style-outline--1\"><a class=\"wp-block-button__link has-background\" href=\"https:\/\/www.juntadeandalucia.es\/organismos\/culturaypatrimoniohistorico\/areas\/bienes-culturales\/catalogo-pha\/consulta.html\" style=\"background-color:#d49d9d\">Cat\u00e1lago Pha <\/a><\/div>\n<\/div>\n\n\n\n<div class=\"wp-block-group has-extra-small-font-size is-vertical is-layout-flex wp-container-core-group-is-layout-8cf370e7 wp-block-group-is-layout-flex\">\n<p>Publicada el&nbsp;9 de junio de 2022<\/p>\n\n\n\n<p>Por&nbsp;<a href=\"https:\/\/artheke.com\/?author=1\">Cebri\u00e1n Gonz\u00e1lez Mar\u00eda Teresa<\/a><\/p>\n<\/div>\n","protected":false},"excerpt":{"rendered":"<p>(Esta materia de Libre Configuraci\u00f3n con la Educaci\u00f3n LOMCE se pod\u00eda cursar dentro de las modalidades de: ciencias, artes, humanidades y ciencias sociales). Las materias de Libre Configuraci\u00f3n desaparecen en la LOMLOE, como puede consultarse en: el punto 4 de los cambios respecto al currr\u00edculo (Se elimina la clasificaci\u00f3n de las materias en troncales, espec\u00edficas&hellip; <a class=\"more-link\" href=\"https:\/\/www.artheke.com\/?page_id=356\">Seguir leyendo <span class=\"screen-reader-text\">1\u00ba BACH. PATRIMONIO CULTURAL Y ART\u00cdSTICO DE ANDALUC\u00cdA<\/span><\/a><\/p>\n","protected":false},"author":1,"featured_media":0,"parent":0,"menu_order":0,"comment_status":"closed","ping_status":"closed","template":"","meta":{"footnotes":""},"class_list":["post-356","page","type-page","status-publish","hentry","entry"],"_links":{"self":[{"href":"https:\/\/www.artheke.com\/index.php?rest_route=\/wp\/v2\/pages\/356","targetHints":{"allow":["GET"]}}],"collection":[{"href":"https:\/\/www.artheke.com\/index.php?rest_route=\/wp\/v2\/pages"}],"about":[{"href":"https:\/\/www.artheke.com\/index.php?rest_route=\/wp\/v2\/types\/page"}],"author":[{"embeddable":true,"href":"https:\/\/www.artheke.com\/index.php?rest_route=\/wp\/v2\/users\/1"}],"replies":[{"embeddable":true,"href":"https:\/\/www.artheke.com\/index.php?rest_route=%2Fwp%2Fv2%2Fcomments&post=356"}],"version-history":[{"count":9,"href":"https:\/\/www.artheke.com\/index.php?rest_route=\/wp\/v2\/pages\/356\/revisions"}],"predecessor-version":[{"id":1108,"href":"https:\/\/www.artheke.com\/index.php?rest_route=\/wp\/v2\/pages\/356\/revisions\/1108"}],"wp:attachment":[{"href":"https:\/\/www.artheke.com\/index.php?rest_route=%2Fwp%2Fv2%2Fmedia&parent=356"}],"curies":[{"name":"wp","href":"https:\/\/api.w.org\/{rel}","templated":true}]}}