{"id":361,"date":"2021-12-27T16:46:22","date_gmt":"2021-12-27T16:46:22","guid":{"rendered":"https:\/\/artheke.com\/?page_id=361"},"modified":"2023-09-06T02:55:38","modified_gmt":"2023-09-06T02:55:38","slug":"2022-bach-lomce","status":"publish","type":"page","link":"https:\/\/www.artheke.com\/?page_id=361","title":{"rendered":"DESDE 2022. LOMLOE"},"content":{"rendered":"\n<p class=\"has-text-color has-extra-large-font-size\" style=\"color:#485fa5\"><strong>DE CONFORMIDAD con la Ley Org\u00e1nica de Educaci\u00f3n:<\/strong><\/p>\n\n\n\n<div class=\"wp-block-buttons is-content-justification-center is-layout-flex wp-container-core-buttons-is-layout-16018d1d wp-block-buttons-is-layout-flex\">\n<div class=\"wp-block-button is-style-fill\"><a class=\"wp-block-button__link has-background wp-element-button\" href=\"https:\/\/www.boe.es\/buscar\/pdf\/2006\/BOE-A-2006-7899-consolidado.pdf\" style=\"border-radius:45px;background-color:#666d79\" target=\"_blank\" rel=\"noreferrer noopener\">LOE 2\/2006<\/a><\/div>\n<\/div>\n\n\n\n<div class=\"wp-block-buttons is-layout-flex wp-block-buttons-is-layout-flex\">\n<div class=\"wp-block-button\"><a class=\"wp-block-button__link has-background wp-element-button\" href=\"https:\/\/www.boe.es\/buscar\/doc.php?id=BOE-A-2006-7899\" style=\"border-radius:38px;background-color:#146785\" target=\"_blank\" rel=\"noreferrer noopener\">MODIFICACIONES, PUBLICACIONES Y CONFORMIDADES LOE 2\/2006<\/a><\/div>\n<\/div>\n\n\n\n<p>La Ley Org\u00e1nica 3\/2020, de 29 de diciembre, por la que se modifica la  Ley Org\u00e1nica 2\/2006, de 3 de mayo, de Educaci\u00f3n: <\/p>\n\n\n\n<div class=\"wp-block-buttons is-content-justification-center is-layout-flex wp-container-core-buttons-is-layout-16018d1d wp-block-buttons-is-layout-flex\">\n<div class=\"wp-block-button\"><a class=\"wp-block-button__link has-background wp-element-button\" href=\"https:\/\/www.boe.es\/buscar\/act.php?id=BOE-A-2020-17264&amp;p=20220401&amp;tn=2\" style=\"background-color:#68589d\" target=\"_blank\" rel=\"noreferrer noopener\">Ley Org\u00e1nica 3\/2020<\/a><\/div>\n<\/div>\n\n\n\n<p><\/p>\n\n\n\n<p class=\"has-text-color has-extra-large-font-size\" style=\"color:#485fa5\"><strong>Ley Org\u00e1nica 2\/2006, de 3 de mayo (Ref. BOE-A-2006-7899)<\/strong>.<\/p>\n\n\n\n<p>Seg\u00fan el<strong> Real Decreto 243\/2022, de 5 de abril<\/strong>, por el que se establecen la <strong>ordenaci\u00f3n y las ense\u00f1anza del Bachillerato<\/strong> \u2014Bolet\u00edn Oficial del Estado (mi\u00e9rcoles 6 de abril de 2022), N\u00famero 82, Sec. I. P\u00e1g. 46052)\u2014 y que DEROGA todos los anteriores:<\/p>\n\n\n\n<div class=\"wp-block-buttons is-layout-flex wp-block-buttons-is-layout-flex\">\n<div class=\"wp-block-button\"><a class=\"wp-block-button__link has-gray-background-color has-background wp-element-button\" href=\"https:\/\/www.boe.es\/buscar\/pdf\/2022\/BOE-A-2022-5521-consolidado.pdf\" style=\"border-radius:46px\" target=\"_blank\" rel=\"noreferrer noopener\">R.D. 243\/2022, de 5 de abril. Ordenaci\u00f3n y ense\u00f1anzas m\u00ednimas del Bachillerato.<\/a><\/div>\n<\/div>\n\n\n\n<div class=\"wp-block-buttons is-layout-flex wp-block-buttons-is-layout-flex\">\n<div class=\"wp-block-button\"><a class=\"wp-block-button__link has-background wp-element-button\" href=\"https:\/\/www.boe.es\/buscar\/act.php?id=BOE-A-2022-5521&amp;p=20220406&amp;tn=2\" style=\"border-radius:33px;background-color:#5b6470\" target=\"_blank\" rel=\"noreferrer noopener\">\u00cdNDICE<\/a><\/div>\n<\/div>\n\n\n\n<div class=\"wp-block-buttons alignwide is-content-justification-center is-layout-flex wp-container-core-buttons-is-layout-16018d1d wp-block-buttons-is-layout-flex\">\n<div class=\"wp-block-button\"><a class=\"wp-block-button__link has-background wp-element-button\" href=\"https:\/\/www.boe.es\/buscar\/act.php?id=BOE-A-2022-5521&amp;p=20220406&amp;tn=6\" style=\"border-radius:53px;background-color:#947575\" target=\"_blank\" rel=\"noreferrer noopener\">Reales Decretos DEROGADOS<\/a><\/div>\n<\/div>\n\n\n\n<p>La LOMLOE se estructura en un \u00fanico art\u00edculo con noventa y nueve apartados que modifican parcialmente setenta y siete art\u00edculos de la Ley Org\u00e1nica 2\/2006, de 3 de mayo, de Educaci\u00f3n (LOE).  Puede verse esas variaciones en el siguiente enlace marcadas en amarillo:<\/p>\n\n\n\n<div class=\"wp-block-buttons is-layout-flex wp-block-buttons-is-layout-flex\">\n<div class=\"wp-block-button\"><a class=\"wp-block-button__link has-gray-color has-text-color has-background wp-element-button\" href=\"https:\/\/educagob.educacionyfp.gob.es\/dam\/jcr:f92577f1-f2b4-4135-8f4a-c41e80628954\/loe-con-lomloe-texto.pdf\" style=\"border-radius:0px;background-color:#4c91aa\" target=\"_blank\" rel=\"noreferrer noopener\">TEXTO COMPLETO DE LA LOE CON LAS MODIFICACIONES  DE LA LOMLOE<\/a><\/div>\n<\/div>\n\n\n\n<div data-wp-interactive=\"core\/file\" class=\"wp-block-file\"><object data-wp-bind--hidden=\"!state.hasPdfPreview\" hidden class=\"wp-block-file__embed\" data=\"https:\/\/artheke.com\/wp-content\/uploads\/2022\/05\/loe-con-lomloe-texto-2.pdf\" type=\"application\/pdf\" style=\"width:100%;height:600px\" aria-label=\"Incrustado de loe-con-lomloe-texto-2.\"><\/object><a id=\"wp-block-file--media-7645d6aa-3ea4-4258-ad7f-108c06c15685\" href=\"https:\/\/artheke.com\/wp-content\/uploads\/2022\/05\/loe-con-lomloe-texto-2.pdf\">loe-con-lomloe-texto-2<\/a><a href=\"https:\/\/artheke.com\/wp-content\/uploads\/2022\/05\/loe-con-lomloe-texto-2.pdf\" class=\"wp-block-file__button wp-element-button\" download aria-describedby=\"wp-block-file--media-7645d6aa-3ea4-4258-ad7f-108c06c15685\">Descarga<\/a><\/div>\n\n\n\n<p>En el Portal del Sistema Educativo Espa\u00f1ol, <strong>educagob, <\/strong>puede consultarse toda la informaci\u00f3n al respecto, por ej.:<\/p>\n\n\n\n<ul class=\"wp-block-list\">\n<li>las fechas de implantaci\u00f3n:<\/li>\n<\/ul>\n\n\n\n<div class=\"wp-block-buttons is-content-justification-center is-layout-flex wp-container-core-buttons-is-layout-16018d1d wp-block-buttons-is-layout-flex\">\n<div class=\"wp-block-button\"><a class=\"wp-block-button__link has-background wp-element-button\" href=\"https:\/\/educagob.educacionyfp.gob.es\/lomloe\/calendario-implantacion.html\" style=\"background-color:#82813e\" target=\"_blank\" rel=\"noreferrer noopener\">CALENDARIO DE IMPLANTACI\u00d3N DE LA LOMLOE<\/a><\/div>\n<\/div>\n\n\n\n<ul class=\"wp-block-list\">\n<li>Los cambios respecto al curr\u00edculo:<\/li>\n<\/ul>\n\n\n\n<div class=\"wp-block-buttons is-content-justification-center is-layout-flex wp-container-core-buttons-is-layout-16018d1d wp-block-buttons-is-layout-flex\">\n<div class=\"wp-block-button\"><a class=\"wp-block-button__link has-background wp-element-button\" href=\"https:\/\/educagob.educacionyfp.gob.es\/lomloe\/cambios-curriculo.html\" style=\"background-color:#85875e\" target=\"_blank\" rel=\"noreferrer noopener\">CAMBIOS RESPECTO AL CURR\u00cdCULO<\/a><\/div>\n<\/div>\n\n\n\n<ul class=\"wp-block-list\">\n<li>Principales novedades en las Ense\u00f1anzas:<\/li>\n<\/ul>\n\n\n\n<div class=\"wp-block-buttons is-content-justification-center is-layout-flex wp-container-core-buttons-is-layout-16018d1d wp-block-buttons-is-layout-flex\">\n<div class=\"wp-block-button\"><a class=\"wp-block-button__link has-background wp-element-button\" style=\"background-color:#738e38\">ENSE\u00d1ANZAS<\/a><\/div>\n<\/div>\n\n\n\n<ul class=\"wp-block-list\">\n<li>Todo lo relativo a la Ley de Educaci\u00f3n LOMLOE:\n<ul class=\"wp-block-list\">\n<li>Nueva Ley de Educaci\u00f3n<\/li>\n\n\n\n<li>Legislaci\u00f3n Educativa no universitaria con los cambios introducidos por la LOMLOE<\/li>\n\n\n\n<li><strong>LOE CON LOMLOE<\/strong><\/li>\n\n\n\n<li>LODE CON LOMLOE<\/li>\n<\/ul>\n<\/li>\n<\/ul>\n\n\n\n<div class=\"wp-block-buttons is-content-justification-center is-layout-flex wp-container-core-buttons-is-layout-16018d1d wp-block-buttons-is-layout-flex\">\n<div class=\"wp-block-button\"><a class=\"wp-block-button__link has-background wp-element-button\" href=\"https:\/\/educagob.educacionyfp.gob.es\/lomloe\/ley.html\" style=\"background-color:#1c3c6c\" target=\"_blank\" rel=\"noreferrer noopener\">LEY DE EDUCACI\u00d3N LOMLOE<\/a><\/div>\n<\/div>\n\n\n\n<p><\/p>\n\n\n\n<p class=\"has-text-color has-extra-large-font-size\" style=\"color:#136f90\">LOE CON LOMLOE:<\/p>\n\n\n\n<p><strong>Art\u00edculo 34. Organizaci\u00f3n general del Bachillerato. <\/strong><\/p>\n\n\n\n<ol class=\"wp-block-list\">\n<li>Las modalidades del bachillerato que podr\u00e1n ofrecer las Administraciones educativas y, en su caso, los centros docentes ser\u00e1n las siguientes: a) Ciencias y Tecnolog\u00eda, b) Humanidades y Ciencias Sociales, c) Artes, d( General.<\/li>\n\n\n\n<li>El bachillerato se organizar\u00e1 en materias comunes, en materias de modalidad y en materias optativas.<\/li>\n<\/ol>\n\n\n\n<div class=\"wp-block-buttons is-layout-flex wp-block-buttons-is-layout-flex\">\n<div class=\"wp-block-button has-custom-width wp-block-button__width-100\"><a class=\"wp-block-button__link has-gray-background-color has-text-color has-background wp-element-button\" href=\"https:\/\/www.adideandalucia.es\/?ctrl=disposicion&amp;cat=13&amp;activo=1\" style=\"color:#26cd90\">Legislaci\u00f3n educativa andaluza y espa\u00f1ola de \u00e1mbito estatal en vigor en Andaluc\u00eda para Bachillerato. ADIDEANDALUC\u00cdA: ORDENES, DECRETOS, RESOLUCIONES, CIRCULARES, CORRECCIONES <\/a><\/div>\n<\/div>\n\n\n\n<div data-wp-interactive=\"core\/file\" class=\"wp-block-file\"><object data-wp-bind--hidden=\"!state.hasPdfPreview\" hidden class=\"wp-block-file__embed\" data=\"https:\/\/artheke.com\/wp-content\/uploads\/2023\/09\/OrdenPCM63-2023ContenidosEBAU.pdf\" type=\"application\/pdf\" style=\"width:100%;height:600px\" aria-label=\"Incrustado de OrdenPCM63-2023ContenidosEBAU.\"><\/object><a id=\"wp-block-file--media-aea2a6aa-328d-4bd2-9384-d9d4e6b4c466\" href=\"https:\/\/artheke.com\/wp-content\/uploads\/2023\/09\/OrdenPCM63-2023ContenidosEBAU.pdf\">OrdenPCM63-2023ContenidosEBAU<\/a><a href=\"https:\/\/artheke.com\/wp-content\/uploads\/2023\/09\/OrdenPCM63-2023ContenidosEBAU.pdf\" class=\"wp-block-file__button wp-element-button\" download aria-describedby=\"wp-block-file--media-aea2a6aa-328d-4bd2-9384-d9d4e6b4c466\">Descarga<\/a><\/div>\n\n\n\n<div data-wp-interactive=\"core\/file\" class=\"wp-block-file\"><object data-wp-bind--hidden=\"!state.hasPdfPreview\" hidden class=\"wp-block-file__embed\" data=\"https:\/\/artheke.com\/wp-content\/uploads\/2023\/09\/Decreto103-2023Bachillerato-1.pdf\" type=\"application\/pdf\" style=\"width:100%;height:600px\" aria-label=\"Incrustado de Decreto103-2023Bachillerato-1.\"><\/object><a id=\"wp-block-file--media-93fecd26-3a09-4e7a-a44f-c0fdc385b680\" href=\"https:\/\/artheke.com\/wp-content\/uploads\/2023\/09\/Decreto103-2023Bachillerato-1.pdf\">Decreto103-2023Bachillerato-1<\/a><a href=\"https:\/\/artheke.com\/wp-content\/uploads\/2023\/09\/Decreto103-2023Bachillerato-1.pdf\" class=\"wp-block-file__button wp-element-button\" download aria-describedby=\"wp-block-file--media-93fecd26-3a09-4e7a-a44f-c0fdc385b680\">Descarga<\/a><\/div>\n\n\n\n<div data-wp-interactive=\"core\/file\" class=\"wp-block-file\"><object data-wp-bind--hidden=\"!state.hasPdfPreview\" hidden class=\"wp-block-file__embed\" data=\"https:\/\/artheke.com\/wp-content\/uploads\/2023\/09\/Orden30mayo2023Bachillerato.pdf\" type=\"application\/pdf\" style=\"width:100%;height:600px\" aria-label=\"Incrustado de Orden30mayo2023Bachillerato.\"><\/object><a id=\"wp-block-file--media-069385bd-b044-4610-be57-e7cb2f41119c\" href=\"https:\/\/artheke.com\/wp-content\/uploads\/2023\/09\/Orden30mayo2023Bachillerato.pdf\">Orden30mayo2023Bachillerato<\/a><a href=\"https:\/\/artheke.com\/wp-content\/uploads\/2023\/09\/Orden30mayo2023Bachillerato.pdf\" class=\"wp-block-file__button wp-element-button\" download aria-describedby=\"wp-block-file--media-069385bd-b044-4610-be57-e7cb2f41119c\">Descarga<\/a><\/div>\n\n\n\n<div class=\"wp-block-buttons is-layout-flex wp-block-buttons-is-layout-flex\">\n<div class=\"wp-block-button has-custom-width wp-block-button__width-100\"><a class=\"wp-block-button__link has-gray-background-color has-text-color has-background wp-element-button\" href=\"https:\/\/www.adideandalucia.es\/?ctrl=disposicion&amp;cat=85&amp;activo=1\" style=\"color:#16d790\">Legislaci\u00f3n educativa andaluza y espa\u00f1ola de \u00e1mbito estatal en vigor en Andaluc\u00eda para Educaci\u00f3n Secundaria. ADIDEANDALUC\u00cdA: ORDENES, DECRETOS, RESOLUCIONES, CIRCULARES, CORRECCIONES <\/a><\/div>\n<\/div>\n\n\n\n<p class=\"has-extra-small-font-size\" style=\"font-style:italic;font-weight:100\"><\/p>\n\n\n\n<div class=\"wp-block-group is-vertical is-layout-flex wp-container-core-group-is-layout-8cf370e7 wp-block-group-is-layout-flex\">\n<p class=\"has-extra-small-font-size\">Publicada el&nbsp;2 de mayo de 2022, actualizada 31 de agosto 2023.<\/p>\n\n\n\n<p class=\"has-extra-small-font-size\">Por&nbsp;<a href=\"https:\/\/artheke.com\/?author=1\">Cebri\u00e1n Gonz\u00e1lez Mar\u00eda Teresa<\/a><\/p>\n<\/div>\n","protected":false},"excerpt":{"rendered":"<p>DE CONFORMIDAD con la Ley Org\u00e1nica de Educaci\u00f3n: La Ley Org\u00e1nica 3\/2020, de 29 de diciembre, por la que se modifica la Ley Org\u00e1nica 2\/2006, de 3 de mayo, de Educaci\u00f3n: Ley Org\u00e1nica 2\/2006, de 3 de mayo (Ref. BOE-A-2006-7899). Seg\u00fan el Real Decreto 243\/2022, de 5 de abril, por el que se establecen la&hellip; <a class=\"more-link\" href=\"https:\/\/www.artheke.com\/?page_id=361\">Seguir leyendo <span class=\"screen-reader-text\">DESDE 2022. LOMLOE<\/span><\/a><\/p>\n","protected":false},"author":1,"featured_media":0,"parent":0,"menu_order":0,"comment_status":"closed","ping_status":"closed","template":"","meta":{"footnotes":""},"class_list":["post-361","page","type-page","status-publish","hentry","entry"],"_links":{"self":[{"href":"https:\/\/www.artheke.com\/index.php?rest_route=\/wp\/v2\/pages\/361","targetHints":{"allow":["GET"]}}],"collection":[{"href":"https:\/\/www.artheke.com\/index.php?rest_route=\/wp\/v2\/pages"}],"about":[{"href":"https:\/\/www.artheke.com\/index.php?rest_route=\/wp\/v2\/types\/page"}],"author":[{"embeddable":true,"href":"https:\/\/www.artheke.com\/index.php?rest_route=\/wp\/v2\/users\/1"}],"replies":[{"embeddable":true,"href":"https:\/\/www.artheke.com\/index.php?rest_route=%2Fwp%2Fv2%2Fcomments&post=361"}],"version-history":[{"count":18,"href":"https:\/\/www.artheke.com\/index.php?rest_route=\/wp\/v2\/pages\/361\/revisions"}],"predecessor-version":[{"id":2151,"href":"https:\/\/www.artheke.com\/index.php?rest_route=\/wp\/v2\/pages\/361\/revisions\/2151"}],"wp:attachment":[{"href":"https:\/\/www.artheke.com\/index.php?rest_route=%2Fwp%2Fv2%2Fmedia&parent=361"}],"curies":[{"name":"wp","href":"https:\/\/api.w.org\/{rel}","templated":true}]}}