{"id":47,"date":"2021-12-26T20:56:53","date_gmt":"2021-12-26T20:56:53","guid":{"rendered":"https:\/\/artheke.com\/?page_id=47"},"modified":"2023-10-29T08:46:21","modified_gmt":"2023-10-29T08:46:21","slug":"acerca-de","status":"publish","type":"page","link":"https:\/\/www.artheke.com\/?page_id=47","title":{"rendered":"Acerca de"},"content":{"rendered":"\n<div class=\"wp-block-buttons alignfull is-horizontal is-content-justification-center is-layout-flex wp-container-core-buttons-is-layout-499968f5 wp-block-buttons-is-layout-flex\">\n<div class=\"wp-block-button is-style-outline is-style-outline--1\"><a class=\"wp-block-button__link wp-element-button\" href=\"https:\/\/orcid.org\/0000-0002-8148-7644\" target=\"_blank\" rel=\"noreferrer noopener\">Mar\u00eda Teresa Cebri\u00e1n-Gonz\u00e1lez<\/a><\/div>\n<\/div>\n\n\n\n<p><em>Realizo investigaci\u00f3n sobre el Patrimonio Cultural (material e inmaterial). Me he formado y sigo form\u00e1ndome en grados y posgrados de diferentes disciplinas (Educaci\u00f3n, Historia y Arte, Ciencias Sociales y jur\u00eddicas,  Informaci\u00f3n y Comunicaci\u00f3n, Agricultura y Alimentaci\u00f3n, Econom\u00eda y Empresa) en distintas universidades:<strong> <\/strong>L\u00e9rida (<strong>Tecnolog\u00eda Educativa: E-Learning y Gesti\u00f3n del conocimiento<\/strong>); Murcia (<strong>Historia del Arte, Museos<\/strong>); C\u00e1diz (<strong>Patrimonio Hist\u00f3rico Arqueol\u00f3gico, Agroalimentaci\u00f3n &#8216;Vitivinicultura&#8217;, Direcci\u00f3n Tur\u00edstica &#8216;Turismo enol\u00f3gico&#8217;,  Estudios Hisp\u00e1nicos &#8216;Historia y Cultura<\/strong>&#8216;); Burgos (<strong>Historia y Patrimonio, Cultura del Vino<\/strong>); Extremadura (<strong>Curso de Aptitud Pedag\u00f3gica<\/strong>); Vigo (<strong>Valoraci\u00f3n y Gesti\u00f3n del Patrimonio<\/strong>); <em>Pablo de Olavide en Sevilla (<strong>Historia y Humanidades Digitales<\/strong>);<\/em><\/em> <em>Complutense de Madrid (<strong>Gesti\u00f3n de la Documentaci\u00f3n<\/strong>, <strong>Bibliotecas y Archivos<\/strong>, <strong>Geograf\u00eda<\/strong>);   etc.<\/em><\/p>\n\n\n\n<p class=\"has-large-font-size\"><\/p>\n\n\n\n<div class=\"wp-block-buttons is-layout-flex wp-block-buttons-is-layout-flex\"><\/div>\n\n\n\n<p><\/p>\n\n\n\n<p><\/p>\n","protected":false},"excerpt":{"rendered":"<p>Realizo investigaci\u00f3n sobre el Patrimonio Cultural (material e inmaterial). Me he formado y sigo form\u00e1ndome en grados y posgrados de diferentes disciplinas (Educaci\u00f3n, Historia y Arte, Ciencias Sociales y jur\u00eddicas, Informaci\u00f3n y Comunicaci\u00f3n, Agricultura y Alimentaci\u00f3n, Econom\u00eda y Empresa) en distintas universidades: L\u00e9rida (Tecnolog\u00eda Educativa: E-Learning y Gesti\u00f3n del conocimiento); Murcia (Historia del Arte, Museos);&hellip; <a class=\"more-link\" href=\"https:\/\/www.artheke.com\/?page_id=47\">Seguir leyendo <span class=\"screen-reader-text\">Acerca de<\/span><\/a><\/p>\n","protected":false},"author":1,"featured_media":133,"parent":0,"menu_order":0,"comment_status":"closed","ping_status":"closed","template":"","meta":{"footnotes":""},"class_list":["post-47","page","type-page","status-publish","has-post-thumbnail","hentry","entry"],"_links":{"self":[{"href":"https:\/\/www.artheke.com\/index.php?rest_route=\/wp\/v2\/pages\/47","targetHints":{"allow":["GET"]}}],"collection":[{"href":"https:\/\/www.artheke.com\/index.php?rest_route=\/wp\/v2\/pages"}],"about":[{"href":"https:\/\/www.artheke.com\/index.php?rest_route=\/wp\/v2\/types\/page"}],"author":[{"embeddable":true,"href":"https:\/\/www.artheke.com\/index.php?rest_route=\/wp\/v2\/users\/1"}],"replies":[{"embeddable":true,"href":"https:\/\/www.artheke.com\/index.php?rest_route=%2Fwp%2Fv2%2Fcomments&post=47"}],"version-history":[{"count":25,"href":"https:\/\/www.artheke.com\/index.php?rest_route=\/wp\/v2\/pages\/47\/revisions"}],"predecessor-version":[{"id":2161,"href":"https:\/\/www.artheke.com\/index.php?rest_route=\/wp\/v2\/pages\/47\/revisions\/2161"}],"wp:featuredmedia":[{"embeddable":true,"href":"https:\/\/www.artheke.com\/index.php?rest_route=\/wp\/v2\/media\/133"}],"wp:attachment":[{"href":"https:\/\/www.artheke.com\/index.php?rest_route=%2Fwp%2Fv2%2Fmedia&parent=47"}],"curies":[{"name":"wp","href":"https:\/\/api.w.org\/{rel}","templated":true}]}}