{"id":49,"date":"2021-12-26T20:56:54","date_gmt":"2021-12-26T20:56:54","guid":{"rendered":"https:\/\/artheke.com\/?page_id=49"},"modified":"2022-09-29T11:28:47","modified_gmt":"2022-09-29T11:28:47","slug":"blog","status":"publish","type":"page","link":"https:\/\/www.artheke.com\/?page_id=49","title":{"rendered":"EL VIDRIO EN LA HISTORIA"},"content":{"rendered":"\n<p>De la exposici\u00f3n que recorre el camino por el que el ser humano ha construido la historia de su evoluci\u00f3n mediante el empleo de nuevas tecnolog\u00edas aplicadas al progreso en el manejo de los materiales (UBUinvestiga.es).<\/p>\n\n\n\n<p>En la colaboraci\u00f3n entre el Museo de la Evoluci\u00f3n Humana (MEH), la Unidad de Cultura Cient\u00edfica de la Universidad de Burgos y la Fundaci\u00f3n Espa\u00f1ola para la Ciencia y la Tecnolog\u00eda:<\/p>\n\n\n\n<p><strong><em>Pilar Alonso Abad<\/em><\/strong>, Doctora en Humanidades y profesora del \u00c1rea de Historia del Arte de la Universidad de Burgos, imparti\u00f3 la conferencia <strong>\u00abLa genialidad y versatilidad del uso del vidrio a lo largo de la historia\u00bb<\/strong>, dentro del ciclo \u00abAcercando la ciencia\u00bb y vinculada a la exposici\u00f3n \u00abMateriales\u00bb que se expuso en el MEH y disponible online.<\/p>\n\n\n\n<figure class=\"wp-block-embed is-type-video is-provider-youtube wp-block-embed-youtube wp-embed-aspect-16-9 wp-has-aspect-ratio\"><div class=\"wp-block-embed__wrapper\">\n<iframe loading=\"lazy\" title=\"Pilar Alonso Abad: &quot;La genialidad y versatilidad del uso del vidrio a lo largo de la Historia&quot;\" width=\"750\" height=\"422\" src=\"https:\/\/www.youtube.com\/embed\/AD7bX37odcw?start=125&#038;feature=oembed\" frameborder=\"0\" allow=\"accelerometer; autoplay; clipboard-write; encrypted-media; gyroscope; picture-in-picture\" allowfullscreen title=\"Pilar Alonso Abad: \"La genialidad y versatilidad del uso del vidrio a lo largo de la Historia\"\"><\/iframe>\n<\/div><figcaption>Universidad de Burgos (19 mar 2021). Pilar Alonso Abad: \u00abLa genialidad y versatilidad del uso del vidrio a lo largo de la Historia\u00bb.<\/figcaption><\/figure>\n\n\n\n<figure class=\"wp-block-embed is-type-wp-embed is-provider-burgos-investiga wp-block-embed-burgos-investiga\"><div class=\"wp-block-embed__wrapper\">\n<blockquote class=\"wp-embedded-content\" data-secret=\"8Sm6aeP2Fg\"><a href=\"https:\/\/burgosinvestiga.ubuinvestiga.es\/investigadores\/ma-pilar-alonso-abad\/\">M\u00aa Pilar Alonso Abad<\/a><\/blockquote><iframe loading=\"lazy\" class=\"wp-embedded-content\" sandbox=\"allow-scripts\" security=\"restricted\" style=\"position: absolute; clip: rect(1px, 1px, 1px, 1px);\" title=\"\u00abM\u00aa Pilar Alonso Abad\u00bb \u2014 Burgos Investiga\" src=\"https:\/\/burgosinvestiga.ubuinvestiga.es\/investigadores\/ma-pilar-alonso-abad\/embed\/#?secret=aHuxwkIjTs#?secret=8Sm6aeP2Fg\" data-secret=\"8Sm6aeP2Fg\" width=\"600\" height=\"338\" frameborder=\"0\" marginwidth=\"0\" marginheight=\"0\" scrolling=\"no\"><\/iframe>\n<\/div><figcaption>L\u00ednea de Investigaci\u00f3n M\u00aa Pilar Alonso Abad: Patrimonio en vidrio (UBUinvestiga.es\/investigadores)<\/figcaption><\/figure>\n\n\n\n<p class=\"has-text-align-left\"><strong>En las historia de la evoluci\u00f3n humana<\/strong> y los avances tecnol\u00f3gicos, los materiales han cambiado nuestra vida. Las etapas de la humanidad han estado marcadas por su vinculaci\u00f3n a la obtenci\u00f3n, manipulaci\u00f3n y transformaci\u00f3n de<strong> los materiales<\/strong> que permit\u00edan cubrir nuestras necesidades b\u00e1sicas (alimentaci\u00f3n, vestimenta, protecci\u00f3n). Y, en cada etapa, nos hemos ido adaptando a las circunstancias creando nuevas soluciones t\u00e9cnicas que nos conduc\u00edan a un notable progreso.<\/p>\n\n\n\n<p>Durante dos millones de a\u00f1os hemos empleado distintos materiales que nos ha llevado a buscar nuevas soluciones: <\/p>\n\n\n\n<ul class=\"wp-block-list\"><li><strong>Piedra, Madera, Metales<\/strong> en un primer momento. <\/li><li><strong>Cer\u00e1mica, V\u00eddrio<\/strong> (soluciones t\u00e9cnicas).<\/li><li><strong>Textil y Pape<\/strong>l (novedosos resultados).<\/li><\/ul>\n\n\n\n<p>En el \u00faltimo siglo, materiales no vinculados al origen natural, mediante la generaci\u00f3n de materiales elaborados y compuestos: <\/p>\n\n\n\n<ul class=\"wp-block-list\"><li><strong>Pol\u00edmeros artificiales<\/strong> (pl\u00e1sticos, etc.)<\/li><li><strong>Nanomateriales<\/strong>: nuevos materiales hasta ahora desconocidos que marcan una nueva era (UBUinvestiga.es)<\/li><\/ul>\n\n\n\n<p><\/p>\n\n\n\n<blockquote class=\"wp-block-quote is-layout-flow wp-block-quote-is-layout-flow\"><p>VIDRIO <a href=\"https:\/\/historiamateriales.ubuinvestiga.es\/vidrio\/#Punto-4\" data-type=\"URL\" data-id=\"https:\/\/historiamateriales.ubuinvestiga.es\/vidrio\/#Punto-4\" target=\"_blank\" rel=\"noreferrer noopener\">https:\/\/historiamateriales.ubuinvestiga.es\/vidrio\/#Punto-4<\/a><\/p><\/blockquote>\n\n\n\n<p><\/p>\n\n\n\n<div class=\"wp-block-buttons is-layout-flex wp-block-buttons-is-layout-flex\">\n<div class=\"wp-block-button is-style-outline is-style-outline--1\"><a class=\"wp-block-button__link has-red-to-yellow-gradient-background has-background\" href=\"https:\/\/historiamateriales.ubuinvestiga.es\/\">Descarga eBook gratuito<\/a><\/div>\n<\/div>\n\n\n\n<hr class=\"wp-block-separator has-css-opacity\"\/>\n\n\n\n<hr class=\"wp-block-separator has-css-opacity\"\/>\n\n\n\n<p><strong>RECURSOS AUDIOVISUALES<\/strong>:<\/p>\n\n\n\n<p><\/p>\n\n\n\n<div class=\"wp-block-buttons is-content-justification-center is-layout-flex wp-container-core-buttons-is-layout-16018d1d wp-block-buttons-is-layout-flex\">\n<div class=\"wp-block-button is-style-outline is-style-outline--2\"><a class=\"wp-block-button__link has-green-background-color has-background\" href=\"https:\/\/www.youtube.com\/watch?v=TU7_rkNqkJA\" target=\"_blank\" rel=\"noreferrer noopener\">VIDRIO<\/a><\/div>\n<\/div>\n\n\n\n<p><\/p>\n\n\n\n<div class=\"wp-block-buttons is-layout-flex wp-block-buttons-is-layout-flex\">\n<div class=\"wp-block-button is-style-fill\"><a class=\"wp-block-button__link has-background\" href=\"https:\/\/www.rtve.es\/play\/videos\/la-aventura-del-saber\/aventurarfcgranja\/3717623\/\" style=\"border-radius:100px;background-color:#872727\" target=\"_blank\" rel=\"noreferrer noopener\">Real F\u00e1brica de Cristales de La Granja de San Ildefonso. La Aventura del Saber  <\/a><\/div>\n<\/div>\n\n\n\n<p><\/p>\n\n\n\n<div class=\"wp-block-buttons is-content-justification-center is-layout-flex wp-container-core-buttons-is-layout-16018d1d wp-block-buttons-is-layout-flex\">\n<div class=\"wp-block-button is-style-outline is-style-outline--3\"><a class=\"wp-block-button__link has-white-color has-text-color has-background\" href=\"https:\/\/www.youtube.com\/watch?v=hFxLuuQdhwU\" style=\"border-radius:35px;background-color:#911f1f\" target=\"_blank\" rel=\"noreferrer noopener\">As\u00ed se hace el vidrio. Discovery Max<\/a><\/div>\n<\/div>\n\n\n\n<p><\/p>\n\n\n\n<p>Al conocimiento de la<strong> INDUSTRIA DEL VIDRIO espa\u00f1ol<\/strong> durante el siglo XIX se acerca Mart\u00ednez Carri\u00f3n, J.M (2002) a partir de la F\u00e1brica de Cristal y Vidrio de Santa Luc\u00eda (Cartagena): <\/p>\n\n\n\n<div data-wp-interactive=\"core\/file\" class=\"wp-block-file\"><object data-wp-bind--hidden=\"!state.hasPdfPreview\" hidden class=\"wp-block-file__embed\" data=\"https:\/\/artheke.com\/wp-content\/uploads\/2022\/06\/bsecv-22-11-2012.pdf\" type=\"application\/pdf\" style=\"width:100%;height:600px\" aria-label=\"Incrustado de Incrustado de VIDRIO ESPA\u00d1OL..\"><\/object><a id=\"wp-block-file--media-eafc9553-0bf8-4684-856d-c9bd542eec4e\" href=\"https:\/\/artheke.com\/wp-content\/uploads\/2022\/06\/bsecv-22-11-2012.pdf\">VIDRIO ESPA\u00d1OL<\/a><a href=\"https:\/\/artheke.com\/wp-content\/uploads\/2022\/06\/bsecv-22-11-2012.pdf\" class=\"wp-block-file__button\" download aria-describedby=\"wp-block-file--media-eafc9553-0bf8-4684-856d-c9bd542eec4e\">Descarga<\/a><\/div>\n\n\n\n<figure class=\"wp-block-pullquote\"><blockquote><p><strong>Las f\u00e1bricas de Vidrio<\/strong> forman parte de la historia y de los lugares en donde se construyeron, en ocasiones, surgidas por la necesidad de la industria de la zona como ocurri\u00f3 en <\/p><p>Jerez de la Frontera (1895) <\/p><p>\u2014dada la alta demanda de botellas para las bodegas\u2014. <\/p><\/blockquote><\/figure>\n\n\n\n<p>Hay interesantes estudios si se quiere saber un poco m\u00e1s de estas f\u00e1bricas, como el \u00abEstudio Hist\u00f3rico-Gr\u00e1fico de la F\u00e1brica de Vidrio \u00abLa Trinidad\u00bb de Sevilla\u00bb de Roc\u00edo Fern\u00e1ndez:<\/p>\n\n\n\n<div data-wp-interactive=\"core\/file\" class=\"wp-block-file\"><object data-wp-bind--hidden=\"!state.hasPdfPreview\" hidden class=\"wp-block-file__embed\" data=\"https:\/\/artheke.com\/wp-content\/uploads\/2022\/06\/TFG197_Dis-I_fernandez-olmo_2019.pdf\" type=\"application\/pdf\" style=\"width:100%;height:600px\" aria-label=\"Incrustado de Incrustado de TFG197_Dis-I_fernandez-olmo_2019..\"><\/object><a id=\"wp-block-file--media-7147531d-4e32-4f6e-ac88-d44db69c2a69\" href=\"https:\/\/artheke.com\/wp-content\/uploads\/2022\/06\/TFG197_Dis-I_fernandez-olmo_2019.pdf\">TFG197_Dis-I_fernandez-olmo_2019<\/a><a href=\"https:\/\/artheke.com\/wp-content\/uploads\/2022\/06\/TFG197_Dis-I_fernandez-olmo_2019.pdf\" class=\"wp-block-file__button\" download aria-describedby=\"wp-block-file--media-7147531d-4e32-4f6e-ac88-d44db69c2a69\">Descarga<\/a><\/div>\n\n\n\n<div class=\"wp-block-buttons is-layout-flex wp-block-buttons-is-layout-flex\">\n<div class=\"wp-block-button is-style-outline is-style-outline--4\"><a class=\"wp-block-button__link has-yellow-background-color has-text-color has-background\" href=\"https:\/\/www.google.com\/maps\/d\/u\/0\/viewer?mid=1Rd3x2Zf0u2c7lUR7FFsT2jNe7LevHJRm&amp;ll=37.3787685450408%2C-4.914673377659491&amp;z=9\" style=\"color:#2e2ea5\" target=\"_blank\" rel=\"noreferrer noopener\">IPCE-PATRIMONIO INDUSTRIAL. VIDRIOS LA TRINIDAD<\/a><\/div>\n<\/div>\n\n\n\n<p>o en el art\u00edculo publicado por Esther S\u00e1nchez S\u00e1nchez, Doctora en Historia y Profesora en la Universidad de Salamanca, en el que se analiza la trayectoria de la empresa francesa de Saint Gobain que estuvo dedicada a la producci\u00f3n de vidrio y otros materiales de construcci\u00f3n:<\/p>\n\n\n\n<div data-wp-interactive=\"core\/file\" class=\"wp-block-file\"><object data-wp-bind--hidden=\"!state.hasPdfPreview\" hidden class=\"wp-block-file__embed\" data=\"https:\/\/artheke.com\/wp-content\/uploads\/2022\/06\/S1698698911000488.pdf\" type=\"application\/pdf\" style=\"width:100%;height:600px\" aria-label=\"Incrustado de Incrustado de Un siglo de v\u00eddrio franc\u00e9s: Saint Gobain en Espa\u00f1a..\"><\/object><a id=\"wp-block-file--media-c394ce84-278b-4149-a3e3-b433b6533c2c\" href=\"https:\/\/artheke.com\/wp-content\/uploads\/2022\/06\/S1698698911000488.pdf\">Un siglo de v\u00eddrio franc\u00e9s: Saint Gobain en Espa\u00f1a<\/a><a href=\"https:\/\/artheke.com\/wp-content\/uploads\/2022\/06\/S1698698911000488.pdf\" class=\"wp-block-file__button\" download aria-describedby=\"wp-block-file--media-c394ce84-278b-4149-a3e3-b433b6533c2c\">Descarga<\/a><\/div>\n\n\n\n<p><\/p>\n\n\n\n<p class=\"has-dark-gray-color has-text-color\"><strong>Referencias<\/strong>:<\/p>\n\n\n\n<p>Andr\u00e9s L\u00f3pez, G. y Alonso Alcalde, R. (2020). Materiales. Una historia sobre la evoluci\u00f3n humana y los avances tecnol\u00f3gicos. <em>Libros en Acceso Abierto<\/em>. Universidad de Burgos. <a rel=\"noreferrer noopener\" href=\"https:\/\/doi.org\/10.36443\/9788416283965\" data-type=\"URL\" data-id=\"https:\/\/doi.org\/10.36443\/9788416283965\" target=\"_blank\">https:\/\/doi.org\/10.36443\/9788416283965<\/a><\/p>\n\n\n\n<div data-wp-interactive=\"core\/file\" class=\"wp-block-file\"><object data-wp-bind--hidden=\"!state.hasPdfPreview\" hidden class=\"wp-block-file__embed\" data=\"https:\/\/artheke.com\/wp-content\/uploads\/2022\/09\/document.pdf\" type=\"application\/pdf\" style=\"width:100%;height:600px\" aria-label=\"Incrustado de Incrustado de document..\"><\/object><a id=\"wp-block-file--media-e174164a-cd81-4c70-af81-56dff32000ea\" href=\"https:\/\/artheke.com\/wp-content\/uploads\/2022\/09\/document.pdf\">document<\/a><a href=\"https:\/\/artheke.com\/wp-content\/uploads\/2022\/09\/document.pdf\" class=\"wp-block-file__button\" download aria-describedby=\"wp-block-file--media-e174164a-cd81-4c70-af81-56dff32000ea\">Descarga<\/a><\/div>\n\n\n\n<p>As\u00ed se hace (5 abril 2018). As\u00ed se hace Vidrio DiscoveryMax. [Archivo V\u00eddeo]. <a href=\"https:\/\/www.youtube.com\/watch?v=hFxLuuQdhwU\" data-type=\"URL\" data-id=\"https:\/\/www.youtube.com\/watch?v=hFxLuuQdhwU\">https:\/\/www.youtube.com\/watch?v=hFxLuuQdhwU<\/a><\/p>\n\n\n\n<p>BurgosINVESTIGA. M\u00aa Pilar Alonso Abad. Universidad de Burgos. <a href=\"https:\/\/burgosinvestiga.ubuinvestiga.es\/investigadores\/ma-pilar-alonso-abad\/\" data-type=\"URL\" data-id=\"https:\/\/burgosinvestiga.ubuinvestiga.es\/investigadores\/ma-pilar-alonso-abad\/\" target=\"_blank\" rel=\"noreferrer noopener\">https:\/\/burgosinvestiga.ubuinvestiga.es\/investigadores\/ma-pilar-alonso-abad\/<\/a><\/p>\n\n\n\n<p>UBUinvestiga. Materiales. Una historia sobre la evoluci\u00f3n humana y los avances tecnol\u00f3gicos. Universidad de Burgos. <a rel=\"noreferrer noopener\" href=\"https:\/\/ubuinvestiga.es\/la-genialidad-y-versatilidad-del-vidrio\/\" data-type=\"URL\" data-id=\"https:\/\/ubuinvestiga.es\/la-genialidad-y-versatilidad-del-vidrio\/\" target=\"_blank\">https:\/\/ubuinvestiga.es\/la-genialidad-y-versatilidad-del-vidrio\/<\/a><\/p>\n\n\n\n<p>UBUinvestiga (30 septiembre 2020). Historia del vidrio. Una historia sobre la evoluci\u00f3n humana y los avances tecnol\u00f3gicos. Universidad de Burgos. [Archivo V\u00eddeo]. <a rel=\"noreferrer noopener\" href=\"https:\/\/www.youtube.com\/watch?v=TU7_rkNqkJA\" data-type=\"URL\" data-id=\"https:\/\/www.youtube.com\/watch?v=TU7_rkNqkJA\" target=\"_blank\">https:\/\/www.youtube.com\/watch?v=TU7_rkNqkJA<\/a><\/p>\n\n\n\n<p>Play. La Aventura del Saber (7\/11\/2019). Real F\u00e1brica de Cristales de La Granja de San Ildefonso. <a href=\"https:\/\/www.rtve.es\/play\/videos\/la-aventura-del-saber\/aventurarfcgranja\/3717623\/\" data-type=\"URL\" data-id=\"https:\/\/www.rtve.es\/play\/videos\/la-aventura-del-saber\/aventurarfcgranja\/3717623\/\" target=\"_blank\" rel=\"noreferrer noopener\">https:\/\/www.rtve.es\/play\/videos\/la-aventura-del-saber\/aventurarfcgranja\/3717623\/<\/a><\/p>\n\n\n\n<p><strong>BIBLIOGRAF\u00cdA DEL VIDRIO<\/strong>. Historia de los materiales. Universidad de Burgos. <a rel=\"noreferrer noopener\" href=\"https:\/\/historiamateriales.ubuinvestiga.es\/vidrio\/#Punto-4\" data-type=\"URL\" data-id=\"https:\/\/historiamateriales.ubuinvestiga.es\/vidrio\/#Punto-4\" target=\"_blank\">https:\/\/historiamateriales.ubuinvestiga.es\/vidrio\/#Punto-4<\/a><\/p>\n\n\n\n<p>                                    <strong>BIBLIOGRAF\u00cdA<\/strong>:<\/p>\n\n\n\n<p>Alonso Abad, M\u00aa.P.&nbsp;<em>Las Vidrieras de la Catedral de Burgos,<\/em>&nbsp;CSIC, Castell\u00f3n, 2016. 210 p.<\/p>\n\n\n\n<p>Alonso Abad, M\u00aa.P. \u201cLa vidriera contempor\u00e1nea en Burgos a partir del \u00faltimo tercio del siglo XX\u201d,<em>&nbsp;Pvlchruvm scripta varia in honorem M\u00aa Concepci\u00f3n Garc\u00eda Gainza.<\/em>&nbsp;Gobierno de Navarra (Departamento de Cultura y Turismo) y Universidad de Navarra. Navarra, 2011, pp.51-60.<\/p>\n\n\n\n<p>Alonso Abad, M\u00aa Pilar, \u201cLas vidrieras de la catedral de Salamanca. Nuevas luces para un nuevo templo\u201d,&nbsp;<em>La Catedral de Salamanca. Nueve siglos de historia y arte<\/em>, Burgos, 2012, pp. 347-370.<\/p>\n\n\n\n<p>Bueno, L.P.&nbsp;<em>Vidrios y vidrieras. Artes decorativas espa\u00f1olas,<\/em>&nbsp;Editorial Maxtor, 2006. 277 p.<\/p>\n\n\n\n<p>Castro Soto, P. Lamprea Le\u00f3n, M\u00aa.A. (2017).&nbsp;<em>Una historia de arena, fuego y aire: entre las artes y los oficios del vidrio<\/em>, Universidad Distrital Francisco Jos\u00e9 de Caldas, 77 p.<\/p>\n\n\n\n<p>Fern\u00e1ndez Navarro, J.M\u00aa.&nbsp;<em>El vidrio,<\/em>&nbsp;Editorial CSIC-CSIC Press, 2003. 720 p.<\/p>\n\n\n\n<div class=\"wp-block-buttons is-content-justification-center is-layout-flex wp-container-core-buttons-is-layout-16018d1d wp-block-buttons-is-layout-flex\">\n<div class=\"wp-block-button is-style-outline is-style-outline--5\"><a class=\"wp-block-button__link has-text-color\" href=\"https:\/\/books.google.es\/books?id=4GsNCPQRaTwC&amp;printsec=frontcover&amp;hl=es&amp;source=gbs_ge_summary_r&amp;cad=0#v=onepage&amp;q&amp;f=false\" style=\"color:#d51c1c\" target=\"_blank\" rel=\"noreferrer noopener\">EL VIDRIO. Libro de Fern\u00e1ndez Navarro<\/a><\/div>\n<\/div>\n\n\n\n<p>Garc\u00eda-Heras, M; Fern\u00e1ndez Navarro, J.M\u00aa; Villegas Broncano, M\u00aaA. ,&nbsp;<em>Historia del vidrio: desarrollo formal, tecnol\u00f3gico y cient\u00edfico<\/em>, Cyan, Proyectos Editoriales, SA, 2012. 334 p.<\/p>\n\n\n\n<p>L\u00f3pez,T.; Mart\u00ednez L\u00f3pez, A.&nbsp;<em>El mundo m\u00e1gico del vidrio,<\/em>&nbsp;Fondo de Cultura Econ\u00f3mica, 2012. 142 p.<\/p>\n\n\n\n<p>Planell, L.&nbsp;<em>Vidrio. Historia, tradici\u00f3n y arte,<\/em>&nbsp;1948. 392 p.<\/p>\n\n\n\n<p>Sorroche Cruz, A; Dumont Botella, A, \u00abHistoria del vidrio\u00bb.&nbsp;<em>T\u00e9cnica Industrial<\/em>, 2005, vol. 257, pp 26-33.<\/p>\n\n\n\n<p><\/p>\n\n\n\n<p><\/p>\n\n\n\n<p><\/p>\n\n\n\n<div class=\"wp-block-group\"><div class=\"wp-block-group__inner-container is-layout-flow wp-block-group-is-layout-flow\">\n<div class=\"wp-block-group is-vertical is-layout-flex wp-container-core-group-is-layout-8cf370e7 wp-block-group-is-layout-flex\">\n<pre class=\"wp-block-preformatted has-extra-small-font-size\">Publicada el&nbsp;18 de febrero de 2022 <\/pre>\n\n\n\n<pre class=\"wp-block-preformatted has-extra-small-font-size\">Por&nbsp;<a href=\"https:\/\/artheke.com\/?author=1\">Cebri\u00e1n Gonz\u00e1lez Mar\u00eda Teresa<\/a><\/pre>\n<\/div>\n<\/div><\/div>\n\n\n\n<p><\/p>\n","protected":false},"excerpt":{"rendered":"<p>De la exposici\u00f3n que recorre el camino por el que el ser humano ha construido la historia de su evoluci\u00f3n mediante el empleo de nuevas tecnolog\u00edas aplicadas al progreso en el manejo de los materiales (UBUinvestiga.es). En la colaboraci\u00f3n entre el Museo de la Evoluci\u00f3n Humana (MEH), la Unidad de Cultura Cient\u00edfica de la Universidad&hellip; <a class=\"more-link\" href=\"https:\/\/www.artheke.com\/?page_id=49\">Seguir leyendo <span class=\"screen-reader-text\">EL VIDRIO EN LA HISTORIA<\/span><\/a><\/p>\n","protected":false},"author":1,"featured_media":0,"parent":0,"menu_order":0,"comment_status":"closed","ping_status":"closed","template":"","meta":{"footnotes":""},"class_list":["post-49","page","type-page","status-publish","hentry","entry"],"_links":{"self":[{"href":"https:\/\/www.artheke.com\/index.php?rest_route=\/wp\/v2\/pages\/49","targetHints":{"allow":["GET"]}}],"collection":[{"href":"https:\/\/www.artheke.com\/index.php?rest_route=\/wp\/v2\/pages"}],"about":[{"href":"https:\/\/www.artheke.com\/index.php?rest_route=\/wp\/v2\/types\/page"}],"author":[{"embeddable":true,"href":"https:\/\/www.artheke.com\/index.php?rest_route=\/wp\/v2\/users\/1"}],"replies":[{"embeddable":true,"href":"https:\/\/www.artheke.com\/index.php?rest_route=%2Fwp%2Fv2%2Fcomments&post=49"}],"version-history":[{"count":23,"href":"https:\/\/www.artheke.com\/index.php?rest_route=\/wp\/v2\/pages\/49\/revisions"}],"predecessor-version":[{"id":1418,"href":"https:\/\/www.artheke.com\/index.php?rest_route=\/wp\/v2\/pages\/49\/revisions\/1418"}],"wp:attachment":[{"href":"https:\/\/www.artheke.com\/index.php?rest_route=%2Fwp%2Fv2%2Fmedia&parent=49"}],"curies":[{"name":"wp","href":"https:\/\/api.w.org\/{rel}","templated":true}]}}