{"id":51,"date":"2021-12-26T20:56:54","date_gmt":"2021-12-26T20:56:54","guid":{"rendered":"https:\/\/artheke.com\/?page_id=51"},"modified":"2023-09-07T20:00:41","modified_gmt":"2023-09-07T20:00:41","slug":"archivos","status":"publish","type":"page","link":"https:\/\/www.artheke.com\/?page_id=51","title":{"rendered":"ARCHIVOS"},"content":{"rendered":"\n<p>Los primeros documentos escritos fueron documentos de archivo que dieron fe de las transacciones comerciales o de otras acciones de los grupos humanos entre el 3000-2000 a.n.e. (Seti\u00e9n <em>et al<\/em>., 2006 en D\u00edaz Rodr\u00edguez, 2009). As\u00ed, adem\u00e1s de los documentos comerciales se han encontrado documentos: ling\u00fc\u00edsticos, administrativos, jur\u00eddicos, diplom\u00e1ticos, literarios, e incluso trabajos de estudiantes.<\/p>\n\n\n\n<p class=\"has-text-color\" style=\"color:#b32a2a\">La denominaci\u00f3n archivo fue legada por la civilizaci\u00f3n griega (<strong><em>arkh\u00e9<\/em>: los antiguos<\/strong>) que valorizar\u00eda la instituci\u00f3n hasta el punto que Arist\u00f3teles considerar\u00e1 al archivo indispensable en un estado-modelo (D\u00edaz, 2009).<\/p>\n\n\n\n<figure class=\"wp-block-pullquote\"><blockquote><p><em>La combinaci\u00f3n de m\u00e9todos archiv\u00edsticos y notariales fue exportada a todas las colonias griegas e ir\u00eda a influir, a trav\u00e9s de las instituciones romanas, en toda la cultura occidental.<\/em><\/p><cite>(Diaz Rodr\u00edguez, 2009)<\/cite><\/blockquote><\/figure>\n\n\n\n<p><strong>El archivo se consolida como una instituci\u00f3n con entidad propia y es identificado con toda claridad<\/strong>:<\/p>\n\n\n\n<ul class=\"wp-block-list\">\n<li>el <strong><em>archeion<\/em><\/strong> griego \u2014de cuya latinizaci\u00f3n <strong><em>archivum<\/em><\/strong> procede el t\u00e9rmino archivo\u2014 y\n<ul class=\"wp-block-list\">\n<li>La voz griega <strong><em>archeion<\/em><\/strong> \u00ab<em>hac\u00eda referencia al lugar donde se redactaban y conservaban los documentos e igualmente a la magistratura que estaba a cargo de ello<\/em>\u00bb (Diaz, 2009: 47). <\/li>\n\n\n\n<li>La palabra latina<em> <strong>archivum<\/strong><\/em> proviene de la voz griega<strong><em> archeion<\/em><\/strong> y est\u00e1 relacionada directamente con la <strong>funci\u00f3n <\/strong>que definir\u00e1 posteriormente la palabra.<\/li>\n<\/ul>\n<\/li>\n\n\n\n<li>el <strong><em><a href=\"https:\/\/www.abc.es\/archivo\/periodicos\/abc-madrid-20000419-41.html\" data-type=\"URL\" data-id=\"https:\/\/www.abc.es\/archivo\/periodicos\/abc-madrid-20000419-41.html\" target=\"_blank\" rel=\"noreferrer noopener\">tabularium<\/a> <\/em><\/strong>romano, cuyo r\u00e9gimen jur\u00eddico, como es propio de toda instituci\u00f3n, fue establecido por la legislaci\u00f3n coet\u00e1nea (D\u00edaz, 2009: 47).<\/li>\n<\/ul>\n\n\n\n<figure class=\"wp-block-gallery has-nested-images columns-default is-cropped wp-block-gallery-1 is-layout-flex wp-block-gallery-is-layout-flex\">\n<figure class=\"wp-block-image size-large\"><img loading=\"lazy\" decoding=\"async\" width=\"1024\" height=\"748\" data-id=\"1765\" src=\"https:\/\/artheke.com\/wp-content\/uploads\/2023\/03\/09199c36-0476-403f-908f-94007febf71e_3000-1024x748.jpg\" alt=\"\" class=\"wp-image-1765\" srcset=\"https:\/\/www.artheke.com\/wp-content\/uploads\/2023\/03\/09199c36-0476-403f-908f-94007febf71e_3000-1024x748.jpg 1024w, https:\/\/www.artheke.com\/wp-content\/uploads\/2023\/03\/09199c36-0476-403f-908f-94007febf71e_3000-300x219.jpg 300w, https:\/\/www.artheke.com\/wp-content\/uploads\/2023\/03\/09199c36-0476-403f-908f-94007febf71e_3000-768x561.jpg 768w, https:\/\/www.artheke.com\/wp-content\/uploads\/2023\/03\/09199c36-0476-403f-908f-94007febf71e_3000-1536x1122.jpg 1536w, https:\/\/www.artheke.com\/wp-content\/uploads\/2023\/03\/09199c36-0476-403f-908f-94007febf71e_3000-2048x1496.jpg 2048w, https:\/\/www.artheke.com\/wp-content\/uploads\/2023\/03\/09199c36-0476-403f-908f-94007febf71e_3000-1568x1146.jpg 1568w\" sizes=\"auto, (max-width: 1024px) 100vw, 1024px\" \/><figcaption class=\"wp-element-caption\">Figura 1. James Anderson (1859) en Getty Images<\/figcaption><\/figure>\n\n\n\n<figure class=\"wp-block-image size-large\"><img loading=\"lazy\" decoding=\"async\" width=\"1024\" height=\"757\" data-id=\"1766\" src=\"https:\/\/artheke.com\/wp-content\/uploads\/2023\/03\/fbdcdc85-ca63-4089-be56-8a2d3ccc20ff_3000-1024x757.jpg\" alt=\"\" class=\"wp-image-1766\" srcset=\"https:\/\/www.artheke.com\/wp-content\/uploads\/2023\/03\/fbdcdc85-ca63-4089-be56-8a2d3ccc20ff_3000-1024x757.jpg 1024w, https:\/\/www.artheke.com\/wp-content\/uploads\/2023\/03\/fbdcdc85-ca63-4089-be56-8a2d3ccc20ff_3000-300x222.jpg 300w, https:\/\/www.artheke.com\/wp-content\/uploads\/2023\/03\/fbdcdc85-ca63-4089-be56-8a2d3ccc20ff_3000-768x568.jpg 768w, https:\/\/www.artheke.com\/wp-content\/uploads\/2023\/03\/fbdcdc85-ca63-4089-be56-8a2d3ccc20ff_3000-1536x1135.jpg 1536w, https:\/\/www.artheke.com\/wp-content\/uploads\/2023\/03\/fbdcdc85-ca63-4089-be56-8a2d3ccc20ff_3000-2048x1513.jpg 2048w, https:\/\/www.artheke.com\/wp-content\/uploads\/2023\/03\/fbdcdc85-ca63-4089-be56-8a2d3ccc20ff_3000-1568x1159.jpg 1568w\" sizes=\"auto, (max-width: 1024px) 100vw, 1024px\" \/><figcaption class=\"wp-element-caption\">Figura 2. James Anderson (1859) en Getty Images<\/figcaption><\/figure>\n<\/figure>\n\n\n\n<pre class=\"wp-block-code\" style=\"font-size:10px\"><code>Figura 1. Una vista del Foro Romano hacia el Tabularium y la Colina Capitolina. El Arco de Septimius Severus es visible al final de un camino a la derecha de la imagen. Un carro vac\u00edo est\u00e1 estacionado en la hierba en primer plano. Figura 2. Vista mirando hacia abajo por una calle ancha que cruza el Foro Romano, hacia el Tabularium y la Colina Capitolina. La torre del reloj del Palazzo Senatorio se puede ver sobre el Tabularium. el Arco de Septimius Severus est\u00e1 al final del camino, que est\u00e1 bordeado de hierba a lo largo del lado derecho. Figura 3. Vista de las ruinas del Tabularium. Las tres columnas restantes del Templo de Vespasiano y Tito y el front\u00f3n del Templo de Saturno a\u00fan se encuentran a la izquierda del Tabularium. <\/code><\/pre>\n\n\n\n<div class=\"wp-block-cover is-light has-custom-content-position is-position-bottom-left\"><span aria-hidden=\"true\" class=\"wp-block-cover__background has-background-dim-10 has-background-dim\"><\/span><img loading=\"lazy\" decoding=\"async\" width=\"1024\" height=\"757\" class=\"wp-block-cover__image-background wp-image-1764\" alt=\"\" src=\"https:\/\/artheke.com\/wp-content\/uploads\/2023\/03\/1ebb5a53-2d0b-4cf0-83d9-228fbbaf71d4_1024.jpg\" data-object-fit=\"cover\" srcset=\"https:\/\/www.artheke.com\/wp-content\/uploads\/2023\/03\/1ebb5a53-2d0b-4cf0-83d9-228fbbaf71d4_1024.jpg 1024w, https:\/\/www.artheke.com\/wp-content\/uploads\/2023\/03\/1ebb5a53-2d0b-4cf0-83d9-228fbbaf71d4_1024-300x222.jpg 300w, https:\/\/www.artheke.com\/wp-content\/uploads\/2023\/03\/1ebb5a53-2d0b-4cf0-83d9-228fbbaf71d4_1024-768x568.jpg 768w\" sizes=\"auto, (max-width: 1024px) 100vw, 1024px\" \/><div class=\"wp-block-cover__inner-container is-layout-flow wp-block-cover-is-layout-flow\">\n<p class=\"has-text-align-center\" style=\"font-size:9px\">Figura 3. James Anderson (brit\u00e1nico, 1813-1877), fot\u00f3grafo Vue g\u00e9n\u00e9rale des d\u00e9bris de temples, de colonnes et cetera tout pr\u00e8s du Tabularium, 1859. Impresi\u00f3n en plata alb\u00famina, 24,9 * 34,5 cm (9 13\/16 * 13 9\/16 pulg.). Museo J. Paul Getty, Los \u00c1ngeles, 84.XO.251.2.27<\/p>\n<\/div><\/div>\n\n\n\n<figure class=\"wp-block-video\"><video controls src=\"https:\/\/artheke.com\/wp-content\/uploads\/2023\/03\/Tabularium-1.mp4\"><\/video><figcaption class=\"wp-element-caption\"><a rel=\"noreferrer noopener\" href=\"https:\/\/www.youtube.com\/watch?v=ysuV1DnZ7gQ\" data-type=\"URL\" data-id=\"https:\/\/www.youtube.com\/watch?v=ysuV1DnZ7gQ\" target=\"_blank\">V\u00eddeo del Tabularium: im\u00e1genes del s. XXI y recreaci\u00f3n arquitect\u00f3nica del pasado.<\/a><\/figcaption><\/figure>\n\n\n\n<p><em>Tabularium<\/em> procede de las \u00ab<em><a rel=\"noreferrer noopener\" href=\"https:\/\/www.ucm.es\/quidestliber\/tabula-cerata\" data-type=\"URL\" data-id=\"https:\/\/www.ucm.es\/quidestliber\/tabula-cerata\" target=\"_blank\">Tabulae ceratae<\/a><\/em>\u00bb (o <em>tabellae<\/em>): las  tablillas recubiertas de cera en las que con un punz\u00f3n se imprim\u00edan los documentos durante la \u00e9poca romana arcaica. Posteriormente ya se imprimir\u00edan los documentos en planchas de bronce con la finalidad de que fueran m\u00e1s perdurables en el tiempo. <\/p>\n\n\n\n<figure class=\"wp-block-image size-medium\"><img loading=\"lazy\" decoding=\"async\" width=\"300\" height=\"235\" src=\"https:\/\/artheke.com\/wp-content\/uploads\/2023\/03\/codix-pugilarum-300x235.jpg\" alt=\"\" class=\"wp-image-1770\" srcset=\"https:\/\/www.artheke.com\/wp-content\/uploads\/2023\/03\/codix-pugilarum-300x235.jpg 300w, https:\/\/www.artheke.com\/wp-content\/uploads\/2023\/03\/codix-pugilarum-1024x803.jpg 1024w, https:\/\/www.artheke.com\/wp-content\/uploads\/2023\/03\/codix-pugilarum-768x602.jpg 768w, https:\/\/www.artheke.com\/wp-content\/uploads\/2023\/03\/codix-pugilarum.jpg 1350w\" sizes=\"auto, (max-width: 300px) 100vw, 300px\" \/><figcaption class=\"wp-element-caption\">Figura 4. <a rel=\"noreferrer noopener\" href=\"https:\/\/www.museosdeandalucia.es\/web\/museoarqueologicodesevilla\/inicio?p_p_id=101&amp;p_p_lifecycle=0&amp;p_p_state=maximized&amp;p_p_mode=view&amp;_101_struts_action=%2Fasset_publisher%2Fview_content&amp;_101_returnToFullPageURL=https%3A%2F%2Fwww.museosdeandalucia.es%2Fweb%2Fmuseoarqueologicodesevilla%2Finicio%3Fp_auth%3DcEohb1Y1%26p_p_id%3D3%26p_p_lifecycle%3D1%26p_p_state%3Dnormal%26p_p_state_rcv%3D1&amp;_101_assetEntryId=2087444&amp;_101_type=content&amp;_101_urlTitle=codex-pugillaris&amp;redirect=https%3A%2F%2Fwww.museosdeandalucia.es%2Fweb%2Fmuseoarqueologicodesevilla%2Finicio%3Fp_p_id%3D3%26p_p_lifecycle%3D0%26p_p_state%3Dmaximized%26p_p_mode%3Dview%26_3_keywords%3Dtablilla%26_3_struts_action%3D%252Fsearch%252Fsearch&amp;inheritRedirect=true\" data-type=\"URL\" data-id=\"https:\/\/www.museosdeandalucia.es\/web\/museoarqueologicodesevilla\/inicio?p_p_id=101&amp;p_p_lifecycle=0&amp;p_p_state=maximized&amp;p_p_mode=view&amp;_101_struts_action=%2Fasset_publisher%2Fview_content&amp;_101_returnToFullPageURL=https%3A%2F%2Fwww.museosdeandalucia.es%2Fweb%2Fmuseoarqueologicodesevilla%2Finicio%3Fp_auth%3DcEohb1Y1%26p_p_id%3D3%26p_p_lifecycle%3D1%26p_p_state%3Dnormal%26p_p_state_rcv%3D1&amp;_101_assetEntryId=2087444&amp;_101_type=content&amp;_101_urlTitle=codex-pugillaris&amp;redirect=https%3A%2F%2Fwww.museosdeandalucia.es%2Fweb%2Fmuseoarqueologicodesevilla%2Finicio%3Fp_p_id%3D3%26p_p_lifecycle%3D0%26p_p_state%3Dmaximized%26p_p_mode%3Dview%26_3_keywords%3Dtablilla%26_3_struts_action%3D%252Fsearch%252Fsearch&amp;inheritRedirect=true\" target=\"_blank\">Tablillas en Hueso enceradas de El Gandul (Alcal\u00e1 de Guadaira, Sevilla). Museo Arqueol\u00f3gico de Sevilla<\/a>.<\/figcaption><\/figure>\n\n\n\n<p>En Roma se diferenciaban los archivos p\u00fablicos (<strong><em>archivum<\/em><\/strong>) de los privados (<em><strong>privata scrinia<\/strong><\/em>). Los documentos p\u00fablicos eran expuestos en <em><strong>tabulae publicae<\/strong><\/em> en los edificios del capitolio. <\/p>\n\n\n\n<div class=\"wp-block-cover is-light has-custom-content-position is-position-top-left\"><span aria-hidden=\"true\" class=\"wp-block-cover__background has-background-dim-0 has-background-dim\"><\/span><img loading=\"lazy\" decoding=\"async\" width=\"1024\" height=\"768\" class=\"wp-block-cover__image-background wp-image-1763\" alt=\"\" src=\"https:\/\/artheke.com\/wp-content\/uploads\/2023\/03\/WhatsApp-Image-2023-03-08-at-13.03.20-e1678277291852-1024x768.jpeg\" style=\"object-position:65% 21%\" data-object-fit=\"cover\" data-object-position=\"65% 21%\" srcset=\"https:\/\/www.artheke.com\/wp-content\/uploads\/2023\/03\/WhatsApp-Image-2023-03-08-at-13.03.20-e1678277291852-1024x768.jpeg 1024w, https:\/\/www.artheke.com\/wp-content\/uploads\/2023\/03\/WhatsApp-Image-2023-03-08-at-13.03.20-e1678277291852-300x225.jpeg 300w, https:\/\/www.artheke.com\/wp-content\/uploads\/2023\/03\/WhatsApp-Image-2023-03-08-at-13.03.20-e1678277291852-768x576.jpeg 768w, https:\/\/www.artheke.com\/wp-content\/uploads\/2023\/03\/WhatsApp-Image-2023-03-08-at-13.03.20-e1678277291852-1536x1152.jpeg 1536w, https:\/\/www.artheke.com\/wp-content\/uploads\/2023\/03\/WhatsApp-Image-2023-03-08-at-13.03.20-e1678277291852-1568x1176.jpeg 1568w, https:\/\/www.artheke.com\/wp-content\/uploads\/2023\/03\/WhatsApp-Image-2023-03-08-at-13.03.20-e1678277291852.jpeg 1600w\" sizes=\"auto, (max-width: 1024px) 100vw, 1024px\" \/><div class=\"wp-block-cover__inner-container is-layout-flow wp-block-cover-is-layout-flow\">\n<p class=\"has-text-align-center has-text-color\" style=\"color:#ba1c1c;font-size:10px\">Recorte de prensa de ABC del 19 de abril de 1999 (Archivo propio), la noticia completa en <a rel=\"noreferrer noopener\" href=\"https:\/\/www.abc.es\/archivo\/periodicos\/abc-madrid-20000419-41.html\" data-type=\"URL\" data-id=\"https:\/\/www.abc.es\/archivo\/periodicos\/abc-madrid-20000419-41.html\" target=\"_blank\">ENLACE NOTICIA ARCHIVO ABC<\/a> <\/p>\n<\/div><\/div>\n\n\n\n<p>Las anotaciones de los magistrados (<em><strong>comentarii<\/strong><\/em>) se guardaban en los archivos privados de las residencias (<em><strong>tablinium<\/strong><\/em>).<\/p>\n\n\n\n<p>Los asuntos religiosos de los sacerdotes (<strong>comentarii)<\/strong> se conservaban en los templos, que en muchos casos \u00abir\u00edan a dar origen a los archivos p\u00fablicos\u00bb (D\u00edaz, 2009: 47).<\/p>\n\n\n\n<p><strong>En Roma se cierra la primera etapa de los Archivos en la Antig\u00fcedad Occidental<\/strong>.<\/p>\n\n\n\n<hr class=\"wp-block-separator has-alpha-channel-opacity\"\/>\n\n\n\n<p class=\"has-blue-background-color has-background\"><strong>Referencias:<\/strong><\/p>\n\n\n\n<p>D\u00edaz Rodr\u00edguez, M\u00aa del R. (2009). Los archivos y la Archiv\u00edstica a trav\u00e9s de la historia. <em>Bibliotecas Anales de la Investigaci\u00f3n, <\/em>5, 45-52.<\/p>\n\n\n\n<p>Fern\u00e1ndez G\u00f3mez, F. <em>Un Codex romano en el Museo Arqueol\u00f3gico de Sevilla.<\/em> Anas. 1995, 7-8, p. 159-167, l\u00e1ms. 38-41 en <a rel=\"noreferrer noopener\" href=\"http:\/\/ceres.mcu.es\/pages\/ResultSearch?txtSimpleSearch=Tablilla&amp;simpleSearch=0&amp;hipertextSearch=1&amp;search=simpleSelection&amp;MuseumsSearch=MASE|&amp;MuseumsRolSearch=2&amp;listaMuseos=[Museo%20Arqueol%F3gico%20de%20Sevilla]\" data-type=\"URL\" data-id=\"http:\/\/ceres.mcu.es\/pages\/ResultSearch?txtSimpleSearch=Tablilla&amp;simpleSearch=0&amp;hipertextSearch=1&amp;search=simpleSelection&amp;MuseumsSearch=MASE|&amp;MuseumsRolSearch=2&amp;listaMuseos=[Museo%20Arqueol%F3gico%20de%20Sevilla]\" target=\"_blank\">Ceres<\/a> y <a rel=\"noreferrer noopener\" href=\"https:\/\/www.museosdeandalucia.es\/web\/museoarqueologicodesevilla\/inicio?p_p_id=101&amp;p_p_lifecycle=0&amp;p_p_state=maximized&amp;p_p_mode=view&amp;_101_struts_action=%2Fasset_publisher%2Fview_content&amp;_101_returnToFullPageURL=https%3A%2F%2Fwww.museosdeandalucia.es%2Fweb%2Fmuseoarqueologicodesevilla%2Finicio%3Fp_auth%3DS7AmEQRy%26p_p_id%3D3%26p_p_lifecycle%3D1%26p_p_state%3Dnormal%26p_p_state_rcv%3D1&amp;_101_assetEntryId=2087444&amp;_101_type=content&amp;_101_urlTitle=codex-pugillaris&amp;redirect=https%3A%2F%2Fwww.museosdeandalucia.es%2Fweb%2Fmuseoarqueologicodesevilla%2Finicio%3Fp_p_id%3D3%26p_p_lifecycle%3D0%26p_p_state%3Dmaximized%26p_p_mode%3Dview%26_3_keywords%3Dtablilla%26_3_struts_action%3D%252Fsearch%252Fsearch&amp;inheritRedirect=true\" data-type=\"URL\" data-id=\"https:\/\/www.museosdeandalucia.es\/web\/museoarqueologicodesevilla\/inicio?p_p_id=101&amp;p_p_lifecycle=0&amp;p_p_state=maximized&amp;p_p_mode=view&amp;_101_struts_action=%2Fasset_publisher%2Fview_content&amp;_101_returnToFullPageURL=https%3A%2F%2Fwww.museosdeandalucia.es%2Fweb%2Fmuseoarqueologicodesevilla%2Finicio%3Fp_auth%3DS7AmEQRy%26p_p_id%3D3%26p_p_lifecycle%3D1%26p_p_state%3Dnormal%26p_p_state_rcv%3D1&amp;_101_assetEntryId=2087444&amp;_101_type=content&amp;_101_urlTitle=codex-pugillaris&amp;redirect=https%3A%2F%2Fwww.museosdeandalucia.es%2Fweb%2Fmuseoarqueologicodesevilla%2Finicio%3Fp_p_id%3D3%26p_p_lifecycle%3D0%26p_p_state%3Dmaximized%26p_p_mode%3Dview%26_3_keywords%3Dtablilla%26_3_struts_action%3D%252Fsearch%252Fsearch&amp;inheritRedirect=true\" target=\"_blank\">Museo Arqueol\u00f3gico de Sevilla<\/a>. Autores de las fotograf\u00edas expuestas en el Museo Arqueol\u00f3gico de Sevilla: Mart\u00edn Garc\u00eda, Jos\u00e9 Mor\u00f3n borrego, Archivo General de Bienes Culturales y Museos y Archivo Museo Arqueol\u00f3gico de Sevilla. (Figura 4).<\/p>\n\n\n\n<p>Juul stegge (2020). <em>Tabularium<\/em> [archivo v\u00eddeo de youtube]. <\/p>\n\n\n\n<p>Ritter, Dorothea.<em> Rom 1845-1870: James Anderson und die Maler-Fotografen, Sammlung Siegert, exh. gato.<\/em> (M\u00fanich: Neue Pinakothek, 2005), p\u00e1g. 38 en Getty, Colecci\u00f3n del Museo (Figura 1, 2 y 3).<\/p>\n\n\n\n<hr class=\"wp-block-separator has-alpha-channel-opacity\"\/>\n\n\n\n<div class=\"wp-block-group has-extra-small-font-size is-vertical is-layout-flex wp-container-core-group-is-layout-8cf370e7 wp-block-group-is-layout-flex\">\n<div class=\"wp-block-group is-vertical is-layout-flex wp-container-core-group-is-layout-8cf370e7 wp-block-group-is-layout-flex\">\n<div class=\"wp-block-group has-extra-small-font-size\" style=\"line-height:0.9\"><div class=\"wp-block-group__inner-container is-layout-constrained wp-block-group-is-layout-constrained\">\n<div class=\"wp-block-group\" style=\"line-height:0.4\"><div class=\"wp-block-group__inner-container is-layout-constrained wp-block-group-is-layout-constrained\">\n<div class=\"wp-block-group has-extra-small-font-size\" style=\"line-height:0.3\"><div class=\"wp-block-group__inner-container is-layout-constrained wp-block-group-is-layout-constrained\">\n<div class=\"wp-block-group\" style=\"line-height:1.3\"><div class=\"wp-block-group__inner-container is-layout-constrained wp-block-group-is-layout-constrained\">\n<div class=\"wp-block-group has-extra-small-font-size\" style=\"font-style:normal;font-weight:400\"><div class=\"wp-block-group__inner-container is-layout-constrained wp-block-group-is-layout-constrained\">\n<p>Publicada el&nbsp;9 de junio de 2022, actualizado el 08 de marzo de 2023.<\/p>\n\n\n\n<div class=\"wp-block-group\"><div class=\"wp-block-group__inner-container is-layout-flow wp-block-group-is-layout-flow\">\n<p style=\"line-height:0\">Por&nbsp;<a href=\"https:\/\/artheke.com\/?author=1\">Cebri\u00e1n Gonz\u00e1lez Mar\u00eda Teresa<\/a><\/p>\n<\/div><\/div>\n<\/div><\/div>\n<\/div><\/div>\n<\/div><\/div>\n<\/div><\/div>\n<\/div><\/div>\n<\/div>\n<\/div>\n","protected":false},"excerpt":{"rendered":"<p>Los primeros documentos escritos fueron documentos de archivo que dieron fe de las transacciones comerciales o de otras acciones de los grupos humanos entre el 3000-2000 a.n.e. (Seti\u00e9n et al., 2006 en D\u00edaz Rodr\u00edguez, 2009). As\u00ed, adem\u00e1s de los documentos comerciales se han encontrado documentos: ling\u00fc\u00edsticos, administrativos, jur\u00eddicos, diplom\u00e1ticos, literarios, e incluso trabajos de estudiantes.&hellip; <a class=\"more-link\" href=\"https:\/\/www.artheke.com\/?page_id=51\">Seguir leyendo <span class=\"screen-reader-text\">ARCHIVOS<\/span><\/a><\/p>\n","protected":false},"author":1,"featured_media":0,"parent":0,"menu_order":0,"comment_status":"closed","ping_status":"closed","template":"","meta":{"footnotes":""},"class_list":["post-51","page","type-page","status-publish","hentry","entry"],"_links":{"self":[{"href":"https:\/\/www.artheke.com\/index.php?rest_route=\/wp\/v2\/pages\/51","targetHints":{"allow":["GET"]}}],"collection":[{"href":"https:\/\/www.artheke.com\/index.php?rest_route=\/wp\/v2\/pages"}],"about":[{"href":"https:\/\/www.artheke.com\/index.php?rest_route=\/wp\/v2\/types\/page"}],"author":[{"embeddable":true,"href":"https:\/\/www.artheke.com\/index.php?rest_route=\/wp\/v2\/users\/1"}],"replies":[{"embeddable":true,"href":"https:\/\/www.artheke.com\/index.php?rest_route=%2Fwp%2Fv2%2Fcomments&post=51"}],"version-history":[{"count":25,"href":"https:\/\/www.artheke.com\/index.php?rest_route=\/wp\/v2\/pages\/51\/revisions"}],"predecessor-version":[{"id":2153,"href":"https:\/\/www.artheke.com\/index.php?rest_route=\/wp\/v2\/pages\/51\/revisions\/2153"}],"wp:attachment":[{"href":"https:\/\/www.artheke.com\/index.php?rest_route=%2Fwp%2Fv2%2Fmedia&parent=51"}],"curies":[{"name":"wp","href":"https:\/\/api.w.org\/{rel}","templated":true}]}}