{"id":53,"date":"2021-12-26T20:56:54","date_gmt":"2021-12-26T20:56:54","guid":{"rendered":"https:\/\/artheke.com\/?page_id=53"},"modified":"2023-06-25T04:05:57","modified_gmt":"2023-06-25T04:05:57","slug":"museos","status":"publish","type":"page","link":"https:\/\/www.artheke.com\/?page_id=53","title":{"rendered":"MUSEOS"},"content":{"rendered":"\n<div class=\"wp-block-group alignfull has-black-color has-text-color has-background has-link-color wp-elements-6b8bca2dfbb39cda80db3a49856c6372\" style=\"background-color:#d2cdc7\"><div class=\"wp-block-group__inner-container is-layout-flow wp-block-group-is-layout-flow\">\n<div style=\"height:50px\" aria-hidden=\"true\" class=\"wp-block-spacer\"><\/div>\n\n\n\n<h2 class=\"wp-block-heading alignwide\" style=\"font-size:46px;font-weight:400;line-height:1.1\">ICOM 24\/08\/2022<\/h2>\n\n\n\n<h3 class=\"wp-block-heading alignwide\" style=\"font-size:46px;font-weight:400;line-height:1.1\">26\u00aa CONFERENCIA GENERAL (PRAGA)<\/h3>\n\n\n\n<h3 class=\"wp-block-heading alignwide\" style=\"font-size:46px;font-weight:400;line-height:1.1\">ASAMBLEA GENERAL EXTRAORDINARIA                                <\/h3>\n\n\n\n<p>Aprueba la nueva definici\u00f3n de Museo con una mayor\u00eda del 92,41% (A favor: 487, en contra: 23, abstenci\u00f3n: 17) de los votos. La nueva definici\u00f3n de museo adoptada es:<\/p>\n\n\n\n<div style=\"height:50px\" aria-hidden=\"true\" class=\"wp-block-spacer\"><\/div>\n\n\n\n<div class=\"wp-block-columns alignwide is-layout-flex wp-container-core-columns-is-layout-9d6595d7 wp-block-columns-is-layout-flex\">\n<div class=\"wp-block-column is-layout-flow wp-block-column-is-layout-flow\" style=\"flex-basis:25%\">\n<figure class=\"wp-block-image size-large\"><img loading=\"lazy\" decoding=\"async\" width=\"683\" height=\"1024\" src=\"https:\/\/artheke.com\/wp-content\/uploads\/2023\/03\/IMD_2023_POSTER_ES-683x1024.jpg\" alt=\"\" class=\"wp-image-1801\" srcset=\"https:\/\/www.artheke.com\/wp-content\/uploads\/2023\/03\/IMD_2023_POSTER_ES-683x1024.jpg 683w, https:\/\/www.artheke.com\/wp-content\/uploads\/2023\/03\/IMD_2023_POSTER_ES-200x300.jpg 200w, https:\/\/www.artheke.com\/wp-content\/uploads\/2023\/03\/IMD_2023_POSTER_ES-768x1152.jpg 768w, https:\/\/www.artheke.com\/wp-content\/uploads\/2023\/03\/IMD_2023_POSTER_ES-1024x1536.jpg 1024w, https:\/\/www.artheke.com\/wp-content\/uploads\/2023\/03\/IMD_2023_POSTER_ES-1365x2048.jpg 1365w, https:\/\/www.artheke.com\/wp-content\/uploads\/2023\/03\/IMD_2023_POSTER_ES-1568x2352.jpg 1568w, https:\/\/www.artheke.com\/wp-content\/uploads\/2023\/03\/IMD_2023_POSTER_ES-scaled.jpg 1707w\" sizes=\"auto, (max-width: 683px) 100vw, 683px\" \/><figcaption class=\"wp-element-caption\"><a rel=\"noreferrer noopener\" href=\"https:\/\/icom.museum\/es\/dia-internacional-de-los-museos\/\" data-type=\"URL\" data-id=\"https:\/\/icom.museum\/es\/dia-internacional-de-los-museos\/\" target=\"_blank\">Consejo Internacional de Museos (ICOM)<\/a><\/figcaption><\/figure>\n<\/div>\n\n\n\n<div class=\"wp-block-column is-layout-flow wp-block-column-is-layout-flow\" style=\"flex-basis:75%\">\n<figure class=\"wp-block-pullquote\"><blockquote><p>Un museo es una instituci\u00f3n sin \u00e1nimo de lucro, permanente y al servicio de la sociedad, que investiga, colecciona, conserva, interpreta y exhibe el patrimonio material e inmaterial. Abiertos al p\u00fablico, accesibles e inclusivos, los museos fomentan la diversidad y la sostenibilidad. Con la participaci\u00f3n de las comunidades, los museos operan y comunican \u00e9tica y profesionalmente, ofreciendo experiencias variadas para la educaci\u00f3n, el disfrute, la reflexi\u00f3n y el intercambio de conocimientos\u00bb<\/p><cite>International Council of Museums (consejo internacional de museos), ICOM.<\/cite><\/blockquote><\/figure>\n<\/div>\n<\/div>\n\n\n\n<div style=\"height:50px\" aria-hidden=\"true\" class=\"wp-block-spacer\"><\/div>\n\n\n\n<div class=\"wp-block-columns alignwide is-style-default has-yellow-background-color has-background is-layout-flex wp-container-core-columns-is-layout-9d6595d7 wp-block-columns-is-layout-flex\">\n<div class=\"wp-block-column is-layout-flow wp-block-column-is-layout-flow\">\n<p style=\"font-size:23px\"><strong>DEFINICI\u00d3N DE MUSEO: UN CAMINO A SEGUIR<\/strong><\/p>\n<\/div>\n\n\n\n<div class=\"wp-block-column is-layout-flow wp-block-column-is-layout-flow\">\n<div class=\"wp-block-group\" style=\"line-height:1.4\"><div class=\"wp-block-group__inner-container is-layout-constrained wp-block-group-is-layout-constrained\">\n<p class=\"has-text-align-right\" style=\"font-size:25px\">LOS MUSEOS NO TIENEN FRONTERAS<\/p>\n\n\n\n<p class=\"has-text-align-right\" style=\"font-size:25px;line-height:0\">TIENEN UNA RED \u00b7 <a href=\"https:\/\/icom.museum\/es\/recursos\/normas-y-directrices\/definicion-del-museo\/\" data-type=\"URL\" data-id=\"https:\/\/icom.museum\/es\/recursos\/normas-y-directrices\/definicion-del-museo\/\" target=\"_blank\" rel=\"noreferrer noopener\">ICOM<\/a><\/p>\n<\/div><\/div>\n<\/div>\n<\/div>\n\n\n\n<div style=\"height:50px\" aria-hidden=\"true\" class=\"wp-block-spacer\"><\/div>\n<\/div><\/div>\n\n\n\n<div class=\"wp-block-columns alignwide is-layout-flex wp-container-core-columns-is-layout-9d6595d7 wp-block-columns-is-layout-flex\">\n<div class=\"wp-block-column has-text-color has-background has-link-color wp-elements-5e143f87eaf13dee5ad6693df39866bd is-layout-flow wp-block-column-is-layout-flow\" style=\"color:#000000;background-color:#ffe97d;padding-top:2em;padding-right:2em;padding-bottom:2em;padding-left:2em\">\n<h2 class=\"wp-block-heading\" id=\"single\" style=\"font-size:40px\"><strong>Museo (RAE)<\/strong><\/h2>\n\n\n\n<p class=\"has-normal-font-size\" style=\"line-height:1.5\">Real Academia Espa\u00f1ola<\/p>\n\n\n\n<hr class=\"wp-block-separator has-text-color has-css-opacity has-background is-style-wide\" style=\"background-color:#000000;color:#000000\"\/>\n\n\n\n<ul class=\"wp-block-list\">\n<li>m. <em>Lugar en que se conservan y exponen colecciones de objetos art\u00edsticos, cient\u00edficos, etc<\/em>.<\/li>\n\n\n\n<li>m. I<em>nstituci\u00f3n, sin fines de lucro, cuya finalidad consiste en la adquisici\u00f3n, conservaci\u00f3n, estudio y exposici\u00f3n al p\u00fablico de objetos de inter\u00e9s cultural.<\/em><\/li>\n\n\n\n<li>m. <em>Lugar donde se exhiben objetos o curiosidades que pueden atraer el inter\u00e9s del p\u00fablico, con fines tur\u00edsticos.<\/em><\/li>\n\n\n\n<li>m. <em>Edificio o lugar destinado al estudio de las ciencias, letras humanas y artes liberales<\/em>.<\/li>\n<\/ul>\n\n\n\n<div class=\"wp-block-buttons alignfull is-horizontal is-content-justification-center is-layout-flex wp-container-core-buttons-is-layout-499968f5 wp-block-buttons-is-layout-flex\">\n<div class=\"wp-block-button\"><a class=\"wp-block-button__link wp-element-button\">MUSEO<\/a><\/div>\n<\/div>\n<\/div>\n\n\n\n<div class=\"wp-block-column has-text-color has-background has-link-color wp-elements-d7f926cff5d9625f236748bd6c6f8191 is-layout-flow wp-block-column-is-layout-flow\" style=\"color:#000000;background-color:#d1d1e1;padding-top:2em;padding-right:2em;padding-bottom:2em;padding-left:2em\">\n<h2 class=\"wp-block-heading\" id=\"family\" style=\"font-size:40px\"><strong>Museograf\u00eda (RAE)<\/strong><\/h2>\n\n\n\n<p class=\"has-normal-font-size\" style=\"line-height:1.5\">Real Academia Espa\u00f1ola<\/p>\n\n\n\n<hr class=\"wp-block-separator has-css-opacity is-style-wide\"\/>\n\n\n\n<ul class=\"wp-block-list\">\n<li><em>El conjunto de t\u00e9cnicas y pr\u00e1cticas relativas al funcionamiento de un museo.<\/em><\/li>\n<\/ul>\n\n\n\n<div class=\"wp-block-buttons alignfull is-horizontal is-content-justification-center is-layout-flex wp-container-core-buttons-is-layout-499968f5 wp-block-buttons-is-layout-flex\">\n<div class=\"wp-block-button\"><a class=\"wp-block-button__link wp-element-button\">MUSEOGRAF\u00cdA<\/a><\/div>\n<\/div>\n<\/div>\n\n\n\n<div class=\"wp-block-column has-text-color has-background has-link-color wp-elements-ee36884b31b532647437fab85cff4630 is-layout-flow wp-block-column-is-layout-flow\" style=\"color:#000000;background-color:#c0ebf1;padding-top:2em;padding-right:2em;padding-bottom:2em;padding-left:2em\">\n<h2 class=\"wp-block-heading\" id=\"patron\" style=\"font-size:40px\"><strong>Museolog\u00eda (RAE)<\/strong><\/h2>\n\n\n\n<p class=\"has-normal-font-size\"><strong>Real Academia Espa\u00f1ola<\/strong><\/p>\n\n\n\n<hr class=\"wp-block-separator has-css-opacity is-style-wide\"\/>\n\n\n\n<ul class=\"wp-block-list\">\n<li>f. <em>Ciencia que trata de los museos, su historia, su influjo en la sociedad, las t\u00e9cnicas de conservaci\u00f3n y catalogaci\u00f3n.<\/em><\/li>\n<\/ul>\n\n\n\n<div class=\"wp-block-buttons alignfull is-horizontal is-content-justification-center is-layout-flex wp-container-core-buttons-is-layout-499968f5 wp-block-buttons-is-layout-flex\">\n<div class=\"wp-block-button\"><a class=\"wp-block-button__link wp-element-button\">MUSEOLOG\u00cdA<\/a><\/div>\n<\/div>\n<\/div>\n<\/div>\n\n\n\n<figure class=\"wp-block-pullquote\"><blockquote><p>ICOFOM<br> <em>es el mayor foro de debates museol\u00f3gicos internacionales. Tambi\u00e9n estudia las distintas profesiones de los museos. <\/em><\/p><cite>(ICOM)<\/cite><\/blockquote><\/figure>\n\n\n\n<p class=\"has-text-align-center has-text-color has-extra-large-font-size\" style=\"color:#bc3030\">El <strong>concepto de Museo<\/strong><\/p>\n\n\n\n<p class=\"has-text-align-center has-text-color has-large-font-size\" style=\"color:#bc3030\"> <strong>ha evolucionado a lo largo de la historia.<\/strong> <\/p>\n\n\n\n<div class=\"wp-block-group\" style=\"line-height:1.1\"><div class=\"wp-block-group__inner-container is-layout-constrained wp-block-group-is-layout-constrained\">\n<p><\/p>\n<\/div><\/div>\n\n\n\n<div class=\"wp-block-media-text alignwide has-media-on-the-right is-stacked-on-mobile is-vertically-aligned-center has-background\" style=\"background-color:#f1f5c7\"><div class=\"wp-block-media-text__content\">\n<div class=\"wp-block-group\" style=\"padding-top:2em;padding-right:2em;padding-bottom:2em;padding-left:2em\"><div class=\"wp-block-group__inner-container is-layout-flow wp-block-group-is-layout-flow\">\n<p style=\"font-size:36px;line-height:1.2\"><strong>Museograf\u00eda<\/strong><\/p>\n\n\n\n<p>Inclu\u00eda todas las pr\u00e1cticas que derivaban del Museo <strong>hasta mediados del s. XX. <\/strong><\/p>\n\n\n\n<p>En los a\u00f1os 50 se escinde de la museograf\u00eda una nueva ciencia: la<em><strong> museolog\u00eda<\/strong><\/em>. Por ello se considera a la museolog\u00eda una ciencia joven (teor\u00eda que ha sido discutida por los investigadores).<\/p>\n\n\n\n<p class=\"has-extra-small-font-size\">(Comp. UMU)<\/p>\n<\/div><\/div>\n<\/div><figure class=\"wp-block-media-text__media\"><img loading=\"lazy\" decoding=\"async\" width=\"683\" height=\"1024\" src=\"https:\/\/artheke.com\/wp-content\/uploads\/2023\/02\/pexels-cottonbro-studio-7319478-683x1024.jpg\" alt=\"\" class=\"wp-image-1717 size-full\" srcset=\"https:\/\/www.artheke.com\/wp-content\/uploads\/2023\/02\/pexels-cottonbro-studio-7319478-683x1024.jpg 683w, https:\/\/www.artheke.com\/wp-content\/uploads\/2023\/02\/pexels-cottonbro-studio-7319478-200x300.jpg 200w, https:\/\/www.artheke.com\/wp-content\/uploads\/2023\/02\/pexels-cottonbro-studio-7319478-768x1152.jpg 768w, https:\/\/www.artheke.com\/wp-content\/uploads\/2023\/02\/pexels-cottonbro-studio-7319478-1024x1536.jpg 1024w, https:\/\/www.artheke.com\/wp-content\/uploads\/2023\/02\/pexels-cottonbro-studio-7319478-1365x2048.jpg 1365w, https:\/\/www.artheke.com\/wp-content\/uploads\/2023\/02\/pexels-cottonbro-studio-7319478-1568x2352.jpg 1568w, https:\/\/www.artheke.com\/wp-content\/uploads\/2023\/02\/pexels-cottonbro-studio-7319478-scaled.jpg 1707w\" sizes=\"auto, (max-width: 683px) 100vw, 683px\" \/><\/figure><\/div>\n\n\n\n<div class=\"wp-block-media-text alignwide has-media-on-the-right is-stacked-on-mobile is-vertically-aligned-center is-style-twentytwentyone-border has-background\" style=\"background-color:#f6c499\"><div class=\"wp-block-media-text__content\">\n<div class=\"wp-block-group\" style=\"padding-top:2em;padding-right:2em;padding-bottom:2em;padding-left:2em\"><div class=\"wp-block-group__inner-container is-layout-flow wp-block-group-is-layout-flow\">\n<p class=\"has-extra-large-font-size\" style=\"line-height:1.2\"><strong>Museograf\u00eda<\/strong><\/p>\n\n\n\n<p>Los aspectos pr\u00e1cticos del trabajo de los museos.<\/p>\n\n\n\n<p class=\"has-extra-small-font-size\">(<a href=\"https:\/\/icom.museum\/es\/committee\/comite-internacional-para-la-museologia\/\" data-type=\"URL\" data-id=\"https:\/\/icom.museum\/es\/committee\/comite-internacional-para-la-museologia\/\" target=\"_blank\" rel=\"noreferrer noopener\">ICOM<\/a>)<\/p>\n<\/div><\/div>\n<\/div><figure class=\"wp-block-media-text__media\"><img loading=\"lazy\" decoding=\"async\" width=\"768\" height=\"1024\" src=\"https:\/\/artheke.com\/wp-content\/uploads\/2023\/02\/pexels-nazz-11501853-768x1024.jpg\" alt=\"\" class=\"wp-image-1706 size-full\" srcset=\"https:\/\/www.artheke.com\/wp-content\/uploads\/2023\/02\/pexels-nazz-11501853-768x1024.jpg 768w, https:\/\/www.artheke.com\/wp-content\/uploads\/2023\/02\/pexels-nazz-11501853-225x300.jpg 225w, https:\/\/www.artheke.com\/wp-content\/uploads\/2023\/02\/pexels-nazz-11501853-1152x1536.jpg 1152w, https:\/\/www.artheke.com\/wp-content\/uploads\/2023\/02\/pexels-nazz-11501853-1536x2048.jpg 1536w, https:\/\/www.artheke.com\/wp-content\/uploads\/2023\/02\/pexels-nazz-11501853-1568x2091.jpg 1568w, https:\/\/www.artheke.com\/wp-content\/uploads\/2023\/02\/pexels-nazz-11501853-scaled.jpg 1920w\" sizes=\"auto, (max-width: 768px) 100vw, 768px\" \/><\/figure><\/div>\n\n\n\n<div class=\"wp-block-media-text alignwide is-stacked-on-mobile is-vertically-aligned-center has-background\" style=\"background-color:#c2d5e8\"><figure class=\"wp-block-media-text__media\"><img loading=\"lazy\" decoding=\"async\" width=\"683\" height=\"1024\" src=\"https:\/\/artheke.com\/wp-content\/uploads\/2023\/02\/pexels-image-hunter-13012210-683x1024.jpg\" alt=\"\" class=\"wp-image-1710 size-full\" srcset=\"https:\/\/www.artheke.com\/wp-content\/uploads\/2023\/02\/pexels-image-hunter-13012210-683x1024.jpg 683w, https:\/\/www.artheke.com\/wp-content\/uploads\/2023\/02\/pexels-image-hunter-13012210-200x300.jpg 200w, https:\/\/www.artheke.com\/wp-content\/uploads\/2023\/02\/pexels-image-hunter-13012210-768x1152.jpg 768w, https:\/\/www.artheke.com\/wp-content\/uploads\/2023\/02\/pexels-image-hunter-13012210-1024x1536.jpg 1024w, https:\/\/www.artheke.com\/wp-content\/uploads\/2023\/02\/pexels-image-hunter-13012210-1365x2048.jpg 1365w, https:\/\/www.artheke.com\/wp-content\/uploads\/2023\/02\/pexels-image-hunter-13012210-1568x2352.jpg 1568w, https:\/\/www.artheke.com\/wp-content\/uploads\/2023\/02\/pexels-image-hunter-13012210-scaled.jpg 1707w\" sizes=\"auto, (max-width: 683px) 100vw, 683px\" \/><\/figure><div class=\"wp-block-media-text__content\">\n<div class=\"wp-block-group\" style=\"padding-top:2em;padding-right:2em;padding-bottom:2em;padding-left:2em\"><div class=\"wp-block-group__inner-container is-layout-flow wp-block-group-is-layout-flow\">\n<p class=\"has-extra-large-font-size\" style=\"line-height:1.2\"><strong>Expograf\u00eda.<\/strong><\/p>\n\n\n\n<p class=\"has-large-font-size\">Las exposiciones de los museos.<\/p>\n\n\n\n<p class=\"has-extra-small-font-size\">(ICOM)<\/p>\n<\/div><\/div>\n<\/div><\/div>\n\n\n\n<div class=\"wp-block-media-text alignwide has-media-on-the-right is-stacked-on-mobile is-vertically-aligned-center has-background\" style=\"background-color:#d8652cdb\"><div class=\"wp-block-media-text__content\">\n<div class=\"wp-block-group\" style=\"padding-top:2em;padding-right:2em;padding-bottom:2em;padding-left:2em\"><div class=\"wp-block-group__inner-container is-layout-flow wp-block-group-is-layout-flow\">\n<p class=\"has-extra-large-font-size\" style=\"line-height:1.2\"><strong>Museolog\u00eda.<\/strong><\/p>\n\n\n\n<p class=\"has-large-font-size\">El an\u00e1lisis de los fen\u00f3menos muse\u00edsticos.<\/p>\n\n\n\n<p class=\"has-extra-small-font-size\">(ICOM)<\/p>\n<\/div><\/div>\n<\/div><figure class=\"wp-block-media-text__media\"><img loading=\"lazy\" decoding=\"async\" width=\"683\" height=\"1024\" src=\"https:\/\/artheke.com\/wp-content\/uploads\/2023\/02\/pexels-monstera-6974003-683x1024.jpg\" alt=\"\" class=\"wp-image-1721 size-full\" srcset=\"https:\/\/www.artheke.com\/wp-content\/uploads\/2023\/02\/pexels-monstera-6974003-683x1024.jpg 683w, https:\/\/www.artheke.com\/wp-content\/uploads\/2023\/02\/pexels-monstera-6974003-200x300.jpg 200w, https:\/\/www.artheke.com\/wp-content\/uploads\/2023\/02\/pexels-monstera-6974003-768x1152.jpg 768w, https:\/\/www.artheke.com\/wp-content\/uploads\/2023\/02\/pexels-monstera-6974003-1024x1536.jpg 1024w, https:\/\/www.artheke.com\/wp-content\/uploads\/2023\/02\/pexels-monstera-6974003-1366x2048.jpg 1366w, https:\/\/www.artheke.com\/wp-content\/uploads\/2023\/02\/pexels-monstera-6974003-1568x2352.jpg 1568w, https:\/\/www.artheke.com\/wp-content\/uploads\/2023\/02\/pexels-monstera-6974003-scaled.jpg 1707w\" sizes=\"auto, (max-width: 683px) 100vw, 683px\" \/><\/figure><\/div>\n\n\n\n<div class=\"wp-block-media-text alignfull is-stacked-on-mobile is-vertically-aligned-center has-background\" style=\"background:linear-gradient(160deg,rgb(209,228,221) 61%,rgb(238,234,221) 100%);grid-template-columns:56% auto\"><figure class=\"wp-block-media-text__media\"><img loading=\"lazy\" decoding=\"async\" width=\"1024\" height=\"683\" src=\"https:\/\/artheke.com\/wp-content\/uploads\/2023\/02\/pexels-emre-can-acer-2110950-1024x683.jpg\" alt=\"\" class=\"wp-image-1709 size-full\" srcset=\"https:\/\/www.artheke.com\/wp-content\/uploads\/2023\/02\/pexels-emre-can-acer-2110950-1024x683.jpg 1024w, https:\/\/www.artheke.com\/wp-content\/uploads\/2023\/02\/pexels-emre-can-acer-2110950-300x200.jpg 300w, https:\/\/www.artheke.com\/wp-content\/uploads\/2023\/02\/pexels-emre-can-acer-2110950-768x512.jpg 768w, https:\/\/www.artheke.com\/wp-content\/uploads\/2023\/02\/pexels-emre-can-acer-2110950-1536x1024.jpg 1536w, https:\/\/www.artheke.com\/wp-content\/uploads\/2023\/02\/pexels-emre-can-acer-2110950-2048x1365.jpg 2048w, https:\/\/www.artheke.com\/wp-content\/uploads\/2023\/02\/pexels-emre-can-acer-2110950-1568x1045.jpg 1568w\" sizes=\"auto, (max-width: 1024px) 100vw, 1024px\" \/><\/figure><div class=\"wp-block-media-text__content\">\n<p class=\"has-text-color has-extra-large-font-size\" style=\"color:#c41919\"><strong>MUSEOLOG\u00cdA <\/strong><\/p>\n\n\n\n<p>Seg\u00fan el Comit\u00e9 Internacional para la Museolog\u00eda (ICOM), \u00ab<em>la museolog\u00eda,<\/em><\/p>\n\n\n\n<ul class=\"wp-block-list\">\n<li><em> en su sentido m\u00e1s amplio, <strong>se interesa por el aspecto te\u00f3rico de cada actividad individual o colectiva en relaci\u00f3n con la protecci\u00f3n, la interpretaci\u00f3n y la transmisi\u00f3n del patrimonio cultural y natural. <\/strong><\/em><\/li>\n\n\n\n<li><em>Tambi\u00e9n <strong>estudia el contexto social<\/strong> en el que la relaci\u00f3n hombre\/objeto se sit\u00faa. <\/em><\/li>\n\n\n\n<li><em>Aunque el campo de investigaci\u00f3n museol\u00f3gica sea m\u00e1s amplio que el museo en s\u00ed, <strong>la museolog\u00eda examina principalmente las funciones, las actividades y el papel de los museos en la sociedad como instituciones depositarias de la memoria colectiva<\/strong>\u00ab.<\/em><\/li>\n<\/ul>\n\n\n\n<p><\/p>\n<\/div><\/div>\n\n\n\n<div class=\"wp-block-columns alignfull has-background is-layout-flex wp-container-core-columns-is-layout-9d6595d7 wp-block-columns-is-layout-flex\" style=\"background-color:#e0e0f1\">\n<div class=\"wp-block-column is-layout-flow wp-block-column-is-layout-flow\" style=\"flex-basis:50%\">\n<div class=\"wp-block-cover is-light\" style=\"min-height:600px;aspect-ratio:unset;\"><span aria-hidden=\"true\" class=\"wp-block-cover__background has-background-dim-100 has-background-dim\" style=\"background-color:#f6f6f6\"><\/span><div class=\"wp-block-cover__inner-container is-layout-flow wp-block-cover-is-layout-flow\">\n<div class=\"wp-block-cover aligncenter has-custom-content-position is-position-bottom-right has-extra-small-font-size\" style=\"min-height:100vh;aspect-ratio:unset;\"><span aria-hidden=\"true\" class=\"wp-block-cover__background has-background-dim-10 has-background-dim\"><\/span><img loading=\"lazy\" decoding=\"async\" width=\"819\" height=\"1024\" class=\"wp-block-cover__image-background wp-image-1711\" alt=\"\" src=\"https:\/\/artheke.com\/wp-content\/uploads\/2023\/02\/pexels-robert-lozano-12579782-819x1024.jpg\" data-object-fit=\"cover\" srcset=\"https:\/\/www.artheke.com\/wp-content\/uploads\/2023\/02\/pexels-robert-lozano-12579782-819x1024.jpg 819w, https:\/\/www.artheke.com\/wp-content\/uploads\/2023\/02\/pexels-robert-lozano-12579782-240x300.jpg 240w, https:\/\/www.artheke.com\/wp-content\/uploads\/2023\/02\/pexels-robert-lozano-12579782-768x960.jpg 768w, https:\/\/www.artheke.com\/wp-content\/uploads\/2023\/02\/pexels-robert-lozano-12579782-1229x1536.jpg 1229w, https:\/\/www.artheke.com\/wp-content\/uploads\/2023\/02\/pexels-robert-lozano-12579782-1638x2048.jpg 1638w, https:\/\/www.artheke.com\/wp-content\/uploads\/2023\/02\/pexels-robert-lozano-12579782-1568x1960.jpg 1568w, https:\/\/www.artheke.com\/wp-content\/uploads\/2023\/02\/pexels-robert-lozano-12579782-scaled.jpg 2048w\" sizes=\"auto, (max-width: 819px) 100vw, 819px\" \/><div class=\"wp-block-cover__inner-container is-layout-flow wp-block-cover-is-layout-flow\">\n<p class=\"has-text-align-center has-purple-color has-text-color\" style=\"font-size:10px\">Museo Soumaya en M\u00e9xico<\/p>\n<\/div><\/div>\n<\/div><\/div>\n<\/div>\n\n\n\n<div class=\"wp-block-column is-vertically-aligned-center has-purple-background-color has-background is-layout-flow wp-block-column-is-layout-flow\" style=\"padding-top:1em;padding-right:1em;padding-bottom:1em;padding-left:1em\">\n<div class=\"wp-block-columns is-layout-flex wp-container-core-columns-is-layout-9d6595d7 wp-block-columns-is-layout-flex\">\n<div class=\"wp-block-column is-layout-flow wp-block-column-is-layout-flow\" style=\"flex-basis:320px\">\n<p class=\"has-text-color has-large-font-size\" style=\"color:#b53232;line-height:1.6\"><strong>Museolog\u00eda<\/strong><\/p>\n\n\n\n<p class=\"has-small-font-size\" style=\"line-height:1.6\">\u00ab<strong><em>Es la ciencia del museo<\/em><\/strong>; <em>estudia la historia y raz\u00f3n de ser de los museos, su funci\u00f3n en la sociedad, su peculiares sistemas de investigaci\u00f3n, educaci\u00f3n y organizaci\u00f3n, la relaci\u00f3n que guarda con el medio ambiente f\u00edsico y la clasificaci\u00f3n de los diferentes museos<\/em>\u00bb (ICOM, 1970). <\/p>\n<\/div>\n<\/div>\n<\/div>\n<\/div>\n\n\n\n<p><strong>Referencias<\/strong>:<\/p>\n\n\n\n<p>ICOM. consejo internacional de museos. <a href=\"https:\/\/icom.museum\/es\/\" data-type=\"URL\" data-id=\"https:\/\/icom.museum\/es\/\" target=\"_blank\" rel=\"noreferrer noopener\">https:\/\/icom.museum\/es\/<\/a><\/p>\n\n\n\n<p style=\"line-height:1.2\">Info: Comit\u00e9 Internacional para la Museolog\u00eda. <a rel=\"noreferrer noopener\" href=\"https:\/\/icom.museum\/es\/committee\/comite-internacional-para-la-museologia\/\" data-type=\"URL\" data-id=\"https:\/\/icom.museum\/es\/committee\/comite-internacional-para-la-museologia\/\" target=\"_blank\">https:\/\/icom.museum\/es\/committee\/comite-internacional-para-la-museologia\/<\/a><\/p>\n\n\n\n<p style=\"line-height:1.2\">Imagen Museograf\u00eda: de Cazador de im\u00e1genes en Pexels.<\/p>\n\n\n\n<p style=\"line-height:1.2\">Imagen de Museolog\u00eda: de Emre Can en Pexels.<\/p>\n\n\n\n<p>Imagen de Museolog\u00eda: de Monstera en Pexels.<\/p>\n\n\n\n<p style=\"line-height:1.2\">Imagen Soumaya en M\u00e9xico: de Roberto Lozano en Pexels.<\/p>\n\n\n\n<p>Imagen Museograf\u00eda: de Cotombro Studio en Pexels.<\/p>\n\n\n\n<p style=\"line-height:1.2\">Imagen de Expograf\u00eda: de Robin Schreiner en Pexels.<\/p>\n\n\n\n<p>Museolog\u00eda (2017). En Rosa M\u00aa Herv\u00e1s Avil\u00e9s y M\u00aa Teresa Mar\u00edn Torres (Comp.), <em>M. U. en Educaci\u00f3n y Museos: patrimonio, identidad y mediaci\u00f3n<\/em> (Murcia).<\/p>\n\n\n\n<hr class=\"wp-block-separator has-alpha-channel-opacity\"\/>\n\n\n\n<div class=\"wp-block-group\" style=\"line-height:0\"><div class=\"wp-block-group__inner-container is-layout-constrained wp-block-group-is-layout-constrained\">\n<div class=\"wp-block-group\" style=\"line-height:0\"><div class=\"wp-block-group__inner-container is-layout-constrained wp-block-group-is-layout-constrained\">\n<p style=\"font-size:10px;line-height:0\">Publicada el&nbsp;1 de marzo de 2023, actualizada el 08 de marzo de 2023.<\/p>\n\n\n\n<p style=\"font-size:10px;line-height:0\">Por&nbsp;<a href=\"https:\/\/artheke.com\/?author=1\">Cebri\u00e1n Gonz\u00e1lez, Mar\u00eda Teresa<\/a><\/p>\n<\/div><\/div>\n<\/div><\/div>\n","protected":false},"excerpt":{"rendered":"<p>ICOM 24\/08\/2022 26\u00aa CONFERENCIA GENERAL (PRAGA) ASAMBLEA GENERAL EXTRAORDINARIA Aprueba la nueva definici\u00f3n de Museo con una mayor\u00eda del 92,41% (A favor: 487, en contra: 23, abstenci\u00f3n: 17) de los votos. La nueva definici\u00f3n de museo adoptada es: Un museo es una instituci\u00f3n sin \u00e1nimo de lucro, permanente y al servicio de la sociedad, que&hellip; <a class=\"more-link\" href=\"https:\/\/www.artheke.com\/?page_id=53\">Seguir leyendo <span class=\"screen-reader-text\">MUSEOS<\/span><\/a><\/p>\n","protected":false},"author":1,"featured_media":2090,"parent":0,"menu_order":0,"comment_status":"closed","ping_status":"closed","template":"","meta":{"footnotes":""},"class_list":["post-53","page","type-page","status-publish","has-post-thumbnail","hentry","entry"],"_links":{"self":[{"href":"https:\/\/www.artheke.com\/index.php?rest_route=\/wp\/v2\/pages\/53","targetHints":{"allow":["GET"]}}],"collection":[{"href":"https:\/\/www.artheke.com\/index.php?rest_route=\/wp\/v2\/pages"}],"about":[{"href":"https:\/\/www.artheke.com\/index.php?rest_route=\/wp\/v2\/types\/page"}],"author":[{"embeddable":true,"href":"https:\/\/www.artheke.com\/index.php?rest_route=\/wp\/v2\/users\/1"}],"replies":[{"embeddable":true,"href":"https:\/\/www.artheke.com\/index.php?rest_route=%2Fwp%2Fv2%2Fcomments&post=53"}],"version-history":[{"count":24,"href":"https:\/\/www.artheke.com\/index.php?rest_route=\/wp\/v2\/pages\/53\/revisions"}],"predecessor-version":[{"id":2091,"href":"https:\/\/www.artheke.com\/index.php?rest_route=\/wp\/v2\/pages\/53\/revisions\/2091"}],"wp:featuredmedia":[{"embeddable":true,"href":"https:\/\/www.artheke.com\/index.php?rest_route=\/wp\/v2\/media\/2090"}],"wp:attachment":[{"href":"https:\/\/www.artheke.com\/index.php?rest_route=%2Fwp%2Fv2%2Fmedia&parent=53"}],"curies":[{"name":"wp","href":"https:\/\/api.w.org\/{rel}","templated":true}]}}