{"id":609,"date":"2022-02-17T19:36:33","date_gmt":"2022-02-17T19:36:33","guid":{"rendered":"https:\/\/artheke.com\/?page_id=609"},"modified":"2022-02-17T19:40:31","modified_gmt":"2022-02-17T19:40:31","slug":"porque-respondera-a-las-siguientes-preguntas","status":"publish","type":"page","link":"https:\/\/www.artheke.com\/?page_id=609","title":{"rendered":"Hola, \u00bfPor qu\u00e9 la Web?"},"content":{"rendered":"\n<figure class=\"wp-block-image is-style-twentytwentyone-border\"><img decoding=\"async\" src=\"https:\/\/artheke.com\/wp-content\/uploads\/2021\/12\/cropped-artheke-e1640565455999.png\" alt=\"\"\/><\/figure>\n\n\n\n<p><\/p>\n\n\n\n<p><\/p>\n\n\n\n<h2 class=\"wp-block-heading\" id=\"porque-respondera-a-las-siguientes-preguntas\"><em>Porque responder\u00e1 a las siguientes preguntas:<\/em><\/h2>\n\n\n\n<p><\/p>\n\n\n\n<ul class=\"has-extra-large-font-size wp-block-list\"><li><strong>\u00bfQu\u00e9? <\/strong><\/li><\/ul>\n\n\n\n<p class=\"has-text-align-center\"><em><strong>La informaci\u00f3n digital que nos ofrecen los archivos, museos y bibliotecas<\/strong>.<\/em><\/p>\n\n\n\n<div class=\"wp-block-image is-style-twentytwentyone-border\"><figure class=\"aligncenter size-large is-resized\"><img loading=\"lazy\" decoding=\"async\" src=\"https:\/\/artheke.com\/wp-content\/uploads\/2021\/12\/pexels-berti-weber-2404185-819x1024.jpg\" alt=\"\" class=\"wp-image-115\" width=\"394\" height=\"491\" srcset=\"https:\/\/www.artheke.com\/wp-content\/uploads\/2021\/12\/pexels-berti-weber-2404185-240x300.jpg 240w, https:\/\/www.artheke.com\/wp-content\/uploads\/2021\/12\/pexels-berti-weber-2404185-1229x1536.jpg 1229w\" sizes=\"auto, (max-width: 394px) 100vw, 394px\" \/><figcaption>Foto de&nbsp;<strong><a href=\"https:\/\/www.pexels.com\/es-es\/@berti-weber-1263265?utm_content=attributionCopyText&amp;utm_medium=referral&amp;utm_source=pexels\">Berti Weber<\/a><\/strong>&nbsp;en&nbsp;<strong><a href=\"https:\/\/www.pexels.com\/es-es\/foto\/toma-interior-de-una-biblioteca-2404185\/?utm_content=attributionCopyText&amp;utm_medium=referral&amp;utm_source=pexels\">Pexels<\/a><\/strong><\/figcaption><\/figure><\/div>\n\n\n\n<ul class=\"has-extra-large-font-size wp-block-list\"><li> <strong>\u00bfD\u00f3nde? <\/strong><\/li><\/ul>\n\n\n\n<p class=\"has-text-align-center\"><em><strong>En esta web se pretende acercar dicha informaci\u00f3n digital. Se guardar\u00e1n y clasificar\u00e1n todos aquellos enlaces que puedan ser \u00fatiles e interesantes en el proceso de ense\u00f1anza-aprendizaje.<\/strong><\/em> <\/p>\n\n\n\n<ul class=\"has-extra-large-font-size wp-block-list\"><li><strong>\u00bfC\u00f3mo?<\/strong><\/li><\/ul>\n\n\n\n<p class=\"has-text-align-center\"><em><strong> Adem\u00e1s, lo que puedes encontrar en esos enlaces, se relacionar\u00e1  con lo que estudias. <\/strong><\/em><\/p>\n\n\n\n<div class=\"wp-block-columns is-layout-flex wp-container-core-columns-is-layout-9d6595d7 wp-block-columns-is-layout-flex\">\n<div class=\"wp-block-column is-layout-flow wp-block-column-is-layout-flow\">\n<figure class=\"wp-block-image size-large is-style-twentytwentyone-border\"><img loading=\"lazy\" decoding=\"async\" width=\"1024\" height=\"683\" src=\"https:\/\/artheke.com\/wp-content\/uploads\/2021\/12\/pexels-yan-krukov-8199708-2-1024x683.jpg\" alt=\"\" class=\"wp-image-113\" srcset=\"https:\/\/www.artheke.com\/wp-content\/uploads\/2021\/12\/pexels-yan-krukov-8199708-2-1024x683.jpg 1024w, https:\/\/www.artheke.com\/wp-content\/uploads\/2021\/12\/pexels-yan-krukov-8199708-2-300x200.jpg 300w, https:\/\/www.artheke.com\/wp-content\/uploads\/2021\/12\/pexels-yan-krukov-8199708-2-768x512.jpg 768w, https:\/\/www.artheke.com\/wp-content\/uploads\/2021\/12\/pexels-yan-krukov-8199708-2-1536x1024.jpg 1536w, https:\/\/www.artheke.com\/wp-content\/uploads\/2021\/12\/pexels-yan-krukov-8199708-2-2048x1365.jpg 2048w, https:\/\/www.artheke.com\/wp-content\/uploads\/2021\/12\/pexels-yan-krukov-8199708-2-1568x1045.jpg 1568w\" sizes=\"auto, (max-width: 1024px) 100vw, 1024px\" \/><figcaption>Foto de&nbsp;<strong><a href=\"https:\/\/www.pexels.com\/es-es\/@yankrukov?utm_content=attributionCopyText&amp;utm_medium=referral&amp;utm_source=pexels\">Yan Krukov<\/a><\/strong>&nbsp;en&nbsp;<strong><a href=\"https:\/\/www.pexels.com\/es-es\/foto\/gente-amigos-feliz-sonriente-8199708\/?utm_content=attributionCopyText&amp;utm_medium=referral&amp;utm_source=pexels\">Pexels<\/a><\/strong><\/figcaption><\/figure>\n<\/div>\n<\/div>\n\n\n\n<ul class=\"has-extra-large-font-size wp-block-list\"><li><strong>\u00bfPara qu\u00e9?<\/strong><\/li><\/ul>\n\n\n\n<p class=\"has-text-align-center\"><strong><em>Para que te ayude a encontrar, a descubrir, a investigar y a estudiar.<\/em><\/strong><\/p>\n\n\n\n<div class=\"wp-block-image is-style-twentytwentyone-border\"><figure class=\"aligncenter size-large is-resized\"><img loading=\"lazy\" decoding=\"async\" src=\"https:\/\/artheke.com\/wp-content\/uploads\/2021\/12\/pexels-pixabay-261895-1024x678.jpg\" alt=\"\" class=\"wp-image-117\" width=\"428\" height=\"282\" srcset=\"https:\/\/www.artheke.com\/wp-content\/uploads\/2021\/12\/pexels-pixabay-261895-1024x678.jpg 1024w, https:\/\/www.artheke.com\/wp-content\/uploads\/2021\/12\/pexels-pixabay-261895-300x199.jpg 300w, https:\/\/www.artheke.com\/wp-content\/uploads\/2021\/12\/pexels-pixabay-261895-1536x1017.jpg 1536w, https:\/\/www.artheke.com\/wp-content\/uploads\/2021\/12\/pexels-pixabay-261895-2048x1356.jpg 2048w\" sizes=\"auto, (max-width: 428px) 100vw, 428px\" \/><figcaption>Foto de Pixabay<\/figcaption><\/figure><\/div>\n","protected":false},"excerpt":{"rendered":"<p>Porque responder\u00e1 a las siguientes preguntas: \u00bfQu\u00e9? La informaci\u00f3n digital que nos ofrecen los archivos, museos y bibliotecas. \u00bfD\u00f3nde? En esta web se pretende acercar dicha informaci\u00f3n digital. Se guardar\u00e1n y clasificar\u00e1n todos aquellos enlaces que puedan ser \u00fatiles e interesantes en el proceso de ense\u00f1anza-aprendizaje. \u00bfC\u00f3mo? Adem\u00e1s, lo que puedes encontrar en esos enlaces,&hellip; <a class=\"more-link\" href=\"https:\/\/www.artheke.com\/?page_id=609\">Seguir leyendo <span class=\"screen-reader-text\">Hola, \u00bfPor qu\u00e9 la Web?<\/span><\/a><\/p>\n","protected":false},"author":1,"featured_media":0,"parent":0,"menu_order":0,"comment_status":"closed","ping_status":"closed","template":"","meta":{"footnotes":""},"class_list":["post-609","page","type-page","status-publish","hentry","entry"],"_links":{"self":[{"href":"https:\/\/www.artheke.com\/index.php?rest_route=\/wp\/v2\/pages\/609","targetHints":{"allow":["GET"]}}],"collection":[{"href":"https:\/\/www.artheke.com\/index.php?rest_route=\/wp\/v2\/pages"}],"about":[{"href":"https:\/\/www.artheke.com\/index.php?rest_route=\/wp\/v2\/types\/page"}],"author":[{"embeddable":true,"href":"https:\/\/www.artheke.com\/index.php?rest_route=\/wp\/v2\/users\/1"}],"replies":[{"embeddable":true,"href":"https:\/\/www.artheke.com\/index.php?rest_route=%2Fwp%2Fv2%2Fcomments&post=609"}],"version-history":[{"count":3,"href":"https:\/\/www.artheke.com\/index.php?rest_route=\/wp\/v2\/pages\/609\/revisions"}],"predecessor-version":[{"id":613,"href":"https:\/\/www.artheke.com\/index.php?rest_route=\/wp\/v2\/pages\/609\/revisions\/613"}],"wp:attachment":[{"href":"https:\/\/www.artheke.com\/index.php?rest_route=%2Fwp%2Fv2%2Fmedia&parent=609"}],"curies":[{"name":"wp","href":"https:\/\/api.w.org\/{rel}","templated":true}]}}