{"id":639,"date":"2022-02-18T01:40:32","date_gmt":"2022-02-18T01:40:32","guid":{"rendered":"https:\/\/artheke.com\/?page_id=639"},"modified":"2023-02-21T17:24:43","modified_gmt":"2023-02-21T17:24:43","slug":"blog-2","status":"publish","type":"page","link":"https:\/\/www.artheke.com\/?page_id=639","title":{"rendered":"BLOG HISTORIA"},"content":{"rendered":"\n<p><\/p>\n\n\n\n<p><\/p>\n\n\n\n<h3 class=\"wp-block-heading\">Numerosas entradas de diversos temas en las que habr\u00e1n posibles colaboraciones de distintos especialistas.<\/h3>\n\n\n\n<hr class=\"wp-block-separator has-alpha-channel-opacity\"\/>\n\n\n\n<h3 class=\"wp-block-heading\">Tambi\u00e9n, un listado de enlaces con recursos digitales por tem\u00e1ticas.<\/h3>\n\n\n\n<p><\/p>\n","protected":false},"excerpt":{"rendered":"<p>Numerosas entradas de diversos temas en las que habr\u00e1n posibles colaboraciones de distintos especialistas. Tambi\u00e9n, un listado de enlaces con recursos digitales por tem\u00e1ticas.<\/p>\n","protected":false},"author":1,"featured_media":0,"parent":0,"menu_order":0,"comment_status":"closed","ping_status":"closed","template":"","meta":{"footnotes":""},"class_list":["post-639","page","type-page","status-publish","hentry","entry"],"_links":{"self":[{"href":"https:\/\/www.artheke.com\/index.php?rest_route=\/wp\/v2\/pages\/639","targetHints":{"allow":["GET"]}}],"collection":[{"href":"https:\/\/www.artheke.com\/index.php?rest_route=\/wp\/v2\/pages"}],"about":[{"href":"https:\/\/www.artheke.com\/index.php?rest_route=\/wp\/v2\/types\/page"}],"author":[{"embeddable":true,"href":"https:\/\/www.artheke.com\/index.php?rest_route=\/wp\/v2\/users\/1"}],"replies":[{"embeddable":true,"href":"https:\/\/www.artheke.com\/index.php?rest_route=%2Fwp%2Fv2%2Fcomments&post=639"}],"version-history":[{"count":9,"href":"https:\/\/www.artheke.com\/index.php?rest_route=\/wp\/v2\/pages\/639\/revisions"}],"predecessor-version":[{"id":1650,"href":"https:\/\/www.artheke.com\/index.php?rest_route=\/wp\/v2\/pages\/639\/revisions\/1650"}],"wp:attachment":[{"href":"https:\/\/www.artheke.com\/index.php?rest_route=%2Fwp%2Fv2%2Fmedia&parent=639"}],"curies":[{"name":"wp","href":"https:\/\/api.w.org\/{rel}","templated":true}]}}