{"id":668,"date":"2022-02-18T04:09:47","date_gmt":"2022-02-18T04:09:47","guid":{"rendered":"https:\/\/artheke.com\/?page_id=668"},"modified":"2023-02-19T09:07:20","modified_gmt":"2023-02-19T09:07:20","slug":"blog-digitales","status":"publish","type":"page","link":"https:\/\/www.artheke.com\/?page_id=668","title":{"rendered":"Blog Digitales"},"content":{"rendered":"\n<figure class=\"wp-block-gallery has-nested-images columns-default is-cropped wp-block-gallery-1 is-layout-flex wp-block-gallery-is-layout-flex\">\n<figure class=\"wp-block-image size-large\"><img loading=\"lazy\" decoding=\"async\" width=\"1024\" height=\"768\" data-id=\"886\" src=\"https:\/\/artheke.com\/wp-content\/uploads\/2022\/05\/StockSnap_YU1I8TBYIY-1024x768.jpg\" alt=\"\" class=\"wp-image-886\" srcset=\"https:\/\/www.artheke.com\/wp-content\/uploads\/2022\/05\/StockSnap_YU1I8TBYIY-1024x768.jpg 1024w, https:\/\/www.artheke.com\/wp-content\/uploads\/2022\/05\/StockSnap_YU1I8TBYIY-300x225.jpg 300w, https:\/\/www.artheke.com\/wp-content\/uploads\/2022\/05\/StockSnap_YU1I8TBYIY-768x576.jpg 768w, https:\/\/www.artheke.com\/wp-content\/uploads\/2022\/05\/StockSnap_YU1I8TBYIY-1536x1152.jpg 1536w, https:\/\/www.artheke.com\/wp-content\/uploads\/2022\/05\/StockSnap_YU1I8TBYIY-2048x1536.jpg 2048w, https:\/\/www.artheke.com\/wp-content\/uploads\/2022\/05\/StockSnap_YU1I8TBYIY-1568x1176.jpg 1568w\" sizes=\"auto, (max-width: 1024px) 100vw, 1024px\" \/><\/figure>\n<\/figure>\n\n\n\n<p class=\"has-drop-cap has-text-align-left\"><strong>Las Herramientas Digitales <\/strong>son paquetes inform\u00e1ticos que se instalan en los dispositivos electr\u00f3nicos, o se emplean en l\u00ednea, con la finalidad de facilitar las diversas tareas que deseamos realizar en funci\u00f3n de nuestros propios objetivos. <\/p>\n\n\n\n<p class=\"has-text-color\" style=\"color:#c92b2b\">En este <strong>Blog Digitales de ARTHEKE<\/strong> se van a ir comentando algunas de estas <strong>herramientas que sean \u00fatiles para el alumnado<\/strong>, si bien en la p\u00e1gina web <strong><a rel=\"noreferrer noopener\" href=\"http:\/\/bajoelcandildigital.wordpress.com\" data-type=\"URL\" data-id=\"bajoelcandildigital.wordpress.com\" target=\"_blank\">bajoelcandildigital.wordpress.com<\/a> <\/strong>se puede encontrar <strong><em>un cat\u00e1logo de las principales herramientas digitales con distintos fines<\/em><\/strong>.<\/p>\n\n\n\n<div class=\"wp-block-buttons is-content-justification-center is-layout-flex wp-container-core-buttons-is-layout-16018d1d wp-block-buttons-is-layout-flex\">\n<div class=\"wp-block-button\"><a class=\"wp-block-button__link has-text-color has-background wp-element-button\" href=\"https:\/\/wordpress.com\/view\/bajoelcandildigital.wordpress.com\" style=\"color:#f7d873;background-color:#bb5c09\" target=\"_blank\" rel=\"noreferrer noopener\">Bajo el Candil Digital<\/a><\/div>\n<\/div>\n\n\n\n<p><strong>Referencias:<\/strong><\/p>\n\n\n\n<p>Imagen libre de Derechos de Autor de&nbsp;<a href=\"https:\/\/stocksnap.io\/photo\/abstract-design-YU1I8TBYIY\">https:\/\/stocksnap.io\/photo\/abstract-design-YU1I8TBYIY<\/a> y <a href=\"https:\/\/stocksnap.io\/author\/vidsplay\" data-type=\"URL\" data-id=\"https:\/\/stocksnap.io\/author\/vidsplay\" target=\"_blank\" rel=\"noreferrer noopener\">https:\/\/stocksnap.io\/author\/vidsplay<\/a><\/p>\n\n\n\n<div class=\"wp-block-group is-vertical is-layout-flex wp-container-core-group-is-layout-8cf370e7 wp-block-group-is-layout-flex\">\n<div class=\"wp-block-group has-extra-small-font-size is-vertical is-layout-flex wp-container-core-group-is-layout-8cf370e7 wp-block-group-is-layout-flex\">\n<p>Publicada el&nbsp;18 de febrero de 2022<\/p>\n\n\n\n<p class=\"has-extra-small-font-size\">Por&nbsp;<a href=\"https:\/\/artheke.com\/?author=1\">Cebri\u00e1n Gonz\u00e1lez Mar\u00eda Teresa<\/a><\/p>\n<\/div>\n<\/div>\n","protected":false},"excerpt":{"rendered":"<p>Las Herramientas Digitales son paquetes inform\u00e1ticos que se instalan en los dispositivos electr\u00f3nicos, o se emplean en l\u00ednea, con la finalidad de facilitar las diversas tareas que deseamos realizar en funci\u00f3n de nuestros propios objetivos. En este Blog Digitales de ARTHEKE se van a ir comentando algunas de estas herramientas que sean \u00fatiles para el&hellip; <a class=\"more-link\" href=\"https:\/\/www.artheke.com\/?page_id=668\">Seguir leyendo <span class=\"screen-reader-text\">Blog Digitales<\/span><\/a><\/p>\n","protected":false},"author":1,"featured_media":0,"parent":0,"menu_order":0,"comment_status":"closed","ping_status":"closed","template":"","meta":{"footnotes":""},"class_list":["post-668","page","type-page","status-publish","hentry","entry"],"_links":{"self":[{"href":"https:\/\/www.artheke.com\/index.php?rest_route=\/wp\/v2\/pages\/668","targetHints":{"allow":["GET"]}}],"collection":[{"href":"https:\/\/www.artheke.com\/index.php?rest_route=\/wp\/v2\/pages"}],"about":[{"href":"https:\/\/www.artheke.com\/index.php?rest_route=\/wp\/v2\/types\/page"}],"author":[{"embeddable":true,"href":"https:\/\/www.artheke.com\/index.php?rest_route=\/wp\/v2\/users\/1"}],"replies":[{"embeddable":true,"href":"https:\/\/www.artheke.com\/index.php?rest_route=%2Fwp%2Fv2%2Fcomments&post=668"}],"version-history":[{"count":16,"href":"https:\/\/www.artheke.com\/index.php?rest_route=\/wp\/v2\/pages\/668\/revisions"}],"predecessor-version":[{"id":1513,"href":"https:\/\/www.artheke.com\/index.php?rest_route=\/wp\/v2\/pages\/668\/revisions\/1513"}],"wp:attachment":[{"href":"https:\/\/www.artheke.com\/index.php?rest_route=%2Fwp%2Fv2%2Fmedia&parent=668"}],"curies":[{"name":"wp","href":"https:\/\/api.w.org\/{rel}","templated":true}]}}