{"id":717,"date":"2022-04-29T15:21:00","date_gmt":"2022-04-29T15:21:00","guid":{"rendered":"https:\/\/artheke.com\/?page_id=717"},"modified":"2023-02-21T17:16:38","modified_gmt":"2023-02-21T17:16:38","slug":"theke","status":"publish","type":"page","link":"https:\/\/www.artheke.com\/?page_id=717","title":{"rendered":"THEKE"},"content":{"rendered":"\n<h2 class=\"has-text-align-center has-large-font-size wp-block-heading\"><em><strong>Theke<\/strong><\/em><strong>, es un elemento radical que nos viene del griego, usado en<\/strong> <strong> palabras compuestas. <\/strong><\/h2>\n\n\n\n<figure class=\"wp-block-pullquote has-gray-color has-yellow-background-color has-text-color has-background\"><blockquote><p><strong>Su significado era caja, de ah\u00ed que se configurara la bibliotheke (griego antiguo) haciendo referencia a la caja donde se guardaban los antiguos rollos (Kylindros) y al papel en el que se escrib\u00edan (Biblyon).<\/strong><\/p><\/blockquote><\/figure>\n\n\n\n<p><\/p>\n\n\n\n<p class=\"has-large-font-size\">Y de la misma manera, en este espacio <strong>THEKE<\/strong> se van a guardar aquellas <strong>p\u00e1ginas web,<\/strong> que por un motivo u otro son merecedoras de poder utilizar, como si fueran los <strong>recortes de coleccionistas<\/strong> o los \u00ab<strong>kylindros<\/strong>\u00bb que pueden resultar interesantes conservar.  <\/p>\n\n\n\n<p>Interesante lectura la del especialista en la materia Gonzalo S\u00e1nchez-Molero.<\/p>\n\n\n\n<div data-wp-interactive=\"core\/file\" class=\"wp-block-file\"><object data-wp-bind--hidden=\"!state.hasPdfPreview\" hidden class=\"wp-block-file__embed\" data=\"https:\/\/artheke.com\/wp-content\/uploads\/2023\/02\/El_tra_nsito_del_rollo_al_codice_un_viaj.pdf\" type=\"application\/pdf\" style=\"width:100%;height:600px\" aria-label=\"Incrustado de El_tra_nsito_del_rollo_al_codice_un_viaj.\"><\/object><a id=\"wp-block-file--media-8951ed91-321e-4f8a-87ff-109ef76ec039\" href=\"https:\/\/artheke.com\/wp-content\/uploads\/2023\/02\/El_tra_nsito_del_rollo_al_codice_un_viaj.pdf\">El_tra_nsito_del_rollo_al_codice_un_viaj<\/a><a href=\"https:\/\/artheke.com\/wp-content\/uploads\/2023\/02\/El_tra_nsito_del_rollo_al_codice_un_viaj.pdf\" class=\"wp-block-file__button wp-element-button\" download aria-describedby=\"wp-block-file--media-8951ed91-321e-4f8a-87ff-109ef76ec039\">Descarga<\/a><\/div>\n\n\n\n<p>REVISTA INTERNACIONAL DEL LIBRO, DIGITALIZACI\u00d3N, ARCHIVOS Y BIBLIOTECAS:<\/p>\n\n\n\n<p>Gonzalo S\u00e1nchez-Molero, J.L. (2013). El tr\u00e1nsito del rollo al c\u00f3dice: un viaje a los or\u00edgenes del <em>codex<\/em> y de nuestra concepci\u00f3n material del libro, <em>1<\/em>-1. Common Ground.  <a rel=\"noreferrer noopener\" href=\"https:\/\/www.academia.edu\/5315740\/El_tra_nsito_del_rollo_al_c%C3%B3dice_un_viaje_a_los_or%C3%ADgenes_del_codex\" data-type=\"URL\" data-id=\"https:\/\/www.academia.edu\/5315740\/El_tra_nsito_del_rollo_al_c%C3%B3dice_un_viaje_a_los_or%C3%ADgenes_del_codex\" target=\"_blank\">https:\/\/www.academia.edu\/5315740\/El_tra_nsito_del_rollo_al_c%C3%B3dice_un_viaje_a_los_or%C3%ADgenes_del_codex<\/a><\/p>\n","protected":false},"excerpt":{"rendered":"<p>Theke, es un elemento radical que nos viene del griego, usado en palabras compuestas. Su significado era caja, de ah\u00ed que se configurara la bibliotheke (griego antiguo) haciendo referencia a la caja donde se guardaban los antiguos rollos (Kylindros) y al papel en el que se escrib\u00edan (Biblyon). Y de la misma manera, en este&hellip; <a class=\"more-link\" href=\"https:\/\/www.artheke.com\/?page_id=717\">Seguir leyendo <span class=\"screen-reader-text\">THEKE<\/span><\/a><\/p>\n","protected":false},"author":1,"featured_media":0,"parent":0,"menu_order":0,"comment_status":"closed","ping_status":"closed","template":"","meta":{"footnotes":""},"class_list":["post-717","page","type-page","status-publish","hentry","entry"],"_links":{"self":[{"href":"https:\/\/www.artheke.com\/index.php?rest_route=\/wp\/v2\/pages\/717","targetHints":{"allow":["GET"]}}],"collection":[{"href":"https:\/\/www.artheke.com\/index.php?rest_route=\/wp\/v2\/pages"}],"about":[{"href":"https:\/\/www.artheke.com\/index.php?rest_route=\/wp\/v2\/types\/page"}],"author":[{"embeddable":true,"href":"https:\/\/www.artheke.com\/index.php?rest_route=\/wp\/v2\/users\/1"}],"replies":[{"embeddable":true,"href":"https:\/\/www.artheke.com\/index.php?rest_route=%2Fwp%2Fv2%2Fcomments&post=717"}],"version-history":[{"count":9,"href":"https:\/\/www.artheke.com\/index.php?rest_route=\/wp\/v2\/pages\/717\/revisions"}],"predecessor-version":[{"id":1645,"href":"https:\/\/www.artheke.com\/index.php?rest_route=\/wp\/v2\/pages\/717\/revisions\/1645"}],"wp:attachment":[{"href":"https:\/\/www.artheke.com\/index.php?rest_route=%2Fwp%2Fv2%2Fmedia&parent=717"}],"curies":[{"name":"wp","href":"https:\/\/api.w.org\/{rel}","templated":true}]}}