{"id":73,"date":"2021-12-26T20:56:54","date_gmt":"2021-12-26T20:56:54","guid":{"rendered":"https:\/\/artheke.com\/?page_id=73"},"modified":"2022-05-03T00:14:56","modified_gmt":"2022-05-03T00:14:56","slug":"bachillerato","status":"publish","type":"page","link":"https:\/\/www.artheke.com\/?page_id=73","title":{"rendered":"BACHILLERATO LOMCE (ANDALUC\u00cdA)"},"content":{"rendered":"\n<p>Adem\u00e1s de las  materias especificadas en el apartado de Educaci\u00f3n del Men\u00fa, tambi\u00e9n se impart\u00eda en <strong>primero de bachillerato<\/strong> la materia de <strong><em>Patrimonio Cultural y Art\u00edstico de Andaluc\u00eda<\/em><\/strong> en las modalidades de: <\/p>\n\n\n\n<ul class=\"wp-block-list\"><li><strong>Ciencias<\/strong><\/li><li><strong>Artes<\/strong><\/li><li><strong>Humanidades <\/strong><\/li><li><strong>Ciencias Sociales<\/strong><\/li><\/ul>\n\n\n\n<p class=\"has-text-align-center\">Se ha incluido esta materia en un apartado aparte, Patrimonio. Men\u00fa: <strong>PATRIMONIO.<\/strong><\/p>\n\n\n\n<p><\/p>\n\n\n\n<p class=\"has-yellow-background-color has-background\">El \u00faltimo a\u00f1o de impartici\u00f3n LOMCE ser\u00e1 para segundo de bachillerato durante el curso escolar 2022-2023.<\/p>\n\n\n\n<p>Las materias de Bachillerato pueden consultarse en la p\u00e1gina de la Junta de Andaluc\u00eda (esta p\u00e1gina puede tener cambios seg\u00fan pase el tiempo):<\/p>\n\n\n\n<div class=\"wp-block-buttons is-layout-flex wp-block-buttons-is-layout-flex\">\n<div class=\"wp-block-button\"><a class=\"wp-block-button__link\" href=\"https:\/\/www.juntadeandalucia.es\/educacion\/portals\/web\/educacion-permanente\/bachillerato\/modalidades\" target=\"_blank\" rel=\"noreferrer noopener\">Materias de Bachillerato. Curso 2020\/2021<\/a><\/div>\n<\/div>\n\n\n\n<p><\/p>\n","protected":false},"excerpt":{"rendered":"<p>Adem\u00e1s de las materias especificadas en el apartado de Educaci\u00f3n del Men\u00fa, tambi\u00e9n se impart\u00eda en primero de bachillerato la materia de Patrimonio Cultural y Art\u00edstico de Andaluc\u00eda en las modalidades de: Ciencias Artes Humanidades Ciencias Sociales Se ha incluido esta materia en un apartado aparte, Patrimonio. Men\u00fa: PATRIMONIO. El \u00faltimo a\u00f1o de impartici\u00f3n LOMCE&hellip; <a class=\"more-link\" href=\"https:\/\/www.artheke.com\/?page_id=73\">Seguir leyendo <span class=\"screen-reader-text\">BACHILLERATO LOMCE (ANDALUC\u00cdA)<\/span><\/a><\/p>\n","protected":false},"author":1,"featured_media":0,"parent":0,"menu_order":0,"comment_status":"closed","ping_status":"closed","template":"","meta":{"footnotes":""},"class_list":["post-73","page","type-page","status-publish","hentry","entry"],"_links":{"self":[{"href":"https:\/\/www.artheke.com\/index.php?rest_route=\/wp\/v2\/pages\/73","targetHints":{"allow":["GET"]}}],"collection":[{"href":"https:\/\/www.artheke.com\/index.php?rest_route=\/wp\/v2\/pages"}],"about":[{"href":"https:\/\/www.artheke.com\/index.php?rest_route=\/wp\/v2\/types\/page"}],"author":[{"embeddable":true,"href":"https:\/\/www.artheke.com\/index.php?rest_route=\/wp\/v2\/users\/1"}],"replies":[{"embeddable":true,"href":"https:\/\/www.artheke.com\/index.php?rest_route=%2Fwp%2Fv2%2Fcomments&post=73"}],"version-history":[{"count":15,"href":"https:\/\/www.artheke.com\/index.php?rest_route=\/wp\/v2\/pages\/73\/revisions"}],"predecessor-version":[{"id":873,"href":"https:\/\/www.artheke.com\/index.php?rest_route=\/wp\/v2\/pages\/73\/revisions\/873"}],"wp:attachment":[{"href":"https:\/\/www.artheke.com\/index.php?rest_route=%2Fwp%2Fv2%2Fmedia&parent=73"}],"curies":[{"name":"wp","href":"https:\/\/api.w.org\/{rel}","templated":true}]}}