{"id":760,"date":"2022-04-30T04:26:05","date_gmt":"2022-04-30T04:26:05","guid":{"rendered":"https:\/\/artheke.com\/?page_id=760"},"modified":"2023-03-11T00:08:36","modified_gmt":"2023-03-11T00:08:36","slug":"la-biblioteca-digital","status":"publish","type":"page","link":"https:\/\/www.artheke.com\/?page_id=760","title":{"rendered":"La Biblioteca Digital"},"content":{"rendered":"\n<div class=\"wp-block-columns is-layout-flex wp-container-core-columns-is-layout-9d6595d7 wp-block-columns-is-layout-flex\">\n<div class=\"wp-block-column is-layout-flow wp-block-column-is-layout-flow\" style=\"flex-basis:100%\">\n<h2 class=\"has-text-color wp-block-heading\" style=\"color:#1e495a\">Nos referimos a las <em>Bibliotecas Digitales<\/em> cuando <strong>sus fondos se encuentran en formato digital<\/strong> (Abadal y Anglada)<\/h2>\n<\/div>\n<\/div>\n\n\n\n<figure class=\"wp-block-image size-large\"><img loading=\"lazy\" decoding=\"async\" width=\"768\" height=\"1024\" src=\"https:\/\/artheke.com\/wp-content\/uploads\/2023\/03\/pexels-mark-cruzat-3494806-768x1024.jpg\" alt=\"\" class=\"wp-image-1822\" srcset=\"https:\/\/www.artheke.com\/wp-content\/uploads\/2023\/03\/pexels-mark-cruzat-3494806-768x1024.jpg 768w, https:\/\/www.artheke.com\/wp-content\/uploads\/2023\/03\/pexels-mark-cruzat-3494806-225x300.jpg 225w, https:\/\/www.artheke.com\/wp-content\/uploads\/2023\/03\/pexels-mark-cruzat-3494806-1152x1536.jpg 1152w, https:\/\/www.artheke.com\/wp-content\/uploads\/2023\/03\/pexels-mark-cruzat-3494806-1536x2048.jpg 1536w, https:\/\/www.artheke.com\/wp-content\/uploads\/2023\/03\/pexels-mark-cruzat-3494806-1568x2091.jpg 1568w, https:\/\/www.artheke.com\/wp-content\/uploads\/2023\/03\/pexels-mark-cruzat-3494806-scaled.jpg 1920w\" sizes=\"auto, (max-width: 768px) 100vw, 768px\" \/><\/figure>\n\n\n\n<ul class=\"wp-block-list\">\n<li> si bien, <mark style=\"background-color:rgba(0, 0, 0, 0);color:#b32d32\" class=\"has-inline-color\">en la actualidad<\/mark>, el t\u00e9rmino \u00ab<strong><em>biblioteca digita<\/em>l<\/strong>\u00bb se emplea con m\u00faltiples acepciones relacionadas con el acceso a los documentos con formato electr\u00f3nico por medio de las redes de comunicaci\u00f3n \u2014por ello, se utilizan indistintamente los t\u00e9rminos <strong>bibliotecas digitales, virtuales, electr\u00f3nicas<\/strong> <mark style=\"background-color:rgba(0, 0, 0, 0);color:#c34040\" class=\"has-inline-color\">p<\/mark><mark style=\"background-color:rgba(0, 0, 0, 0);color:#c13333\" class=\"has-inline-color\">ara referirse a los sistemas de acceso a documentos electr\u00f3nicos desde los portales espec\u00edficos<\/mark>\u2014 (Abadal y Anglada en Comp. Tejada Artigas, C.M.: 2023).<\/li>\n\n\n\n<li>El Consejo de Cooperaci\u00f3n Bibliotecaria (CCB 2021) redacta la <strong>Estrategia Nacional de Digitalizaci\u00f3n 2022-2026<\/strong> en el que se establecen tres l\u00edneas estrat\u00e9gicas para la digitalizaci\u00f3n del Patrimonio Bibliogr\u00e1fico: \n<ul class=\"wp-block-list\">\n<li>Ampliar las colecciones digitales e incrementar su calidad.<\/li>\n\n\n\n<li>Impulsar la visibilidad y reutilizaci\u00f3n de las colecciones.<\/li>\n\n\n\n<li>Promover la cooperaci\u00f3n nacional e internacional.<\/li>\n<\/ul>\n<\/li>\n<\/ul>\n\n\n\n<div data-wp-interactive=\"core\/file\" class=\"wp-block-file\"><object data-wp-bind--hidden=\"!state.hasPdfPreview\" hidden class=\"wp-block-file__embed\" data=\"https:\/\/artheke.com\/wp-content\/uploads\/2023\/03\/EstrategiaNacionalDigitalizacion.pdf\" type=\"application\/pdf\" style=\"width:100%;height:600px\" aria-label=\"Incrustado de EstrategiaNacionalDigitalizacion.\"><\/object><a id=\"wp-block-file--media-9bd3459a-d8c1-4687-8c27-bdd8d59ef098\" href=\"https:\/\/artheke.com\/wp-content\/uploads\/2023\/03\/EstrategiaNacionalDigitalizacion.pdf\">EstrategiaNacionalDigitalizacion<\/a><a href=\"https:\/\/artheke.com\/wp-content\/uploads\/2023\/03\/EstrategiaNacionalDigitalizacion.pdf\" class=\"wp-block-file__button wp-element-button\" download aria-describedby=\"wp-block-file--media-9bd3459a-d8c1-4687-8c27-bdd8d59ef098\">Descarga<\/a><\/div>\n\n\n\n<hr class=\"wp-block-separator has-alpha-channel-opacity\"\/>\n\n\n\n<p>La Federaci\u00f3n Internacional de Asociaciones de Bibliotecarios y Bibliotecas (IFLA) sobre las Bibliotecas Digitales define: <\/p>\n\n\n\n<blockquote class=\"wp-block-quote is-layout-flow wp-block-quote-is-layout-flow\">\n<p>Una <em>biblioteca digital<\/em> como una colecci\u00f3n en l\u00ednea de objetos digitales de buena calidad, creados, recopilados y administrados de conformidad con principios aceptados en el plano internacional para la creaci\u00f3n de colecciones, y que se ponen a disposici\u00f3n de manera coherente y perdurable y con el respaldo de los servicios necesarios para que los usuarios puedan encontrar y utilizar esos recursos (IFLA\/UNESCO).<\/p>\n\n\n\n<hr class=\"wp-block-separator has-alpha-channel-opacity\"\/>\n<\/blockquote>\n\n\n\n<p>Las bibliotecas digitales poseen una colecci\u00f3n de documentos, al igual que las bibliotecas f\u00edsicas, pero digitales, que forman las colecciones digitales. \u00c9stas son directamente aprovechadas por los usuarios siempre y cuando se disponga de un sistema inform\u00e1tico que act\u00faa de intermediario entre la colecci\u00f3n y el usuario (Tejada, Comp. 2023).<\/p>\n\n\n\n<p>Se diferencian las:<\/p>\n\n\n\n<ul class=\"wp-block-list\">\n<li><strong><mark style=\"background-color:rgba(0, 0, 0, 0);color:#d12b2b\" class=\"has-inline-color\">bibliotecas digitales<\/mark><\/strong> <strong><mark style=\"background-color:rgba(0, 0, 0, 0);color:#d31a1a\" class=\"has-inline-color\">de nacimiento:<\/mark><\/strong> responden a las que sus documentos han sido recopilados originalmente en dicho formato sin un antecedente en papel.<\/li>\n\n\n\n<li><strong><mark style=\"background-color:rgba(0, 0, 0, 0);color:#d02e2e\" class=\"has-inline-color\">bibliotecas digitalizadas<\/mark><\/strong>: referidas a las que se han digitalizado ciertas colecciones cambiando el soporte original<\/li>\n<\/ul>\n\n\n\n<p>En funci\u00f3n de su origen y circunstancias se encuadran dos grandes contextos:<\/p>\n\n\n\n<ul class=\"wp-block-list\">\n<li><strong><mark style=\"background-color:rgba(0, 0, 0, 0);color:#431bd0\" class=\"has-inline-color\">bibliotecas h\u00edbridas<\/mark><\/strong>: en las que los fondos digitales conviven en una sede f\u00edsica con otras tradicionales.<\/li>\n\n\n\n<li><mark style=\"background-color:rgba(0, 0, 0, 0);color:#4c25cd\" class=\"has-inline-color\"><strong>bibliotecas virtuales<\/strong>:<\/mark> en las que el acceso a los fondos digitales se produce \u00fanicamente a trav\u00e9s de una sede o espacio web, sin existencia de sede f\u00edsica alguna (Tejada, Comp. 2023).<\/li>\n<\/ul>\n\n\n\n<blockquote class=\"wp-block-quote is-layout-flow wp-block-quote-is-layout-flow\">\n<p>El OBJETIVO de una biblioteca digital es el acceso universal a la informaci\u00f3n, sin l\u00edmites de tiempo ni espacio, as\u00ed como la preservaci\u00f3n y acceso a largo plazo de los materiales digitales (Tejada, Comp. 2023).<\/p>\n\n\n\n<div class=\"wp-block-buttons is-content-justification-center is-layout-flex wp-container-core-buttons-is-layout-16018d1d wp-block-buttons-is-layout-flex\">\n<div class=\"wp-block-button\"><a class=\"wp-block-button__link has-text-color wp-element-button\" href=\"https:\/\/www.ifla.org\/es\/publications\/manifiesto-de-las-ifla-unesco-sobre-las-bibliotecas-digitales\/\" style=\"color:#6eba9e\" target=\"_blank\" rel=\"noreferrer noopener\">Manifiesto de las IFLA\/UNESCO<\/a><\/div>\n<\/div>\n<\/blockquote>\n\n\n\n<div data-wp-interactive=\"core\/file\" class=\"wp-block-file\"><object data-wp-bind--hidden=\"!state.hasPdfPreview\" hidden class=\"wp-block-file__embed\" data=\"https:\/\/artheke.com\/wp-content\/uploads\/2023\/03\/ProcesoDigitalizacionBNE_2.pdf\" type=\"application\/pdf\" style=\"width:100%;height:600px\" aria-label=\"Incrustado de ProcesoDigitalizacionBNE_2.\"><\/object><a id=\"wp-block-file--media-be0c8282-1a58-4087-91c4-86ab5aa444ec\" href=\"https:\/\/artheke.com\/wp-content\/uploads\/2023\/03\/ProcesoDigitalizacionBNE_2.pdf\">ProcesoDigitalizacionBNE_2<\/a><a href=\"https:\/\/artheke.com\/wp-content\/uploads\/2023\/03\/ProcesoDigitalizacionBNE_2.pdf\" class=\"wp-block-file__button wp-element-button\" download aria-describedby=\"wp-block-file--media-be0c8282-1a58-4087-91c4-86ab5aa444ec\">Descarga<\/a><\/div>\n\n\n\n<div data-wp-interactive=\"core\/file\" class=\"wp-block-file\"><object data-wp-bind--hidden=\"!state.hasPdfPreview\" hidden class=\"wp-block-file__embed\" data=\"https:\/\/artheke.com\/wp-content\/uploads\/2023\/03\/RecomendacionesDigitalizacion.pdf\" type=\"application\/pdf\" style=\"width:100%;height:600px\" aria-label=\"Incrustado de RecomendacionesDigitalizacion.\"><\/object><a id=\"wp-block-file--media-bd8b4dda-9528-4322-8dcb-45294b14b0dc\" href=\"https:\/\/artheke.com\/wp-content\/uploads\/2023\/03\/RecomendacionesDigitalizacion.pdf\">RecomendacionesDigitalizacion<\/a><a href=\"https:\/\/artheke.com\/wp-content\/uploads\/2023\/03\/RecomendacionesDigitalizacion.pdf\" class=\"wp-block-file__button wp-element-button\" download aria-describedby=\"wp-block-file--media-bd8b4dda-9528-4322-8dcb-45294b14b0dc\">Descarga<\/a><\/div>\n\n\n\n<p>Igual de importante es el proceso de digitalizaci\u00f3n como la imprescindible recuperaci\u00f3n de la informaci\u00f3n de un modo eficiente, y para ello se necesita introducir los metadatos (la representaci\u00f3n de la descripci\u00f3n bibliogr\u00e1fica de los recursos electr\u00f3nicos) en la digitalizaci\u00f3n de los documentos y colecciones.<\/p>\n\n\n\n<hr class=\"wp-block-separator has-alpha-channel-opacity\"\/>\n\n\n\n<p><strong>Referencias<\/strong>:<\/p>\n\n\n\n<p>Imagen destacada. Marcus <a rel=\"noreferrer noopener\" href=\"http:\/\/Foto de Markus Spiske: https:\/\/www.pexels.com\/es-es\/foto\/tecnologia-ordenador-escritorio-programando-113850\/\" data-type=\"URL\" data-id=\"Foto de Markus Spiske: https:\/\/www.pexels.com\/es-es\/foto\/tecnologia-ordenador-escritorio-programando-113850\/\" target=\"_blank\">Spicke <\/a>en Pexels.<\/p>\n\n\n\n<p>Bibliotecas Digitales y Especializadas (2023). En C. M. Tejada Artigas (Comp.). <em>M\u00e1ster U. en Gesti\u00f3n de la Documentaci\u00f3n, Bibliotecas y Archivos.<\/em> Universidad Complutense de Madrid (UCM).<\/p>\n\n\n\n<hr class=\"wp-block-separator has-alpha-channel-opacity\"\/>\n\n\n\n<p class=\"has-extra-small-font-size\">Publicada el&nbsp;10 de marzo de 2023<\/p>\n\n\n\n<p class=\"has-extra-small-font-size\" style=\"line-height:0\">Por&nbsp;<a href=\"https:\/\/artheke.com\/?author=1\">Cebri\u00e1n Gonz\u00e1lez Mar\u00eda Teresa<\/a><\/p>\n","protected":false},"excerpt":{"rendered":"<p>Nos referimos a las Bibliotecas Digitales cuando sus fondos se encuentran en formato digital (Abadal y Anglada) La Federaci\u00f3n Internacional de Asociaciones de Bibliotecarios y Bibliotecas (IFLA) sobre las Bibliotecas Digitales define: Las bibliotecas digitales poseen una colecci\u00f3n de documentos, al igual que las bibliotecas f\u00edsicas, pero digitales, que forman las colecciones digitales. \u00c9stas son&hellip; <a class=\"more-link\" href=\"https:\/\/www.artheke.com\/?page_id=760\">Seguir leyendo <span class=\"screen-reader-text\">La Biblioteca Digital<\/span><\/a><\/p>\n","protected":false},"author":1,"featured_media":1820,"parent":0,"menu_order":0,"comment_status":"closed","ping_status":"closed","template":"","meta":{"footnotes":""},"class_list":["post-760","page","type-page","status-publish","has-post-thumbnail","hentry","entry"],"_links":{"self":[{"href":"https:\/\/www.artheke.com\/index.php?rest_route=\/wp\/v2\/pages\/760","targetHints":{"allow":["GET"]}}],"collection":[{"href":"https:\/\/www.artheke.com\/index.php?rest_route=\/wp\/v2\/pages"}],"about":[{"href":"https:\/\/www.artheke.com\/index.php?rest_route=\/wp\/v2\/types\/page"}],"author":[{"embeddable":true,"href":"https:\/\/www.artheke.com\/index.php?rest_route=\/wp\/v2\/users\/1"}],"replies":[{"embeddable":true,"href":"https:\/\/www.artheke.com\/index.php?rest_route=%2Fwp%2Fv2%2Fcomments&post=760"}],"version-history":[{"count":5,"href":"https:\/\/www.artheke.com\/index.php?rest_route=\/wp\/v2\/pages\/760\/revisions"}],"predecessor-version":[{"id":1895,"href":"https:\/\/www.artheke.com\/index.php?rest_route=\/wp\/v2\/pages\/760\/revisions\/1895"}],"wp:featuredmedia":[{"embeddable":true,"href":"https:\/\/www.artheke.com\/index.php?rest_route=\/wp\/v2\/media\/1820"}],"wp:attachment":[{"href":"https:\/\/www.artheke.com\/index.php?rest_route=%2Fwp%2Fv2%2Fmedia&parent=760"}],"curies":[{"name":"wp","href":"https:\/\/api.w.org\/{rel}","templated":true}]}}